{"id":916,"date":"2014-02-05T10:13:34","date_gmt":"2014-02-05T09:13:34","guid":{"rendered":"http:\/\/localhost-wp\/www.labergerevintners.com\/?page_id=916"},"modified":"2014-09-29T14:59:52","modified_gmt":"2014-09-29T13:59:52","slug":"le-chateau-la-bergere","status":"publish","type":"page","link":"https:\/\/la-bergere.fr\/zh\/groupe-labergere\/le-chateau-la-bergere\/","title":{"rendered":"\u62c9\u4f2f\u683c\u9152\u5e84"},"content":{"rendered":"<div class=\"clearfix  row-fluid krown-column-row clearfix\">\n\t<div class=\"span12 krown-column-container clearfix column_container\">\n\t\t<div class=\"clearfix\">\n\t\t<div class=\"wpb_wrapper\">\n\t\t\t<p><img loading=\"lazy\" decoding=\"async\" class=\"alignright size-full wp-image-1512\" src=\"https:\/\/la-bergere.fr\/wp-content\/uploads\/2014\/07\/bkz-142.jpg\" alt=\"bkz-142\" width=\"278\" height=\"112\" \/><span class=\"rbDropcap default\">VS&#039;<\/span>1998 \u5e74\uff0c\u5b89\u5fb7\u70c8\u00b7\u62dc\u8bfa\u74e6 (Andr\u00e9 Benoist) \u548c\u4ed6\u7684\u513f\u5b50\u5361\u7c73\u5c14 (Camille) \u6536\u8d2d\u4e86\u8ddd\u79bb\u5723\u57c3\u7f8e\u9686 (Saint-Emilion) \u4e0d\u8fdc\u7684\u4f2f\u6770\u5c14\u9152\u5e84 (Ch\u00e2teau la Berg\u00e8re)\u3002\u51e0\u5e74\u540e\uff0c\u70ed\u60c5\u7684\u917f\u9152\u5e08\u5361\u7c73\u5c14 (Camille) \u5efa\u7acb\u4e86\u5e84\u56ed\u7684\u77e5\u540d\u5ea6\u548c\u58f0\u8a89\u3002 La Berg\u00e8re \u7684\u540d\u58f0\u4e0d\u4ec5\u9650\u4e8e\u6cd5\u56fd\u8fb9\u5883\uff0c\u57ce\u5821\u7684\u540d\u5b57\u51fa\u73b0\u5728\u661f\u7ea7\u9910\u5385\u7684\u83dc\u5355\u4e0a\uff0c\u800c\u4e14\u58f0\u540d\u8fdc\u64ad\u4e9a\u6d32\u3002\u8be5\u9152\u5e84\u5728 Vinexpo Hong Kong \u4e0a\u83b7\u5f97\u4e86\u591a\u679a\u6392\u540d\u5956\u724c\u3002<\/p>\n<p>&nbsp;<\/p>\n<p><img loading=\"lazy\" decoding=\"async\" class=\"alignleft  wp-image-2842\" src=\"https:\/\/la-bergere.fr\/wp-content\/uploads\/2014\/07\/chateau-labergere-2010-91x300.jpg\" alt=\"chateau-labergere-2010\" width=\"69\" height=\"227\" \/>\u6536\u8d2d\u5e84\u56ed\u5341\u4e94\u5e74\u591a\u540e\uff0cLa Berg\u00e8re \u7684\u6e38\u4e50\u573a\u5df2\u6269\u5c55\u81f3\u5df4\u9ece\u3001\u4f26\u6566\u548c\u9999\u6e2f\u3002\u7136\u800c\uff0c\u653e\u5f03\u9152\u5e84\u7684\u7ecf\u8425\u662f\u6beb\u65e0\u7591\u95ee\u7684\uff1a\u8fdc\u79bb Berg\u00e8re Vintners \u7ecf\u8425\u6240\u5728\u7684\u5927\u90fd\u5e02\u7684\u72c2\u70ed\uff0cCh\u00e2teau \u81f3\u4eca\u4ecd\u662f\u516c\u53f8\u8df3\u52a8\u7684\u5fc3\u810f\u3002<\/p>\n<p>&nbsp;<\/p>\n<p>\u6211\u4eec\u7684\u8461\u8404\u9152\u5c55\u73b0\u4e86\u8499\u5854\u6d85-\u5723\u57c3\u7f8e\u9686\u98ce\u571f\u7684\u591a\u6837\u6027\u3002\u6211\u4eec\u7684\u8461\u8404\u9152\u4ea7\u81ea\u783e\u77f3\u571f\u58e4\uff0c\u5177\u6709\u4e00\u5b9a\u7684\u7ec6\u817b\u5ea6\u3002\u917f\u9020\u8461\u8404\u9152\u7684\u8461\u8404\u54c1\u79cd\u4e0e\u5723\u57c3\u7f8e\u9686\u4ea7\u533a\u6240\u9700\u7684\u8461\u8404\u54c1\u79cd\u76f8\u540c\u3002\u4f18\u96c5\u800c\u6709\u7ed3\u6784\uff0c\u6211\u4eec\u7684\u8461\u8404\u9152\u4ee5\u5f3a\u52b2\u800c\u6210\u719f\u7684\u5355\u5b81\u4e3a\u652f\u6491\u3002\u4f59\u97f5\u4ee5\u5176\u6e05\u65b0\u3001\u8f9b\u8fa3\u7684\u9999\u6c14\u3001\u679c\u5473\u548c\u6301\u4e45\u6027\u800c\u8bf1\u4eba\u3002<\/p>\n\n\t\t<\/div> \n\t<\/div> \n\t<\/div> \n<\/div><div class=\"clearfix  row-fluid krown-column-row clearfix\">\n\t<div class=\"span4 krown-column-container clearfix column_container\">\n\t\t<a class=\"rbButton light large\" href=\"\/zh\/nous-contacter\/\" target=\"_self\">\u8054\u7cfb\u6211\u4eec<\/a>\n\t<\/div> \n<\/div>","protected":false},"excerpt":{"rendered":"C\u2019est en 1998 qu\u2019Andr\u00e9 Benoist et son fils Camille font l\u2019acquisition du Ch\u00e2teau la Berg\u00e8re, situ\u00e9 \u00e0 quelques encablures de Saint-Emilion. En quelques ann\u00e9es, Camille, vigneron passionn\u00e9, assied la notori\u00e9t\u00e9 et la r\u00e9putation du domaine. Loin de se limiter aux fronti\u00e8res de l\u2019hexagone, o\u00f9 le nom du ch\u00e2teau para\u00eet sur les cartes de restaurants \u00e9toil\u00e9s, [...]","protected":false},"author":12,"featured_media":1391,"parent":21,"menu_order":1,"comment_status":"open","ping_status":"closed","template":"template-page-standard.php","meta":{"footnotes":""},"class_list":["post-916","page","type-page","status-publish","has-post-thumbnail","hentry"],"yoast_head":"<!-- This site is optimized with the Yoast SEO plugin v27.3 - https:\/\/yoast.com\/product\/yoast-seo-wordpress\/ -->\n<title>Le Ch\u00e2teau La Bergere - La Berg\u00e8re<\/title>\n<meta name=\"robots\" content=\"index, follow, max-snippet:-1, max-image-preview:large, max-video-preview:-1\" \/>\n<link rel=\"canonical\" href=\"https:\/\/la-bergere.fr\/zh\/groupe-labergere\/le-chateau-la-bergere\/\" \/>\n<meta property=\"og:locale\" content=\"zh_CN\" \/>\n<meta property=\"og:type\" content=\"article\" \/>\n<meta property=\"og:title\" content=\"Le Ch\u00e2teau La Bergere - La Berg\u00e8re\" \/>\n<meta property=\"og:url\" content=\"https:\/\/la-bergere.fr\/zh\/groupe-labergere\/le-chateau-la-bergere\/\" \/>\n<meta property=\"og:site_name\" content=\"La Berg\u00e8re\" \/>\n<meta property=\"article:modified_time\" content=\"2014-09-29T13:59:52+00:00\" \/>\n<meta property=\"og:image\" content=\"https:\/\/la-bergere.fr\/wp-content\/uploads\/2014\/07\/bkz-19.jpg\" \/>\n\t<meta property=\"og:image:width\" content=\"851\" \/>\n\t<meta property=\"og:image:height\" content=\"567\" \/>\n\t<meta property=\"og:image:type\" content=\"image\/jpeg\" \/>\n<meta name=\"twitter:label1\" content=\"\u9884\u8ba1\u9605\u8bfb\u65f6\u95f4\" \/>\n\t<meta name=\"twitter:data1\" content=\"1 \u5206\" \/>\n<script type=\"application\/ld+json\" class=\"yoast-schema-graph\">{\"@context\":\"https:\\\/\\\/schema.org\",\"@graph\":[{\"@type\":\"WebPage\",\"@id\":\"https:\\\/\\\/la-bergere.fr\\\/groupe-labergere\\\/le-chateau-la-bergere\\\/\",\"url\":\"https:\\\/\\\/la-bergere.fr\\\/groupe-labergere\\\/le-chateau-la-bergere\\\/\",\"name\":\"Le Ch\u00e2teau La Bergere - La Berg\u00e8re\",\"isPartOf\":{\"@id\":\"https:\\\/\\\/la-bergere.fr\\\/#website\"},\"primaryImageOfPage\":{\"@id\":\"https:\\\/\\\/la-bergere.fr\\\/groupe-labergere\\\/le-chateau-la-bergere\\\/#primaryimage\"},\"image\":{\"@id\":\"https:\\\/\\\/la-bergere.fr\\\/groupe-labergere\\\/le-chateau-la-bergere\\\/#primaryimage\"},\"thumbnailUrl\":\"https:\\\/\\\/la-bergere.fr\\\/wp-content\\\/uploads\\\/2014\\\/07\\\/bkz-19.jpg\",\"datePublished\":\"2014-02-05T09:13:34+00:00\",\"dateModified\":\"2014-09-29T13:59:52+00:00\",\"breadcrumb\":{\"@id\":\"https:\\\/\\\/la-bergere.fr\\\/groupe-labergere\\\/le-chateau-la-bergere\\\/#breadcrumb\"},\"inLanguage\":\"zh-Hans\",\"potentialAction\":[{\"@type\":\"ReadAction\",\"target\":[\"https:\\\/\\\/la-bergere.fr\\\/groupe-labergere\\\/le-chateau-la-bergere\\\/\"]}]},{\"@type\":\"ImageObject\",\"inLanguage\":\"zh-Hans\",\"@id\":\"https:\\\/\\\/la-bergere.fr\\\/groupe-labergere\\\/le-chateau-la-bergere\\\/#primaryimage\",\"url\":\"https:\\\/\\\/la-bergere.fr\\\/wp-content\\\/uploads\\\/2014\\\/07\\\/bkz-19.jpg\",\"contentUrl\":\"https:\\\/\\\/la-bergere.fr\\\/wp-content\\\/uploads\\\/2014\\\/07\\\/bkz-19.jpg\",\"width\":851,\"height\":567},{\"@type\":\"BreadcrumbList\",\"@id\":\"https:\\\/\\\/la-bergere.fr\\\/groupe-labergere\\\/le-chateau-la-bergere\\\/#breadcrumb\",\"itemListElement\":[{\"@type\":\"ListItem\",\"position\":1,\"name\":\"Accueil\",\"item\":\"https:\\\/\\\/la-bergere.fr\\\/\"},{\"@type\":\"ListItem\",\"position\":2,\"name\":\"Le Groupe La Berg\u00e8re\",\"item\":\"https:\\\/\\\/la-bergere.fr\\\/groupe-labergere\\\/\"},{\"@type\":\"ListItem\",\"position\":3,\"name\":\"Le Ch\u00e2teau La Bergere\"}]},{\"@type\":\"WebSite\",\"@id\":\"https:\\\/\\\/la-bergere.fr\\\/#website\",\"url\":\"https:\\\/\\\/la-bergere.fr\\\/\",\"name\":\"La Berg\u00e8re\",\"description\":\"N\u00e9goce de grands crus et vins fins\",\"potentialAction\":[{\"@type\":\"SearchAction\",\"target\":{\"@type\":\"EntryPoint\",\"urlTemplate\":\"https:\\\/\\\/la-bergere.fr\\\/?s={search_term_string}\"},\"query-input\":{\"@type\":\"PropertyValueSpecification\",\"valueRequired\":true,\"valueName\":\"search_term_string\"}}],\"inLanguage\":\"zh-Hans\"}]}<\/script>\n<!-- \/ Yoast SEO plugin. -->","yoast_head_json":{"title":"Le Ch\u00e2teau La Bergere - La Berg\u00e8re","robots":{"index":"index","follow":"follow","max-snippet":"max-snippet:-1","max-image-preview":"max-image-preview:large","max-video-preview":"max-video-preview:-1"},"canonical":"https:\/\/la-bergere.fr\/zh\/groupe-labergere\/le-chateau-la-bergere\/","og_locale":"zh_CN","og_type":"article","og_title":"Le Ch\u00e2teau La Bergere - La Berg\u00e8re","og_url":"https:\/\/la-bergere.fr\/zh\/groupe-labergere\/le-chateau-la-bergere\/","og_site_name":"La Berg\u00e8re","article_modified_time":"2014-09-29T13:59:52+00:00","og_image":[{"width":851,"height":567,"url":"https:\/\/la-bergere.fr\/wp-content\/uploads\/2014\/07\/bkz-19.jpg","type":"image\/jpeg"}],"twitter_misc":{"\u9884\u8ba1\u9605\u8bfb\u65f6\u95f4":"1 \u5206"},"schema":{"@context":"https:\/\/schema.org","@graph":[{"@type":"WebPage","@id":"https:\/\/la-bergere.fr\/groupe-labergere\/le-chateau-la-bergere\/","url":"https:\/\/la-bergere.fr\/groupe-labergere\/le-chateau-la-bergere\/","name":"Le Ch\u00e2teau La Bergere - La Berg\u00e8re","isPartOf":{"@id":"https:\/\/la-bergere.fr\/#website"},"primaryImageOfPage":{"@id":"https:\/\/la-bergere.fr\/groupe-labergere\/le-chateau-la-bergere\/#primaryimage"},"image":{"@id":"https:\/\/la-bergere.fr\/groupe-labergere\/le-chateau-la-bergere\/#primaryimage"},"thumbnailUrl":"https:\/\/la-bergere.fr\/wp-content\/uploads\/2014\/07\/bkz-19.jpg","datePublished":"2014-02-05T09:13:34+00:00","dateModified":"2014-09-29T13:59:52+00:00","breadcrumb":{"@id":"https:\/\/la-bergere.fr\/groupe-labergere\/le-chateau-la-bergere\/#breadcrumb"},"inLanguage":"zh-Hans","potentialAction":[{"@type":"ReadAction","target":["https:\/\/la-bergere.fr\/groupe-labergere\/le-chateau-la-bergere\/"]}]},{"@type":"ImageObject","inLanguage":"zh-Hans","@id":"https:\/\/la-bergere.fr\/groupe-labergere\/le-chateau-la-bergere\/#primaryimage","url":"https:\/\/la-bergere.fr\/wp-content\/uploads\/2014\/07\/bkz-19.jpg","contentUrl":"https:\/\/la-bergere.fr\/wp-content\/uploads\/2014\/07\/bkz-19.jpg","width":851,"height":567},{"@type":"BreadcrumbList","@id":"https:\/\/la-bergere.fr\/groupe-labergere\/le-chateau-la-bergere\/#breadcrumb","itemListElement":[{"@type":"ListItem","position":1,"name":"Accueil","item":"https:\/\/la-bergere.fr\/"},{"@type":"ListItem","position":2,"name":"Le Groupe La Berg\u00e8re","item":"https:\/\/la-bergere.fr\/groupe-labergere\/"},{"@type":"ListItem","position":3,"name":"Le Ch\u00e2teau La Bergere"}]},{"@type":"WebSite","@id":"https:\/\/la-bergere.fr\/#website","url":"https:\/\/la-bergere.fr\/","name":"\u7267\u7f8a\u5973","description":"\u7279\u7ea7\u8461\u8404\u9152\u548c\u4f18\u8d28\u8461\u8404\u9152\u7684\u8d38\u6613","potentialAction":[{"@type":"SearchAction","target":{"@type":"EntryPoint","urlTemplate":"https:\/\/la-bergere.fr\/?s={search_term_string}"},"query-input":{"@type":"PropertyValueSpecification","valueRequired":true,"valueName":"search_term_string"}}],"inLanguage":"zh-Hans"}]}},"_links":{"self":[{"href":"https:\/\/la-bergere.fr\/zh\/wp-json\/wp\/v2\/pages\/916","targetHints":{"allow":["GET"]}}],"collection":[{"href":"https:\/\/la-bergere.fr\/zh\/wp-json\/wp\/v2\/pages"}],"about":[{"href":"https:\/\/la-bergere.fr\/zh\/wp-json\/wp\/v2\/types\/page"}],"author":[{"embeddable":true,"href":"https:\/\/la-bergere.fr\/zh\/wp-json\/wp\/v2\/users\/12"}],"replies":[{"embeddable":true,"href":"https:\/\/la-bergere.fr\/zh\/wp-json\/wp\/v2\/comments?post=916"}],"version-history":[{"count":0,"href":"https:\/\/la-bergere.fr\/zh\/wp-json\/wp\/v2\/pages\/916\/revisions"}],"up":[{"embeddable":true,"href":"https:\/\/la-bergere.fr\/zh\/wp-json\/wp\/v2\/pages\/21"}],"wp:featuredmedia":[{"embeddable":true,"href":"https:\/\/la-bergere.fr\/zh\/wp-json\/wp\/v2\/media\/1391"}],"wp:attachment":[{"href":"https:\/\/la-bergere.fr\/zh\/wp-json\/wp\/v2\/media?parent=916"}],"curies":[{"name":"wp","href":"https:\/\/api.w.org\/{rel}","templated":true}]}}