{"id":914,"date":"2014-02-05T10:12:51","date_gmt":"2014-02-05T09:12:51","guid":{"rendered":"http:\/\/localhost-wp\/www.labergerevintners.com\/?page_id=914"},"modified":"2014-10-28T14:36:13","modified_gmt":"2014-10-28T13:36:13","slug":"lc-wine-brokers","status":"publish","type":"page","link":"https:\/\/la-bergere.fr\/zh\/groupe-labergere\/lc-wine-brokers\/","title":{"rendered":"LC \u8461\u8404\u9152\u7ecf\u7eaa\u4eba"},"content":{"rendered":"<div class=\"clearfix  row-fluid krown-column-row clearfix\">\n\t<div class=\"span12 krown-column-container clearfix column_container\">\n\t\t<div class=\"clearfix\">\n\t\t<div class=\"wpb_wrapper\">\n\t\t\t<p><img loading=\"lazy\" decoding=\"async\" class=\"alignright size-full wp-image-1510\" src=\"https:\/\/la-bergere.fr\/wp-content\/uploads\/2014\/07\/bkz-140.jpg\" alt=\"bkz-140\" width=\"278\" height=\"112\" \/><\/p>\n<p>LC Wine Brokers (LCWB) \u662f\u4e00\u5bb6\u4f4d\u4e8e\u4f26\u6566\u5e02\u4e2d\u5fc3\u8bfa\u4e01\u5c71\u7684\u82f1\u56fd\u516c\u53f8\uff0c\u7531 L\u00e9opold Cordier \u4e8e 2006 \u5e74\u521b\u7acb\u3002\u4e0e\u4f20\u7edf\u601d\u7ef4\u76f8\u53cd\uff0cLC Wine Brokers \u8ba4\u4e3a\u4f18\u8d28\u8461\u8404\u9152\u662f\u4e00\u79cd\u53ef\u4ea4\u6613\u7684\u5546\u54c1\uff0c\u800c\u4e0d\u4ec5\u4ec5\u662f\u4e00\u79cd\u6d88\u8d39\u54c1\u3002\u968f\u7740 Grands Crus \u5e02\u573a\u7684\u8ba1\u7b97\u673a\u5316\uff0cLa Bergere \u5fc5\u987b\u4e0e LCWB \u7b7e\u8ba2\u72ec\u5bb6\u534f\u8bae\uff0c\u4ee5\u63d0\u9ad8\u5176\u5728\u5206\u6790\u548c\u8bc4\u4f30\u8461\u8404\u9152\u5e02\u573a\u65b9\u9762\u7684\u8868\u73b0\u3002<\/p>\n<p>LCWB \u5f00\u53d1\u4e86\u72ec\u7279\u7684\u3001\u521b\u65b0\u7684 IT \u7cfb\u7edf\uff0c\u4e13\u95e8\u7528\u4e8e\u91d1\u878d\u9886\u57df\u4f7f\u7528\u7684\u5206\u6790\u8f6f\u4ef6\u6a21\u578b\u7684\u8461\u8404\u9152\u3002<\/p>\n<p>\u8fd9\u79cd\u72ec\u7279\u7684\u6570\u636e\u5904\u7406\u7cfb\u7edf\u4e0d\u65ad\u53d1\u5c55\uff0c\u5df2\u6210\u4e3a La Berg\u00e8re \u96c6\u56e2\u4e0d\u53ef\u6216\u7f3a\u7684\u4e00\u90e8\u5206\u3002\u5b83\u5141\u8bb8\u4f18\u5316\u8d2d\u4e70\u3001\u9500\u552e\u3001\u6295\u8d44\u8005\u8d44\u4ea7\u7ba1\u7406\u3001\u8461\u8404\u9152\u8bc4\u4f30\u3001\u62a5\u544a\u3001\u76c8\u5229\u80fd\u529b\u8ba1\u7b97\u3001TRI\u2026\u2026\u7684\u6d41\u7a0b\u3002<\/p>\n<p>\u8fd9\u9879\u6280\u672f\u4e3a La Berg\u00e8re Group \u63d0\u4f9b\u4e86\u524d\u6240\u672a\u6709\u7684\u76d1\u63a7\u548c\u76d1\u63a7\u5e02\u573a\u7684\u80fd\u529b\uff0c\u5e76\u4e3a\u5176\u63d0\u4f9b\u4e86\u51fa\u8272\u7684\u54cd\u5e94\u80fd\u529b\u548c\u7ade\u4e89\u529b\u3002<\/p>\n<p>&nbsp;<\/p>\n<p><strong>\u4e3b\u8981\u7279\u70b9\uff1a\u00a0<\/strong><\/p>\n<ul>\n<li><span class=\"list3\">\u6570\u636e\u5206\u6790\uff1a\u6bcf\u65e5\u81ea\u52a8\u66f4\u65b0\u4f9b\u5e94\u5546\u4ee5\u53ca\u6bcf\u5929\u5bf9\u8d85\u8fc7 2 \u4ebf\u6b27\u5143\u7684\u8461\u8404\u9152\u8fdb\u884c\u5e02\u573a\u5206\u6790<\/span><\/li>\n<li><span class=\"list3\">\u8ba1\u7b97\u5e73\u5747\u4ef7\u683c\u3001\u5dee\u4ef7\u3001\u5e02\u573a\u8d70\u52bf\u3001\u786e\u5b9a\u8981\u8d2d\u4e70\u7684\u8461\u8404\u9152\u3001\u8981\u63d0\u4f9b\u7684\u8461\u8404\u9152\u3001\u521b\u5efa\u4ef7\u683c\u548c\u8ba1\u7b97\u9500\u552e\u4ef7\u683c<\/span><\/li>\n<li><span class=\"list3\">\u8d44\u4ea7\u7ba1\u7406<\/span><\/li>\n<li><span class=\"list3\">\u6295\u8d44\u8005\u5e93\u5b58\u7ba1\u7406\uff1a\u62a5\u544a\u3001\u6295\u8d44\u7ec4\u5408\u4f30\u503c\u3001\u6295\u8d44\u56de\u62a5\u7387\u8ba1\u7b97\u3001TRI\u3001\u4fdd\u7a0e\u4ed3\u5e93\u5e93\u5b58\u7ba1\u7406<\/span><\/li>\n<\/ul>\n\n\t\t<\/div> \n\t<\/div> \n\t<\/div> \n<\/div><div class=\"clearfix  row-fluid krown-column-row clearfix\">\n\t<div class=\"span4 krown-column-container clearfix column_container\">\n\t\t<a class=\"rbButton light large\" href=\"\/zh\/nous-contacter\/\" target=\"_self\">\u4e86\u89e3\u66f4\u591a<\/a>\n\t<\/div> \n<\/div>","protected":false},"excerpt":{"rendered":"La soci\u00e9t\u00e9 LC Wine Brokers (LCWB), soci\u00e9t\u00e9 Anglaise bas\u00e9e au coeur de Londres a Notting Hill, a \u00e9t\u00e9 fond\u00e9e 2006 par L\u00e9opold Cordier. A l\u2019inverse du courant de pens\u00e9e traditionnel, LC Wine Brokers a consid\u00e9r\u00e9 les grands vins comme un bien \u00e9changeable et pas\u00a0seulement comme un bien de consommation. Avec l\u2019informatisation du march\u00e9 des Grands [...]","protected":false},"author":12,"featured_media":2581,"parent":21,"menu_order":3,"comment_status":"open","ping_status":"closed","template":"template-page-standard.php","meta":{"footnotes":""},"class_list":["post-914","page","type-page","status-publish","has-post-thumbnail","hentry"],"yoast_head":"<!-- This site is optimized with the Yoast SEO plugin v27.4 - https:\/\/yoast.com\/product\/yoast-seo-wordpress\/ -->\n<title>LC Wine Brokers - La Berg\u00e8re<\/title>\n<meta name=\"robots\" content=\"index, follow, max-snippet:-1, max-image-preview:large, max-video-preview:-1\" \/>\n<link rel=\"canonical\" href=\"https:\/\/la-bergere.fr\/zh\/groupe-labergere\/lc-wine-brokers\/\" \/>\n<meta property=\"og:locale\" content=\"zh_CN\" \/>\n<meta property=\"og:type\" content=\"article\" \/>\n<meta property=\"og:title\" content=\"LC Wine Brokers - La Berg\u00e8re\" \/>\n<meta property=\"og:url\" content=\"https:\/\/la-bergere.fr\/zh\/groupe-labergere\/lc-wine-brokers\/\" \/>\n<meta property=\"og:site_name\" content=\"La Berg\u00e8re\" \/>\n<meta property=\"article:modified_time\" content=\"2014-10-28T13:36:13+00:00\" \/>\n<meta property=\"og:image\" content=\"https:\/\/la-bergere.fr\/wp-content\/uploads\/2014\/02\/lcwinebroker-alt4.jpg\" \/>\n\t<meta property=\"og:image:width\" content=\"1024\" \/>\n\t<meta property=\"og:image:height\" content=\"450\" \/>\n\t<meta property=\"og:image:type\" content=\"image\/jpeg\" \/>\n<meta name=\"twitter:label1\" content=\"\u9884\u8ba1\u9605\u8bfb\u65f6\u95f4\" \/>\n\t<meta name=\"twitter:data1\" content=\"2 \u5206\" \/>\n<script type=\"application\/ld+json\" class=\"yoast-schema-graph\">{\"@context\":\"https:\\\/\\\/schema.org\",\"@graph\":[{\"@type\":\"WebPage\",\"@id\":\"https:\\\/\\\/la-bergere.fr\\\/groupe-labergere\\\/lc-wine-brokers\\\/\",\"url\":\"https:\\\/\\\/la-bergere.fr\\\/groupe-labergere\\\/lc-wine-brokers\\\/\",\"name\":\"LC Wine Brokers - La Berg\u00e8re\",\"isPartOf\":{\"@id\":\"https:\\\/\\\/la-bergere.fr\\\/#website\"},\"primaryImageOfPage\":{\"@id\":\"https:\\\/\\\/la-bergere.fr\\\/groupe-labergere\\\/lc-wine-brokers\\\/#primaryimage\"},\"image\":{\"@id\":\"https:\\\/\\\/la-bergere.fr\\\/groupe-labergere\\\/lc-wine-brokers\\\/#primaryimage\"},\"thumbnailUrl\":\"https:\\\/\\\/la-bergere.fr\\\/wp-content\\\/uploads\\\/2014\\\/02\\\/lcwinebroker-alt4.jpg\",\"datePublished\":\"2014-02-05T09:12:51+00:00\",\"dateModified\":\"2014-10-28T13:36:13+00:00\",\"breadcrumb\":{\"@id\":\"https:\\\/\\\/la-bergere.fr\\\/groupe-labergere\\\/lc-wine-brokers\\\/#breadcrumb\"},\"inLanguage\":\"zh-Hans\",\"potentialAction\":[{\"@type\":\"ReadAction\",\"target\":[\"https:\\\/\\\/la-bergere.fr\\\/groupe-labergere\\\/lc-wine-brokers\\\/\"]}]},{\"@type\":\"ImageObject\",\"inLanguage\":\"zh-Hans\",\"@id\":\"https:\\\/\\\/la-bergere.fr\\\/groupe-labergere\\\/lc-wine-brokers\\\/#primaryimage\",\"url\":\"https:\\\/\\\/la-bergere.fr\\\/wp-content\\\/uploads\\\/2014\\\/02\\\/lcwinebroker-alt4.jpg\",\"contentUrl\":\"https:\\\/\\\/la-bergere.fr\\\/wp-content\\\/uploads\\\/2014\\\/02\\\/lcwinebroker-alt4.jpg\",\"width\":1024,\"height\":450},{\"@type\":\"BreadcrumbList\",\"@id\":\"https:\\\/\\\/la-bergere.fr\\\/groupe-labergere\\\/lc-wine-brokers\\\/#breadcrumb\",\"itemListElement\":[{\"@type\":\"ListItem\",\"position\":1,\"name\":\"Accueil\",\"item\":\"https:\\\/\\\/la-bergere.fr\\\/\"},{\"@type\":\"ListItem\",\"position\":2,\"name\":\"Le Groupe La Berg\u00e8re\",\"item\":\"https:\\\/\\\/la-bergere.fr\\\/groupe-labergere\\\/\"},{\"@type\":\"ListItem\",\"position\":3,\"name\":\"LC Wine Brokers\"}]},{\"@type\":\"WebSite\",\"@id\":\"https:\\\/\\\/la-bergere.fr\\\/#website\",\"url\":\"https:\\\/\\\/la-bergere.fr\\\/\",\"name\":\"La Berg\u00e8re\",\"description\":\"N\u00e9goce de grands crus et vins fins\",\"potentialAction\":[{\"@type\":\"SearchAction\",\"target\":{\"@type\":\"EntryPoint\",\"urlTemplate\":\"https:\\\/\\\/la-bergere.fr\\\/?s={search_term_string}\"},\"query-input\":{\"@type\":\"PropertyValueSpecification\",\"valueRequired\":true,\"valueName\":\"search_term_string\"}}],\"inLanguage\":\"zh-Hans\"}]}<\/script>\n<!-- \/ Yoast SEO plugin. -->","yoast_head_json":{"title":"LC Wine Brokers - La Berg\u00e8re","robots":{"index":"index","follow":"follow","max-snippet":"max-snippet:-1","max-image-preview":"max-image-preview:large","max-video-preview":"max-video-preview:-1"},"canonical":"https:\/\/la-bergere.fr\/zh\/groupe-labergere\/lc-wine-brokers\/","og_locale":"zh_CN","og_type":"article","og_title":"LC Wine Brokers - La Berg\u00e8re","og_url":"https:\/\/la-bergere.fr\/zh\/groupe-labergere\/lc-wine-brokers\/","og_site_name":"La Berg\u00e8re","article_modified_time":"2014-10-28T13:36:13+00:00","og_image":[{"width":1024,"height":450,"url":"https:\/\/la-bergere.fr\/wp-content\/uploads\/2014\/02\/lcwinebroker-alt4.jpg","type":"image\/jpeg"}],"twitter_misc":{"\u9884\u8ba1\u9605\u8bfb\u65f6\u95f4":"2 \u5206"},"schema":{"@context":"https:\/\/schema.org","@graph":[{"@type":"WebPage","@id":"https:\/\/la-bergere.fr\/groupe-labergere\/lc-wine-brokers\/","url":"https:\/\/la-bergere.fr\/groupe-labergere\/lc-wine-brokers\/","name":"LC Wine Brokers - La Berg\u00e8re","isPartOf":{"@id":"https:\/\/la-bergere.fr\/#website"},"primaryImageOfPage":{"@id":"https:\/\/la-bergere.fr\/groupe-labergere\/lc-wine-brokers\/#primaryimage"},"image":{"@id":"https:\/\/la-bergere.fr\/groupe-labergere\/lc-wine-brokers\/#primaryimage"},"thumbnailUrl":"https:\/\/la-bergere.fr\/wp-content\/uploads\/2014\/02\/lcwinebroker-alt4.jpg","datePublished":"2014-02-05T09:12:51+00:00","dateModified":"2014-10-28T13:36:13+00:00","breadcrumb":{"@id":"https:\/\/la-bergere.fr\/groupe-labergere\/lc-wine-brokers\/#breadcrumb"},"inLanguage":"zh-Hans","potentialAction":[{"@type":"ReadAction","target":["https:\/\/la-bergere.fr\/groupe-labergere\/lc-wine-brokers\/"]}]},{"@type":"ImageObject","inLanguage":"zh-Hans","@id":"https:\/\/la-bergere.fr\/groupe-labergere\/lc-wine-brokers\/#primaryimage","url":"https:\/\/la-bergere.fr\/wp-content\/uploads\/2014\/02\/lcwinebroker-alt4.jpg","contentUrl":"https:\/\/la-bergere.fr\/wp-content\/uploads\/2014\/02\/lcwinebroker-alt4.jpg","width":1024,"height":450},{"@type":"BreadcrumbList","@id":"https:\/\/la-bergere.fr\/groupe-labergere\/lc-wine-brokers\/#breadcrumb","itemListElement":[{"@type":"ListItem","position":1,"name":"Accueil","item":"https:\/\/la-bergere.fr\/"},{"@type":"ListItem","position":2,"name":"Le Groupe La Berg\u00e8re","item":"https:\/\/la-bergere.fr\/groupe-labergere\/"},{"@type":"ListItem","position":3,"name":"LC Wine Brokers"}]},{"@type":"WebSite","@id":"https:\/\/la-bergere.fr\/#website","url":"https:\/\/la-bergere.fr\/","name":"\u7267\u7f8a\u5973","description":"\u7279\u7ea7\u8461\u8404\u9152\u548c\u4f18\u8d28\u8461\u8404\u9152\u7684\u8d38\u6613","potentialAction":[{"@type":"SearchAction","target":{"@type":"EntryPoint","urlTemplate":"https:\/\/la-bergere.fr\/?s={search_term_string}"},"query-input":{"@type":"PropertyValueSpecification","valueRequired":true,"valueName":"search_term_string"}}],"inLanguage":"zh-Hans"}]}},"_links":{"self":[{"href":"https:\/\/la-bergere.fr\/zh\/wp-json\/wp\/v2\/pages\/914","targetHints":{"allow":["GET"]}}],"collection":[{"href":"https:\/\/la-bergere.fr\/zh\/wp-json\/wp\/v2\/pages"}],"about":[{"href":"https:\/\/la-bergere.fr\/zh\/wp-json\/wp\/v2\/types\/page"}],"author":[{"embeddable":true,"href":"https:\/\/la-bergere.fr\/zh\/wp-json\/wp\/v2\/users\/12"}],"replies":[{"embeddable":true,"href":"https:\/\/la-bergere.fr\/zh\/wp-json\/wp\/v2\/comments?post=914"}],"version-history":[{"count":0,"href":"https:\/\/la-bergere.fr\/zh\/wp-json\/wp\/v2\/pages\/914\/revisions"}],"up":[{"embeddable":true,"href":"https:\/\/la-bergere.fr\/zh\/wp-json\/wp\/v2\/pages\/21"}],"wp:featuredmedia":[{"embeddable":true,"href":"https:\/\/la-bergere.fr\/zh\/wp-json\/wp\/v2\/media\/2581"}],"wp:attachment":[{"href":"https:\/\/la-bergere.fr\/zh\/wp-json\/wp\/v2\/media?parent=914"}],"curies":[{"name":"wp","href":"https:\/\/api.w.org\/{rel}","templated":true}]}}