{"id":69,"date":"2013-10-14T18:32:11","date_gmt":"2013-10-14T17:32:11","guid":{"rendered":"http:\/\/localhost\/labergere\/?page_id=69"},"modified":"2018-07-18T11:26:52","modified_gmt":"2018-07-18T10:26:52","slug":"accueil","status":"publish","type":"page","link":"https:\/\/la-bergere.fr\/zh\/","title":{"rendered":"\u6b22\u8fce"},"content":{"rendered":"<div class=\"clearfix  row-fluid krown-column-row clearfix\">\n\t<div class=\"span8 krown-column-container clearfix column_container\">\n\t\t<div class=\"clearfix\">\n\t\t<div class=\"wpb_wrapper\">\n\t\t\t<h3>\u5356\u4f60\u7684\u9152<\/h3>\n\n\t\t<\/div> \n\t<\/div> <div class=\"clearfix\">\n\t\t<div class=\"wpb_wrapper\">\n\t\t\t<p>\u65e0\u8bba\u662f\u7279\u522b\u7684\u74f6\u5b50\u8fd8\u662f\u6574\u4e2a\u9152\u7a96\uff0c\u8f6c\u552e\u60a8\u7684\u8461\u8404\u9152\u5bf9\u60a8\u6765\u8bf4\u90fd\u662f\u56f0\u96be\u7684\u3002\u901a\u8fc7 La Berg\u00e8re\uff0c\u60a8\u53ef\u4ee5\u4ece\u6211\u4eec\u7684\u51fa\u53e3\u5206\u9500\u5546\u7f51\u7edc\u548c\u6211\u4eec\u6536\u85cf\u5bb6\u7684\u5177\u4f53\u8981\u6c42\u4e2d\u83b7\u76ca\uff0c\u4ece\u800c\u4f7f\u60a8\u7684\u8461\u8404\u9152\u8fbe\u5230\u6700\u4f73\u6548\u679c\u3002<\/p>\n\n\t\t<\/div> \n\t<\/div> \n\t<\/div> \n\n\t<div class=\"span4 krown-column-container clearfix column_container\">\n\t\t<span style=\"display:block;margin-top:40px\" ><\/span><a class=\"rbButton light large\" href=\"\/zh\/negoce-de-grands-crus-classes\/vendre-des-grands-crus\/evaluer-prix-mon-vin\/\" target=\"_self\">\u8bc4\u4f30\u6211\u7684\u9152\u7684\u4ef7\u683c<\/a>\n\t<\/div> \n<\/div><div class=\"clearfix  row-fluid krown-column-row clearfix\">\n\t<div class=\"span12 krown-column-container clearfix column_container\">\n\t\t<hr style=\"margin-top:40px; margin-bottom:20px;\" class=\"rbDivider  autop\" \/>\n\t<\/div> \n<\/div><div class=\"clearfix  row-fluid krown-column-row clearfix  hprow2\">\n\t<div class=\"span4 hprow2 krown-column-container clearfix column_container\">\n\t\t<div class=\"clearfix  h3-alt\">\n\t\t<div class=\"wpb_wrapper\">\n\t\t\t<h3>\u6211\u4eec\u662f\u8c01 \uff1f<\/h3>\n\n\t\t<\/div> \n\t<\/div> <div class=\"clearfix\">\n\t\t<div class=\"wpb_wrapper\">\n\t\t\t<p style=\"text-align: center;\"><a title=\"\u4f2f\u6770\u5c14\u96c6\u56e2\" href=\"https:\/\/la-bergere.fr\/zh\/groupe-labergere\/\"><img loading=\"lazy\" decoding=\"async\" class=\"aligncenter size-large wp-image-2169\" src=\"https:\/\/la-bergere.fr\/wp-content\/uploads\/2013\/10\/bkz-118.jpg\" alt=\"bkz-118\" width=\"281\" height=\"145\" \/><\/a><\/p>\n<p>La Berg\u00e8re \u96c6\u56e2\u6c47\u96c6\u4e86\u5145\u6ee1\u70ed\u60c5\u7684\u8461\u8404\u79cd\u690d\u8005\u548c\u56fd\u9645\u4f18\u8d28\u8461\u8404\u9152\u8d38\u6613\u4e13\u5bb6\u3002\u6765\u81ea\u5b81\u9759\u7684\u5723\u57c3\u7f8e\u9686\u4e61\u6751\uff0c\u79cd\u690d\u7740\u5e84\u56ed\u7684\u8461\u8404\u85e4\uff0c\u2026\u2026<\/p>\n\n\t\t<\/div> \n\t<\/div> <a class=\"rbButton light large  blue\" href=\"\/zh\/groupe-labergere\/\" target=\"_self\">\u9605\u8bfb\u66f4\u591a<\/a>\n\t<\/div> \n\n\t<div class=\"span4 hprow2 krown-column-container clearfix column_container\">\n\t\t<div class=\"clearfix  h3-alt\">\n\t\t<div class=\"wpb_wrapper\">\n\t\t\t<h3>\u6211\u4eec\u7684\u7ea6\u5b9a<\/h3>\n\n\t\t<\/div> \n\t<\/div> <div data-opened=\"0\" class=\"rbAccordion accordion small one clearfix autop\"><section>\n    \t<h4>\u4e13\u4e1a\u77e5\u8bc6<\/h4>\n    \t<div><div class=\"clearfix\">\n\t\t<div class=\"wpb_wrapper\">\n\t\t\t<p>\u5404\u81ea\u9886\u57df\u6700\u4f18\u79c0\u4e13\u5bb6\u7684\u7efc\u5408\u4e13\u4e1a\u77e5\u8bc6\uff1a\u8461\u8404\u79cd\u690d\u8005\u548c\u5546\u4eba\u3002<\/p>\n\n\t\t<\/div> \n\t<\/div> <\/div>\n    <\/section><section>\n    \t<h4>\u7ade\u4e89\u529b<\/h4>\n    \t<div><div class=\"clearfix\">\n\t\t<div class=\"wpb_wrapper\">\n\t\t\t<p>\u4f4e\u5229\u6da6\uff0c\u4fdd\u8bc1\u6700\u4f18\u4ef7\u683c\u3002<\/p>\n\n\t\t<\/div> \n\t<\/div> <\/div>\n    <\/section><section>\n    \t<h4>\u516c\u6b63\u6027<\/h4>\n    \t<div><div class=\"clearfix\">\n\t\t<div class=\"wpb_wrapper\">\n\t\t\t<p>\u4e25\u683c\u5ba2\u89c2\u7684\u9009\u62d4\u6807\u51c6\u3002<\/p>\n\n\t\t<\/div> \n\t<\/div> <\/div>\n    <\/section><section>\n    \t<h4>\u53cd\u5e94\u6027<\/h4>\n    \t<div><div class=\"clearfix\">\n\t\t<div class=\"wpb_wrapper\">\n\t\t\t<p>\u4e45\u7ecf\u8003\u9a8c\u7684\u540e\u52e4\u8d44\u6e90\u3001\u5f3a\u5927\u7684 IT \u7cfb\u7edf\u548c\u56fd\u9645\u5f71\u54cd\u529b\uff0c\u5728\u5df4\u9ece\u3001\u4f26\u6566\u548c\u9999\u6e2f\u8bbe\u6709\u529e\u4e8b\u5904\u3002<\/p>\n\n\t\t<\/div> \n\t<\/div> <\/div>\n    <\/section><\/div><a class=\"rbButton light large  blue\" href=\"\/zh\/negoce-de-grands-crus-classes\/acheter-des-grands-crus\/nos-engagements\/\" target=\"_self\">\u4e86\u89e3\u66f4\u591a<\/a>\n\t<\/div> \n\n\t<div class=\"span4 hprow2 krown-column-container clearfix column_container\">\n\t\t<div class=\"clearfix  h3-alt\">\n\t\t<div class=\"wpb_wrapper\">\n\t\t\t<h3>\u5728\u5b9e\u8df5\u4e2d<\/h3>\n\n\t\t<\/div> \n\t<\/div> <div class=\"clearfix\">\n\t\t<div class=\"wpb_wrapper\">\n\t\t\t<p><img loading=\"lazy\" decoding=\"async\" class=\"aligncenter size-full wp-image-1521\" src=\"https:\/\/la-bergere.fr\/wp-content\/uploads\/2014\/07\/bkz-151.jpg\" alt=\"bkz-151\" width=\"260\" height=\"125\" \/><\/p>\n<ul>\n<li><a href=\"\/zh\/negoce-de-grands-crus-classes\/vendre-des-grands-crus\/conditions-achat\/\"><em><span class=\"list3\">La Berg\u00e8re \u7684\u8d2d\u4e70\u6761\u4ef6\u662f\u4ec0\u4e48\uff1f<\/span><\/em><\/a><\/li>\n<li><em><span class=\"list3\"><a title=\"\u4ec0\u4e48\u662f\u7279\u7ea7\u56ed\uff1f\" href=\"\/zh\/negoce-de-grands-crus-classes\/definition-vin-grand-cru\/\">\u4ec0\u4e48\u662f\u7279\u7ea7\u56ed\uff1f<\/a><\/span><\/em><\/li>\n<li><em><span class=\"list3\"><a href=\"\/zh\/negoce-de-grands-crus-classes\/vendre-des-grands-crus\/\">\u6211\u6709\u9152\u8981\u5356\uff0c\u600e\u4e48\u529e\uff1f<\/a><\/span><\/em><\/li>\n<\/ul>\n\n\t\t<\/div> \n\t<\/div> <a class=\"rbButton light large  blue\" href=\"\/zh\/groupe-labergere\/nous-contacter\/\" target=\"_self\">\u5176\u4ed6\u95ee\u9898\uff1f<\/a>\n\t<\/div> \n<\/div>","protected":false},"excerpt":{"rendered":"Vendez votre vin Qu\u2019il s\u2019agisse d\u2019une bouteille d\u2019exception ou d\u2019une cave enti\u00e8re, la revente de votre vin peut vous apparaitre difficile. Avec La Berg\u00e8re vous b\u00e9n\u00e9ficiez de notre r\u00e9seau de distributeurs \u00e0 l\u2019export et des demandes pr\u00e9cises de nos collectionneurs afin de valoriser vos vins au mieux. Evaluer le prix de mon vin Qui sommes-nous [...]","protected":false},"author":12,"featured_media":0,"parent":0,"menu_order":0,"comment_status":"closed","ping_status":"closed","template":"template-homepage.php","meta":{"footnotes":""},"class_list":["post-69","page","type-page","status-publish","hentry"],"yoast_head":"<!-- This site is optimized with the Yoast SEO plugin v27.3 - https:\/\/yoast.com\/product\/yoast-seo-wordpress\/ -->\n<title>La Berg\u00e8re - Vins rares &amp; grands crus<\/title>\n<meta name=\"description\" content=\"Vente et achat de vin: vins rares et grands crus class\u00e9s pour les professionnels\" \/>\n<meta name=\"robots\" content=\"index, follow, max-snippet:-1, max-image-preview:large, max-video-preview:-1\" \/>\n<link rel=\"canonical\" href=\"https:\/\/la-bergere.fr\/zh\/\" \/>\n<meta property=\"og:locale\" content=\"zh_CN\" \/>\n<meta property=\"og:type\" content=\"article\" \/>\n<meta property=\"og:title\" content=\"La Berg\u00e8re - Vins rares &amp; grands crus\" \/>\n<meta property=\"og:description\" content=\"Vente et achat de vin: vins rares et grands crus class\u00e9s pour les professionnels\" \/>\n<meta property=\"og:url\" content=\"https:\/\/la-bergere.fr\/zh\/\" \/>\n<meta property=\"og:site_name\" content=\"La Berg\u00e8re\" \/>\n<meta property=\"article:modified_time\" content=\"2018-07-18T10:26:52+00:00\" \/>\n<meta property=\"og:image\" content=\"https:\/\/la-bergere.fr\/wp-content\/uploads\/2013\/10\/bkz-118.jpg\" \/>\n<meta name=\"twitter:label1\" content=\"\u9884\u8ba1\u9605\u8bfb\u65f6\u95f4\" \/>\n\t<meta name=\"twitter:data1\" content=\"2 \u5206\" \/>\n<script type=\"application\/ld+json\" class=\"yoast-schema-graph\">{\"@context\":\"https:\\\/\\\/schema.org\",\"@graph\":[{\"@type\":\"WebPage\",\"@id\":\"https:\\\/\\\/la-bergere.fr\\\/\",\"url\":\"https:\\\/\\\/la-bergere.fr\\\/\",\"name\":\"La Berg\u00e8re - Vins rares & grands crus\",\"isPartOf\":{\"@id\":\"https:\\\/\\\/la-bergere.fr\\\/#website\"},\"primaryImageOfPage\":{\"@id\":\"https:\\\/\\\/la-bergere.fr\\\/#primaryimage\"},\"image\":{\"@id\":\"https:\\\/\\\/la-bergere.fr\\\/#primaryimage\"},\"thumbnailUrl\":\"https:\\\/\\\/la-bergere.fr\\\/wp-content\\\/uploads\\\/2013\\\/10\\\/bkz-118.jpg\",\"datePublished\":\"2013-10-14T17:32:11+00:00\",\"dateModified\":\"2018-07-18T10:26:52+00:00\",\"description\":\"Vente et achat de vin: vins rares et grands crus class\u00e9s pour les professionnels\",\"breadcrumb\":{\"@id\":\"https:\\\/\\\/la-bergere.fr\\\/#breadcrumb\"},\"inLanguage\":\"zh-Hans\",\"potentialAction\":[{\"@type\":\"ReadAction\",\"target\":[\"https:\\\/\\\/la-bergere.fr\\\/\"]}]},{\"@type\":\"ImageObject\",\"inLanguage\":\"zh-Hans\",\"@id\":\"https:\\\/\\\/la-bergere.fr\\\/#primaryimage\",\"url\":\"https:\\\/\\\/la-bergere.fr\\\/wp-content\\\/uploads\\\/2013\\\/10\\\/bkz-118.jpg\",\"contentUrl\":\"https:\\\/\\\/la-bergere.fr\\\/wp-content\\\/uploads\\\/2013\\\/10\\\/bkz-118.jpg\"},{\"@type\":\"BreadcrumbList\",\"@id\":\"https:\\\/\\\/la-bergere.fr\\\/#breadcrumb\",\"itemListElement\":[{\"@type\":\"ListItem\",\"position\":1,\"name\":\"Accueil\",\"item\":\"https:\\\/\\\/la-bergere.fr\\\/\"},{\"@type\":\"ListItem\",\"position\":2,\"name\":\"Accueil\"}]},{\"@type\":\"WebSite\",\"@id\":\"https:\\\/\\\/la-bergere.fr\\\/#website\",\"url\":\"https:\\\/\\\/la-bergere.fr\\\/\",\"name\":\"La Berg\u00e8re\",\"description\":\"N\u00e9goce de grands crus et vins fins\",\"potentialAction\":[{\"@type\":\"SearchAction\",\"target\":{\"@type\":\"EntryPoint\",\"urlTemplate\":\"https:\\\/\\\/la-bergere.fr\\\/?s={search_term_string}\"},\"query-input\":{\"@type\":\"PropertyValueSpecification\",\"valueRequired\":true,\"valueName\":\"search_term_string\"}}],\"inLanguage\":\"zh-Hans\"}]}<\/script>\n<!-- \/ Yoast SEO plugin. -->","yoast_head_json":{"title":"La Berg\u00e8re - Vins rares & grands crus","description":"Vente et achat de vin: vins rares et grands crus class\u00e9s pour les professionnels","robots":{"index":"index","follow":"follow","max-snippet":"max-snippet:-1","max-image-preview":"max-image-preview:large","max-video-preview":"max-video-preview:-1"},"canonical":"https:\/\/la-bergere.fr\/zh\/","og_locale":"zh_CN","og_type":"article","og_title":"La Berg\u00e8re - Vins rares & grands crus","og_description":"Vente et achat de vin: vins rares et grands crus class\u00e9s pour les professionnels","og_url":"https:\/\/la-bergere.fr\/zh\/","og_site_name":"La Berg\u00e8re","article_modified_time":"2018-07-18T10:26:52+00:00","og_image":[{"url":"https:\/\/la-bergere.fr\/wp-content\/uploads\/2013\/10\/bkz-118.jpg","type":"","width":"","height":""}],"twitter_misc":{"\u9884\u8ba1\u9605\u8bfb\u65f6\u95f4":"2 \u5206"},"schema":{"@context":"https:\/\/schema.org","@graph":[{"@type":"WebPage","@id":"https:\/\/la-bergere.fr\/","url":"https:\/\/la-bergere.fr\/","name":"La Berg\u00e8re - Vins rares & grands crus","isPartOf":{"@id":"https:\/\/la-bergere.fr\/#website"},"primaryImageOfPage":{"@id":"https:\/\/la-bergere.fr\/#primaryimage"},"image":{"@id":"https:\/\/la-bergere.fr\/#primaryimage"},"thumbnailUrl":"https:\/\/la-bergere.fr\/wp-content\/uploads\/2013\/10\/bkz-118.jpg","datePublished":"2013-10-14T17:32:11+00:00","dateModified":"2018-07-18T10:26:52+00:00","description":"Vente et achat de vin: vins rares et grands crus class\u00e9s pour les professionnels","breadcrumb":{"@id":"https:\/\/la-bergere.fr\/#breadcrumb"},"inLanguage":"zh-Hans","potentialAction":[{"@type":"ReadAction","target":["https:\/\/la-bergere.fr\/"]}]},{"@type":"ImageObject","inLanguage":"zh-Hans","@id":"https:\/\/la-bergere.fr\/#primaryimage","url":"https:\/\/la-bergere.fr\/wp-content\/uploads\/2013\/10\/bkz-118.jpg","contentUrl":"https:\/\/la-bergere.fr\/wp-content\/uploads\/2013\/10\/bkz-118.jpg"},{"@type":"BreadcrumbList","@id":"https:\/\/la-bergere.fr\/#breadcrumb","itemListElement":[{"@type":"ListItem","position":1,"name":"Accueil","item":"https:\/\/la-bergere.fr\/"},{"@type":"ListItem","position":2,"name":"Accueil"}]},{"@type":"WebSite","@id":"https:\/\/la-bergere.fr\/#website","url":"https:\/\/la-bergere.fr\/","name":"\u7267\u7f8a\u5973","description":"\u7279\u7ea7\u8461\u8404\u9152\u548c\u4f18\u8d28\u8461\u8404\u9152\u7684\u8d38\u6613","potentialAction":[{"@type":"SearchAction","target":{"@type":"EntryPoint","urlTemplate":"https:\/\/la-bergere.fr\/?s={search_term_string}"},"query-input":{"@type":"PropertyValueSpecification","valueRequired":true,"valueName":"search_term_string"}}],"inLanguage":"zh-Hans"}]}},"_links":{"self":[{"href":"https:\/\/la-bergere.fr\/zh\/wp-json\/wp\/v2\/pages\/69","targetHints":{"allow":["GET"]}}],"collection":[{"href":"https:\/\/la-bergere.fr\/zh\/wp-json\/wp\/v2\/pages"}],"about":[{"href":"https:\/\/la-bergere.fr\/zh\/wp-json\/wp\/v2\/types\/page"}],"author":[{"embeddable":true,"href":"https:\/\/la-bergere.fr\/zh\/wp-json\/wp\/v2\/users\/12"}],"replies":[{"embeddable":true,"href":"https:\/\/la-bergere.fr\/zh\/wp-json\/wp\/v2\/comments?post=69"}],"version-history":[{"count":5,"href":"https:\/\/la-bergere.fr\/zh\/wp-json\/wp\/v2\/pages\/69\/revisions"}],"predecessor-version":[{"id":4066,"href":"https:\/\/la-bergere.fr\/zh\/wp-json\/wp\/v2\/pages\/69\/revisions\/4066"}],"wp:attachment":[{"href":"https:\/\/la-bergere.fr\/zh\/wp-json\/wp\/v2\/media?parent=69"}],"curies":[{"name":"wp","href":"https:\/\/api.w.org\/{rel}","templated":true}]}}