{"id":41,"date":"2013-10-14T16:27:42","date_gmt":"2013-10-14T15:27:42","guid":{"rendered":"http:\/\/localhost\/labergere\/?page_id=41"},"modified":"2016-04-15T13:50:05","modified_gmt":"2016-04-15T12:50:05","slug":"conditions-achat","status":"publish","type":"page","link":"https:\/\/la-bergere.fr\/zh\/negoce-de-grands-crus-classes\/vendre-des-grands-crus\/conditions-achat\/","title":{"rendered":"\u8d2d\u4e70\u6761\u6b3e"},"content":{"rendered":"<div class=\"clearfix  row-fluid krown-column-row clearfix\">\n\t<div class=\"span12 krown-column-container clearfix column_container\">\n\t\t<div class=\"clearfix\">\n\t\t<div class=\"wpb_wrapper\">\n\t\t\t<h2>\u8d2d\u4e70\u8461\u8404\u9152\u7684\u6761\u4ef6<\/h2>\n<h3>\u8c03\u7406<\/h3>\n<p><b><\/b>\u6211\u4eec\u901a\u5e38\u4f1a\u4ee5\u539f\u5305\u88c5 (OCB) \u7684\u5f62\u5f0f\u56de\u8d2d\u8461\u8404\u9152\u3002\u4f46\u662f\uff0c\u5bf9\u4e8e\u7279\u6b8a\u74f6\u5b50\uff0c\u53ef\u4ee5\u8003\u8651\u5355\u72ec\u6216\u96f6\u552e\u3002<b><\/b><\/p>\n<h3>\u50a8\u85cf\u65b9\u6cd5<\/h3>\n<p>\u60a8\u7684\u8461\u8404\u9152\u5fc5\u987b\u5448\u73b0\u6700\u4f73\u7684\u50a8\u5b58\u6761\u4ef6\uff0c\u6709\u5229\u4e8e\u5176\u826f\u597d\u7684\u9648\u5e74\u3002\u5730\u7a96\u4e2d\u7684\u7a7a\u6c14\u6e7f\u5ea6\u5fc5\u987b\u65e0\u53ef\u6311\u5254\uff0c\u4ecb\u4e8e 70 \u548c 80 % \u4e4b\u95f4\u3002\u74f6\u5b50\u5fc5\u987b\u6c34\u5e73\u653e\u7f6e\u5728\u5b8c\u5168\u9ed1\u6697\u7684\u5730\u65b9\uff0c\u653e\u5728\u7a33\u5b9a\u7684\u652f\u67b6\u4e0a\uff0c\u907f\u514d\u6240\u6709\u632f\u52a8\u3002<\/p>\n<h3>\u00a0\u6807\u7b7e\u548c\u7ea7\u522b<\/h3>\n<p>\u6807\u7b7e\u5fc5\u987b\u5b8c\u597d\u65e0\u635f\uff0c\u5e76\u586b\u5199\u8461\u8404\u9152\u7684\u7b49\u7ea7\uff0c\u5e76\u9644\u4e0a\u8bc1\u660e\u7167\u7247\u3002<b><\/b><\/p>\n<blockquote><p>\n\u6211\u4eec\u7684\u62a5\u4ef7\u65e8\u5728\u6839\u636e\u6211\u4eec\u900f\u660e\u548c\u4fe1\u4efb\u7684\u539f\u5219\u4e3a\u60a8\u7684\u8461\u8404\u9152\u8bbe\u5b9a\u4e00\u4e2a\u516c\u5e73\u7684\u4ef7\u683c\u3002\n<\/p><\/blockquote>\n\n\t\t<\/div> \n\t<\/div> \n\t<\/div> \n<\/div><div class=\"clearfix  row-fluid krown-column-row clearfix\">\n\t<div class=\"span6 krown-column-container clearfix column_container\">\n\t\t<a class=\"rbButton blue large\" href=\"\/zh\/negoce-de-grands-crus-classes\/vendre-des-grands-crus\/evaluer-prix-mon-vin\/\" target=\"_self\">\u89c1\u62a5\u4ef7\u8868<\/a>\n\t<\/div> \n<\/div>","protected":false},"excerpt":{"rendered":"Conditions d'achat de vos vins Conditionnement Nous rachetons g\u00e9n\u00e9ralement les vins dans leur conditionnement d\u2019origine (CBO). Dans le cas de bouteilles exceptionnelles, la vente individuelle ou au d\u00e9tail pourra toutefois \u00eatre \u00e9tudi\u00e9e. Mode de conservation Votre vin doit pr\u00e9senter des conditions de conservation optimales, favorisant son bon vieillissement. L\u2019hygrom\u00e9trie de l\u2019air de votre cave doit [...]","protected":false},"author":12,"featured_media":2195,"parent":35,"menu_order":3,"comment_status":"open","ping_status":"closed","template":"template-page-standard.php","meta":{"footnotes":""},"class_list":["post-41","page","type-page","status-publish","has-post-thumbnail","hentry"],"yoast_head":"<!-- This site is optimized with the Yoast SEO plugin v27.4 - https:\/\/yoast.com\/product\/yoast-seo-wordpress\/ -->\n<title>Conditions d&#039;achat - La Berg\u00e8re<\/title>\n<meta name=\"robots\" content=\"index, follow, max-snippet:-1, max-image-preview:large, max-video-preview:-1\" \/>\n<link rel=\"canonical\" href=\"https:\/\/la-bergere.fr\/zh\/negoce-de-grands-crus-classes\/vendre-des-grands-crus\/conditions-achat\/\" \/>\n<meta property=\"og:locale\" content=\"zh_CN\" \/>\n<meta property=\"og:type\" content=\"article\" \/>\n<meta property=\"og:title\" content=\"Conditions d&#039;achat - La Berg\u00e8re\" \/>\n<meta property=\"og:url\" content=\"https:\/\/la-bergere.fr\/zh\/negoce-de-grands-crus-classes\/vendre-des-grands-crus\/conditions-achat\/\" \/>\n<meta property=\"og:site_name\" content=\"La Berg\u00e8re\" \/>\n<meta property=\"article:modified_time\" content=\"2016-04-15T12:50:05+00:00\" \/>\n<meta property=\"og:image\" content=\"https:\/\/la-bergere.fr\/wp-content\/uploads\/2014\/07\/bkz-1110.jpg\" \/>\n\t<meta property=\"og:image:width\" content=\"1572\" \/>\n\t<meta property=\"og:image:height\" content=\"914\" \/>\n\t<meta property=\"og:image:type\" content=\"image\/jpeg\" \/>\n<meta name=\"twitter:label1\" content=\"\u9884\u8ba1\u9605\u8bfb\u65f6\u95f4\" \/>\n\t<meta name=\"twitter:data1\" content=\"1 \u5206\" \/>\n<script type=\"application\/ld+json\" class=\"yoast-schema-graph\">{\"@context\":\"https:\\\/\\\/schema.org\",\"@graph\":[{\"@type\":\"WebPage\",\"@id\":\"https:\\\/\\\/la-bergere.fr\\\/negoce-de-grands-crus-classes\\\/vendre-des-grands-crus\\\/conditions-achat\\\/\",\"url\":\"https:\\\/\\\/la-bergere.fr\\\/negoce-de-grands-crus-classes\\\/vendre-des-grands-crus\\\/conditions-achat\\\/\",\"name\":\"Conditions d'achat - La Berg\u00e8re\",\"isPartOf\":{\"@id\":\"https:\\\/\\\/la-bergere.fr\\\/#website\"},\"primaryImageOfPage\":{\"@id\":\"https:\\\/\\\/la-bergere.fr\\\/negoce-de-grands-crus-classes\\\/vendre-des-grands-crus\\\/conditions-achat\\\/#primaryimage\"},\"image\":{\"@id\":\"https:\\\/\\\/la-bergere.fr\\\/negoce-de-grands-crus-classes\\\/vendre-des-grands-crus\\\/conditions-achat\\\/#primaryimage\"},\"thumbnailUrl\":\"https:\\\/\\\/la-bergere.fr\\\/wp-content\\\/uploads\\\/2014\\\/07\\\/bkz-1110.jpg\",\"datePublished\":\"2013-10-14T15:27:42+00:00\",\"dateModified\":\"2016-04-15T12:50:05+00:00\",\"breadcrumb\":{\"@id\":\"https:\\\/\\\/la-bergere.fr\\\/negoce-de-grands-crus-classes\\\/vendre-des-grands-crus\\\/conditions-achat\\\/#breadcrumb\"},\"inLanguage\":\"zh-Hans\",\"potentialAction\":[{\"@type\":\"ReadAction\",\"target\":[\"https:\\\/\\\/la-bergere.fr\\\/negoce-de-grands-crus-classes\\\/vendre-des-grands-crus\\\/conditions-achat\\\/\"]}]},{\"@type\":\"ImageObject\",\"inLanguage\":\"zh-Hans\",\"@id\":\"https:\\\/\\\/la-bergere.fr\\\/negoce-de-grands-crus-classes\\\/vendre-des-grands-crus\\\/conditions-achat\\\/#primaryimage\",\"url\":\"https:\\\/\\\/la-bergere.fr\\\/wp-content\\\/uploads\\\/2014\\\/07\\\/bkz-1110.jpg\",\"contentUrl\":\"https:\\\/\\\/la-bergere.fr\\\/wp-content\\\/uploads\\\/2014\\\/07\\\/bkz-1110.jpg\",\"width\":1572,\"height\":914},{\"@type\":\"BreadcrumbList\",\"@id\":\"https:\\\/\\\/la-bergere.fr\\\/negoce-de-grands-crus-classes\\\/vendre-des-grands-crus\\\/conditions-achat\\\/#breadcrumb\",\"itemListElement\":[{\"@type\":\"ListItem\",\"position\":1,\"name\":\"Accueil\",\"item\":\"https:\\\/\\\/la-bergere.fr\\\/\"},{\"@type\":\"ListItem\",\"position\":2,\"name\":\"N\u00e9goce de grands crus class\u00e9s\",\"item\":\"https:\\\/\\\/la-bergere.fr\\\/negoce-de-grands-crus-classes\\\/\"},{\"@type\":\"ListItem\",\"position\":3,\"name\":\"Vendre des grands crus\",\"item\":\"https:\\\/\\\/la-bergere.fr\\\/negoce-de-grands-crus-classes\\\/vendre-des-grands-crus\\\/\"},{\"@type\":\"ListItem\",\"position\":4,\"name\":\"Conditions d&rsquo;achat\"}]},{\"@type\":\"WebSite\",\"@id\":\"https:\\\/\\\/la-bergere.fr\\\/#website\",\"url\":\"https:\\\/\\\/la-bergere.fr\\\/\",\"name\":\"La Berg\u00e8re\",\"description\":\"N\u00e9goce de grands crus et vins fins\",\"potentialAction\":[{\"@type\":\"SearchAction\",\"target\":{\"@type\":\"EntryPoint\",\"urlTemplate\":\"https:\\\/\\\/la-bergere.fr\\\/?s={search_term_string}\"},\"query-input\":{\"@type\":\"PropertyValueSpecification\",\"valueRequired\":true,\"valueName\":\"search_term_string\"}}],\"inLanguage\":\"zh-Hans\"}]}<\/script>\n<!-- \/ Yoast SEO plugin. -->","yoast_head_json":{"title":"Conditions d'achat - La Berg\u00e8re","robots":{"index":"index","follow":"follow","max-snippet":"max-snippet:-1","max-image-preview":"max-image-preview:large","max-video-preview":"max-video-preview:-1"},"canonical":"https:\/\/la-bergere.fr\/zh\/negoce-de-grands-crus-classes\/vendre-des-grands-crus\/conditions-achat\/","og_locale":"zh_CN","og_type":"article","og_title":"Conditions d'achat - La Berg\u00e8re","og_url":"https:\/\/la-bergere.fr\/zh\/negoce-de-grands-crus-classes\/vendre-des-grands-crus\/conditions-achat\/","og_site_name":"La Berg\u00e8re","article_modified_time":"2016-04-15T12:50:05+00:00","og_image":[{"width":1572,"height":914,"url":"https:\/\/la-bergere.fr\/wp-content\/uploads\/2014\/07\/bkz-1110.jpg","type":"image\/jpeg"}],"twitter_misc":{"\u9884\u8ba1\u9605\u8bfb\u65f6\u95f4":"1 \u5206"},"schema":{"@context":"https:\/\/schema.org","@graph":[{"@type":"WebPage","@id":"https:\/\/la-bergere.fr\/negoce-de-grands-crus-classes\/vendre-des-grands-crus\/conditions-achat\/","url":"https:\/\/la-bergere.fr\/negoce-de-grands-crus-classes\/vendre-des-grands-crus\/conditions-achat\/","name":"Conditions d'achat - La Berg\u00e8re","isPartOf":{"@id":"https:\/\/la-bergere.fr\/#website"},"primaryImageOfPage":{"@id":"https:\/\/la-bergere.fr\/negoce-de-grands-crus-classes\/vendre-des-grands-crus\/conditions-achat\/#primaryimage"},"image":{"@id":"https:\/\/la-bergere.fr\/negoce-de-grands-crus-classes\/vendre-des-grands-crus\/conditions-achat\/#primaryimage"},"thumbnailUrl":"https:\/\/la-bergere.fr\/wp-content\/uploads\/2014\/07\/bkz-1110.jpg","datePublished":"2013-10-14T15:27:42+00:00","dateModified":"2016-04-15T12:50:05+00:00","breadcrumb":{"@id":"https:\/\/la-bergere.fr\/negoce-de-grands-crus-classes\/vendre-des-grands-crus\/conditions-achat\/#breadcrumb"},"inLanguage":"zh-Hans","potentialAction":[{"@type":"ReadAction","target":["https:\/\/la-bergere.fr\/negoce-de-grands-crus-classes\/vendre-des-grands-crus\/conditions-achat\/"]}]},{"@type":"ImageObject","inLanguage":"zh-Hans","@id":"https:\/\/la-bergere.fr\/negoce-de-grands-crus-classes\/vendre-des-grands-crus\/conditions-achat\/#primaryimage","url":"https:\/\/la-bergere.fr\/wp-content\/uploads\/2014\/07\/bkz-1110.jpg","contentUrl":"https:\/\/la-bergere.fr\/wp-content\/uploads\/2014\/07\/bkz-1110.jpg","width":1572,"height":914},{"@type":"BreadcrumbList","@id":"https:\/\/la-bergere.fr\/negoce-de-grands-crus-classes\/vendre-des-grands-crus\/conditions-achat\/#breadcrumb","itemListElement":[{"@type":"ListItem","position":1,"name":"Accueil","item":"https:\/\/la-bergere.fr\/"},{"@type":"ListItem","position":2,"name":"N\u00e9goce de grands crus class\u00e9s","item":"https:\/\/la-bergere.fr\/negoce-de-grands-crus-classes\/"},{"@type":"ListItem","position":3,"name":"Vendre des grands crus","item":"https:\/\/la-bergere.fr\/negoce-de-grands-crus-classes\/vendre-des-grands-crus\/"},{"@type":"ListItem","position":4,"name":"Conditions d&rsquo;achat"}]},{"@type":"WebSite","@id":"https:\/\/la-bergere.fr\/#website","url":"https:\/\/la-bergere.fr\/","name":"\u7267\u7f8a\u5973","description":"\u7279\u7ea7\u8461\u8404\u9152\u548c\u4f18\u8d28\u8461\u8404\u9152\u7684\u8d38\u6613","potentialAction":[{"@type":"SearchAction","target":{"@type":"EntryPoint","urlTemplate":"https:\/\/la-bergere.fr\/?s={search_term_string}"},"query-input":{"@type":"PropertyValueSpecification","valueRequired":true,"valueName":"search_term_string"}}],"inLanguage":"zh-Hans"}]}},"_links":{"self":[{"href":"https:\/\/la-bergere.fr\/zh\/wp-json\/wp\/v2\/pages\/41","targetHints":{"allow":["GET"]}}],"collection":[{"href":"https:\/\/la-bergere.fr\/zh\/wp-json\/wp\/v2\/pages"}],"about":[{"href":"https:\/\/la-bergere.fr\/zh\/wp-json\/wp\/v2\/types\/page"}],"author":[{"embeddable":true,"href":"https:\/\/la-bergere.fr\/zh\/wp-json\/wp\/v2\/users\/12"}],"replies":[{"embeddable":true,"href":"https:\/\/la-bergere.fr\/zh\/wp-json\/wp\/v2\/comments?post=41"}],"version-history":[{"count":1,"href":"https:\/\/la-bergere.fr\/zh\/wp-json\/wp\/v2\/pages\/41\/revisions"}],"predecessor-version":[{"id":3475,"href":"https:\/\/la-bergere.fr\/zh\/wp-json\/wp\/v2\/pages\/41\/revisions\/3475"}],"up":[{"embeddable":true,"href":"https:\/\/la-bergere.fr\/zh\/wp-json\/wp\/v2\/pages\/35"}],"wp:featuredmedia":[{"embeddable":true,"href":"https:\/\/la-bergere.fr\/zh\/wp-json\/wp\/v2\/media\/2195"}],"wp:attachment":[{"href":"https:\/\/la-bergere.fr\/zh\/wp-json\/wp\/v2\/media?parent=41"}],"curies":[{"name":"wp","href":"https:\/\/api.w.org\/{rel}","templated":true}]}}