{"id":35,"date":"2013-10-14T16:26:06","date_gmt":"2013-10-14T15:26:06","guid":{"rendered":"http:\/\/localhost\/labergere\/?page_id=35"},"modified":"2014-08-07T10:03:15","modified_gmt":"2014-08-07T09:03:15","slug":"vendre-des-grands-crus","status":"publish","type":"page","link":"https:\/\/la-bergere.fr\/zh\/negoce-de-grands-crus-classes\/vendre-des-grands-crus\/","title":{"rendered":"\u51fa\u552e\u4f1f\u5927\u7684\u5e74\u4efd"},"content":{"rendered":"<div class=\"clearfix  row-fluid krown-column-row clearfix\">\n\t<div class=\"span12 krown-column-container clearfix column_container\">\n\t\t<div class=\"clearfix\">\n\t\t<div class=\"wpb_wrapper\">\n\t\t\t<h2>La Berg\u00e8re \u56de\u8d2d\u60a8\u7684\u4f18\u8d28\u8461\u8404\u9152<\/h2>\n<p><strong style=\"font-size: 16px;\"><span class=\"rbLarge\">\u6211\u4eec\u4e00\u76f4\u5728\u5bfb\u627e\u4f18\u8d28\u8461\u8404\u9152\u3002\u6211\u4eec\u968f\u65f6\u4e3a\u60a8\u63d0\u4f9b\u5efa\u8bae\u548c\u8bc4\u4f30\u60a8\u7684\u8461\u8404\u9152\uff0c\u4ee5\u671f\u5411\u60a8\u53d1\u51fa\u8d2d\u4e70\u8981\u7ea6\u3002<\/span><\/strong><\/p>\n<h3>\u5b9e\u76d8\u62a5\u4ef7<\/h3>\n<p>\u6211\u4eec\u4f1a\u5728\u68c0\u67e5\u5b8c\u74f6\u5b50\u540e\u7acb\u5373\u4ed8\u6b3e\u3002<\/p>\n<h3>\u65e0\u4e2d\u4ecb\u9500\u552e<\/h3>\n<p>\u4e0e\u5728\u62cd\u5356\u884c\u8fdb\u884c\u7684\u4ea4\u6613\u4e0d\u540c\uff0c\u60a8\u65e0\u9700\u652f\u4ed8\u9500\u552e\u4ef7\u683c\u6240\u9700\u7684\u4f63\u91d1\u3002<\/p>\n<h2>\u8d28\u91cf\u8981\u6c42<\/h2>\n<p>\u65e0\u8bba\u6211\u4eec\u662f\u5356\u5bb6\u8fd8\u662f\u4e70\u5bb6\uff0c\u5bf9\u8461\u8404\u9152\u7684\u54c1\u8d28\u8981\u6c42\u90fd\u662f\u4e00\u81f4\u7684\u3002\u6211\u4eec\u53ea\u4f1a\u5728\u74f6\u5b50\u5b8c\u597d\u65e0\u635f\uff08\u80f6\u56ca\u3001\u6db2\u4f4d\u3001\u6807\u7b7e\uff09\u65f6\u63d0\u4ea4\u8d2d\u4e70\u62a5\u4ef7\u3002\u6211\u4eec\u8fd8\u786e\u4fdd\u8fd9\u4e9b\u74f6\u5b50\u7684\u50a8\u5b58\u6761\u4ef6\u5904\u4e8e\u6700\u4f73\u72b6\u6001\u3002<\/p>\n<p>\u56e0\u6b64\uff0c\u9274\u4e8e Berg\u00e8re Vintners \u8d2d\u4e70\u4e86\u60a8\u7684\u8461\u8404\u9152\uff0c\u9700\u8981\u5b8c\u7f8e\u7684\u74f6\u5b50\u72b6\u51b5\uff1a\u74f6\u76d6\u3001\u6c34\u5e73\u4eea\u3001\u6807\u7b7e\u3002<\/p>\n<p><strong>\u60a8\u7684\u8461\u8404\u9152\u5fc5\u987b\u5b58\u653e\u5728\u6700\u4f73\u6761\u4ef6\u4e0b<\/strong>\uff0c\u51fa\u4e8e\u8fd9\u4e2a\u539f\u56e0\uff0c\u8fd8\u5efa\u8bae\u6307\u5b9a\u60a8\u7684\u5927\u817f\u7684\u4fdd\u62a4\u65b9\u5f0f\u548c\u5730\u70b9\u3002<\/p>\n<p>\u6211\u4eec\u4e3b\u8981\u56de\u6536\u539f\u5305\u88c5\u7684\u8461\u8404\u9152\uff08CBO\uff09\u3002<\/p>\n\n\t\t<\/div> \n\t<\/div> \n\t<\/div> \n<\/div><div class=\"clearfix  row-fluid krown-column-row clearfix\">\n\t<div class=\"span4 krown-column-container clearfix column_container\">\n\t\t<div class=\"clearfix\">\n\t\t<div class=\"wpb_wrapper\">\n\t\t\t<h3>\u4e3a\u4ec0\u4e48\u8981\u5411\u6211\u4eec\u51fa\u552e\u60a8\u7684\u4f18\u8d28\u8461\u8404\u9152\uff1f<\/h3>\n<p>\u6211\u4eec\u7684\u62a5\u4ef7\u662f\u575a\u5b9a\u7684\uff0c\u5e76\u4e14\u00a0<strong>\u6211\u4eec\u5728\u6536\u5230\u6216\u79fb\u9664\u65f6\u4ed8\u6b3e<\/strong>\u00a0\u5956\u54c1\u3002<\/p>\n\n\t\t<\/div> \n\t<\/div> \n\t<\/div> \n\n\t<div class=\"span4 krown-column-container clearfix column_container\">\n\t\t<div class=\"clearfix\">\n\t\t<div class=\"wpb_wrapper\">\n\t\t\t<h3>\u6211\u4eec\u7684\u4e13\u4e1a\u77e5\u8bc6\u4e3a\u60a8\u670d\u52a1<\/h3>\n<p>\u51ed\u501f\u6211\u4eec\u7684\u4e13\u4e1a\u77e5\u8bc6\uff0c\u6211\u4eec\u53ef\u4ee5\u5e2e\u52a9\u60a8 <strong>\u5728\u8f6c\u552e\u671f\u95f4\u5bf9\u60a8\u7684\u7279\u7ea7\u8461\u8404\u56ed\u8fdb\u884c\u4f30\u4ef7\u548c\u8fd0\u8f93\u7ec4\u7ec7\u3002<\/strong><\/p>\n\n\t\t<\/div> \n\t<\/div> \n\t<\/div> \n\n\t<div class=\"span4 krown-column-container clearfix column_container\">\n\t\t<div class=\"clearfix\">\n\t\t<div class=\"wpb_wrapper\">\n\t\t\t<h3>\u6ca1\u6709\u4e2d\u4ecb\u7684\u9500\u552e<\/h3>\n<p>\u4e0d\u540c\u4e8e\u5728\u62cd\u5356\u884c\u8fdb\u884c\u7684\u4ea4\u6613\uff0c\u00a0<strong>\u60a8\u4e0d\u5fc5\u652f\u4ed8 20% \u7684\u4f63\u91d1\u00a0<\/strong>\u8981\u6c42\u5728\u9500\u552e\u4ef7\u683c\u4e0a\u3002<\/p>\n\n\t\t<\/div> \n\t<\/div> \n\t<\/div> \n<\/div><div class=\"clearfix  row-fluid krown-column-row clearfix\">\n\t<div class=\"span12 krown-column-container clearfix column_container\">\n\t\t<section class=\"rbLine clearfix\">\r\n    \t<i class=\"i-medium krown-icon-chart-area\"><\/i>\r\n    \t<h2>\u6211\u7684\u9152\u503c\u591a\u5c11\u94b1\uff1f<\/h2>\r\n    \t<h5>\u8981\u6c42\u514d\u8d39\u4f30\u4ef7<\/h5><a class=\"rbButton large dark\" href=\"\/zh\/negoce-de-grands-crus-classes\/vendre-des-grands-crus\/evaluer-prix-mon-vin\/\" target=\"_parent\">\u4e86\u89e3\u66f4\u591a<\/a><\/section>\n\t<\/div> \n<\/div>","protected":false},"excerpt":{"rendered":"La Berg\u00e8re rach\u00e8tent vos grands crus Nous sommes constamment \u00e0 la recherche de grands vins. Nous nous tenons \u00e0 votre disposition pour vous conseiller et \u00e9valuer vos vins, en vue de vous proposer une offre d\u2019achat. Offres fermes Nous payons d\u00e8s l\u2019examen des bouteilles. Vente sans interm\u00e9diaires Contrairement aux transactions r\u00e9alis\u00e9es dans les maisons de [...]","protected":false},"author":12,"featured_media":2180,"parent":16,"menu_order":2,"comment_status":"closed","ping_status":"closed","template":"template-page-standard.php","meta":{"footnotes":""},"class_list":["post-35","page","type-page","status-publish","has-post-thumbnail","hentry"],"yoast_head":"<!-- This site is optimized with the Yoast SEO plugin v27.3 - https:\/\/yoast.com\/product\/yoast-seo-wordpress\/ -->\n<title>Vendre des grands crus - La Berg\u00e8re<\/title>\n<meta name=\"robots\" content=\"index, follow, max-snippet:-1, max-image-preview:large, max-video-preview:-1\" \/>\n<link rel=\"canonical\" href=\"https:\/\/la-bergere.fr\/zh\/negoce-de-grands-crus-classes\/vendre-des-grands-crus\/\" \/>\n<meta property=\"og:locale\" content=\"zh_CN\" \/>\n<meta property=\"og:type\" content=\"article\" \/>\n<meta property=\"og:title\" content=\"Vendre des grands crus - La Berg\u00e8re\" \/>\n<meta property=\"og:url\" content=\"https:\/\/la-bergere.fr\/zh\/negoce-de-grands-crus-classes\/vendre-des-grands-crus\/\" \/>\n<meta property=\"og:site_name\" content=\"La Berg\u00e8re\" \/>\n<meta property=\"article:modified_time\" content=\"2014-08-07T09:03:15+00:00\" \/>\n<meta property=\"og:image\" content=\"https:\/\/la-bergere.fr\/wp-content\/uploads\/2014\/07\/bkz-header2.jpg\" \/>\n\t<meta property=\"og:image:width\" content=\"1024\" \/>\n\t<meta property=\"og:image:height\" content=\"450\" \/>\n\t<meta property=\"og:image:type\" content=\"image\/jpeg\" \/>\n<meta name=\"twitter:label1\" content=\"\u9884\u8ba1\u9605\u8bfb\u65f6\u95f4\" \/>\n\t<meta name=\"twitter:data1\" content=\"2 \u5206\" \/>\n<script type=\"application\/ld+json\" class=\"yoast-schema-graph\">{\"@context\":\"https:\\\/\\\/schema.org\",\"@graph\":[{\"@type\":\"WebPage\",\"@id\":\"https:\\\/\\\/la-bergere.fr\\\/negoce-de-grands-crus-classes\\\/vendre-des-grands-crus\\\/\",\"url\":\"https:\\\/\\\/la-bergere.fr\\\/negoce-de-grands-crus-classes\\\/vendre-des-grands-crus\\\/\",\"name\":\"Vendre des grands crus - La Berg\u00e8re\",\"isPartOf\":{\"@id\":\"https:\\\/\\\/la-bergere.fr\\\/#website\"},\"primaryImageOfPage\":{\"@id\":\"https:\\\/\\\/la-bergere.fr\\\/negoce-de-grands-crus-classes\\\/vendre-des-grands-crus\\\/#primaryimage\"},\"image\":{\"@id\":\"https:\\\/\\\/la-bergere.fr\\\/negoce-de-grands-crus-classes\\\/vendre-des-grands-crus\\\/#primaryimage\"},\"thumbnailUrl\":\"https:\\\/\\\/la-bergere.fr\\\/wp-content\\\/uploads\\\/2014\\\/07\\\/bkz-header2.jpg\",\"datePublished\":\"2013-10-14T15:26:06+00:00\",\"dateModified\":\"2014-08-07T09:03:15+00:00\",\"breadcrumb\":{\"@id\":\"https:\\\/\\\/la-bergere.fr\\\/negoce-de-grands-crus-classes\\\/vendre-des-grands-crus\\\/#breadcrumb\"},\"inLanguage\":\"zh-Hans\",\"potentialAction\":[{\"@type\":\"ReadAction\",\"target\":[\"https:\\\/\\\/la-bergere.fr\\\/negoce-de-grands-crus-classes\\\/vendre-des-grands-crus\\\/\"]}]},{\"@type\":\"ImageObject\",\"inLanguage\":\"zh-Hans\",\"@id\":\"https:\\\/\\\/la-bergere.fr\\\/negoce-de-grands-crus-classes\\\/vendre-des-grands-crus\\\/#primaryimage\",\"url\":\"https:\\\/\\\/la-bergere.fr\\\/wp-content\\\/uploads\\\/2014\\\/07\\\/bkz-header2.jpg\",\"contentUrl\":\"https:\\\/\\\/la-bergere.fr\\\/wp-content\\\/uploads\\\/2014\\\/07\\\/bkz-header2.jpg\",\"width\":1024,\"height\":450},{\"@type\":\"BreadcrumbList\",\"@id\":\"https:\\\/\\\/la-bergere.fr\\\/negoce-de-grands-crus-classes\\\/vendre-des-grands-crus\\\/#breadcrumb\",\"itemListElement\":[{\"@type\":\"ListItem\",\"position\":1,\"name\":\"Accueil\",\"item\":\"https:\\\/\\\/la-bergere.fr\\\/\"},{\"@type\":\"ListItem\",\"position\":2,\"name\":\"N\u00e9goce de grands crus class\u00e9s\",\"item\":\"https:\\\/\\\/la-bergere.fr\\\/negoce-de-grands-crus-classes\\\/\"},{\"@type\":\"ListItem\",\"position\":3,\"name\":\"Vendre des grands crus\"}]},{\"@type\":\"WebSite\",\"@id\":\"https:\\\/\\\/la-bergere.fr\\\/#website\",\"url\":\"https:\\\/\\\/la-bergere.fr\\\/\",\"name\":\"La Berg\u00e8re\",\"description\":\"N\u00e9goce de grands crus et vins fins\",\"potentialAction\":[{\"@type\":\"SearchAction\",\"target\":{\"@type\":\"EntryPoint\",\"urlTemplate\":\"https:\\\/\\\/la-bergere.fr\\\/?s={search_term_string}\"},\"query-input\":{\"@type\":\"PropertyValueSpecification\",\"valueRequired\":true,\"valueName\":\"search_term_string\"}}],\"inLanguage\":\"zh-Hans\"}]}<\/script>\n<!-- \/ Yoast SEO plugin. -->","yoast_head_json":{"title":"Vendre des grands crus - La Berg\u00e8re","robots":{"index":"index","follow":"follow","max-snippet":"max-snippet:-1","max-image-preview":"max-image-preview:large","max-video-preview":"max-video-preview:-1"},"canonical":"https:\/\/la-bergere.fr\/zh\/negoce-de-grands-crus-classes\/vendre-des-grands-crus\/","og_locale":"zh_CN","og_type":"article","og_title":"Vendre des grands crus - La Berg\u00e8re","og_url":"https:\/\/la-bergere.fr\/zh\/negoce-de-grands-crus-classes\/vendre-des-grands-crus\/","og_site_name":"La Berg\u00e8re","article_modified_time":"2014-08-07T09:03:15+00:00","og_image":[{"width":1024,"height":450,"url":"https:\/\/la-bergere.fr\/wp-content\/uploads\/2014\/07\/bkz-header2.jpg","type":"image\/jpeg"}],"twitter_misc":{"\u9884\u8ba1\u9605\u8bfb\u65f6\u95f4":"2 \u5206"},"schema":{"@context":"https:\/\/schema.org","@graph":[{"@type":"WebPage","@id":"https:\/\/la-bergere.fr\/negoce-de-grands-crus-classes\/vendre-des-grands-crus\/","url":"https:\/\/la-bergere.fr\/negoce-de-grands-crus-classes\/vendre-des-grands-crus\/","name":"Vendre des grands crus - La Berg\u00e8re","isPartOf":{"@id":"https:\/\/la-bergere.fr\/#website"},"primaryImageOfPage":{"@id":"https:\/\/la-bergere.fr\/negoce-de-grands-crus-classes\/vendre-des-grands-crus\/#primaryimage"},"image":{"@id":"https:\/\/la-bergere.fr\/negoce-de-grands-crus-classes\/vendre-des-grands-crus\/#primaryimage"},"thumbnailUrl":"https:\/\/la-bergere.fr\/wp-content\/uploads\/2014\/07\/bkz-header2.jpg","datePublished":"2013-10-14T15:26:06+00:00","dateModified":"2014-08-07T09:03:15+00:00","breadcrumb":{"@id":"https:\/\/la-bergere.fr\/negoce-de-grands-crus-classes\/vendre-des-grands-crus\/#breadcrumb"},"inLanguage":"zh-Hans","potentialAction":[{"@type":"ReadAction","target":["https:\/\/la-bergere.fr\/negoce-de-grands-crus-classes\/vendre-des-grands-crus\/"]}]},{"@type":"ImageObject","inLanguage":"zh-Hans","@id":"https:\/\/la-bergere.fr\/negoce-de-grands-crus-classes\/vendre-des-grands-crus\/#primaryimage","url":"https:\/\/la-bergere.fr\/wp-content\/uploads\/2014\/07\/bkz-header2.jpg","contentUrl":"https:\/\/la-bergere.fr\/wp-content\/uploads\/2014\/07\/bkz-header2.jpg","width":1024,"height":450},{"@type":"BreadcrumbList","@id":"https:\/\/la-bergere.fr\/negoce-de-grands-crus-classes\/vendre-des-grands-crus\/#breadcrumb","itemListElement":[{"@type":"ListItem","position":1,"name":"Accueil","item":"https:\/\/la-bergere.fr\/"},{"@type":"ListItem","position":2,"name":"N\u00e9goce de grands crus class\u00e9s","item":"https:\/\/la-bergere.fr\/negoce-de-grands-crus-classes\/"},{"@type":"ListItem","position":3,"name":"Vendre des grands crus"}]},{"@type":"WebSite","@id":"https:\/\/la-bergere.fr\/#website","url":"https:\/\/la-bergere.fr\/","name":"\u7267\u7f8a\u5973","description":"\u7279\u7ea7\u8461\u8404\u9152\u548c\u4f18\u8d28\u8461\u8404\u9152\u7684\u8d38\u6613","potentialAction":[{"@type":"SearchAction","target":{"@type":"EntryPoint","urlTemplate":"https:\/\/la-bergere.fr\/?s={search_term_string}"},"query-input":{"@type":"PropertyValueSpecification","valueRequired":true,"valueName":"search_term_string"}}],"inLanguage":"zh-Hans"}]}},"_links":{"self":[{"href":"https:\/\/la-bergere.fr\/zh\/wp-json\/wp\/v2\/pages\/35","targetHints":{"allow":["GET"]}}],"collection":[{"href":"https:\/\/la-bergere.fr\/zh\/wp-json\/wp\/v2\/pages"}],"about":[{"href":"https:\/\/la-bergere.fr\/zh\/wp-json\/wp\/v2\/types\/page"}],"author":[{"embeddable":true,"href":"https:\/\/la-bergere.fr\/zh\/wp-json\/wp\/v2\/users\/12"}],"replies":[{"embeddable":true,"href":"https:\/\/la-bergere.fr\/zh\/wp-json\/wp\/v2\/comments?post=35"}],"version-history":[{"count":0,"href":"https:\/\/la-bergere.fr\/zh\/wp-json\/wp\/v2\/pages\/35\/revisions"}],"up":[{"embeddable":true,"href":"https:\/\/la-bergere.fr\/zh\/wp-json\/wp\/v2\/pages\/16"}],"wp:featuredmedia":[{"embeddable":true,"href":"https:\/\/la-bergere.fr\/zh\/wp-json\/wp\/v2\/media\/2180"}],"wp:attachment":[{"href":"https:\/\/la-bergere.fr\/zh\/wp-json\/wp\/v2\/media?parent=35"}],"curies":[{"name":"wp","href":"https:\/\/api.w.org\/{rel}","templated":true}]}}