{"id":33,"date":"2013-10-14T16:25:19","date_gmt":"2013-10-14T15:25:19","guid":{"rendered":"http:\/\/localhost\/labergere\/?page_id=33"},"modified":"2014-09-29T16:28:08","modified_gmt":"2014-09-29T15:28:08","slug":"conditions-vente","status":"publish","type":"page","link":"https:\/\/la-bergere.fr\/zh\/negoce-de-grands-crus-classes\/acheter-des-grands-crus\/conditions-vente\/","title":{"rendered":"\u9500\u552e\u6761\u4ef6"},"content":{"rendered":"<div class=\"clearfix  row-fluid krown-column-row clearfix\">\n\t<div class=\"span12 krown-column-container clearfix column_container\">\n\t\t<div class=\"clearfix\">\n\t\t<div class=\"wpb_wrapper\">\n\t\t\t<p>\n<span class=\"rbLarge\">\u5728\u6ca1\u6709\u5177\u4f53\u89c4\u5b9a\u548c\u53cc\u65b9\u4e66\u9762\u540c\u610f\u7684\u60c5\u51b5\u4e0b\uff0c\u9664\u975e\u6211\u4eec\u660e\u786e\u653e\u5f03\uff0c\u5426\u5219\u6240\u6709\u8ba2\u5355\u5747\u81ea\u52a8\u53d7\u8fd9\u4e9b\u4e00\u822c\u9500\u552e\u6761\u4ef6\u7684\u7ea6\u675f\u3002<\/span><\/p>\n<h2>\u8ba2\u5355<\/h2>\n<p>\u6211\u4eec\u6240\u6709\u53ef\u4ea4\u4ed8\u7684\u8461\u8404\u9152\u4f18\u60e0\u5747\u6709\u6548\uff0c\u552e\u5b8c\u5373\u6b62\u3002\u5bf9\u4e8e\u671f\u9152\uff0c\u8bf7\u5728\u53ef\u7528\u5e93\u5b58\u8303\u56f4\u5185\u53c2\u8003\u62a5\u4ef7\u4e2d\u51fa\u73b0\u7684\u6761\u4ef6\u3002\u8ba2\u5355\u901a\u8fc7\u53d1\u9001\u53d1\u7968\u6765\u786e\u8ba4\uff0c\u4f46\u53ea\u6709\u5728\u6536\u5230\u8d27\u7269\u7684\u603b\u4ef7\u540e\u624d\u662f\u6700\u7ec8\u7684\u3002\u6700\u4f4e\u8ba2\u8d2d\u91d1\u989d\u4e3a 1500 \u6b27\u5143\u3002<\/p>\n<h2>\u00a0\u4ed8\u6b3e\u6761\u6b3e\u548c\u6761\u4ef6<\/h2>\n<p>\u6211\u4eec\u7684\u4ef7\u683c\u4ee5\u6b27\u5143\u8868\u793a\uff0c\u4e0d\u542b\u7a0e\u548c\u8fd0\u8f93\u8d39\u7528\u3002<\/p>\n<p>\u8ba2\u8d2d\u65f6\u9700\u5168\u989d\u652f\u4ed8\u8d27\u6b3e\uff0c\u652f\u7968\u62ac\u5934\u4e3a La Berg\u00e8re\uff0c\u6216\u8f6c\u8d26\u81f3\u6211\u4eec\u7684\u94f6\u884c\u8d26\u6237\uff0c\u4e14\u5fc5\u987b\u5728\u53d1\u7968\u4e0a\u663e\u793a\u7684\u65e5\u671f\u540e 30 \u5929\u5185\u652f\u4ed8\u3002\u672a\u7ecf\u6211\u4eec\u4e8b\u5148\u660e\u786e\u540c\u610f\uff0c\u4e0d\u5f97\u5ef6\u957f\u671f\u9650\u3002\u5982\u679c\u5ba2\u6237\u5728\u672a\u652f\u4ed8\u4e4b\u524d\u8ba2\u5355\u7684\u60c5\u51b5\u4e0b\u4e0b\u8ba2\u5355\uff0cLa Berg\u00e8re \u53ef\u80fd\u4f1a\u6682\u505c\u8ba2\u5355\u548c\u8d27\u7269\u4ea4\u4ed8\uff0c\u5e76\u4e14\u4e0d\u4f1a\u5bf9\u5ba2\u6237\u8fdb\u884c\u8d54\u507f\u3002<\/p>\n<h2>\u65e9\u9152<\/h2>\n<p>\u671f\u9152\u7684\u8ba2\u5355\u5bfc\u81f4\u652f\u4ed8\u62bc\u91d1\u4ee5\u4fdd\u7559\u8461\u8404\u9152\u3002\u6536\u5230\u60a8\u7684\u8ba2\u5355\u5e76\u4ed8\u6b3e\u540e\uff0c\u6211\u4eec\u5c06\u5411\u60a8\u53d1\u9001\u4e0d\u542b\u589e\u503c\u7a0e\u7684\u5df2\u4ed8\u5f62\u5f0f\u53d1\u7968\u3002\u5728\u9152\u5e97\u63d0\u4f9b\u8461\u8404\u9152\u540e\uff0c\u4ea4\u8d27\u9700\u5168\u989d\u4ed8\u6b3e\uff0c\u5e74\u4efd N \u4e3a N+2 \u6216 N+3 \u5f00\u59cb\u3002<\/p>\n<h2>\u4ea4\u8d27<\/h2>\n<p>\u5728\u8fd0\u8d39\u5df2\u4ed8\u9500\u552e\u7684\u60c5\u51b5\u4e0b\u3002<\/p>\n<p>\u8d27\u7269\u5728\u8fd0\u8f93\u8fc7\u7a0b\u4e2d\u7531\u6211\u4eec\u6295\u4fdd\u3002\u81ea\u8ba2\u5355\u4ed8\u6b3e\u4e4b\u65e5\u8d77\uff0cLa Berg\u00e8re \u5c06\u5c3d\u4e00\u5207\u52aa\u529b\u4ea4\u4ed8\u6307\u5b9a\u5546\u54c1\u3002\u8ba2\u5355\u5c06\u4ea4\u4ed8\u81f3\u4e70\u5bb6\u6307\u5b9a\u7684\u5730\u5740\u3002\u4ea4\u8d27\u65f6\u95f4\u4ec5\u4f9b\u53c2\u8003\uff0c\u4e0d\u80fd\u4fdd\u8bc1\u3002\u6536\u5230\u8d27\u7269\u540e\uff0c\u6536\u4ef6\u4eba\u6709\u8d23\u4efb\u5728\u6536\u5230\u8d27\u7269\u540e\u68c0\u67e5\u8d27\u7269\u72b6\u51b5\uff0c\u5e76\u5728\u53d1\u751f\u7834\u635f\u3001\u635f\u574f\u6216\u4e22\u5931\u7269\u54c1\u65f6\u8fdb\u884c\u4efb\u4f55\u5fc5\u8981\u7684\u89c2\u5bdf\uff0c\u5e76\u5728\u9001\u8d27\u5355\u4e0a\u548c 48 \u5c0f\u65f6\u5185\u8868\u793a\u4fdd\u7559\u4ee5\u6302\u53f7\u4fe1\u6536\u5230\u8d27\u7269\uff0c\u627f\u8fd0\u4eba\u786e\u8ba4\u6536\u8d27\uff0c\u5e76\u5411\u5356\u65b9\u63d0\u4f9b\u4e00\u4efd\u526f\u672c\uff0c\u4ee5\u7ef4\u62a4\u5176\u6743\u5229\u3002 48 \u5c0f\u65f6\u540e\uff0c\u5c06\u4e0d\u518d\u8003\u8651\u4efb\u4f55\u6295\u8bc9\u3002<\/p>\n<h2>\u4ed8\u6b3e\u5ef6\u8fdf<\/h2>\n<p>\u5982\u679c\u5728\u53d1\u7968\u5230\u671f\u65e5\u540e\u672a\u652f\u4ed8\u4ef7\u6b3e\uff0c\u9500\u552e\u4ef7\u683c\u5c06\u6309\u7167\u6cd5\u56fd\u73b0\u884c\u7684\u6cd5\u5b9a\u5229\u7387\u4ea7\u751f\u5229\u606f\u3002\u65e0\u9700\u8fdb\u4e00\u6b65\u624b\u7eed\uff0c\u5982\u679c\u903e\u671f\u4ed8\u6b3e\u8d85\u8fc7\u672c\u6b63\u5f0f\u901a\u77e5\u4e09\u5341\u5929\uff0c\u5356\u65b9\u53ef\u4ee5\u9009\u62e9\uff1a<\/p>\n<p>\u2013 \u53d6\u6d88\u9500\u552e<\/p>\n<p>\u2013 \u767d\u5929\u7ee7\u7eed\u9500\u552e<\/p>\n<p>\u5728\u540e\u4e00\u79cd\u60c5\u51b5\u4e0b\uff0c\u4e70\u65b9\u6240\u6b20\u8461\u8404\u9152\u7684\u4ef7\u683c\u5c06\u662f\u5356\u65b9\u6863\u6848\u4e2d\u663e\u793a\u7684\u66f4\u65b0\u4ef7\u683c\u3002<\/p>\n<h2>\u8be5\u7269\u4e1a<\/h2>\n<p>\u5728\u53d1\u7968\u5168\u989d\u4ed8\u6b3e\u4e4b\u524d\uff0c\u6211\u4eec\u7684\u8d27\u7269\u4ecd\u7136\u662f\u6211\u4eec\u7684\u8d22\u4ea7\u3002<\/p>\n<h2>\u8f6f\u6728\u585e\u5473\u9053\u548c\u9648\u5e74\u4f73\u917f<\/h2>\n<p>\u5373\u4f7f\u6211\u4eec\u6240\u6709\u7684\u8461\u8404\u9152\u90fd\u5728\u6211\u4eec\u7684\u9152\u7a96\u4e2d\u4ee5\u7406\u60f3\u7684\u6761\u4ef6\u50a8\u5b58\uff0c\u6211\u4eec\u4e5f\u65e0\u6cd5\u4fdd\u8bc1\u5341\u5e74\u4ee5\u4e0a\u7684\u8461\u8404\u9152\u7684\u65e0\u53ef\u6311\u5254\u7684\u6761\u4ef6\u548c\u8d28\u91cf\u3002\u6b64\u5916\uff0c\u6211\u4eec\u4e0d\u80fd\u66f4\u6362\u8f6f\u6728\u74f6\u3002<\/p>\n<h2>\u8bf4\u660e\u3001\u6807\u7b7e\u72b6\u6001\u548c\u7ea7\u522b<\/h2>\n<p>\u6211\u4eec\u6307\u5b9a\u539f\u88c5\u6728\u7bb1\u4e2d\u672a\u5177\u4f53\u63d0\u53ca\u7684\u8461\u8404\u9152\u65e0\u8bba\u662f\u5728\u9152\u6807\u4e0a\u8fd8\u662f\u9152\u74f6\u4e0a\u90fd\u7b26\u5408\u5b8c\u7f8e\u72b6\u6001\u3002\u7136\u800c\uff0c\u672a\u7279\u522b\u63d0\u53ca\u7684\u6728\u7bb1\u6216\u4e2d\u6027\u7eb8\u677f\u88c5\u8461\u8404\u9152\u53ef\u80fd\u4f1a\u56e0\u4e00\u74f6\u9152\u4e0e\u53e6\u4e00\u74f6\u9152\u800c\u51fa\u73b0\u4e00\u4e9b\u5dee\u5f02\u3002\u9648\u917f 15 \u5e74\u6216\u4ee5\u4e0a\u7684\u8461\u8404\u9152\u7684\u72b6\u51b5\u4e0e\u901a\u5e38\u89c2\u5bdf\u5230\u7684\u540c\u4e00\u5e74\u4efd\u8461\u8404\u9152\u7684\u72b6\u51b5\u4e00\u81f4\u3002<\/p>\n<h2>\u6392\u4ed6\u6027<\/h2>\n<p>\u6211\u4eec\u7684\u8461\u8404\u9152\u4ef7\u683c\u4e13\u4f9b\u7ecf\u9500\u5546\u3001\u8fdb\u53e3\u5546\u548c\u6536\u85cf\u5bb6\u4f7f\u7528\u3002\u6b64\u5916\uff0c\u67d0\u4e9b\u8461\u8404\u9152\u662f\u4e13\u4f9b\u67d0\u4e9b\u5e02\u573a\u4fdd\u7559\u548c\u4f9b\u5e94\u7684\u3002\u9274\u4e8e Grands Crus \u7684\u7a00\u6709\u6027\u548c\u6295\u673a\u6027\uff0cLa Bergere \u4fdd\u7559\u9650\u5236\u53ef\u7528\u6570\u91cf\u7684\u6743\u5229\uff0c\u4ee5\u6ee1\u8db3\u6211\u4eec\u7684\u5ba2\u6237\u548c\u4f9b\u5e94\u5546\u3002<\/p>\n<h2>\u9002\u7528\u6cd5\u5f8b\u548c\u7ba1\u8f96\u6743<\/h2>\n<p>\u8fd9\u4e9b\u4e00\u822c\u9500\u552e\u6761\u4ef6\u53d7\u6cd5\u56fd\u6cd5\u5f8b\u7684\u9002\u7528\u3002\u5982\u679c\u53cc\u65b9\u4e4b\u95f4\u53d1\u751f\u4e89\u8bae\uff0c\u53cc\u65b9\u660e\u786e\u540c\u610f\u5c06\u4e89\u8bae\u63d0\u4ea4\u7ed9\u5229\u5e03\u5c14\u8bb7\u5546\u4e8b\u6cd5\u9662\u3002<\/p>\n<h2>\u4fe1\u606f\u7684\u4f7f\u7528<\/h2>\n<p>\u7f51\u7ad9\u754c\u9762\u4e0a\u8bb0\u5f55\u7684\u4fe1\u606f\u53ef\u4ee5\u4f5c\u4e3a\u5bf9\u5916\u4ea4\u6d41\u7684\u652f\u6301\uff0c\u9664\u975e\u5ba2\u6237\u62d2\u7edd\u3002\u51fa\u4e8e\u6cd5\u5f8b\u4e49\u52a1\u7684\u539f\u56e0\uff0c\u67d0\u4e9b\u4fe1\u606f\u4e5f\u53ef\u80fd\u4f1a\u88ab\u4f20\u8fbe\u3002<\/p>\n<h2>\u4e3a\u4e86\u60a8\u7684\u5065\u5eb7<\/h2>\n<p>1959 \u5e74 1 \u6708 7 \u65e5\u7b2c 59-107 \u53f7\u6cd5\u4ee4\u548c 1974 \u5e74 7 \u6708 5 \u65e5\u7b2c 74-631 \u53f7\u6cd5\u5f8b\u7981\u6b62\u5411 16 \u5c81\u4ee5\u4e0b\u7684\u672a\u6210\u5e74\u4eba\u51fa\u552e\u9152\u7c7b\u3002\u4efb\u4f55\u4ece SARL LA BERGERE \u8ba2\u8d2d\u8461\u8404\u9152\u7684\u5ba2\u6237\u90fd\u627f\u8bfa\u5728\u8ba2\u8d2d\u4e4b\u65e5\u5e74\u6ee1 16 \u5468\u5c81\u3002\u4e3a\u4e86\u60a8\u7684\u5065\u5eb7\uff0c\u8bf7\u9002\u91cf\u98df\u7528\u3002<\/p>\n\n\t\t<\/div> \n\t<\/div> \n\t<\/div> \n<\/div><div class=\"clearfix  row-fluid krown-column-row clearfix\">\n\t<div class=\"span8 krown-column-container clearfix column_container\">\n\t\t<a class=\"rbButton light large\" href=\"\/zh\/nous-contacter\/\" target=\"_self\">\u4f60\u60f3\u4e70\u9152\u5417\uff1f\u8054\u7cfb\u6211\u4eec<\/a>\n\t<\/div> \n\n\t<div class=\"span4 krown-column-container clearfix column_container\">\n\t\t<a class=\"rbButton black large\" href=\"\/zh\/groupe-labergere\/\" target=\"_parent\">\u6211\u4eec\u662f\u8c01 \uff1f<\/a>\n\t<\/div> \n<\/div>","protected":false},"excerpt":{"rendered":"A d\u00e9faut de stipulations particuli\u00e8res et convenues par \u00e9crit entre les parties, toutes les commandes sont soumises de plein droit aux pr\u00e9sentes conditions g\u00e9n\u00e9rales de vente sauf d\u00e9rogation expresse de notre part. Commandes Toutes nos offres de vins livrables sont valables dans la limite des stocks disponibles. Pour les vins primeurs, il convient de se [...]","protected":false},"author":12,"featured_media":2205,"parent":22,"menu_order":5,"comment_status":"open","ping_status":"closed","template":"template-page-standard.php","meta":{"footnotes":""},"class_list":["post-33","page","type-page","status-publish","has-post-thumbnail","hentry"],"yoast_head":"<!-- This site is optimized with the Yoast SEO plugin v27.3 - https:\/\/yoast.com\/product\/yoast-seo-wordpress\/ -->\n<title>Conditions de vente - La Berg\u00e8re<\/title>\n<meta name=\"robots\" content=\"index, follow, max-snippet:-1, max-image-preview:large, max-video-preview:-1\" \/>\n<link rel=\"canonical\" href=\"https:\/\/la-bergere.fr\/zh\/negoce-de-grands-crus-classes\/acheter-des-grands-crus\/conditions-vente\/\" \/>\n<meta property=\"og:locale\" content=\"zh_CN\" \/>\n<meta property=\"og:type\" content=\"article\" \/>\n<meta property=\"og:title\" content=\"Conditions de vente - La Berg\u00e8re\" \/>\n<meta property=\"og:url\" content=\"https:\/\/la-bergere.fr\/zh\/negoce-de-grands-crus-classes\/acheter-des-grands-crus\/conditions-vente\/\" \/>\n<meta property=\"og:site_name\" content=\"La Berg\u00e8re\" \/>\n<meta property=\"article:modified_time\" content=\"2014-09-29T15:28:08+00:00\" \/>\n<meta property=\"og:image\" content=\"https:\/\/la-bergere.fr\/wp-content\/uploads\/2013\/10\/bkz-header11.jpg\" \/>\n\t<meta property=\"og:image:width\" content=\"1024\" \/>\n\t<meta property=\"og:image:height\" content=\"299\" \/>\n\t<meta property=\"og:image:type\" content=\"image\/jpeg\" \/>\n<meta name=\"twitter:label1\" content=\"\u9884\u8ba1\u9605\u8bfb\u65f6\u95f4\" \/>\n\t<meta name=\"twitter:data1\" content=\"5 \u5206\" \/>\n<script type=\"application\/ld+json\" class=\"yoast-schema-graph\">{\"@context\":\"https:\\\/\\\/schema.org\",\"@graph\":[{\"@type\":\"WebPage\",\"@id\":\"https:\\\/\\\/la-bergere.fr\\\/negoce-de-grands-crus-classes\\\/acheter-des-grands-crus\\\/conditions-vente\\\/\",\"url\":\"https:\\\/\\\/la-bergere.fr\\\/negoce-de-grands-crus-classes\\\/acheter-des-grands-crus\\\/conditions-vente\\\/\",\"name\":\"Conditions de vente - La Berg\u00e8re\",\"isPartOf\":{\"@id\":\"https:\\\/\\\/la-bergere.fr\\\/#website\"},\"primaryImageOfPage\":{\"@id\":\"https:\\\/\\\/la-bergere.fr\\\/negoce-de-grands-crus-classes\\\/acheter-des-grands-crus\\\/conditions-vente\\\/#primaryimage\"},\"image\":{\"@id\":\"https:\\\/\\\/la-bergere.fr\\\/negoce-de-grands-crus-classes\\\/acheter-des-grands-crus\\\/conditions-vente\\\/#primaryimage\"},\"thumbnailUrl\":\"https:\\\/\\\/la-bergere.fr\\\/wp-content\\\/uploads\\\/2013\\\/10\\\/bkz-header11.jpg\",\"datePublished\":\"2013-10-14T15:25:19+00:00\",\"dateModified\":\"2014-09-29T15:28:08+00:00\",\"breadcrumb\":{\"@id\":\"https:\\\/\\\/la-bergere.fr\\\/negoce-de-grands-crus-classes\\\/acheter-des-grands-crus\\\/conditions-vente\\\/#breadcrumb\"},\"inLanguage\":\"zh-Hans\",\"potentialAction\":[{\"@type\":\"ReadAction\",\"target\":[\"https:\\\/\\\/la-bergere.fr\\\/negoce-de-grands-crus-classes\\\/acheter-des-grands-crus\\\/conditions-vente\\\/\"]}]},{\"@type\":\"ImageObject\",\"inLanguage\":\"zh-Hans\",\"@id\":\"https:\\\/\\\/la-bergere.fr\\\/negoce-de-grands-crus-classes\\\/acheter-des-grands-crus\\\/conditions-vente\\\/#primaryimage\",\"url\":\"https:\\\/\\\/la-bergere.fr\\\/wp-content\\\/uploads\\\/2013\\\/10\\\/bkz-header11.jpg\",\"contentUrl\":\"https:\\\/\\\/la-bergere.fr\\\/wp-content\\\/uploads\\\/2013\\\/10\\\/bkz-header11.jpg\",\"width\":1024,\"height\":299},{\"@type\":\"BreadcrumbList\",\"@id\":\"https:\\\/\\\/la-bergere.fr\\\/negoce-de-grands-crus-classes\\\/acheter-des-grands-crus\\\/conditions-vente\\\/#breadcrumb\",\"itemListElement\":[{\"@type\":\"ListItem\",\"position\":1,\"name\":\"Accueil\",\"item\":\"https:\\\/\\\/la-bergere.fr\\\/\"},{\"@type\":\"ListItem\",\"position\":2,\"name\":\"N\u00e9goce de grands crus class\u00e9s\",\"item\":\"https:\\\/\\\/la-bergere.fr\\\/negoce-de-grands-crus-classes\\\/\"},{\"@type\":\"ListItem\",\"position\":3,\"name\":\"Acheter des grands crus\",\"item\":\"https:\\\/\\\/la-bergere.fr\\\/negoce-de-grands-crus-classes\\\/acheter-des-grands-crus\\\/\"},{\"@type\":\"ListItem\",\"position\":4,\"name\":\"Conditions de vente\"}]},{\"@type\":\"WebSite\",\"@id\":\"https:\\\/\\\/la-bergere.fr\\\/#website\",\"url\":\"https:\\\/\\\/la-bergere.fr\\\/\",\"name\":\"La Berg\u00e8re\",\"description\":\"N\u00e9goce de grands crus et vins fins\",\"potentialAction\":[{\"@type\":\"SearchAction\",\"target\":{\"@type\":\"EntryPoint\",\"urlTemplate\":\"https:\\\/\\\/la-bergere.fr\\\/?s={search_term_string}\"},\"query-input\":{\"@type\":\"PropertyValueSpecification\",\"valueRequired\":true,\"valueName\":\"search_term_string\"}}],\"inLanguage\":\"zh-Hans\"}]}<\/script>\n<!-- \/ Yoast SEO plugin. -->","yoast_head_json":{"title":"Conditions de vente - La Berg\u00e8re","robots":{"index":"index","follow":"follow","max-snippet":"max-snippet:-1","max-image-preview":"max-image-preview:large","max-video-preview":"max-video-preview:-1"},"canonical":"https:\/\/la-bergere.fr\/zh\/negoce-de-grands-crus-classes\/acheter-des-grands-crus\/conditions-vente\/","og_locale":"zh_CN","og_type":"article","og_title":"Conditions de vente - La Berg\u00e8re","og_url":"https:\/\/la-bergere.fr\/zh\/negoce-de-grands-crus-classes\/acheter-des-grands-crus\/conditions-vente\/","og_site_name":"La Berg\u00e8re","article_modified_time":"2014-09-29T15:28:08+00:00","og_image":[{"width":1024,"height":299,"url":"https:\/\/la-bergere.fr\/wp-content\/uploads\/2013\/10\/bkz-header11.jpg","type":"image\/jpeg"}],"twitter_misc":{"\u9884\u8ba1\u9605\u8bfb\u65f6\u95f4":"5 \u5206"},"schema":{"@context":"https:\/\/schema.org","@graph":[{"@type":"WebPage","@id":"https:\/\/la-bergere.fr\/negoce-de-grands-crus-classes\/acheter-des-grands-crus\/conditions-vente\/","url":"https:\/\/la-bergere.fr\/negoce-de-grands-crus-classes\/acheter-des-grands-crus\/conditions-vente\/","name":"Conditions de vente - La Berg\u00e8re","isPartOf":{"@id":"https:\/\/la-bergere.fr\/#website"},"primaryImageOfPage":{"@id":"https:\/\/la-bergere.fr\/negoce-de-grands-crus-classes\/acheter-des-grands-crus\/conditions-vente\/#primaryimage"},"image":{"@id":"https:\/\/la-bergere.fr\/negoce-de-grands-crus-classes\/acheter-des-grands-crus\/conditions-vente\/#primaryimage"},"thumbnailUrl":"https:\/\/la-bergere.fr\/wp-content\/uploads\/2013\/10\/bkz-header11.jpg","datePublished":"2013-10-14T15:25:19+00:00","dateModified":"2014-09-29T15:28:08+00:00","breadcrumb":{"@id":"https:\/\/la-bergere.fr\/negoce-de-grands-crus-classes\/acheter-des-grands-crus\/conditions-vente\/#breadcrumb"},"inLanguage":"zh-Hans","potentialAction":[{"@type":"ReadAction","target":["https:\/\/la-bergere.fr\/negoce-de-grands-crus-classes\/acheter-des-grands-crus\/conditions-vente\/"]}]},{"@type":"ImageObject","inLanguage":"zh-Hans","@id":"https:\/\/la-bergere.fr\/negoce-de-grands-crus-classes\/acheter-des-grands-crus\/conditions-vente\/#primaryimage","url":"https:\/\/la-bergere.fr\/wp-content\/uploads\/2013\/10\/bkz-header11.jpg","contentUrl":"https:\/\/la-bergere.fr\/wp-content\/uploads\/2013\/10\/bkz-header11.jpg","width":1024,"height":299},{"@type":"BreadcrumbList","@id":"https:\/\/la-bergere.fr\/negoce-de-grands-crus-classes\/acheter-des-grands-crus\/conditions-vente\/#breadcrumb","itemListElement":[{"@type":"ListItem","position":1,"name":"Accueil","item":"https:\/\/la-bergere.fr\/"},{"@type":"ListItem","position":2,"name":"N\u00e9goce de grands crus class\u00e9s","item":"https:\/\/la-bergere.fr\/negoce-de-grands-crus-classes\/"},{"@type":"ListItem","position":3,"name":"Acheter des grands crus","item":"https:\/\/la-bergere.fr\/negoce-de-grands-crus-classes\/acheter-des-grands-crus\/"},{"@type":"ListItem","position":4,"name":"Conditions de vente"}]},{"@type":"WebSite","@id":"https:\/\/la-bergere.fr\/#website","url":"https:\/\/la-bergere.fr\/","name":"\u7267\u7f8a\u5973","description":"\u7279\u7ea7\u8461\u8404\u9152\u548c\u4f18\u8d28\u8461\u8404\u9152\u7684\u8d38\u6613","potentialAction":[{"@type":"SearchAction","target":{"@type":"EntryPoint","urlTemplate":"https:\/\/la-bergere.fr\/?s={search_term_string}"},"query-input":{"@type":"PropertyValueSpecification","valueRequired":true,"valueName":"search_term_string"}}],"inLanguage":"zh-Hans"}]}},"_links":{"self":[{"href":"https:\/\/la-bergere.fr\/zh\/wp-json\/wp\/v2\/pages\/33","targetHints":{"allow":["GET"]}}],"collection":[{"href":"https:\/\/la-bergere.fr\/zh\/wp-json\/wp\/v2\/pages"}],"about":[{"href":"https:\/\/la-bergere.fr\/zh\/wp-json\/wp\/v2\/types\/page"}],"author":[{"embeddable":true,"href":"https:\/\/la-bergere.fr\/zh\/wp-json\/wp\/v2\/users\/12"}],"replies":[{"embeddable":true,"href":"https:\/\/la-bergere.fr\/zh\/wp-json\/wp\/v2\/comments?post=33"}],"version-history":[{"count":0,"href":"https:\/\/la-bergere.fr\/zh\/wp-json\/wp\/v2\/pages\/33\/revisions"}],"up":[{"embeddable":true,"href":"https:\/\/la-bergere.fr\/zh\/wp-json\/wp\/v2\/pages\/22"}],"wp:featuredmedia":[{"embeddable":true,"href":"https:\/\/la-bergere.fr\/zh\/wp-json\/wp\/v2\/media\/2205"}],"wp:attachment":[{"href":"https:\/\/la-bergere.fr\/zh\/wp-json\/wp\/v2\/media?parent=33"}],"curies":[{"name":"wp","href":"https:\/\/api.w.org\/{rel}","templated":true}]}}