{"id":30,"date":"2013-10-14T16:24:11","date_gmt":"2013-10-14T15:24:11","guid":{"rendered":"http:\/\/localhost\/labergere\/?page_id=30"},"modified":"2014-07-30T09:14:43","modified_gmt":"2014-07-30T08:14:43","slug":"nos-engagements","status":"publish","type":"page","link":"https:\/\/la-bergere.fr\/zh\/negoce-de-grands-crus-classes\/acheter-des-grands-crus\/nos-engagements\/","title":{"rendered":"\u6211\u4eec\u7684\u7ea6\u5b9a"},"content":{"rendered":"<div class=\"clearfix  row-fluid krown-column-row clearfix\">\n\t<div class=\"span12 krown-column-container clearfix column_container\">\n\t\t<div class=\"clearfix\">\n\t\t<div class=\"wpb_wrapper\">\n\t\t\t<h2>La Bergere \u7684\u627f\u8bfa<\/h2>\n<h3>\u4e13\u4e1a\u77e5\u8bc6<\/h3>\n<p>\u5404\u81ea\u9886\u57df\u6700\u4f18\u79c0\u4e13\u5bb6\u7684\u7efc\u5408\u4e13\u4e1a\u77e5\u8bc6\uff1a\u8461\u8404\u79cd\u690d\u8005\u548c\u5546\u4eba\u3002<\/p>\n<h3>\u7ade\u4e89\u529b<\/h3>\n<p>\u4f4e\u5229\u6da6\uff0c\u4fdd\u8bc1\u6700\u4f18\u4ef7\u683c\u3002<\/p>\n<h3>\u516c\u6b63\u6027<\/h3>\n<p>\u4e25\u683c\u5ba2\u89c2\u7684\u9009\u62d4\u6807\u51c6\u3002<\/p>\n<h3>\u53cd\u5e94\u6027<\/h3>\n<p><b><\/b>\u4e45\u7ecf\u8003\u9a8c\u7684\u540e\u52e4\u8d44\u6e90\u3001\u5f3a\u5927\u7684 IT \u7cfb\u7edf\u548c\u56fd\u9645\u5f71\u54cd\u529b\uff0c\u5728\u5df4\u9ece\u3001\u4f26\u6566\u548c\u9999\u6e2f\u8bbe\u6709\u529e\u4e8b\u5904\u3002<\/p>\n<h3>\u4e00\u4e1d\u4e0d\u82df<\/h3>\n<p><b><\/b>\u4e0d\u65ad\u5173\u6ce8\u7ec6\u8282\uff0c\u4ee5\u4fdd\u8bc1\u74f6\u5b50\u7684\u8d28\u91cf\u3002\u4ece\u8ba2\u8d2d\uff08\u74f6\u5b50\u62cd\u7167\uff09\u5230\u4ea4\u4ed8\uff0c\u5305\u62ec\u5b58\u50a8\uff08\u6e29\u5ea6\u3001\u6e7f\u5ea6\u6d4b\u91cf\uff09\u3002<\/p>\n\n\t\t<\/div> \n\t<\/div> \n\t<\/div> \n<\/div><div class=\"clearfix  row-fluid krown-column-row clearfix\">\n\t<div class=\"span6 krown-column-container clearfix column_container\">\n\t\t<a class=\"rbButton light large\" href=\"\/zh\/negoce-de-grands-crus-classes\/acheter-des-grands-crus\/liste-prix-labergere\/\" target=\"_parent\">\u4e0b\u8f7d\u6211\u4eec\u7684\u4ef7\u683c<\/a>\n\t<\/div> \n<\/div>","protected":false},"excerpt":{"rendered":"Les engagements de La Berg\u00e8re Expertise Le savoir-faire conjugu\u00e9 des meilleurs experts dans leurs domaines\u00a0: vignerons et n\u00e9gociants. Comp\u00e9titivit\u00e9 Des marges faibles, pour garantir les meilleurs prix. Impartialit\u00e9 Des crit\u00e8res de s\u00e9lection rigoureux et objectifs. R\u00e9activit\u00e9 Des moyens logistiques \u00e9prouv\u00e9s, des syst\u00e8mes informatiques puissants, et une pr\u00e9sence \u00e0 l\u2019international, avec des bureaux \u00e0 Paris, Londres [...]","protected":false},"author":12,"featured_media":2197,"parent":22,"menu_order":3,"comment_status":"open","ping_status":"closed","template":"template-page-standard.php","meta":{"footnotes":""},"class_list":["post-30","page","type-page","status-publish","has-post-thumbnail","hentry"],"yoast_head":"<!-- This site is optimized with the Yoast SEO plugin v27.3 - https:\/\/yoast.com\/product\/yoast-seo-wordpress\/ -->\n<title>Nos engagements - La Berg\u00e8re<\/title>\n<meta name=\"robots\" content=\"index, follow, max-snippet:-1, max-image-preview:large, max-video-preview:-1\" \/>\n<link rel=\"canonical\" href=\"https:\/\/la-bergere.fr\/zh\/negoce-de-grands-crus-classes\/acheter-des-grands-crus\/nos-engagements\/\" \/>\n<meta property=\"og:locale\" content=\"zh_CN\" \/>\n<meta property=\"og:type\" content=\"article\" \/>\n<meta property=\"og:title\" content=\"Nos engagements - La Berg\u00e8re\" \/>\n<meta property=\"og:url\" content=\"https:\/\/la-bergere.fr\/zh\/negoce-de-grands-crus-classes\/acheter-des-grands-crus\/nos-engagements\/\" \/>\n<meta property=\"og:site_name\" content=\"La Berg\u00e8re\" \/>\n<meta property=\"article:modified_time\" content=\"2014-07-30T08:14:43+00:00\" \/>\n<meta property=\"og:image\" content=\"https:\/\/la-bergere.fr\/wp-content\/uploads\/2014\/07\/bkz-header12.jpg\" \/>\n\t<meta property=\"og:image:width\" content=\"1024\" \/>\n\t<meta property=\"og:image:height\" content=\"299\" \/>\n\t<meta property=\"og:image:type\" content=\"image\/jpeg\" \/>\n<meta name=\"twitter:label1\" content=\"\u9884\u8ba1\u9605\u8bfb\u65f6\u95f4\" \/>\n\t<meta name=\"twitter:data1\" content=\"1 \u5206\" \/>\n<script type=\"application\/ld+json\" class=\"yoast-schema-graph\">{\"@context\":\"https:\\\/\\\/schema.org\",\"@graph\":[{\"@type\":\"WebPage\",\"@id\":\"https:\\\/\\\/la-bergere.fr\\\/negoce-de-grands-crus-classes\\\/acheter-des-grands-crus\\\/nos-engagements\\\/\",\"url\":\"https:\\\/\\\/la-bergere.fr\\\/negoce-de-grands-crus-classes\\\/acheter-des-grands-crus\\\/nos-engagements\\\/\",\"name\":\"Nos engagements - La Berg\u00e8re\",\"isPartOf\":{\"@id\":\"https:\\\/\\\/la-bergere.fr\\\/#website\"},\"primaryImageOfPage\":{\"@id\":\"https:\\\/\\\/la-bergere.fr\\\/negoce-de-grands-crus-classes\\\/acheter-des-grands-crus\\\/nos-engagements\\\/#primaryimage\"},\"image\":{\"@id\":\"https:\\\/\\\/la-bergere.fr\\\/negoce-de-grands-crus-classes\\\/acheter-des-grands-crus\\\/nos-engagements\\\/#primaryimage\"},\"thumbnailUrl\":\"https:\\\/\\\/la-bergere.fr\\\/wp-content\\\/uploads\\\/2014\\\/07\\\/bkz-header12.jpg\",\"datePublished\":\"2013-10-14T15:24:11+00:00\",\"dateModified\":\"2014-07-30T08:14:43+00:00\",\"breadcrumb\":{\"@id\":\"https:\\\/\\\/la-bergere.fr\\\/negoce-de-grands-crus-classes\\\/acheter-des-grands-crus\\\/nos-engagements\\\/#breadcrumb\"},\"inLanguage\":\"zh-Hans\",\"potentialAction\":[{\"@type\":\"ReadAction\",\"target\":[\"https:\\\/\\\/la-bergere.fr\\\/negoce-de-grands-crus-classes\\\/acheter-des-grands-crus\\\/nos-engagements\\\/\"]}]},{\"@type\":\"ImageObject\",\"inLanguage\":\"zh-Hans\",\"@id\":\"https:\\\/\\\/la-bergere.fr\\\/negoce-de-grands-crus-classes\\\/acheter-des-grands-crus\\\/nos-engagements\\\/#primaryimage\",\"url\":\"https:\\\/\\\/la-bergere.fr\\\/wp-content\\\/uploads\\\/2014\\\/07\\\/bkz-header12.jpg\",\"contentUrl\":\"https:\\\/\\\/la-bergere.fr\\\/wp-content\\\/uploads\\\/2014\\\/07\\\/bkz-header12.jpg\",\"width\":1024,\"height\":299},{\"@type\":\"BreadcrumbList\",\"@id\":\"https:\\\/\\\/la-bergere.fr\\\/negoce-de-grands-crus-classes\\\/acheter-des-grands-crus\\\/nos-engagements\\\/#breadcrumb\",\"itemListElement\":[{\"@type\":\"ListItem\",\"position\":1,\"name\":\"Accueil\",\"item\":\"https:\\\/\\\/la-bergere.fr\\\/\"},{\"@type\":\"ListItem\",\"position\":2,\"name\":\"N\u00e9goce de grands crus class\u00e9s\",\"item\":\"https:\\\/\\\/la-bergere.fr\\\/negoce-de-grands-crus-classes\\\/\"},{\"@type\":\"ListItem\",\"position\":3,\"name\":\"Acheter des grands crus\",\"item\":\"https:\\\/\\\/la-bergere.fr\\\/negoce-de-grands-crus-classes\\\/acheter-des-grands-crus\\\/\"},{\"@type\":\"ListItem\",\"position\":4,\"name\":\"Nos engagements\"}]},{\"@type\":\"WebSite\",\"@id\":\"https:\\\/\\\/la-bergere.fr\\\/#website\",\"url\":\"https:\\\/\\\/la-bergere.fr\\\/\",\"name\":\"La Berg\u00e8re\",\"description\":\"N\u00e9goce de grands crus et vins fins\",\"potentialAction\":[{\"@type\":\"SearchAction\",\"target\":{\"@type\":\"EntryPoint\",\"urlTemplate\":\"https:\\\/\\\/la-bergere.fr\\\/?s={search_term_string}\"},\"query-input\":{\"@type\":\"PropertyValueSpecification\",\"valueRequired\":true,\"valueName\":\"search_term_string\"}}],\"inLanguage\":\"zh-Hans\"}]}<\/script>\n<!-- \/ Yoast SEO plugin. -->","yoast_head_json":{"title":"Nos engagements - La Berg\u00e8re","robots":{"index":"index","follow":"follow","max-snippet":"max-snippet:-1","max-image-preview":"max-image-preview:large","max-video-preview":"max-video-preview:-1"},"canonical":"https:\/\/la-bergere.fr\/zh\/negoce-de-grands-crus-classes\/acheter-des-grands-crus\/nos-engagements\/","og_locale":"zh_CN","og_type":"article","og_title":"Nos engagements - La Berg\u00e8re","og_url":"https:\/\/la-bergere.fr\/zh\/negoce-de-grands-crus-classes\/acheter-des-grands-crus\/nos-engagements\/","og_site_name":"La Berg\u00e8re","article_modified_time":"2014-07-30T08:14:43+00:00","og_image":[{"width":1024,"height":299,"url":"https:\/\/la-bergere.fr\/wp-content\/uploads\/2014\/07\/bkz-header12.jpg","type":"image\/jpeg"}],"twitter_misc":{"\u9884\u8ba1\u9605\u8bfb\u65f6\u95f4":"1 \u5206"},"schema":{"@context":"https:\/\/schema.org","@graph":[{"@type":"WebPage","@id":"https:\/\/la-bergere.fr\/negoce-de-grands-crus-classes\/acheter-des-grands-crus\/nos-engagements\/","url":"https:\/\/la-bergere.fr\/negoce-de-grands-crus-classes\/acheter-des-grands-crus\/nos-engagements\/","name":"Nos engagements - La Berg\u00e8re","isPartOf":{"@id":"https:\/\/la-bergere.fr\/#website"},"primaryImageOfPage":{"@id":"https:\/\/la-bergere.fr\/negoce-de-grands-crus-classes\/acheter-des-grands-crus\/nos-engagements\/#primaryimage"},"image":{"@id":"https:\/\/la-bergere.fr\/negoce-de-grands-crus-classes\/acheter-des-grands-crus\/nos-engagements\/#primaryimage"},"thumbnailUrl":"https:\/\/la-bergere.fr\/wp-content\/uploads\/2014\/07\/bkz-header12.jpg","datePublished":"2013-10-14T15:24:11+00:00","dateModified":"2014-07-30T08:14:43+00:00","breadcrumb":{"@id":"https:\/\/la-bergere.fr\/negoce-de-grands-crus-classes\/acheter-des-grands-crus\/nos-engagements\/#breadcrumb"},"inLanguage":"zh-Hans","potentialAction":[{"@type":"ReadAction","target":["https:\/\/la-bergere.fr\/negoce-de-grands-crus-classes\/acheter-des-grands-crus\/nos-engagements\/"]}]},{"@type":"ImageObject","inLanguage":"zh-Hans","@id":"https:\/\/la-bergere.fr\/negoce-de-grands-crus-classes\/acheter-des-grands-crus\/nos-engagements\/#primaryimage","url":"https:\/\/la-bergere.fr\/wp-content\/uploads\/2014\/07\/bkz-header12.jpg","contentUrl":"https:\/\/la-bergere.fr\/wp-content\/uploads\/2014\/07\/bkz-header12.jpg","width":1024,"height":299},{"@type":"BreadcrumbList","@id":"https:\/\/la-bergere.fr\/negoce-de-grands-crus-classes\/acheter-des-grands-crus\/nos-engagements\/#breadcrumb","itemListElement":[{"@type":"ListItem","position":1,"name":"Accueil","item":"https:\/\/la-bergere.fr\/"},{"@type":"ListItem","position":2,"name":"N\u00e9goce de grands crus class\u00e9s","item":"https:\/\/la-bergere.fr\/negoce-de-grands-crus-classes\/"},{"@type":"ListItem","position":3,"name":"Acheter des grands crus","item":"https:\/\/la-bergere.fr\/negoce-de-grands-crus-classes\/acheter-des-grands-crus\/"},{"@type":"ListItem","position":4,"name":"Nos engagements"}]},{"@type":"WebSite","@id":"https:\/\/la-bergere.fr\/#website","url":"https:\/\/la-bergere.fr\/","name":"\u7267\u7f8a\u5973","description":"\u7279\u7ea7\u8461\u8404\u9152\u548c\u4f18\u8d28\u8461\u8404\u9152\u7684\u8d38\u6613","potentialAction":[{"@type":"SearchAction","target":{"@type":"EntryPoint","urlTemplate":"https:\/\/la-bergere.fr\/?s={search_term_string}"},"query-input":{"@type":"PropertyValueSpecification","valueRequired":true,"valueName":"search_term_string"}}],"inLanguage":"zh-Hans"}]}},"_links":{"self":[{"href":"https:\/\/la-bergere.fr\/zh\/wp-json\/wp\/v2\/pages\/30","targetHints":{"allow":["GET"]}}],"collection":[{"href":"https:\/\/la-bergere.fr\/zh\/wp-json\/wp\/v2\/pages"}],"about":[{"href":"https:\/\/la-bergere.fr\/zh\/wp-json\/wp\/v2\/types\/page"}],"author":[{"embeddable":true,"href":"https:\/\/la-bergere.fr\/zh\/wp-json\/wp\/v2\/users\/12"}],"replies":[{"embeddable":true,"href":"https:\/\/la-bergere.fr\/zh\/wp-json\/wp\/v2\/comments?post=30"}],"version-history":[{"count":0,"href":"https:\/\/la-bergere.fr\/zh\/wp-json\/wp\/v2\/pages\/30\/revisions"}],"up":[{"embeddable":true,"href":"https:\/\/la-bergere.fr\/zh\/wp-json\/wp\/v2\/pages\/22"}],"wp:featuredmedia":[{"embeddable":true,"href":"https:\/\/la-bergere.fr\/zh\/wp-json\/wp\/v2\/media\/2197"}],"wp:attachment":[{"href":"https:\/\/la-bergere.fr\/zh\/wp-json\/wp\/v2\/media?parent=30"}],"curies":[{"name":"wp","href":"https:\/\/api.w.org\/{rel}","templated":true}]}}