{"id":24,"date":"2013-10-14T16:22:57","date_gmt":"2013-10-14T15:22:57","guid":{"rendered":"http:\/\/localhost\/labergere\/?page_id=24"},"modified":"2014-11-10T16:06:16","modified_gmt":"2014-11-10T15:06:16","slug":"notre-gamme-grands-crus","status":"publish","type":"page","link":"https:\/\/la-bergere.fr\/zh\/negoce-de-grands-crus-classes\/acheter-des-grands-crus\/notre-gamme-grands-crus\/","title":{"rendered":"\u6211\u4eec\u7684 Grands Crus \u7cfb\u5217"},"content":{"rendered":"<div class=\"clearfix  row-fluid krown-column-row clearfix\">\n\t<div class=\"span12 krown-column-container clearfix column_container\">\n\t\t<div class=\"clearfix\">\n\t\t<div class=\"wpb_wrapper\">\n\t\t\t<h2>\u4eab\u6709\u58f0\u671b\u7684\u9009\u62e9<\/h2>\n<p>\u6211\u4eec\u7684\u4e13\u4e1a\u77e5\u8bc6\u548c\u8bc0\u7a8d\u4f7f\u6211\u4eec\u80fd\u591f\u4e0e\u8bb8\u591a\u56fd\u5bb6\u6700\u8d1f\u76db\u540d\u7684\u8fdb\u53e3\u5546\u4ee5\u53ca\u6cd5\u56fd\u7684\u540d\u8868\u548c\u6536\u85cf\u5bb6\u5efa\u7acb\u5408\u4f5c\u4f19\u4f34\u5173\u7cfb\u3002\u6211\u4eec\u4e3b\u8981\u9500\u552e\u4ee5\u4e0b\u8461\u8404\u9152\uff1a<\/p>\n\n\t\t<\/div> \n\t<\/div> \n\t<\/div> \n<\/div><div class=\"clearfix  row-fluid krown-column-row clearfix\">\n\t<div class=\"span4 krown-column-container clearfix column_container\">\n\t\t<div class=\"clearfix\">\n\t\t<div class=\"wpb_wrapper\">\n\t\t\t<h5>\u6ce2\u5c14\u591a\u5217\u7ea7\u9152\u5e84<\/h5>\n<p><a href=\"https:\/\/la-bergere.fr\/zh\/vin-Achat-Latour.html\/\">\u62c9\u56fe\u9152\u5e84<\/a>,\u00a0<a href=\"https:\/\/la-bergere.fr\/zh\/vin-Achat-Lafite-Rothschild.html\/\">\u62c9\u83f2\u7f57\u65af\u67f4\u5c14\u5fb7<\/a>,\u00a0<a href=\"https:\/\/la-bergere.fr\/zh\/vin-Achat-Haut_Brion.html\/\">\u4faf\u4f2f\u738b<\/a>,\u00a0<a href=\"https:\/\/la-bergere.fr\/zh\/vin-Achat-Mouton_Rothschild.html\/\">\u6728\u6850\u7f57\u65af\u67f4\u5c14\u5fb7<\/a>,\u00a0<a href=\"https:\/\/la-bergere.fr\/zh\/vin-Achat-Margaux.html\/\">\u739b\u6b4c<\/a>,\u00a0<a href=\"https:\/\/la-bergere.fr\/zh\/vin-Achat-Pin_Le.html\/\">\u677e\u6811<\/a>,\u00a0<a href=\"https:\/\/la-bergere.fr\/zh\/vin-Achat-Petrus.html\/\">\u67cf\u56fe\u65af<\/a>,\u00a0<a href=\"https:\/\/la-bergere.fr\/zh\/vin-Achat-Ausone.html\/\">\u5965\u7d22\u5c3c\u4e4c\u65af<\/a>,\u00a0<a href=\"https:\/\/la-bergere.fr\/zh\/vin-Achat-Cheval-Blanc.html\/\">\u767d\u9a6c<\/a>\u00a0\u2026\u2026<\/p>\n\n\t\t<\/div> \n\t<\/div> \n\t<\/div> \n\n\t<div class=\"span4 krown-column-container clearfix column_container\">\n\t\t<div class=\"clearfix\">\n\t\t<div class=\"wpb_wrapper\">\n\t\t\t<h5>\u4f1f\u5927\u7684\u52c3\u826e\u7b2c<\/h5>\n<p>\u7f57\u66fc\u5c3c\u5eb7\u5e1d\u9152\u5e84 (<a href=\"https:\/\/la-bergere.fr\/zh\/vin-Achat-Roman%C3%A9e_Conti.html\/\">\u7f57\u66fc\u5c3c\u5eb7\u5e1d<\/a>,\u00a0<a href=\"https:\/\/la-bergere.fr\/zh\/vin-Achat-la_tache.html\/\">\u4efb\u52a1<\/a>),\u00a0<a href=\"https:\/\/la-bergere.fr\/zh\/achat-vin-Rousseau_Armand.html\/\">\u5362\u68ad<\/a>,\u00a0<a href=\"https:\/\/la-bergere.fr\/zh\/achat-vin-Comte_Georges_de_Vog%C3%BC%C3%A9.html\/\">\u4e54\u6cbb\u00b7\u5fb7\u00b7\u6c83\u683c\u4f2f\u7235<\/a>,\u00a0<a href=\"https:\/\/la-bergere.fr\/zh\/achat-vin-Roumier_Georges.html\/\">\u4e54\u6cbb\u9c81\u7c73\u5c14<\/a>, \u4e50\u534e,\u00a0<a href=\"https:\/\/la-bergere.fr\/zh\/achat-vin-Leflaive_Vincent.html\/\">\u9152\u5e84 Leflaive<\/a>\u00a0\u2026\u2026<\/p>\n\n\t\t<\/div> \n\t<\/div> \n\t<\/div> \n\n\t<div class=\"span4 krown-column-container clearfix column_container\">\n\t\t<div class=\"clearfix\">\n\t\t<div class=\"wpb_wrapper\">\n\t\t\t<h5>\u77e5\u540d\u9999\u69df<\/h5>\n<p>\u6c34\u6676\u738b\u5983\u3001\u6c99\u9f99\u3001\u5510\u57f9\u91cc\u4fac\u3001\u5e93\u514b\u2026\u2026<\/p>\n\n\t\t<\/div> \n\t<\/div> \n\t<\/div> \n<\/div><div class=\"clearfix  row-fluid krown-column-row clearfix\">\n\t<div class=\"span4 krown-column-container clearfix column_container\">\n\t\t<div class=\"clearfix\">\n\t\t<div class=\"wpb_wrapper\">\n\t\t\t<h5>\u7cbe\u9009\u6765\u81ea\u4e16\u754c\u5404\u5730\u7684\u4f18\u8d28\u8461\u8404\u9152<\/h5>\n<p>Sassicaia\u3001Masseto\u3001Tignanello\u3001Almaviva\u3001Pingus\u3001Opus One\u2026\u2026<\/p>\n\n\t\t<\/div> \n\t<\/div> \n\t<\/div> \n\n\t<div class=\"span4 krown-column-container clearfix column_container\">\n\t\t<div class=\"clearfix\">\n\t\t<div class=\"wpb_wrapper\">\n\t\t\t<h5>\u6cd5\u56fd\u8461\u8404\u56ed\u7684\u4ee3\u8868\u7cfb\u5217<\/h5>\n<p>\u5177\u6709\u51fa\u8272\u7684\u8d28\u91cf\/\u4ef7\u683c\u6bd4\u548c\u771f\u6b63\u7684\u53d1\u73b0\u3002<\/p>\n\n\t\t<\/div> \n\t<\/div> \n\t<\/div> \n\n\t<div class=\"span4 krown-column-container clearfix column_container\">\n\t\t<a class=\"rbButton light large\" href=\"\/zh\/negoce-de-grands-crus-classes\/acheter-des-grands-crus\/offres-speciales\/\" target=\"_blank\">\u67e5\u770b\u6211\u4eec\u7684\u7279\u522b\u4f18\u60e0<\/a>\n\t<\/div> \n<\/div>","protected":false},"excerpt":{"rendered":"L\u2019acc\u00e8s \u00e0 une s\u00e9lection prestigieuse Notre expertise et notre savoir-faire nous a permis de nouer des partenariats avec les plus prestigieux importateurs de nombreux pays, ainsi qu\u2019avec les grandes tables et collectionneurs de Frances. Nous vendons principalement les vins suivants : Les grands crus class\u00e9s de Bordeaux Ch\u00e2teau Latour,\u00a0Lafite Rothschild,\u00a0Haut-Brion,\u00a0Mouton Rothschild,\u00a0Margaux,\u00a0Le Pin,\u00a0P\u00e9trus,\u00a0Ausone,\u00a0Cheval Blanc\u00a0\u2026 Les grands [...]","protected":false},"author":12,"featured_media":2198,"parent":22,"menu_order":0,"comment_status":"open","ping_status":"open","template":"template-page-standard.php","meta":{"footnotes":""},"class_list":["post-24","page","type-page","status-publish","has-post-thumbnail","hentry"],"yoast_head":"<!-- This site is optimized with the Yoast SEO plugin v27.4 - https:\/\/yoast.com\/product\/yoast-seo-wordpress\/ -->\n<title>Notre gamme de grands crus - La Berg\u00e8re<\/title>\n<meta name=\"robots\" content=\"index, follow, max-snippet:-1, max-image-preview:large, max-video-preview:-1\" \/>\n<link rel=\"canonical\" href=\"https:\/\/la-bergere.fr\/zh\/negoce-de-grands-crus-classes\/acheter-des-grands-crus\/notre-gamme-grands-crus\/\" \/>\n<meta property=\"og:locale\" content=\"zh_CN\" \/>\n<meta property=\"og:type\" content=\"article\" \/>\n<meta property=\"og:title\" content=\"Notre gamme de grands crus - La Berg\u00e8re\" \/>\n<meta property=\"og:url\" content=\"https:\/\/la-bergere.fr\/zh\/negoce-de-grands-crus-classes\/acheter-des-grands-crus\/notre-gamme-grands-crus\/\" \/>\n<meta property=\"og:site_name\" content=\"La Berg\u00e8re\" \/>\n<meta property=\"article:modified_time\" content=\"2014-11-10T15:06:16+00:00\" \/>\n<meta property=\"og:image\" content=\"https:\/\/la-bergere.fr\/wp-content\/uploads\/2014\/07\/bkz-header13.jpg\" \/>\n\t<meta property=\"og:image:width\" content=\"1024\" \/>\n\t<meta property=\"og:image:height\" content=\"299\" \/>\n\t<meta property=\"og:image:type\" content=\"image\/jpeg\" \/>\n<meta name=\"twitter:label1\" content=\"\u9884\u8ba1\u9605\u8bfb\u65f6\u95f4\" \/>\n\t<meta name=\"twitter:data1\" content=\"1 \u5206\" \/>\n<script type=\"application\/ld+json\" class=\"yoast-schema-graph\">{\"@context\":\"https:\\\/\\\/schema.org\",\"@graph\":[{\"@type\":\"WebPage\",\"@id\":\"https:\\\/\\\/la-bergere.fr\\\/negoce-de-grands-crus-classes\\\/acheter-des-grands-crus\\\/notre-gamme-grands-crus\\\/\",\"url\":\"https:\\\/\\\/la-bergere.fr\\\/negoce-de-grands-crus-classes\\\/acheter-des-grands-crus\\\/notre-gamme-grands-crus\\\/\",\"name\":\"Notre gamme de grands crus - La Berg\u00e8re\",\"isPartOf\":{\"@id\":\"https:\\\/\\\/la-bergere.fr\\\/#website\"},\"primaryImageOfPage\":{\"@id\":\"https:\\\/\\\/la-bergere.fr\\\/negoce-de-grands-crus-classes\\\/acheter-des-grands-crus\\\/notre-gamme-grands-crus\\\/#primaryimage\"},\"image\":{\"@id\":\"https:\\\/\\\/la-bergere.fr\\\/negoce-de-grands-crus-classes\\\/acheter-des-grands-crus\\\/notre-gamme-grands-crus\\\/#primaryimage\"},\"thumbnailUrl\":\"https:\\\/\\\/la-bergere.fr\\\/wp-content\\\/uploads\\\/2014\\\/07\\\/bkz-header13.jpg\",\"datePublished\":\"2013-10-14T15:22:57+00:00\",\"dateModified\":\"2014-11-10T15:06:16+00:00\",\"breadcrumb\":{\"@id\":\"https:\\\/\\\/la-bergere.fr\\\/negoce-de-grands-crus-classes\\\/acheter-des-grands-crus\\\/notre-gamme-grands-crus\\\/#breadcrumb\"},\"inLanguage\":\"zh-Hans\",\"potentialAction\":[{\"@type\":\"ReadAction\",\"target\":[\"https:\\\/\\\/la-bergere.fr\\\/negoce-de-grands-crus-classes\\\/acheter-des-grands-crus\\\/notre-gamme-grands-crus\\\/\"]}]},{\"@type\":\"ImageObject\",\"inLanguage\":\"zh-Hans\",\"@id\":\"https:\\\/\\\/la-bergere.fr\\\/negoce-de-grands-crus-classes\\\/acheter-des-grands-crus\\\/notre-gamme-grands-crus\\\/#primaryimage\",\"url\":\"https:\\\/\\\/la-bergere.fr\\\/wp-content\\\/uploads\\\/2014\\\/07\\\/bkz-header13.jpg\",\"contentUrl\":\"https:\\\/\\\/la-bergere.fr\\\/wp-content\\\/uploads\\\/2014\\\/07\\\/bkz-header13.jpg\",\"width\":1024,\"height\":299},{\"@type\":\"BreadcrumbList\",\"@id\":\"https:\\\/\\\/la-bergere.fr\\\/negoce-de-grands-crus-classes\\\/acheter-des-grands-crus\\\/notre-gamme-grands-crus\\\/#breadcrumb\",\"itemListElement\":[{\"@type\":\"ListItem\",\"position\":1,\"name\":\"Accueil\",\"item\":\"https:\\\/\\\/la-bergere.fr\\\/\"},{\"@type\":\"ListItem\",\"position\":2,\"name\":\"N\u00e9goce de grands crus class\u00e9s\",\"item\":\"https:\\\/\\\/la-bergere.fr\\\/negoce-de-grands-crus-classes\\\/\"},{\"@type\":\"ListItem\",\"position\":3,\"name\":\"Acheter des grands crus\",\"item\":\"https:\\\/\\\/la-bergere.fr\\\/negoce-de-grands-crus-classes\\\/acheter-des-grands-crus\\\/\"},{\"@type\":\"ListItem\",\"position\":4,\"name\":\"Notre gamme de grands crus\"}]},{\"@type\":\"WebSite\",\"@id\":\"https:\\\/\\\/la-bergere.fr\\\/#website\",\"url\":\"https:\\\/\\\/la-bergere.fr\\\/\",\"name\":\"La Berg\u00e8re\",\"description\":\"N\u00e9goce de grands crus et vins fins\",\"potentialAction\":[{\"@type\":\"SearchAction\",\"target\":{\"@type\":\"EntryPoint\",\"urlTemplate\":\"https:\\\/\\\/la-bergere.fr\\\/?s={search_term_string}\"},\"query-input\":{\"@type\":\"PropertyValueSpecification\",\"valueRequired\":true,\"valueName\":\"search_term_string\"}}],\"inLanguage\":\"zh-Hans\"}]}<\/script>\n<!-- \/ Yoast SEO plugin. -->","yoast_head_json":{"title":"Notre gamme de grands crus - La Berg\u00e8re","robots":{"index":"index","follow":"follow","max-snippet":"max-snippet:-1","max-image-preview":"max-image-preview:large","max-video-preview":"max-video-preview:-1"},"canonical":"https:\/\/la-bergere.fr\/zh\/negoce-de-grands-crus-classes\/acheter-des-grands-crus\/notre-gamme-grands-crus\/","og_locale":"zh_CN","og_type":"article","og_title":"Notre gamme de grands crus - La Berg\u00e8re","og_url":"https:\/\/la-bergere.fr\/zh\/negoce-de-grands-crus-classes\/acheter-des-grands-crus\/notre-gamme-grands-crus\/","og_site_name":"La Berg\u00e8re","article_modified_time":"2014-11-10T15:06:16+00:00","og_image":[{"width":1024,"height":299,"url":"https:\/\/la-bergere.fr\/wp-content\/uploads\/2014\/07\/bkz-header13.jpg","type":"image\/jpeg"}],"twitter_misc":{"\u9884\u8ba1\u9605\u8bfb\u65f6\u95f4":"1 \u5206"},"schema":{"@context":"https:\/\/schema.org","@graph":[{"@type":"WebPage","@id":"https:\/\/la-bergere.fr\/negoce-de-grands-crus-classes\/acheter-des-grands-crus\/notre-gamme-grands-crus\/","url":"https:\/\/la-bergere.fr\/negoce-de-grands-crus-classes\/acheter-des-grands-crus\/notre-gamme-grands-crus\/","name":"Notre gamme de grands crus - La Berg\u00e8re","isPartOf":{"@id":"https:\/\/la-bergere.fr\/#website"},"primaryImageOfPage":{"@id":"https:\/\/la-bergere.fr\/negoce-de-grands-crus-classes\/acheter-des-grands-crus\/notre-gamme-grands-crus\/#primaryimage"},"image":{"@id":"https:\/\/la-bergere.fr\/negoce-de-grands-crus-classes\/acheter-des-grands-crus\/notre-gamme-grands-crus\/#primaryimage"},"thumbnailUrl":"https:\/\/la-bergere.fr\/wp-content\/uploads\/2014\/07\/bkz-header13.jpg","datePublished":"2013-10-14T15:22:57+00:00","dateModified":"2014-11-10T15:06:16+00:00","breadcrumb":{"@id":"https:\/\/la-bergere.fr\/negoce-de-grands-crus-classes\/acheter-des-grands-crus\/notre-gamme-grands-crus\/#breadcrumb"},"inLanguage":"zh-Hans","potentialAction":[{"@type":"ReadAction","target":["https:\/\/la-bergere.fr\/negoce-de-grands-crus-classes\/acheter-des-grands-crus\/notre-gamme-grands-crus\/"]}]},{"@type":"ImageObject","inLanguage":"zh-Hans","@id":"https:\/\/la-bergere.fr\/negoce-de-grands-crus-classes\/acheter-des-grands-crus\/notre-gamme-grands-crus\/#primaryimage","url":"https:\/\/la-bergere.fr\/wp-content\/uploads\/2014\/07\/bkz-header13.jpg","contentUrl":"https:\/\/la-bergere.fr\/wp-content\/uploads\/2014\/07\/bkz-header13.jpg","width":1024,"height":299},{"@type":"BreadcrumbList","@id":"https:\/\/la-bergere.fr\/negoce-de-grands-crus-classes\/acheter-des-grands-crus\/notre-gamme-grands-crus\/#breadcrumb","itemListElement":[{"@type":"ListItem","position":1,"name":"Accueil","item":"https:\/\/la-bergere.fr\/"},{"@type":"ListItem","position":2,"name":"N\u00e9goce de grands crus class\u00e9s","item":"https:\/\/la-bergere.fr\/negoce-de-grands-crus-classes\/"},{"@type":"ListItem","position":3,"name":"Acheter des grands crus","item":"https:\/\/la-bergere.fr\/negoce-de-grands-crus-classes\/acheter-des-grands-crus\/"},{"@type":"ListItem","position":4,"name":"Notre gamme de grands crus"}]},{"@type":"WebSite","@id":"https:\/\/la-bergere.fr\/#website","url":"https:\/\/la-bergere.fr\/","name":"\u7267\u7f8a\u5973","description":"\u7279\u7ea7\u8461\u8404\u9152\u548c\u4f18\u8d28\u8461\u8404\u9152\u7684\u8d38\u6613","potentialAction":[{"@type":"SearchAction","target":{"@type":"EntryPoint","urlTemplate":"https:\/\/la-bergere.fr\/?s={search_term_string}"},"query-input":{"@type":"PropertyValueSpecification","valueRequired":true,"valueName":"search_term_string"}}],"inLanguage":"zh-Hans"}]}},"_links":{"self":[{"href":"https:\/\/la-bergere.fr\/zh\/wp-json\/wp\/v2\/pages\/24","targetHints":{"allow":["GET"]}}],"collection":[{"href":"https:\/\/la-bergere.fr\/zh\/wp-json\/wp\/v2\/pages"}],"about":[{"href":"https:\/\/la-bergere.fr\/zh\/wp-json\/wp\/v2\/types\/page"}],"author":[{"embeddable":true,"href":"https:\/\/la-bergere.fr\/zh\/wp-json\/wp\/v2\/users\/12"}],"replies":[{"embeddable":true,"href":"https:\/\/la-bergere.fr\/zh\/wp-json\/wp\/v2\/comments?post=24"}],"version-history":[{"count":2,"href":"https:\/\/la-bergere.fr\/zh\/wp-json\/wp\/v2\/pages\/24\/revisions"}],"predecessor-version":[{"id":2883,"href":"https:\/\/la-bergere.fr\/zh\/wp-json\/wp\/v2\/pages\/24\/revisions\/2883"}],"up":[{"embeddable":true,"href":"https:\/\/la-bergere.fr\/zh\/wp-json\/wp\/v2\/pages\/22"}],"wp:featuredmedia":[{"embeddable":true,"href":"https:\/\/la-bergere.fr\/zh\/wp-json\/wp\/v2\/media\/2198"}],"wp:attachment":[{"href":"https:\/\/la-bergere.fr\/zh\/wp-json\/wp\/v2\/media?parent=24"}],"curies":[{"name":"wp","href":"https:\/\/api.w.org\/{rel}","templated":true}]}}