{"id":21,"date":"2013-10-14T16:21:36","date_gmt":"2013-10-14T15:21:36","guid":{"rendered":"http:\/\/localhost\/labergere\/?page_id=20"},"modified":"2025-12-04T11:26:43","modified_gmt":"2025-12-04T10:26:43","slug":"groupe-labergere","status":"publish","type":"page","link":"https:\/\/la-bergere.fr\/zh\/groupe-labergere\/","title":{"rendered":"\u4f2f\u6770\u5c14\u96c6\u56e2"},"content":{"rendered":"<div class=\"clearfix  row-fluid krown-column-row clearfix\">\n\t<div class=\"span12 krown-column-container clearfix column_container\">\n\t\t<div class=\"clearfix\">\n\t\t<div class=\"wpb_wrapper\">\n\t\t\t<p><span class=\"rbLarge\">La Berg\u00e8re \u96c6\u56e2\u6c47\u96c6\u4e86\u5145\u6ee1\u70ed\u60c5\u7684\u8461\u8404\u79cd\u690d\u8005\u548c\u56fd\u9645\u4f18\u8d28\u8461\u8404\u9152\u8d38\u6613\u4e13\u5bb6\u3002\u4ece\u5b81\u9759\u7684\u5723\u57c3\u7f8e\u9686\u4e61\u6751\uff0c\u8fd9\u91cc\u662f\u5e84\u56ed\u8461\u8404\u7684\u79cd\u690d\u5730\uff0c\u5230\u7199\u7199\u6518\u6518\u7684\u56fd\u9645\u5e02\u573a\u2014\u2014\u5df4\u9ece\u3001\u4f26\u6566\u548c\u9999\u6e2f\uff0cLa Berg\u00e8re \u7684\u56e2\u961f\u90fd\u6709\u7740\u76f8\u540c\u7684\u4fe1\u5ff5\uff1a\u4f18\u8d28\u7684\u8461\u8404\u9152\u5177\u6709\u5de8\u5927\u7684\u4ef7\u503c\u3002<\/span><\/p>\n\n\t\t<\/div> \n\t<\/div> <div class=\"clearfix\">\n\t\t<div class=\"wpb_wrapper\">\n\t\t\t<p>\u51ed\u501f\u5728\u6ce2\u5c14\u591a\u548c\u6211\u4eec\u7684 Maison de N\u00e9goce \u62e5\u6709\u5341\u5e74\u7684\u6240\u6709\u6743\uff0c\u6211\u4eec\u5728\u4ece\u6700\u77e5\u540d\u5230\u6700\u673a\u5bc6\u7684\u8461\u8404\u9152\u7684\u9009\u62e9\u65b9\u9762\u83b7\u5f97\u4e86\u72ec\u7279\u7684\u4e13\u4e1a\u77e5\u8bc6\u3002<br \/>\n\u5168\u5e74\uff0c\u6211\u4eec\u7684\u4e70\u5bb6\u6311\u9009\u3001\u54c1\u5c1d\u548c\u68c0\u67e5 1,500 \u591a\u79cd\u4ea7\u54c1\u3002<br \/>\n\u6211\u4eec\u7684\u7279\u6743\u5173\u7cfb\u4f7f\u6211\u4eec\u80fd\u591f\u63d0\u4f9b\u591a\u6837\u5316\u548c\u9002\u9500\u5bf9\u8def\u7684\u4ea7\u54c1\u7cfb\u5217\uff0c\u5e76\u7a81\u51fa\u72ec\u7acb\u7684\u8461\u8404\u79cd\u690d\u8005\uff0c\u5fe0\u5b9e\u4e8e\u4ed6\u4eec\u7684\u98ce\u571f\u5e76\u5177\u6709\u5f3a\u70c8\u7684\u72ec\u7279\u6027\u3002<br \/>\n\u51ed\u501f\u6211\u4eec\u7684\u4e13\u4e1a\u77e5\u8bc6\uff0c\u6211\u4eec\u4ece\u6211\u4eec\u4f4d\u4e8e Orgerus (78) \u7684\u4ed3\u5e93\u72ec\u5bb6\u4f9b\u5e94\u5df4\u9ece\uff08Le Christine\u3001Les Fous de l&#039;Ile \u7b49\uff09\u548c\u5df4\u9ece\u897f\u90e8\u7684\u51e0\u5bb6\u9910\u5385\u3002\u5361\u7247\u5236\u4f5c\u3001\u56e2\u961f\u57f9\u8bad\u548c\u4ea4\u4ed8\u662f\u6211\u4eec\u7684\u670d\u52a1\u3002<br \/>\n\u542c\u53d6\u6211\u4eec\u7684\u9910\u5385\u987e\u5ba2\u3001\u70ed\u60c5\u7684\u4e2a\u4eba\u548c\u4f01\u4e1a\u7684\u610f\u89c1\uff0c\u6211\u4eec\u4e0d\u65ad\u8c03\u6574\u6211\u4eec\u7684\u62a5\u4ef7\uff0c\u5e76\u4e00\u76f4\u5728\u5bfb\u627e\u660e\u5929\u7684\u660e\u661f\u4ea7\u54c1\u3002<br \/>\n\u6211\u4eec\u7684\u53e3\u53f7\u662f\uff1a\u8d28\u91cf\u3001\u54cd\u5e94\u80fd\u529b\u548c\u670d\u52a1\u3002<\/p>\n\n\t\t<\/div> \n\t<\/div> \n\t<\/div> \n<\/div><div class=\"clearfix  row-fluid krown-column-row clearfix\">\n\t<div class=\"span12 krown-column-container clearfix column_container\">\n\t\t<span style=\"display:block;margin-top:30px\" ><\/span>\n\t<\/div> \n<\/div><div class=\"clearfix  row-fluid krown-column-row clearfix\">\n\t<div class=\"span6 krown-column-container clearfix column_container\">\n\t\t<div class=\"clearfix\">\n\t\t<div class=\"wpb_wrapper\">\n\t\t\t<p><a title=\"\u7279\u7ea7\u9152\u5e84\u8d38\u6613\" href=\"\/zh\/negoce-de-grands-crus-classes\/\"><img loading=\"lazy\" decoding=\"async\" class=\"aligncenter size-full wp-image-1508\" src=\"https:\/\/la-bergere.fr\/wp-content\/uploads\/2014\/07\/bkz-138.jpg\" alt=\"bkz-138\" width=\"278\" height=\"112\" \/><\/a><\/p>\n\n\t\t<\/div> \n\t<\/div> <div class=\"clearfix\">\n\t\t<div class=\"wpb_wrapper\">\n\t\t\t<h3>\u7267\u7f8a\u5973<\/h3>\n<p>\u56fd\u9645\u9152\u5546\u3002 Montagne Saint-Emilion \u2013 \u5df4\u9ece \u2013 \u4f26\u6566 \u2013 \u9999\u6e2f<br \/>\n<a title=\"\u6b22\u8fce\" href=\"\/zh\/negoce-de-grands-crus-classes\/\">\u4e86\u89e3\u66f4\u591a<\/a><\/p>\n\n\t\t<\/div> \n\t<\/div> \n\t<\/div> \n\n\t<div class=\"span6 krown-column-container clearfix column_container\">\n\t\t<div class=\"clearfix\">\n\t\t<div class=\"wpb_wrapper\">\n\t\t\t<p><a title=\"\u62c9\u4f2f\u683c\u9152\u5e84\" href=\"https:\/\/la-bergere.fr\/zh\/groupe-labergere\/le-chateau-la-bergere\/\"><img loading=\"lazy\" decoding=\"async\" class=\"aligncenter size-full wp-image-1512\" src=\"https:\/\/la-bergere.fr\/wp-content\/uploads\/2014\/07\/bkz-142.jpg\" alt=\"bkz-142\" width=\"278\" height=\"112\" \/><\/a><\/p>\n\n\t\t<\/div> \n\t<\/div> <div class=\"clearfix\">\n\t\t<div class=\"wpb_wrapper\">\n\t\t\t<h3>\u62c9\u4f2f\u683c\u9152\u5e84<\/h3>\n<p>\u9152\u5382\u3002\u5723\u57c3\u7c73\u5229\u7fc1\u5c71\u3002<br \/>\n<a title=\"\u62c9\u4f2f\u683c\u9152\u5e84\" href=\"\/zh\/groupe-labergere\/le-chateau-la-bergere\/\">\u4e86\u89e3\u66f4\u591a<\/a><\/p>\n\n\t\t<\/div> \n\t<\/div> \n\t<\/div> \n<\/div><div class=\"clearfix  row-fluid krown-column-row clearfix\">\n\t<div class=\"span12 krown-column-container clearfix column_container\">\n\t\t<span style=\"display:block;margin-top:30px\" ><\/span><div class=\"clearfix\">\n\t\t<div class=\"wpb_wrapper\">\n\t\t\t<p><strong>\u8fd9\u4e9b\u7ed3\u6784\u4e2d\u7684\u6bcf\u4e00\u4e2a\u90fd\u6709\u81ea\u5df1\u7684\u7279\u6027\u548c\u7279\u6027\u3002 <\/strong>\u8fd9\u8ba9 La Berg\u00e8re \u96c6\u56e2\u6bcf\u5929\u90fd\u80fd\u66f4\u597d\u5730\u4e86\u89e3\u548c\u4e86\u89e3\u8461\u8404\u9152\u5e02\u573a\u3002\u6211\u4eec\u7684\u529e\u516c\u5ba4\u4f4d\u4e8e <strong>\u6ce2\u5c14\u591a\u3001\u5df4\u9ece\u3001\u4f26\u6566\u548c\u9999\u6e2f\uff0c<\/strong> \u5c06\u6211\u4eec\u7f6e\u4e8e\u4f18\u8d28\u8461\u8404\u9152\u4ea4\u6d41\u7684\u4e2d\u5fc3\uff0c <strong>\u786e\u4fdd\u4e0d\u65ad\u66f4\u65b0\u6211\u4eec\u7684\u5e02\u573a\u65b9\u6cd5\u3002<\/strong><\/p>\n\n\t\t<\/div> \n\t<\/div> \n\t<\/div> \n<\/div><div class=\"clearfix  row-fluid krown-column-row clearfix\">\n\t<div class=\"span12 krown-column-container clearfix column_container\">\n\t\t<span style=\"display:block;margin-top:30px\" ><\/span><div class=\"clearfix\">\n\t\t<div class=\"wpb_wrapper\">\n\t\t\t<h2><mark class=\"rbHighlight black\">\u6211\u4eec\u7684\u4ef7\u503c<\/mark><\/h2>\n\n\t\t<\/div> \n\t<\/div> <div class=\"clearfix\">\n\t\t<div class=\"wpb_wrapper\">\n\t\t\t<h3>\u5bb6\u65cf\u4f01\u4e1a<\/h3>\n<p>\u6211\u4eec\u7684\u6210\u529f\u5efa\u7acb\u5728\u53cb\u5584\u3001\u8d23\u4efb\u548c\u8bda\u5b9e\u7684\u4ef7\u503c\u89c2\u4e4b\u4e0a\u3002<\/p>\n<p>\u8fd9\u4e9b\u4ef7\u503c\u89c2\u4f7f\u6211\u4eec\u80fd\u591f\u52a0\u5165\u6ce2\u5c14\u591a\u5546\u4eba\u7684\u5c01\u95ed\u5708\u5b50\uff0c\u8d62\u5f97\u6700\u597d\u7684\u8461\u8404\u79cd\u690d\u8005\u7684\u5c0a\u91cd\u548c\u5168\u7403\u6700\u5927\u7ecf\u9500\u5546\u7684\u5c0a\u91cd\u3002<\/p>\n<p>\u8fd9\u4e9b\u4ef7\u503c\u89c2\u9a71\u4f7f\u6211\u4eec\u6bcf\u5929\u4e3a\u6211\u4eec\u7684\u5ba2\u6237\u63d0\u4f9b\u65e0\u53ef\u6311\u5254\u7684\u4f18\u8d28\u670d\u52a1\u548c\u4ea7\u54c1\u3002<\/p>\n\n\t\t<\/div> \n\t<\/div> \n\t<\/div> \n<\/div><div class=\"clearfix  row-fluid krown-column-row clearfix\">\n\t<div class=\"span12 krown-column-container clearfix column_container\">\n\t\t<span style=\"display:block;margin-top:30px\" ><\/span><div class=\"clearfix\">\n\t\t<div class=\"wpb_wrapper\">\n\t\t\t<h2><mark class=\"rbHighlight black\">\u56e2\u961f<\/mark><\/h2>\n\n\t\t<\/div> \n\t<\/div> <div class=\"clearfix\">\n\t\t<div class=\"wpb_wrapper\">\n\t\t\t<p><strong>Antonin Pon<\/strong> \uff1a \u5bfc\u6f14<br \/>\n<strong>\u9a6c\u514b\u897f\u59c6\u00b7\u8fbe\u5f17\u8036<\/strong> : \u4e70\u5bb6<br \/>\n<strong>Guilhem Loubere :<\/strong> Directeur Commercial<br \/>\n<strong>Axel Fontaine<\/strong> \uff1a \u5546\u4e1a\u7684<br \/>\n<strong>Dominique Lim<\/strong> : Commerciale Asie<br \/>\n<strong>Johanna Del Campo :<\/strong> Comptabilit\u00e9 et Finance<\/p>\n\n\t\t<\/div> \n\t<\/div> \n\t<\/div> \n<\/div><div class=\"clearfix  row-fluid krown-column-row clearfix\">\n\t<div class=\"span4 krown-column-container clearfix column_container\">\n\t\t<a class=\"rbButton light large\" href=\"\/zh\/nous-contacter\/\" target=\"_self\">\u8054\u7cfb\u6211\u4eec<\/a>\n\t<\/div> \n<\/div>","protected":false},"excerpt":{"rendered":"Le groupe la Berg\u00e8re rassemble des vignerons passionn\u00e9s et des experts du n\u00e9goce international des grands vins. Depuis la paisible campagne de Saint-Emilion, o\u00f9 l\u2019on cultive les vignes du domaine, aux fourmillantes places de march\u00e9 internationales - \u00e0 Paris, Londres et Hong-Kong, les \u00e9quipes de la Berg\u00e8re partagent la m\u00eame conviction\u00a0: les grands vins ont [...]","protected":false},"author":12,"featured_media":2180,"parent":0,"menu_order":4,"comment_status":"closed","ping_status":"closed","template":"template-page-standard.php","meta":{"footnotes":""},"class_list":["post-21","page","type-page","status-publish","has-post-thumbnail","hentry"],"yoast_head":"<!-- This site is optimized with the Yoast SEO plugin v27.4 - https:\/\/yoast.com\/product\/yoast-seo-wordpress\/ -->\n<title>Le Groupe La Berg\u00e8re - La Berg\u00e8re<\/title>\n<meta name=\"robots\" content=\"index, follow, max-snippet:-1, max-image-preview:large, max-video-preview:-1\" \/>\n<link rel=\"canonical\" href=\"https:\/\/la-bergere.fr\/zh\/groupe-labergere\/\" \/>\n<meta property=\"og:locale\" content=\"zh_CN\" \/>\n<meta property=\"og:type\" content=\"article\" \/>\n<meta property=\"og:title\" content=\"Le Groupe La Berg\u00e8re - La Berg\u00e8re\" \/>\n<meta property=\"og:url\" content=\"https:\/\/la-bergere.fr\/zh\/groupe-labergere\/\" \/>\n<meta property=\"og:site_name\" content=\"La Berg\u00e8re\" \/>\n<meta property=\"article:modified_time\" content=\"2025-12-04T10:26:43+00:00\" \/>\n<meta property=\"og:image\" content=\"https:\/\/la-bergere.fr\/wp-content\/uploads\/2014\/07\/bkz-header2.jpg\" \/>\n\t<meta property=\"og:image:width\" content=\"1024\" \/>\n\t<meta property=\"og:image:height\" content=\"450\" \/>\n\t<meta property=\"og:image:type\" content=\"image\/jpeg\" \/>\n<meta name=\"twitter:label1\" content=\"\u9884\u8ba1\u9605\u8bfb\u65f6\u95f4\" \/>\n\t<meta name=\"twitter:data1\" content=\"3 \u5206\" \/>\n<script type=\"application\/ld+json\" class=\"yoast-schema-graph\">{\"@context\":\"https:\\\/\\\/schema.org\",\"@graph\":[{\"@type\":\"WebPage\",\"@id\":\"https:\\\/\\\/la-bergere.fr\\\/groupe-labergere\\\/\",\"url\":\"https:\\\/\\\/la-bergere.fr\\\/groupe-labergere\\\/\",\"name\":\"Le Groupe La Berg\u00e8re - La Berg\u00e8re\",\"isPartOf\":{\"@id\":\"https:\\\/\\\/la-bergere.fr\\\/#website\"},\"primaryImageOfPage\":{\"@id\":\"https:\\\/\\\/la-bergere.fr\\\/groupe-labergere\\\/#primaryimage\"},\"image\":{\"@id\":\"https:\\\/\\\/la-bergere.fr\\\/groupe-labergere\\\/#primaryimage\"},\"thumbnailUrl\":\"https:\\\/\\\/la-bergere.fr\\\/wp-content\\\/uploads\\\/2014\\\/07\\\/bkz-header2.jpg\",\"datePublished\":\"2013-10-14T15:21:36+00:00\",\"dateModified\":\"2025-12-04T10:26:43+00:00\",\"breadcrumb\":{\"@id\":\"https:\\\/\\\/la-bergere.fr\\\/groupe-labergere\\\/#breadcrumb\"},\"inLanguage\":\"zh-Hans\",\"potentialAction\":[{\"@type\":\"ReadAction\",\"target\":[\"https:\\\/\\\/la-bergere.fr\\\/groupe-labergere\\\/\"]}]},{\"@type\":\"ImageObject\",\"inLanguage\":\"zh-Hans\",\"@id\":\"https:\\\/\\\/la-bergere.fr\\\/groupe-labergere\\\/#primaryimage\",\"url\":\"https:\\\/\\\/la-bergere.fr\\\/wp-content\\\/uploads\\\/2014\\\/07\\\/bkz-header2.jpg\",\"contentUrl\":\"https:\\\/\\\/la-bergere.fr\\\/wp-content\\\/uploads\\\/2014\\\/07\\\/bkz-header2.jpg\",\"width\":1024,\"height\":450},{\"@type\":\"BreadcrumbList\",\"@id\":\"https:\\\/\\\/la-bergere.fr\\\/groupe-labergere\\\/#breadcrumb\",\"itemListElement\":[{\"@type\":\"ListItem\",\"position\":1,\"name\":\"Accueil\",\"item\":\"https:\\\/\\\/la-bergere.fr\\\/\"},{\"@type\":\"ListItem\",\"position\":2,\"name\":\"Le Groupe La Berg\u00e8re\"}]},{\"@type\":\"WebSite\",\"@id\":\"https:\\\/\\\/la-bergere.fr\\\/#website\",\"url\":\"https:\\\/\\\/la-bergere.fr\\\/\",\"name\":\"La Berg\u00e8re\",\"description\":\"N\u00e9goce de grands crus et vins fins\",\"potentialAction\":[{\"@type\":\"SearchAction\",\"target\":{\"@type\":\"EntryPoint\",\"urlTemplate\":\"https:\\\/\\\/la-bergere.fr\\\/?s={search_term_string}\"},\"query-input\":{\"@type\":\"PropertyValueSpecification\",\"valueRequired\":true,\"valueName\":\"search_term_string\"}}],\"inLanguage\":\"zh-Hans\"}]}<\/script>\n<!-- \/ Yoast SEO plugin. -->","yoast_head_json":{"title":"Le Groupe La Berg\u00e8re - La Berg\u00e8re","robots":{"index":"index","follow":"follow","max-snippet":"max-snippet:-1","max-image-preview":"max-image-preview:large","max-video-preview":"max-video-preview:-1"},"canonical":"https:\/\/la-bergere.fr\/zh\/groupe-labergere\/","og_locale":"zh_CN","og_type":"article","og_title":"Le Groupe La Berg\u00e8re - La Berg\u00e8re","og_url":"https:\/\/la-bergere.fr\/zh\/groupe-labergere\/","og_site_name":"La Berg\u00e8re","article_modified_time":"2025-12-04T10:26:43+00:00","og_image":[{"width":1024,"height":450,"url":"https:\/\/la-bergere.fr\/wp-content\/uploads\/2014\/07\/bkz-header2.jpg","type":"image\/jpeg"}],"twitter_misc":{"\u9884\u8ba1\u9605\u8bfb\u65f6\u95f4":"3 \u5206"},"schema":{"@context":"https:\/\/schema.org","@graph":[{"@type":"WebPage","@id":"https:\/\/la-bergere.fr\/groupe-labergere\/","url":"https:\/\/la-bergere.fr\/groupe-labergere\/","name":"Le Groupe La Berg\u00e8re - La Berg\u00e8re","isPartOf":{"@id":"https:\/\/la-bergere.fr\/#website"},"primaryImageOfPage":{"@id":"https:\/\/la-bergere.fr\/groupe-labergere\/#primaryimage"},"image":{"@id":"https:\/\/la-bergere.fr\/groupe-labergere\/#primaryimage"},"thumbnailUrl":"https:\/\/la-bergere.fr\/wp-content\/uploads\/2014\/07\/bkz-header2.jpg","datePublished":"2013-10-14T15:21:36+00:00","dateModified":"2025-12-04T10:26:43+00:00","breadcrumb":{"@id":"https:\/\/la-bergere.fr\/groupe-labergere\/#breadcrumb"},"inLanguage":"zh-Hans","potentialAction":[{"@type":"ReadAction","target":["https:\/\/la-bergere.fr\/groupe-labergere\/"]}]},{"@type":"ImageObject","inLanguage":"zh-Hans","@id":"https:\/\/la-bergere.fr\/groupe-labergere\/#primaryimage","url":"https:\/\/la-bergere.fr\/wp-content\/uploads\/2014\/07\/bkz-header2.jpg","contentUrl":"https:\/\/la-bergere.fr\/wp-content\/uploads\/2014\/07\/bkz-header2.jpg","width":1024,"height":450},{"@type":"BreadcrumbList","@id":"https:\/\/la-bergere.fr\/groupe-labergere\/#breadcrumb","itemListElement":[{"@type":"ListItem","position":1,"name":"Accueil","item":"https:\/\/la-bergere.fr\/"},{"@type":"ListItem","position":2,"name":"Le Groupe La Berg\u00e8re"}]},{"@type":"WebSite","@id":"https:\/\/la-bergere.fr\/#website","url":"https:\/\/la-bergere.fr\/","name":"\u7267\u7f8a\u5973","description":"\u7279\u7ea7\u8461\u8404\u9152\u548c\u4f18\u8d28\u8461\u8404\u9152\u7684\u8d38\u6613","potentialAction":[{"@type":"SearchAction","target":{"@type":"EntryPoint","urlTemplate":"https:\/\/la-bergere.fr\/?s={search_term_string}"},"query-input":{"@type":"PropertyValueSpecification","valueRequired":true,"valueName":"search_term_string"}}],"inLanguage":"zh-Hans"}]}},"_links":{"self":[{"href":"https:\/\/la-bergere.fr\/zh\/wp-json\/wp\/v2\/pages\/21","targetHints":{"allow":["GET"]}}],"collection":[{"href":"https:\/\/la-bergere.fr\/zh\/wp-json\/wp\/v2\/pages"}],"about":[{"href":"https:\/\/la-bergere.fr\/zh\/wp-json\/wp\/v2\/types\/page"}],"author":[{"embeddable":true,"href":"https:\/\/la-bergere.fr\/zh\/wp-json\/wp\/v2\/users\/12"}],"replies":[{"embeddable":true,"href":"https:\/\/la-bergere.fr\/zh\/wp-json\/wp\/v2\/comments?post=21"}],"version-history":[{"count":8,"href":"https:\/\/la-bergere.fr\/zh\/wp-json\/wp\/v2\/pages\/21\/revisions"}],"predecessor-version":[{"id":5330,"href":"https:\/\/la-bergere.fr\/zh\/wp-json\/wp\/v2\/pages\/21\/revisions\/5330"}],"wp:featuredmedia":[{"embeddable":true,"href":"https:\/\/la-bergere.fr\/zh\/wp-json\/wp\/v2\/media\/2180"}],"wp:attachment":[{"href":"https:\/\/la-bergere.fr\/zh\/wp-json\/wp\/v2\/media?parent=21"}],"curies":[{"name":"wp","href":"https:\/\/api.w.org\/{rel}","templated":true}]}}