{"id":18,"date":"2014-09-05T16:20:20","date_gmt":"2014-09-05T15:20:20","guid":{"rendered":"http:\/\/localhost\/labergere\/?page_id=12"},"modified":"2018-05-16T15:55:13","modified_gmt":"2018-05-16T14:55:13","slug":"gamme-aoc","status":"publish","type":"page","link":"https:\/\/la-bergere.fr\/zh\/gamme-aoc\/","title":{"rendered":"\u6211\u4eec\u7cbe\u9009\u7684 AOC \u8461\u8404\u9152"},"content":{"rendered":"<div class=\"clearfix  row-fluid krown-column-row clearfix\">\n\t<div class=\"span12 krown-column-container clearfix column_container\">\n\t\t<div class=\"clearfix\">\n\t\t<div class=\"wpb_wrapper\">\n\t\t\t<p>\u6211\u4eec\u7684\u54c1\u9152\u5e08\u56e2\u961f\u6f2b\u6e38\u6cd5\u56fd\u98ce\u571f\uff0c\u4ece\u963f\u5c14\u8428\u65af\u5230\u96c5\u6587\u9091\uff0c\u5bfb\u627e\u8fd9\u4e9b\u91d1\u5757\uff1a\u975e\u51e1\u7684\u8461\u8404\u9152\uff0c\u5176\u4e2d\u5927\u90e8\u5206\u4ecd\u7136\u53ef\u7528\u4e14\u4ef7\u683c\u5408\u7406\u3002<br \/>\n<strong>\u8fd9\u4e9b\u9886\u57df\u5df2\u7ecf\u8bf4\u670d\u4e86\u6700\u4f1f\u5927\u7684\u4f8d\u9152\u5e08\u548c\u77e5\u540d\u54c1\u724c\u3002<\/strong><\/p>\n<p>\u6709\u4e9b\u751a\u81f3\u8fdb\u5165\u4e86\u9700\u6c42\u91cf\u8fdc\u8fdc\u5927\u4e8e\u751f\u4ea7\u91cf\u7684\u5c0f\u578b\u9886\u57df\u3002\u8fd9\u5c31\u662f\u6211\u4eec\u53d1\u73b0\u5e76\u5173\u6ce8\u4ed6\u4eec\u7684\u80fd\u529b\u7684\u5168\u90e8\u610f\u4e49\u6240\u5728\uff0c\u4e5f\u662f\u6211\u4eec\u53ef\u4ee5\u4e3a\u6210\u4e3a\u4ed6\u4eec\u7684\u76f4\u63a5\u5ba2\u6237\u7684\u4e00\u90e8\u5206\u800c\u611f\u5230\u81ea\u8c6a\u7684\u5730\u65b9\u3002<\/p>\n\n\t\t<\/div> \n\t<\/div> \n\t<\/div> \n<\/div><div class=\"clearfix  row-fluid krown-column-row clearfix\">\n\t<div class=\"span12 krown-column-container clearfix column_container\">\n\t\t<a class=\"rbButton light medium\" href=\"\/zh\/nous-contacter\/\" target=\"_self\">\u8054\u7cfb\u6211\u4eec\u83b7\u53d6 AOC \u8461\u8404\u9152\u6e05\u5355<\/a>\n\t<\/div> \n<\/div>","protected":false},"excerpt":{"rendered":"Nos \u00e9quipes de d\u00e9gustateurs arpentent les terroirs fran\u00e7ais, de l\u2019Alsace \u00e0 l\u2019Armagnac, \u00e0 la recherche de ces p\u00e9pites : des vins extraordinaires,pour la plupart encore disponibles et \u00e0 des prix accessibles. Ces domaines ont d\u00e9j\u00e0 convaincu les plus grands sommeliers et des enseignes de renom. Certains sont m\u00eame entr\u00e9s dans la petite famille des domaines [...]","protected":false},"author":12,"featured_media":2185,"parent":0,"menu_order":3,"comment_status":"open","ping_status":"closed","template":"template-page-standard.php","meta":{"footnotes":""},"class_list":["post-18","page","type-page","status-publish","has-post-thumbnail","hentry"],"yoast_head":"<!-- This site is optimized with the Yoast SEO plugin v27.5 - https:\/\/yoast.com\/product\/yoast-seo-wordpress\/ -->\n<title>Notre s\u00e9lection de vins AOC - La Berg\u00e8re<\/title>\n<meta name=\"robots\" content=\"index, follow, max-snippet:-1, max-image-preview:large, max-video-preview:-1\" \/>\n<link rel=\"canonical\" href=\"https:\/\/la-bergere.fr\/zh\/gamme-aoc\/\" \/>\n<meta property=\"og:locale\" content=\"zh_CN\" \/>\n<meta property=\"og:type\" content=\"article\" \/>\n<meta property=\"og:title\" content=\"Notre s\u00e9lection de vins AOC - La Berg\u00e8re\" \/>\n<meta property=\"og:url\" content=\"https:\/\/la-bergere.fr\/zh\/gamme-aoc\/\" \/>\n<meta property=\"og:site_name\" content=\"La Berg\u00e8re\" \/>\n<meta property=\"article:modified_time\" content=\"2018-05-16T14:55:13+00:00\" \/>\n<meta property=\"og:image\" content=\"https:\/\/la-bergere.fr\/wp-content\/uploads\/2014\/07\/bkz-header6.jpg\" \/>\n\t<meta property=\"og:image:width\" content=\"1024\" \/>\n\t<meta property=\"og:image:height\" content=\"450\" \/>\n\t<meta property=\"og:image:type\" content=\"image\/jpeg\" \/>\n<meta name=\"twitter:label1\" content=\"\u9884\u8ba1\u9605\u8bfb\u65f6\u95f4\" \/>\n\t<meta name=\"twitter:data1\" content=\"1 \u5206\" \/>\n<script type=\"application\/ld+json\" class=\"yoast-schema-graph\">{\"@context\":\"https:\\\/\\\/schema.org\",\"@graph\":[{\"@type\":\"WebPage\",\"@id\":\"https:\\\/\\\/la-bergere.fr\\\/gamme-aoc\\\/\",\"url\":\"https:\\\/\\\/la-bergere.fr\\\/gamme-aoc\\\/\",\"name\":\"Notre s\u00e9lection de vins AOC - La Berg\u00e8re\",\"isPartOf\":{\"@id\":\"https:\\\/\\\/la-bergere.fr\\\/#website\"},\"primaryImageOfPage\":{\"@id\":\"https:\\\/\\\/la-bergere.fr\\\/gamme-aoc\\\/#primaryimage\"},\"image\":{\"@id\":\"https:\\\/\\\/la-bergere.fr\\\/gamme-aoc\\\/#primaryimage\"},\"thumbnailUrl\":\"https:\\\/\\\/la-bergere.fr\\\/wp-content\\\/uploads\\\/2014\\\/07\\\/bkz-header6.jpg\",\"datePublished\":\"2014-09-05T15:20:20+00:00\",\"dateModified\":\"2018-05-16T14:55:13+00:00\",\"breadcrumb\":{\"@id\":\"https:\\\/\\\/la-bergere.fr\\\/gamme-aoc\\\/#breadcrumb\"},\"inLanguage\":\"zh-Hans\",\"potentialAction\":[{\"@type\":\"ReadAction\",\"target\":[\"https:\\\/\\\/la-bergere.fr\\\/gamme-aoc\\\/\"]}]},{\"@type\":\"ImageObject\",\"inLanguage\":\"zh-Hans\",\"@id\":\"https:\\\/\\\/la-bergere.fr\\\/gamme-aoc\\\/#primaryimage\",\"url\":\"https:\\\/\\\/la-bergere.fr\\\/wp-content\\\/uploads\\\/2014\\\/07\\\/bkz-header6.jpg\",\"contentUrl\":\"https:\\\/\\\/la-bergere.fr\\\/wp-content\\\/uploads\\\/2014\\\/07\\\/bkz-header6.jpg\",\"width\":1024,\"height\":450},{\"@type\":\"BreadcrumbList\",\"@id\":\"https:\\\/\\\/la-bergere.fr\\\/gamme-aoc\\\/#breadcrumb\",\"itemListElement\":[{\"@type\":\"ListItem\",\"position\":1,\"name\":\"Accueil\",\"item\":\"https:\\\/\\\/la-bergere.fr\\\/\"},{\"@type\":\"ListItem\",\"position\":2,\"name\":\"Notre s\u00e9lection de vins AOC\"}]},{\"@type\":\"WebSite\",\"@id\":\"https:\\\/\\\/la-bergere.fr\\\/#website\",\"url\":\"https:\\\/\\\/la-bergere.fr\\\/\",\"name\":\"La Berg\u00e8re\",\"description\":\"N\u00e9goce de grands crus et vins fins\",\"potentialAction\":[{\"@type\":\"SearchAction\",\"target\":{\"@type\":\"EntryPoint\",\"urlTemplate\":\"https:\\\/\\\/la-bergere.fr\\\/?s={search_term_string}\"},\"query-input\":{\"@type\":\"PropertyValueSpecification\",\"valueRequired\":true,\"valueName\":\"search_term_string\"}}],\"inLanguage\":\"zh-Hans\"}]}<\/script>\n<!-- \/ Yoast SEO plugin. -->","yoast_head_json":{"title":"Notre s\u00e9lection de vins AOC - La Berg\u00e8re","robots":{"index":"index","follow":"follow","max-snippet":"max-snippet:-1","max-image-preview":"max-image-preview:large","max-video-preview":"max-video-preview:-1"},"canonical":"https:\/\/la-bergere.fr\/zh\/gamme-aoc\/","og_locale":"zh_CN","og_type":"article","og_title":"Notre s\u00e9lection de vins AOC - La Berg\u00e8re","og_url":"https:\/\/la-bergere.fr\/zh\/gamme-aoc\/","og_site_name":"La Berg\u00e8re","article_modified_time":"2018-05-16T14:55:13+00:00","og_image":[{"width":1024,"height":450,"url":"https:\/\/la-bergere.fr\/wp-content\/uploads\/2014\/07\/bkz-header6.jpg","type":"image\/jpeg"}],"twitter_misc":{"\u9884\u8ba1\u9605\u8bfb\u65f6\u95f4":"1 \u5206"},"schema":{"@context":"https:\/\/schema.org","@graph":[{"@type":"WebPage","@id":"https:\/\/la-bergere.fr\/gamme-aoc\/","url":"https:\/\/la-bergere.fr\/gamme-aoc\/","name":"Notre s\u00e9lection de vins AOC - La Berg\u00e8re","isPartOf":{"@id":"https:\/\/la-bergere.fr\/#website"},"primaryImageOfPage":{"@id":"https:\/\/la-bergere.fr\/gamme-aoc\/#primaryimage"},"image":{"@id":"https:\/\/la-bergere.fr\/gamme-aoc\/#primaryimage"},"thumbnailUrl":"https:\/\/la-bergere.fr\/wp-content\/uploads\/2014\/07\/bkz-header6.jpg","datePublished":"2014-09-05T15:20:20+00:00","dateModified":"2018-05-16T14:55:13+00:00","breadcrumb":{"@id":"https:\/\/la-bergere.fr\/gamme-aoc\/#breadcrumb"},"inLanguage":"zh-Hans","potentialAction":[{"@type":"ReadAction","target":["https:\/\/la-bergere.fr\/gamme-aoc\/"]}]},{"@type":"ImageObject","inLanguage":"zh-Hans","@id":"https:\/\/la-bergere.fr\/gamme-aoc\/#primaryimage","url":"https:\/\/la-bergere.fr\/wp-content\/uploads\/2014\/07\/bkz-header6.jpg","contentUrl":"https:\/\/la-bergere.fr\/wp-content\/uploads\/2014\/07\/bkz-header6.jpg","width":1024,"height":450},{"@type":"BreadcrumbList","@id":"https:\/\/la-bergere.fr\/gamme-aoc\/#breadcrumb","itemListElement":[{"@type":"ListItem","position":1,"name":"Accueil","item":"https:\/\/la-bergere.fr\/"},{"@type":"ListItem","position":2,"name":"Notre s\u00e9lection de vins AOC"}]},{"@type":"WebSite","@id":"https:\/\/la-bergere.fr\/#website","url":"https:\/\/la-bergere.fr\/","name":"\u7267\u7f8a\u5973","description":"\u7279\u7ea7\u8461\u8404\u9152\u548c\u4f18\u8d28\u8461\u8404\u9152\u7684\u8d38\u6613","potentialAction":[{"@type":"SearchAction","target":{"@type":"EntryPoint","urlTemplate":"https:\/\/la-bergere.fr\/?s={search_term_string}"},"query-input":{"@type":"PropertyValueSpecification","valueRequired":true,"valueName":"search_term_string"}}],"inLanguage":"zh-Hans"}]}},"_links":{"self":[{"href":"https:\/\/la-bergere.fr\/zh\/wp-json\/wp\/v2\/pages\/18","targetHints":{"allow":["GET"]}}],"collection":[{"href":"https:\/\/la-bergere.fr\/zh\/wp-json\/wp\/v2\/pages"}],"about":[{"href":"https:\/\/la-bergere.fr\/zh\/wp-json\/wp\/v2\/types\/page"}],"author":[{"embeddable":true,"href":"https:\/\/la-bergere.fr\/zh\/wp-json\/wp\/v2\/users\/12"}],"replies":[{"embeddable":true,"href":"https:\/\/la-bergere.fr\/zh\/wp-json\/wp\/v2\/comments?post=18"}],"version-history":[{"count":2,"href":"https:\/\/la-bergere.fr\/zh\/wp-json\/wp\/v2\/pages\/18\/revisions"}],"predecessor-version":[{"id":4017,"href":"https:\/\/la-bergere.fr\/zh\/wp-json\/wp\/v2\/pages\/18\/revisions\/4017"}],"wp:featuredmedia":[{"embeddable":true,"href":"https:\/\/la-bergere.fr\/zh\/wp-json\/wp\/v2\/media\/2185"}],"wp:attachment":[{"href":"https:\/\/la-bergere.fr\/zh\/wp-json\/wp\/v2\/media?parent=18"}],"curies":[{"name":"wp","href":"https:\/\/api.w.org\/{rel}","templated":true}]}}