{"id":16,"date":"2013-10-12T23:00:26","date_gmt":"2013-10-12T23:00:26","guid":{"rendered":"http:\/\/localhost:8888\/labergere\/?page_id=2"},"modified":"2014-07-29T17:21:42","modified_gmt":"2014-07-29T16:21:42","slug":"negoce-de-grands-crus-classes","status":"publish","type":"page","link":"https:\/\/la-bergere.fr\/zh\/negoce-de-grands-crus-classes\/","title":{"rendered":"\u7279\u7ea7\u9152\u5e84\u8d38\u6613"},"content":{"rendered":"<div class=\"clearfix  row-fluid krown-column-row clearfix\">\n\t<div class=\"span12 krown-column-container clearfix column_container\">\n\t\t<div class=\"clearfix\">\n\t\t<div class=\"wpb_wrapper\">\n\t\t\t<h2>\u6211\u4eec\u7684\u76ee\u6807\uff1a\u4e3a\u60a8\u63d0\u4f9b\u5353\u8d8a\u7684\u4ea7\u54c1\u548c\u4f18\u8d28\u7684\u670d\u52a1<\/h2>\n<p>La Berg\u00e8re \u662f\u4e00\u5bb6\u4e13\u95e8\u4ece\u4e8b\u4f18\u8d28\u8461\u8404\u9152\u56fd\u9645\u8d38\u6613\u7684\u516c\u53f8\u3002\u51ed\u501f\u8fd1\u5341\u5e74\u7684\u7ecf\u9a8c\uff0c\u8be5\u516c\u53f8\u76ee\u524d\u5728\u6ce2\u5c14\u591a\u3001\u5df4\u9ece\u3001\u4f26\u6566\u548c\u9999\u6e2f\u5f00\u5c55\u4e1a\u52a1\u3002\u8be5\u516c\u53f8\u7ed3\u5408\u4e86\u4e24\u4e2a\u4e13\u4e1a\u9886\u57df\uff1a\u8461\u8404\u79cd\u690d\u8005\u548c\u54c1\u9152\u5e08\uff0c\u4ed6\u4eec\u4e0e\u6700\u8457\u540d\u7684\u8461\u8404\u79cd\u690d\u8005\u4fdd\u6301\u7740\u7279\u6743\u5173\u7cfb\uff1b\u56fd\u9645\u4f18\u8d28\u8461\u8404\u9152\u5e02\u573a\u7684\u4e13\u5bb6\uff0c\u4ed6\u4eec\u975e\u5e38\u4e86\u89e3\u53c2\u4e0e\u8005\u548c\u5965\u79d8\u3002\u6b63\u662f\u8fd9\u4e24\u4e2a\u4e13\u4e1a\u9886\u57df\u7684\u7ed3\u5408\uff0c\u4f7f\u6211\u4eec\u4eca\u5929\u80fd\u591f\u4ee5\u6700\u4f18\u60e0\u7684\u4ef7\u683c\u9500\u552e\u6700\u597d\u7684\u8461\u8404\u9152\u3002<\/p>\n\n\t\t<\/div> \n\t<\/div> \n\t<\/div> \n<\/div><div class=\"clearfix  row-fluid krown-column-row clearfix\">\n\t<div class=\"span4 krown-column-container clearfix column_container\">\n\t\t<a class=\"rbButton light medium\" href=\"\/zh\/negoce-de-grands-crus-classes\/acheter-des-grands-crus\/\" target=\"_self\">\u8d2d\u4e70\u7279\u7ea7\u56ed<\/a>\n\t<\/div> \n\n\t<div class=\"span4 krown-column-container clearfix column_container\">\n\t\t<a class=\"rbButton light medium\" href=\"\/zh\/negoce-de-grands-crus-classes\/vendre-des-grands-crus\/\" target=\"_self\">\u51fa\u552e\u4f1f\u5927\u7684\u5e74\u4efd<\/a>\n\t<\/div> \n\n\t<div class=\"span4 krown-column-container clearfix column_container\">\n\t\t\n\t<\/div> \n<\/div>","protected":false},"excerpt":{"rendered":"Notre objectif : vous apportez des produits d'exceptions et un service de qualit\u00e9 La Berg\u00e8re est une soci\u00e9t\u00e9 sp\u00e9cialis\u00e9e dans le n\u00e9goce international de grands vins. Forte de presque de pr\u00e8s de dix ans d\u2019exp\u00e9rience, la soci\u00e9t\u00e9 op\u00e8re aujourd\u2019hui dans le bordelais, \u00e0 Paris, Londres et Hong-Kong. L\u2019entreprise conjugue deux expertises\u00a0: celle de vignerons et [...]","protected":false},"author":12,"featured_media":1522,"parent":0,"menu_order":0,"comment_status":"open","ping_status":"open","template":"template-page-standard.php","meta":{"footnotes":""},"class_list":["post-16","page","type-page","status-publish","has-post-thumbnail","hentry"],"yoast_head":"<!-- This site is optimized with the Yoast SEO plugin v27.3 - https:\/\/yoast.com\/product\/yoast-seo-wordpress\/ -->\n<title>N\u00e9goce de grands crus class\u00e9s - La Berg\u00e8re<\/title>\n<meta name=\"robots\" content=\"index, follow, max-snippet:-1, max-image-preview:large, max-video-preview:-1\" \/>\n<link rel=\"canonical\" href=\"https:\/\/la-bergere.fr\/zh\/negoce-de-grands-crus-classes\/\" \/>\n<meta property=\"og:locale\" content=\"zh_CN\" \/>\n<meta property=\"og:type\" content=\"article\" \/>\n<meta property=\"og:title\" content=\"N\u00e9goce de grands crus class\u00e9s - La Berg\u00e8re\" \/>\n<meta property=\"og:url\" content=\"https:\/\/la-bergere.fr\/zh\/negoce-de-grands-crus-classes\/\" \/>\n<meta property=\"og:site_name\" content=\"La Berg\u00e8re\" \/>\n<meta property=\"article:modified_time\" content=\"2014-07-29T16:21:42+00:00\" \/>\n<meta property=\"og:image\" content=\"https:\/\/la-bergere.fr\/wp-content\/uploads\/2014\/07\/bkz-152-e1406650417785.jpg\" \/>\n\t<meta property=\"og:image:width\" content=\"1024\" \/>\n\t<meta property=\"og:image:height\" content=\"450\" \/>\n\t<meta property=\"og:image:type\" content=\"image\/jpeg\" \/>\n<meta name=\"twitter:label1\" content=\"\u9884\u8ba1\u9605\u8bfb\u65f6\u95f4\" \/>\n\t<meta name=\"twitter:data1\" content=\"1 \u5206\" \/>\n<script type=\"application\/ld+json\" class=\"yoast-schema-graph\">{\"@context\":\"https:\\\/\\\/schema.org\",\"@graph\":[{\"@type\":\"WebPage\",\"@id\":\"https:\\\/\\\/la-bergere.fr\\\/negoce-de-grands-crus-classes\\\/\",\"url\":\"https:\\\/\\\/la-bergere.fr\\\/negoce-de-grands-crus-classes\\\/\",\"name\":\"N\u00e9goce de grands crus class\u00e9s - La Berg\u00e8re\",\"isPartOf\":{\"@id\":\"https:\\\/\\\/la-bergere.fr\\\/#website\"},\"primaryImageOfPage\":{\"@id\":\"https:\\\/\\\/la-bergere.fr\\\/negoce-de-grands-crus-classes\\\/#primaryimage\"},\"image\":{\"@id\":\"https:\\\/\\\/la-bergere.fr\\\/negoce-de-grands-crus-classes\\\/#primaryimage\"},\"thumbnailUrl\":\"https:\\\/\\\/la-bergere.fr\\\/wp-content\\\/uploads\\\/2014\\\/07\\\/bkz-152-e1406650417785.jpg\",\"datePublished\":\"2013-10-12T23:00:26+00:00\",\"dateModified\":\"2014-07-29T16:21:42+00:00\",\"breadcrumb\":{\"@id\":\"https:\\\/\\\/la-bergere.fr\\\/negoce-de-grands-crus-classes\\\/#breadcrumb\"},\"inLanguage\":\"zh-Hans\",\"potentialAction\":[{\"@type\":\"ReadAction\",\"target\":[\"https:\\\/\\\/la-bergere.fr\\\/negoce-de-grands-crus-classes\\\/\"]}]},{\"@type\":\"ImageObject\",\"inLanguage\":\"zh-Hans\",\"@id\":\"https:\\\/\\\/la-bergere.fr\\\/negoce-de-grands-crus-classes\\\/#primaryimage\",\"url\":\"https:\\\/\\\/la-bergere.fr\\\/wp-content\\\/uploads\\\/2014\\\/07\\\/bkz-152-e1406650417785.jpg\",\"contentUrl\":\"https:\\\/\\\/la-bergere.fr\\\/wp-content\\\/uploads\\\/2014\\\/07\\\/bkz-152-e1406650417785.jpg\",\"width\":1024,\"height\":450},{\"@type\":\"BreadcrumbList\",\"@id\":\"https:\\\/\\\/la-bergere.fr\\\/negoce-de-grands-crus-classes\\\/#breadcrumb\",\"itemListElement\":[{\"@type\":\"ListItem\",\"position\":1,\"name\":\"Accueil\",\"item\":\"https:\\\/\\\/la-bergere.fr\\\/\"},{\"@type\":\"ListItem\",\"position\":2,\"name\":\"N\u00e9goce de grands crus class\u00e9s\"}]},{\"@type\":\"WebSite\",\"@id\":\"https:\\\/\\\/la-bergere.fr\\\/#website\",\"url\":\"https:\\\/\\\/la-bergere.fr\\\/\",\"name\":\"La Berg\u00e8re\",\"description\":\"N\u00e9goce de grands crus et vins fins\",\"potentialAction\":[{\"@type\":\"SearchAction\",\"target\":{\"@type\":\"EntryPoint\",\"urlTemplate\":\"https:\\\/\\\/la-bergere.fr\\\/?s={search_term_string}\"},\"query-input\":{\"@type\":\"PropertyValueSpecification\",\"valueRequired\":true,\"valueName\":\"search_term_string\"}}],\"inLanguage\":\"zh-Hans\"}]}<\/script>\n<!-- \/ Yoast SEO plugin. -->","yoast_head_json":{"title":"N\u00e9goce de grands crus class\u00e9s - La Berg\u00e8re","robots":{"index":"index","follow":"follow","max-snippet":"max-snippet:-1","max-image-preview":"max-image-preview:large","max-video-preview":"max-video-preview:-1"},"canonical":"https:\/\/la-bergere.fr\/zh\/negoce-de-grands-crus-classes\/","og_locale":"zh_CN","og_type":"article","og_title":"N\u00e9goce de grands crus class\u00e9s - La Berg\u00e8re","og_url":"https:\/\/la-bergere.fr\/zh\/negoce-de-grands-crus-classes\/","og_site_name":"La Berg\u00e8re","article_modified_time":"2014-07-29T16:21:42+00:00","og_image":[{"width":1024,"height":450,"url":"https:\/\/la-bergere.fr\/wp-content\/uploads\/2014\/07\/bkz-152-e1406650417785.jpg","type":"image\/jpeg"}],"twitter_misc":{"\u9884\u8ba1\u9605\u8bfb\u65f6\u95f4":"1 \u5206"},"schema":{"@context":"https:\/\/schema.org","@graph":[{"@type":"WebPage","@id":"https:\/\/la-bergere.fr\/negoce-de-grands-crus-classes\/","url":"https:\/\/la-bergere.fr\/negoce-de-grands-crus-classes\/","name":"N\u00e9goce de grands crus class\u00e9s - La Berg\u00e8re","isPartOf":{"@id":"https:\/\/la-bergere.fr\/#website"},"primaryImageOfPage":{"@id":"https:\/\/la-bergere.fr\/negoce-de-grands-crus-classes\/#primaryimage"},"image":{"@id":"https:\/\/la-bergere.fr\/negoce-de-grands-crus-classes\/#primaryimage"},"thumbnailUrl":"https:\/\/la-bergere.fr\/wp-content\/uploads\/2014\/07\/bkz-152-e1406650417785.jpg","datePublished":"2013-10-12T23:00:26+00:00","dateModified":"2014-07-29T16:21:42+00:00","breadcrumb":{"@id":"https:\/\/la-bergere.fr\/negoce-de-grands-crus-classes\/#breadcrumb"},"inLanguage":"zh-Hans","potentialAction":[{"@type":"ReadAction","target":["https:\/\/la-bergere.fr\/negoce-de-grands-crus-classes\/"]}]},{"@type":"ImageObject","inLanguage":"zh-Hans","@id":"https:\/\/la-bergere.fr\/negoce-de-grands-crus-classes\/#primaryimage","url":"https:\/\/la-bergere.fr\/wp-content\/uploads\/2014\/07\/bkz-152-e1406650417785.jpg","contentUrl":"https:\/\/la-bergere.fr\/wp-content\/uploads\/2014\/07\/bkz-152-e1406650417785.jpg","width":1024,"height":450},{"@type":"BreadcrumbList","@id":"https:\/\/la-bergere.fr\/negoce-de-grands-crus-classes\/#breadcrumb","itemListElement":[{"@type":"ListItem","position":1,"name":"Accueil","item":"https:\/\/la-bergere.fr\/"},{"@type":"ListItem","position":2,"name":"N\u00e9goce de grands crus class\u00e9s"}]},{"@type":"WebSite","@id":"https:\/\/la-bergere.fr\/#website","url":"https:\/\/la-bergere.fr\/","name":"\u7267\u7f8a\u5973","description":"\u7279\u7ea7\u8461\u8404\u9152\u548c\u4f18\u8d28\u8461\u8404\u9152\u7684\u8d38\u6613","potentialAction":[{"@type":"SearchAction","target":{"@type":"EntryPoint","urlTemplate":"https:\/\/la-bergere.fr\/?s={search_term_string}"},"query-input":{"@type":"PropertyValueSpecification","valueRequired":true,"valueName":"search_term_string"}}],"inLanguage":"zh-Hans"}]}},"_links":{"self":[{"href":"https:\/\/la-bergere.fr\/zh\/wp-json\/wp\/v2\/pages\/16","targetHints":{"allow":["GET"]}}],"collection":[{"href":"https:\/\/la-bergere.fr\/zh\/wp-json\/wp\/v2\/pages"}],"about":[{"href":"https:\/\/la-bergere.fr\/zh\/wp-json\/wp\/v2\/types\/page"}],"author":[{"embeddable":true,"href":"https:\/\/la-bergere.fr\/zh\/wp-json\/wp\/v2\/users\/12"}],"replies":[{"embeddable":true,"href":"https:\/\/la-bergere.fr\/zh\/wp-json\/wp\/v2\/comments?post=16"}],"version-history":[{"count":0,"href":"https:\/\/la-bergere.fr\/zh\/wp-json\/wp\/v2\/pages\/16\/revisions"}],"wp:featuredmedia":[{"embeddable":true,"href":"https:\/\/la-bergere.fr\/zh\/wp-json\/wp\/v2\/media\/1522"}],"wp:attachment":[{"href":"https:\/\/la-bergere.fr\/zh\/wp-json\/wp\/v2\/media?parent=16"}],"curies":[{"name":"wp","href":"https:\/\/api.w.org\/{rel}","templated":true}]}}