{"id":155,"date":"2013-10-23T09:15:15","date_gmt":"2013-10-23T08:15:15","guid":{"rendered":"http:\/\/localhost\/labergere\/?page_id=155"},"modified":"2014-07-30T09:45:05","modified_gmt":"2014-07-30T08:45:05","slug":"definition-vin-grand-cru","status":"publish","type":"page","link":"https:\/\/la-bergere.fr\/zh\/negoce-de-grands-crus-classes\/definition-vin-grand-cru\/","title":{"rendered":"\u4ec0\u4e48\u662f\u7279\u7ea7\u56ed\uff1f"},"content":{"rendered":"<div class=\"clearfix  row-fluid krown-column-row clearfix\">\n\t<div class=\"span12 krown-column-container clearfix column_container\">\n\t\t<div class=\"clearfix\">\n\t\t<div class=\"wpb_wrapper\">\n\t\t\t<h2>\u6ce2\u5c14\u591a\u7684\u7279\u7ea7\u9152\u5e84<\/h2>\n<p>Grands Crus \u7684\u6982\u5ff5\u51fa\u73b0\u4e8e 17 \u4e16\u7eaa\u3002\u5b83\u53cd\u6620\u4e86\u98ce\u571f\u7684\u4ef7\u503c\u548c\u4e00\u4e2a\u9886\u57df\u7684\u8461\u8404\u79cd\u690d\u8005\u7684\u4e13\u4e1a\u77e5\u8bc6\u3002\u968f\u7740\u65f6\u95f4\u7684\u63a8\u79fb\uff0c\u67d0\u4e9b\u8461\u8404\u9152\u548c\u67d0\u4e9b\u571f\u58e4\u7684\u4ef7\u503c\u5df2\u7ecf\u88ab\u4e13\u4e1a\u4eba\u58eb\u548c\u8461\u8404\u9152\u754c\u7684\u53c2\u4e0e\u8005\uff08\u8461\u8404\u79cd\u690d\u8005\u3001\u7ecf\u7eaa\u4eba\u548c\u5546\u4eba\uff09\u6240\u8ba4\u53ef\u3002<\/p>\n<blockquote><p>\n\u8461\u8404\u9152\u662f\u5730\u7403\u5bf9\u592a\u9633\u7684\u56de\u5e94\u3002 \uff08\u739b\u683c\u4e3d\u7279\u5bcc\u52d2\uff09\n<\/p><\/blockquote>\n<p>1855\u5e74\uff0c\u62ff\u7834\u4ed1\u4e09\u4e16\u8981\u6c42\u5404\u4ea7\u9152\u533a\u5bf9\u5728\u5df4\u9ece\u4e16\u754c\u535a\u89c8\u4f1a\u4e0a\u5c55\u51fa\u7684\u8461\u8404\u9152\u8fdb\u884c\u5206\u7c7b\u3002<\/p>\n<p>1973 \u5e74\uff0c\u4e3a\u4e86\u5c06 Ch\u00e2teau Mouton Rothschild \u63d0\u5347\u4e3a 1er Grand Cru Class\u00e9\uff0c\u5bf9\u5206\u7ea7\u8fdb\u884c\u4e86\u4fee\u8ba2\u3002<\/p>\n<a class=\"rbButton pink medium\" href=\"\/zh\/negoce-de-grands-crus-classes\/acheter-des-grands-crus\/offres-speciales\/\" target=\"_parent\">\u6211\u4eec\u7684\u6ce2\u5c14\u591a\u8461\u8404\u9152<\/a>\n\n\t\t<\/div> \n\t<\/div> \n\t<\/div> \n<\/div><div class=\"clearfix  row-fluid krown-column-row clearfix\">\n\t<div class=\"span12 krown-column-container clearfix column_container\">\n\t\t<span style=\"display:block;margin-top:40px\" ><\/span>\n\t<\/div> \n<\/div><div class=\"clearfix  row-fluid krown-column-row clearfix\">\n\t<div class=\"span12 krown-column-container clearfix column_container\">\n\t\t<div class=\"clearfix\">\n\t\t<div class=\"wpb_wrapper\">\n\t\t\t<h2>\u52c3\u826e\u7b2c\u7279\u7ea7\u56ed<\/h2>\n<p>\u52c3\u826e\u7b2c\u4e5f\u6709\u8fd9\u4e9b\u7279\u7ea7\u56ed\u3002\u4f1f\u5927\u7684\u52c3\u826e\u7b2c\u8461\u8404\u9152\u4ea7\u81ea\u6700\u597d\u7684\u5730\u5757\u3002\u6709 33 \u4e2a Grands Crus \u4ee5\u98ce\u571f\u547d\u540d\uff0c\u5982 Corton \u6216 Montrachet\u3002<\/p>\n<a class=\"rbButton pink medium\" href=\"\/zh\/negoce-de-grands-crus-classes\/acheter-des-grands-crus\/offres-speciales\/\" target=\"_blank\">\u6211\u4eec\u7684\u52c3\u826e\u7b2c\u8461\u8404\u9152<\/a>\n\n\t\t<\/div> \n\t<\/div> \n\t<\/div> \n<\/div><div class=\"clearfix  row-fluid krown-column-row clearfix\">\n\t<div class=\"span12 krown-column-container clearfix column_container\">\n\t\t<span style=\"display:block;margin-top:40px\" ><\/span>\n\t<\/div> \n<\/div><div class=\"clearfix  row-fluid krown-column-row clearfix\">\n\t<div class=\"span12 krown-column-container clearfix column_container\">\n\t\t<div class=\"clearfix\">\n\t\t<div class=\"wpb_wrapper\">\n\t\t\t<h2>\u6765\u81ea\u5176\u4ed6\u5730\u533a\u7684\u7279\u7ea7\u9152\u5e84<\/h2>\n<p>La Bergere Vintners \u8fd8\u63d0\u4f9b\u6765\u81ea\u5362\u74e6\u5c14\u6cb3\u3001\u7f57\u8bb7\u6cb3\u8c37\u548c\u9999\u69df\uff08Chave\u3001Guigual \u7b49\uff09\u7684\u4f18\u8d28\u8461\u8404\u9152\u3002\u6211\u4eec\u8fd8\u4e3a\u60a8\u63d0\u4f9b\u6700\u597d\u7684\u610f\u5927\u5229\u548c\u897f\u73ed\u7259\u8461\u8404\u9152\uff08Sassiccaia\u3001Barbaresco\u3001Vega sicilia\uff09\u3002<\/p>\n<a class=\"rbButton pink medium\" href=\"\/zh\/negoce-de-grands-crus-classes\/acheter-des-grands-crus\/offres-speciales\/\" target=\"_blank\">\u5176\u4ed6\u597d\u9152<\/a>\n\n\t\t<\/div> \n\t<\/div> \n\t<\/div> \n<\/div><div class=\"clearfix  row-fluid krown-column-row clearfix\">\n\t<div class=\"span12 krown-column-container clearfix column_container\">\n\t\t<span style=\"display:block;margin-top:40px\" ><\/span>\n\t<\/div> \n<\/div>","protected":false},"excerpt":{"rendered":"Les Grands Crus de Bordeaux La Notion de Grands Crus apparait d\u00e8s le 17eme si\u00e8cle. Elle refl\u00e8te la valeur du terroir et le savoir-faire du viticulteur d\u2019un domaine. Au fil du temps, la valeur de certains vins et de certains sols ont \u00e9t\u00e9 reconnus par les professionnels et par les acteurs du monde du vin [...]","protected":false},"author":12,"featured_media":1522,"parent":16,"menu_order":3,"comment_status":"open","ping_status":"closed","template":"template-page-standard.php","meta":{"footnotes":""},"class_list":["post-155","page","type-page","status-publish","has-post-thumbnail","hentry"],"yoast_head":"<!-- This site is optimized with the Yoast SEO plugin v27.5 - https:\/\/yoast.com\/product\/yoast-seo-wordpress\/ -->\n<title>Qu&#039;est-ce qu&#039;un grand cru ? - La Berg\u00e8re<\/title>\n<meta name=\"robots\" content=\"index, follow, max-snippet:-1, max-image-preview:large, max-video-preview:-1\" \/>\n<link rel=\"canonical\" href=\"https:\/\/la-bergere.fr\/zh\/negoce-de-grands-crus-classes\/definition-vin-grand-cru\/\" \/>\n<meta property=\"og:locale\" content=\"zh_CN\" \/>\n<meta property=\"og:type\" content=\"article\" \/>\n<meta property=\"og:title\" content=\"Qu&#039;est-ce qu&#039;un grand cru ? - La Berg\u00e8re\" \/>\n<meta property=\"og:url\" content=\"https:\/\/la-bergere.fr\/zh\/negoce-de-grands-crus-classes\/definition-vin-grand-cru\/\" \/>\n<meta property=\"og:site_name\" content=\"La Berg\u00e8re\" \/>\n<meta property=\"article:modified_time\" content=\"2014-07-30T08:45:05+00:00\" \/>\n<meta property=\"og:image\" content=\"https:\/\/la-bergere.fr\/wp-content\/uploads\/2014\/07\/bkz-152-e1406650417785.jpg\" \/>\n\t<meta property=\"og:image:width\" content=\"1024\" \/>\n\t<meta property=\"og:image:height\" content=\"450\" \/>\n\t<meta property=\"og:image:type\" content=\"image\/jpeg\" \/>\n<meta name=\"twitter:label1\" content=\"\u9884\u8ba1\u9605\u8bfb\u65f6\u95f4\" \/>\n\t<meta name=\"twitter:data1\" content=\"2 \u5206\" \/>\n<script type=\"application\/ld+json\" class=\"yoast-schema-graph\">{\"@context\":\"https:\\\/\\\/schema.org\",\"@graph\":[{\"@type\":\"WebPage\",\"@id\":\"https:\\\/\\\/la-bergere.fr\\\/negoce-de-grands-crus-classes\\\/definition-vin-grand-cru\\\/\",\"url\":\"https:\\\/\\\/la-bergere.fr\\\/negoce-de-grands-crus-classes\\\/definition-vin-grand-cru\\\/\",\"name\":\"Qu'est-ce qu'un grand cru ? - La Berg\u00e8re\",\"isPartOf\":{\"@id\":\"https:\\\/\\\/la-bergere.fr\\\/#website\"},\"primaryImageOfPage\":{\"@id\":\"https:\\\/\\\/la-bergere.fr\\\/negoce-de-grands-crus-classes\\\/definition-vin-grand-cru\\\/#primaryimage\"},\"image\":{\"@id\":\"https:\\\/\\\/la-bergere.fr\\\/negoce-de-grands-crus-classes\\\/definition-vin-grand-cru\\\/#primaryimage\"},\"thumbnailUrl\":\"https:\\\/\\\/la-bergere.fr\\\/wp-content\\\/uploads\\\/2014\\\/07\\\/bkz-152-e1406650417785.jpg\",\"datePublished\":\"2013-10-23T08:15:15+00:00\",\"dateModified\":\"2014-07-30T08:45:05+00:00\",\"breadcrumb\":{\"@id\":\"https:\\\/\\\/la-bergere.fr\\\/negoce-de-grands-crus-classes\\\/definition-vin-grand-cru\\\/#breadcrumb\"},\"inLanguage\":\"zh-Hans\",\"potentialAction\":[{\"@type\":\"ReadAction\",\"target\":[\"https:\\\/\\\/la-bergere.fr\\\/negoce-de-grands-crus-classes\\\/definition-vin-grand-cru\\\/\"]}]},{\"@type\":\"ImageObject\",\"inLanguage\":\"zh-Hans\",\"@id\":\"https:\\\/\\\/la-bergere.fr\\\/negoce-de-grands-crus-classes\\\/definition-vin-grand-cru\\\/#primaryimage\",\"url\":\"https:\\\/\\\/la-bergere.fr\\\/wp-content\\\/uploads\\\/2014\\\/07\\\/bkz-152-e1406650417785.jpg\",\"contentUrl\":\"https:\\\/\\\/la-bergere.fr\\\/wp-content\\\/uploads\\\/2014\\\/07\\\/bkz-152-e1406650417785.jpg\",\"width\":1024,\"height\":450},{\"@type\":\"BreadcrumbList\",\"@id\":\"https:\\\/\\\/la-bergere.fr\\\/negoce-de-grands-crus-classes\\\/definition-vin-grand-cru\\\/#breadcrumb\",\"itemListElement\":[{\"@type\":\"ListItem\",\"position\":1,\"name\":\"Accueil\",\"item\":\"https:\\\/\\\/la-bergere.fr\\\/\"},{\"@type\":\"ListItem\",\"position\":2,\"name\":\"N\u00e9goce de grands crus class\u00e9s\",\"item\":\"https:\\\/\\\/la-bergere.fr\\\/negoce-de-grands-crus-classes\\\/\"},{\"@type\":\"ListItem\",\"position\":3,\"name\":\"Qu&rsquo;est-ce qu&rsquo;un grand cru ?\"}]},{\"@type\":\"WebSite\",\"@id\":\"https:\\\/\\\/la-bergere.fr\\\/#website\",\"url\":\"https:\\\/\\\/la-bergere.fr\\\/\",\"name\":\"La Berg\u00e8re\",\"description\":\"N\u00e9goce de grands crus et vins fins\",\"potentialAction\":[{\"@type\":\"SearchAction\",\"target\":{\"@type\":\"EntryPoint\",\"urlTemplate\":\"https:\\\/\\\/la-bergere.fr\\\/?s={search_term_string}\"},\"query-input\":{\"@type\":\"PropertyValueSpecification\",\"valueRequired\":true,\"valueName\":\"search_term_string\"}}],\"inLanguage\":\"zh-Hans\"}]}<\/script>\n<!-- \/ Yoast SEO plugin. -->","yoast_head_json":{"title":"Qu'est-ce qu'un grand cru ? - La Berg\u00e8re","robots":{"index":"index","follow":"follow","max-snippet":"max-snippet:-1","max-image-preview":"max-image-preview:large","max-video-preview":"max-video-preview:-1"},"canonical":"https:\/\/la-bergere.fr\/zh\/negoce-de-grands-crus-classes\/definition-vin-grand-cru\/","og_locale":"zh_CN","og_type":"article","og_title":"Qu'est-ce qu'un grand cru ? - La Berg\u00e8re","og_url":"https:\/\/la-bergere.fr\/zh\/negoce-de-grands-crus-classes\/definition-vin-grand-cru\/","og_site_name":"La Berg\u00e8re","article_modified_time":"2014-07-30T08:45:05+00:00","og_image":[{"width":1024,"height":450,"url":"https:\/\/la-bergere.fr\/wp-content\/uploads\/2014\/07\/bkz-152-e1406650417785.jpg","type":"image\/jpeg"}],"twitter_misc":{"\u9884\u8ba1\u9605\u8bfb\u65f6\u95f4":"2 \u5206"},"schema":{"@context":"https:\/\/schema.org","@graph":[{"@type":"WebPage","@id":"https:\/\/la-bergere.fr\/negoce-de-grands-crus-classes\/definition-vin-grand-cru\/","url":"https:\/\/la-bergere.fr\/negoce-de-grands-crus-classes\/definition-vin-grand-cru\/","name":"Qu'est-ce qu'un grand cru ? - La Berg\u00e8re","isPartOf":{"@id":"https:\/\/la-bergere.fr\/#website"},"primaryImageOfPage":{"@id":"https:\/\/la-bergere.fr\/negoce-de-grands-crus-classes\/definition-vin-grand-cru\/#primaryimage"},"image":{"@id":"https:\/\/la-bergere.fr\/negoce-de-grands-crus-classes\/definition-vin-grand-cru\/#primaryimage"},"thumbnailUrl":"https:\/\/la-bergere.fr\/wp-content\/uploads\/2014\/07\/bkz-152-e1406650417785.jpg","datePublished":"2013-10-23T08:15:15+00:00","dateModified":"2014-07-30T08:45:05+00:00","breadcrumb":{"@id":"https:\/\/la-bergere.fr\/negoce-de-grands-crus-classes\/definition-vin-grand-cru\/#breadcrumb"},"inLanguage":"zh-Hans","potentialAction":[{"@type":"ReadAction","target":["https:\/\/la-bergere.fr\/negoce-de-grands-crus-classes\/definition-vin-grand-cru\/"]}]},{"@type":"ImageObject","inLanguage":"zh-Hans","@id":"https:\/\/la-bergere.fr\/negoce-de-grands-crus-classes\/definition-vin-grand-cru\/#primaryimage","url":"https:\/\/la-bergere.fr\/wp-content\/uploads\/2014\/07\/bkz-152-e1406650417785.jpg","contentUrl":"https:\/\/la-bergere.fr\/wp-content\/uploads\/2014\/07\/bkz-152-e1406650417785.jpg","width":1024,"height":450},{"@type":"BreadcrumbList","@id":"https:\/\/la-bergere.fr\/negoce-de-grands-crus-classes\/definition-vin-grand-cru\/#breadcrumb","itemListElement":[{"@type":"ListItem","position":1,"name":"Accueil","item":"https:\/\/la-bergere.fr\/"},{"@type":"ListItem","position":2,"name":"N\u00e9goce de grands crus class\u00e9s","item":"https:\/\/la-bergere.fr\/negoce-de-grands-crus-classes\/"},{"@type":"ListItem","position":3,"name":"Qu&rsquo;est-ce qu&rsquo;un grand cru ?"}]},{"@type":"WebSite","@id":"https:\/\/la-bergere.fr\/#website","url":"https:\/\/la-bergere.fr\/","name":"\u7267\u7f8a\u5973","description":"\u7279\u7ea7\u8461\u8404\u9152\u548c\u4f18\u8d28\u8461\u8404\u9152\u7684\u8d38\u6613","potentialAction":[{"@type":"SearchAction","target":{"@type":"EntryPoint","urlTemplate":"https:\/\/la-bergere.fr\/?s={search_term_string}"},"query-input":{"@type":"PropertyValueSpecification","valueRequired":true,"valueName":"search_term_string"}}],"inLanguage":"zh-Hans"}]}},"_links":{"self":[{"href":"https:\/\/la-bergere.fr\/zh\/wp-json\/wp\/v2\/pages\/155","targetHints":{"allow":["GET"]}}],"collection":[{"href":"https:\/\/la-bergere.fr\/zh\/wp-json\/wp\/v2\/pages"}],"about":[{"href":"https:\/\/la-bergere.fr\/zh\/wp-json\/wp\/v2\/types\/page"}],"author":[{"embeddable":true,"href":"https:\/\/la-bergere.fr\/zh\/wp-json\/wp\/v2\/users\/12"}],"replies":[{"embeddable":true,"href":"https:\/\/la-bergere.fr\/zh\/wp-json\/wp\/v2\/comments?post=155"}],"version-history":[{"count":0,"href":"https:\/\/la-bergere.fr\/zh\/wp-json\/wp\/v2\/pages\/155\/revisions"}],"up":[{"embeddable":true,"href":"https:\/\/la-bergere.fr\/zh\/wp-json\/wp\/v2\/pages\/16"}],"wp:featuredmedia":[{"embeddable":true,"href":"https:\/\/la-bergere.fr\/zh\/wp-json\/wp\/v2\/media\/1522"}],"wp:attachment":[{"href":"https:\/\/la-bergere.fr\/zh\/wp-json\/wp\/v2\/media?parent=155"}],"curies":[{"name":"wp","href":"https:\/\/api.w.org\/{rel}","templated":true}]}}