{"id":153,"date":"2013-10-23T08:58:31","date_gmt":"2013-10-23T07:58:31","guid":{"rendered":"http:\/\/localhost\/labergere\/?page_id=153"},"modified":"2014-11-10T17:57:45","modified_gmt":"2014-11-10T16:57:45","slug":"offre-la-bergere-investment","status":"publish","type":"page","link":"https:\/\/la-bergere.fr\/zh\/groupe-labergere\/offre-la-bergere-investment\/","title":{"rendered":"\u6295\u8d44\u8461\u8404\u9152"},"content":{"rendered":"<div class=\"clearfix  row-fluid krown-column-row clearfix\">\n\t<div class=\"span12 krown-column-container clearfix column_container\">\n\t\t<div class=\"clearfix\">\n\t\t<div class=\"wpb_wrapper\">\n\t\t\t<p><strong>\u4f18\u8d28\u8461\u8404\u9152\uff1a\u6700\u4f73\u53e6\u7c7b\u6295\u8d44<\/strong>.<\/p>\n<p><img loading=\"lazy\" decoding=\"async\" class=\"alignright size-full wp-image-1511\" src=\"https:\/\/la-bergere.fr\/wp-content\/uploads\/2014\/07\/bkz-141.jpg\" alt=\"bkz-141\" width=\"278\" height=\"112\" \/><\/p>\n<h3><strong>\u8461\u8404\u9152\u662f\u6709\u5f62\u8d44\u4ea7<\/strong>,<\/h3>\n<p>\u968f\u7740\u65f6\u95f4\u7684\u63a8\u79fb\uff0c\u60c5\u51b5\u4f1a\u8d8a\u6765\u8d8a\u597d\u3002\u5b83\u7684\u4ea7\u91cf\u6709\u9650\uff0c\u662f\u62b5\u5fa1\u901a\u8d27\u81a8\u80c0\u7684\u7edd\u4f73\u9009\u62e9\u3002<\/p>\n<p>\u8461\u8404\u9152\u7684\u8868\u73b0\u4e0e\u91d1\u878d\u5e02\u573a\u6216\u8d27\u5e01\u7684\u53d8\u5316\u4e4b\u95f4\u6ca1\u6709\u76f4\u63a5\u8054\u7cfb\u3002\u56e0\u6b64\uff0c\u5b83\u4e0d\u592a\u5bb9\u6613\u53d7\u5230\u91d1\u878d\u5371\u673a\u7684\u98ce\u9669\uff0c\u4f8b\u5982\u4e3b\u6743\u503a\u52a1\u8fdd\u7ea6\u6216\u80a1\u5e02\u5d29\u76d8\u9020\u6210\u7684\u5371\u673a\u3002<\/p>\n<h3><strong>\u8461\u8404\u9152\uff1a\u826f\u597d\u7684\u6027\u80fd\u548c\u975e\u5e38\u624e\u5b9e\u7684\u57fa\u7840\uff1a<\/strong><\/h3>\n<p>Liv-ex 100\uff08\u7279\u7ea7\u8461\u8404\u56ed\u7684\u57fa\u51c6\u6307\u6570\uff09\u663e\u793a\u8fc7\u53bb 20 \u5e74\u7684\u5e73\u5747\u5e74\u56de\u62a5\u7387\u4e3a 12%\u3002\u76f8\u6bd4\u4e4b\u4e0b\uff0cCAC 40 \u540c\u671f\u7684\u5e74\u56de\u62a5\u7387\u4e3a 6%\uff08\u5305\u62ec\u80a1\u606f\uff09\uff0c\u9ec4\u91d1\u4e3a 6%\uff0c\u77f3\u6cb9\u4e3a 10%\u3002\u7531\u4e8e\u5176\u5728\u7ed3\u6784\u4e0a\u975e\u5e38\u6709\u9650\u7684\u4f9b\u5e94\uff0c\u8fd9\u79cd\u5962\u4f88\u54c1\u662f\u7531\u4e16\u754c\u4e0a\u8d8a\u6765\u8d8a\u591a\u7684\u9ad8\u6536\u5165\u9636\u5c42\u7684\u9700\u6c42\u63a8\u52a8\u7684\u3002<\/p>\n<h3><strong>\u901a\u8fc7 La Bergere Investment \u8fdb\u884c\u6295\u8d44\uff1a\u00a0<\/strong><\/h3>\n<p>\u5f97\u76ca\u4e8e\u5176\u4e13\u5bb6\u56e2\u961f\u53ca\u5176\u6280\u672f\u548c\u57fa\u7840\u5206\u6790\u7cfb\u7edf\uff0cLa Berg\u00e8re \u4e3a\u5176\u5ba2\u6237\u63d0\u4f9b\u4e86\u901a\u8fc7 AMF\uff08\u91d1\u878d\u5e02\u573a\u7ba1\u7406\u5c40\uff09\u6279\u51c6\u7684\u521b\u65b0\u6a21\u5f0f\uff08\u5373 Heritage Cellar\uff09\u6295\u8d44\u7279\u7ea7\u8461\u8404\u56ed\u7684\u673a\u4f1a\u3002<\/p>\n<p>&nbsp;<\/p>\n<p><em>\u98ce\u9669\u56e0\u7d20 \uff1a<\/em><\/p>\n<p><em>\u9009\u62e9\u6295\u8d44\u7279\u7ea7\u56ed\u7684\u6295\u8d44\u8005\u4e3b\u8981\u9762\u4e34\u4ee5\u4e0b\u98ce\u9669\uff1a<\/em><\/p>\n<ul>\n<li><em><span class=\"list3\">\u8d44\u672c\u635f\u5931\u98ce\u9669\uff1a\u6295\u8d44\u7279\u7ea7\u8461\u8404\u56ed\u5e76\u4e0d\u80fd\u4fdd\u8bc1\u6295\u8d44\u8005\u7684\u56de\u62a5\u3002\u6709\u8d44\u91d1\u635f\u5931\u7684\u98ce\u9669<\/span><\/em><\/li>\n<li><em><span class=\"list3\">\u7f3a\u4e4f\u6d41\u52a8\u6027\uff1a\u7279\u7ea7\u8461\u8404\u56ed\u7684\u8f6c\u552e\u5b58\u5728\u6d41\u52a8\u6027\u4e0d\u8db3\u7684\u98ce\u9669\uff0c\u5728\u6388\u6743\u671f\u95f4\u3001\u6295\u8d44\u7ec4\u5408\u6e05\u7b97\u671f\u95f4\u6216\u6295\u8d44\u8005\u5e0c\u671b\u8f6c\u552e\u5176\u7279\u7ea7\u8461\u8404\u56ed\u65f6\uff0c\u4e0d\u4e00\u5b9a\u4f1a\u6709\u4e70\u5bb6\u53ef\u80fd\u56de\u8d2d\u7279\u7ea7\u8461\u8404\u56ed<\/span><\/em><\/li>\n<li><em><span class=\"list3\">\u5e02\u573a\u98ce\u9669\uff1a\u7279\u7ea7\u56ed\u5e02\u573a\u6216\u591a\u6216\u5c11\u4f1a\u53d7\u5230\u56fd\u9645\u7ecf\u6d4e\u5f62\u52bf\u7684\u5f71\u54cd\u00a0<\/span><\/em><\/li>\n<li><em><span class=\"list3\">\u7a0e\u6536\u98ce\u9669\uff1a\u5b58\u5728\u51cf\u5c11\u6216\u4e27\u5931\u6240\u83b7\u5f97\u7684\u7a0e\u6536\u4f18\u60e0\u7684\u98ce\u9669\uff0c\u7279\u522b\u662f\u5728\u9002\u7528\u6cd5\u89c4\u53d1\u751f\u53d8\u5316\u4e4b\u540e<\/span><\/em><\/li>\n<li><em><span class=\"list3\">\u8fd0\u8f93\u548c\u50a8\u5b58\u98ce\u9669\uff1aLA BERGERE \u5c3d\u4e00\u5207\u52aa\u529b\u786e\u4fdd\u7279\u7ea7\u8461\u8404\u56ed\u5728\u8fd0\u8f93\u5230\u4ed3\u5e93\u7684\u8fc7\u7a0b\u4e2d\u5f97\u5230\u6700\u4f73\u548c\u5b89\u5168\u7684\u50a8\u5b58\u3002\u540c\u6837\uff0cLA BERGERE \u9009\u62e9\u4e86\u4e00\u5bb6\u4e13\u95e8\u50a8\u5b58\u7279\u7ea7\u8461\u8404\u56ed\u7684\u7a0e\u52a1\u4ed3\u5e93\uff0c\u627f\u8bfa\u9075\u5b88\u4e25\u683c\u7684\u89c4\u5b9a\uff0c\u4ee5\u6700\u4f73\u65b9\u5f0f\u4fdd\u62a4\u7279\u7ea7\u8461\u8404\u56ed\u3002\u7136\u800c\uff0c\u65e0\u8bba\u662f\u8fd0\u8f93\u8fd8\u662f\u4fdd\u5b58\uff0c\u4f18\u8d28\u8461\u8404\u9152\u90fd\u5b58\u5728\u53d8\u8d28\u7684\u98ce\u9669\uff1b LA BERGERE \u548c EHD \u7a0e\u52a1\u4ed3\u5e93\u90fd\u8d2d\u4e70\u4e86\u6db5\u76d6\u76f8\u5173\u98ce\u9669\u7684\u4fdd\u9669\u5355\u3002<\/span><\/em><\/li>\n<\/ul>\n\n\t\t<\/div> \n\t<\/div> \n\t<\/div> \n<\/div><div class=\"clearfix  row-fluid krown-column-row clearfix\">\n\t<div class=\"span6 krown-column-container clearfix column_container\">\n\t\t<a class=\"rbButton light large\" href=\"\/zh\/nous-contacter\/\" target=\"_self\">\u8054\u7cfb\u6295\u8d44\u987e\u95ee<\/a>\n\t<\/div> \n\n\t<div class=\"span6 krown-column-container clearfix column_container\">\n\t\t\n\t<\/div> \n<\/div>","protected":false},"excerpt":{"rendered":"Les grands vins : Le meilleur investissement alternatif. Le vin est un actif tangible, qui se bonifie et se rar\u00e9fie avec le temps. Produit en quantit\u00e9 limit\u00e9e, il repr\u00e9sente un excellent refuge contre l\u2019inflation. Il n\u2019y\u00a0a pas de lien direct entre\u00a0la\u00a0performance\u00a0du vin\u00a0et celle des march\u00e9s financiers ni\u00a0avec les variations\u00a0des devises mon\u00e9taires. Il est donc\u00a0moins\u00a0expos\u00e9 au [...]","protected":false},"author":12,"featured_media":2187,"parent":21,"menu_order":3,"comment_status":"open","ping_status":"open","template":"template-page-standard.php","meta":{"footnotes":""},"class_list":["post-153","page","type-page","status-publish","has-post-thumbnail","hentry"],"yoast_head":"<!-- This site is optimized with the Yoast SEO plugin v27.4 - https:\/\/yoast.com\/product\/yoast-seo-wordpress\/ -->\n<title>Investir dans le vin - La Berg\u00e8re<\/title>\n<meta name=\"robots\" content=\"index, follow, max-snippet:-1, max-image-preview:large, max-video-preview:-1\" \/>\n<link rel=\"canonical\" href=\"https:\/\/la-bergere.fr\/zh\/groupe-labergere\/offre-la-bergere-investment\/\" \/>\n<meta property=\"og:locale\" content=\"zh_CN\" \/>\n<meta property=\"og:type\" content=\"article\" \/>\n<meta property=\"og:title\" content=\"Investir dans le vin - La Berg\u00e8re\" \/>\n<meta property=\"og:url\" content=\"https:\/\/la-bergere.fr\/zh\/groupe-labergere\/offre-la-bergere-investment\/\" \/>\n<meta property=\"og:site_name\" content=\"La Berg\u00e8re\" \/>\n<meta property=\"article:modified_time\" content=\"2014-11-10T16:57:45+00:00\" \/>\n<meta property=\"og:image\" content=\"https:\/\/la-bergere.fr\/wp-content\/uploads\/2014\/07\/bkz-header8.jpg\" \/>\n\t<meta property=\"og:image:width\" content=\"1024\" \/>\n\t<meta property=\"og:image:height\" content=\"450\" \/>\n\t<meta property=\"og:image:type\" content=\"image\/jpeg\" \/>\n<meta name=\"twitter:label1\" content=\"\u9884\u8ba1\u9605\u8bfb\u65f6\u95f4\" \/>\n\t<meta name=\"twitter:data1\" content=\"3 \u5206\" \/>\n<script type=\"application\/ld+json\" class=\"yoast-schema-graph\">{\"@context\":\"https:\\\/\\\/schema.org\",\"@graph\":[{\"@type\":\"WebPage\",\"@id\":\"https:\\\/\\\/la-bergere.fr\\\/groupe-labergere\\\/offre-la-bergere-investment\\\/\",\"url\":\"https:\\\/\\\/la-bergere.fr\\\/groupe-labergere\\\/offre-la-bergere-investment\\\/\",\"name\":\"Investir dans le vin - La Berg\u00e8re\",\"isPartOf\":{\"@id\":\"https:\\\/\\\/la-bergere.fr\\\/#website\"},\"primaryImageOfPage\":{\"@id\":\"https:\\\/\\\/la-bergere.fr\\\/groupe-labergere\\\/offre-la-bergere-investment\\\/#primaryimage\"},\"image\":{\"@id\":\"https:\\\/\\\/la-bergere.fr\\\/groupe-labergere\\\/offre-la-bergere-investment\\\/#primaryimage\"},\"thumbnailUrl\":\"https:\\\/\\\/la-bergere.fr\\\/wp-content\\\/uploads\\\/2014\\\/07\\\/bkz-header8.jpg\",\"datePublished\":\"2013-10-23T07:58:31+00:00\",\"dateModified\":\"2014-11-10T16:57:45+00:00\",\"breadcrumb\":{\"@id\":\"https:\\\/\\\/la-bergere.fr\\\/groupe-labergere\\\/offre-la-bergere-investment\\\/#breadcrumb\"},\"inLanguage\":\"zh-Hans\",\"potentialAction\":[{\"@type\":\"ReadAction\",\"target\":[\"https:\\\/\\\/la-bergere.fr\\\/groupe-labergere\\\/offre-la-bergere-investment\\\/\"]}]},{\"@type\":\"ImageObject\",\"inLanguage\":\"zh-Hans\",\"@id\":\"https:\\\/\\\/la-bergere.fr\\\/groupe-labergere\\\/offre-la-bergere-investment\\\/#primaryimage\",\"url\":\"https:\\\/\\\/la-bergere.fr\\\/wp-content\\\/uploads\\\/2014\\\/07\\\/bkz-header8.jpg\",\"contentUrl\":\"https:\\\/\\\/la-bergere.fr\\\/wp-content\\\/uploads\\\/2014\\\/07\\\/bkz-header8.jpg\",\"width\":1024,\"height\":450},{\"@type\":\"BreadcrumbList\",\"@id\":\"https:\\\/\\\/la-bergere.fr\\\/groupe-labergere\\\/offre-la-bergere-investment\\\/#breadcrumb\",\"itemListElement\":[{\"@type\":\"ListItem\",\"position\":1,\"name\":\"Accueil\",\"item\":\"https:\\\/\\\/la-bergere.fr\\\/\"},{\"@type\":\"ListItem\",\"position\":2,\"name\":\"Le Groupe La Berg\u00e8re\",\"item\":\"https:\\\/\\\/la-bergere.fr\\\/groupe-labergere\\\/\"},{\"@type\":\"ListItem\",\"position\":3,\"name\":\"Investir dans le vin\"}]},{\"@type\":\"WebSite\",\"@id\":\"https:\\\/\\\/la-bergere.fr\\\/#website\",\"url\":\"https:\\\/\\\/la-bergere.fr\\\/\",\"name\":\"La Berg\u00e8re\",\"description\":\"N\u00e9goce de grands crus et vins fins\",\"potentialAction\":[{\"@type\":\"SearchAction\",\"target\":{\"@type\":\"EntryPoint\",\"urlTemplate\":\"https:\\\/\\\/la-bergere.fr\\\/?s={search_term_string}\"},\"query-input\":{\"@type\":\"PropertyValueSpecification\",\"valueRequired\":true,\"valueName\":\"search_term_string\"}}],\"inLanguage\":\"zh-Hans\"}]}<\/script>\n<!-- \/ Yoast SEO plugin. -->","yoast_head_json":{"title":"Investir dans le vin - La Berg\u00e8re","robots":{"index":"index","follow":"follow","max-snippet":"max-snippet:-1","max-image-preview":"max-image-preview:large","max-video-preview":"max-video-preview:-1"},"canonical":"https:\/\/la-bergere.fr\/zh\/groupe-labergere\/offre-la-bergere-investment\/","og_locale":"zh_CN","og_type":"article","og_title":"Investir dans le vin - La Berg\u00e8re","og_url":"https:\/\/la-bergere.fr\/zh\/groupe-labergere\/offre-la-bergere-investment\/","og_site_name":"La Berg\u00e8re","article_modified_time":"2014-11-10T16:57:45+00:00","og_image":[{"width":1024,"height":450,"url":"https:\/\/la-bergere.fr\/wp-content\/uploads\/2014\/07\/bkz-header8.jpg","type":"image\/jpeg"}],"twitter_misc":{"\u9884\u8ba1\u9605\u8bfb\u65f6\u95f4":"3 \u5206"},"schema":{"@context":"https:\/\/schema.org","@graph":[{"@type":"WebPage","@id":"https:\/\/la-bergere.fr\/groupe-labergere\/offre-la-bergere-investment\/","url":"https:\/\/la-bergere.fr\/groupe-labergere\/offre-la-bergere-investment\/","name":"Investir dans le vin - La Berg\u00e8re","isPartOf":{"@id":"https:\/\/la-bergere.fr\/#website"},"primaryImageOfPage":{"@id":"https:\/\/la-bergere.fr\/groupe-labergere\/offre-la-bergere-investment\/#primaryimage"},"image":{"@id":"https:\/\/la-bergere.fr\/groupe-labergere\/offre-la-bergere-investment\/#primaryimage"},"thumbnailUrl":"https:\/\/la-bergere.fr\/wp-content\/uploads\/2014\/07\/bkz-header8.jpg","datePublished":"2013-10-23T07:58:31+00:00","dateModified":"2014-11-10T16:57:45+00:00","breadcrumb":{"@id":"https:\/\/la-bergere.fr\/groupe-labergere\/offre-la-bergere-investment\/#breadcrumb"},"inLanguage":"zh-Hans","potentialAction":[{"@type":"ReadAction","target":["https:\/\/la-bergere.fr\/groupe-labergere\/offre-la-bergere-investment\/"]}]},{"@type":"ImageObject","inLanguage":"zh-Hans","@id":"https:\/\/la-bergere.fr\/groupe-labergere\/offre-la-bergere-investment\/#primaryimage","url":"https:\/\/la-bergere.fr\/wp-content\/uploads\/2014\/07\/bkz-header8.jpg","contentUrl":"https:\/\/la-bergere.fr\/wp-content\/uploads\/2014\/07\/bkz-header8.jpg","width":1024,"height":450},{"@type":"BreadcrumbList","@id":"https:\/\/la-bergere.fr\/groupe-labergere\/offre-la-bergere-investment\/#breadcrumb","itemListElement":[{"@type":"ListItem","position":1,"name":"Accueil","item":"https:\/\/la-bergere.fr\/"},{"@type":"ListItem","position":2,"name":"Le Groupe La Berg\u00e8re","item":"https:\/\/la-bergere.fr\/groupe-labergere\/"},{"@type":"ListItem","position":3,"name":"Investir dans le vin"}]},{"@type":"WebSite","@id":"https:\/\/la-bergere.fr\/#website","url":"https:\/\/la-bergere.fr\/","name":"\u7267\u7f8a\u5973","description":"\u7279\u7ea7\u8461\u8404\u9152\u548c\u4f18\u8d28\u8461\u8404\u9152\u7684\u8d38\u6613","potentialAction":[{"@type":"SearchAction","target":{"@type":"EntryPoint","urlTemplate":"https:\/\/la-bergere.fr\/?s={search_term_string}"},"query-input":{"@type":"PropertyValueSpecification","valueRequired":true,"valueName":"search_term_string"}}],"inLanguage":"zh-Hans"}]}},"_links":{"self":[{"href":"https:\/\/la-bergere.fr\/zh\/wp-json\/wp\/v2\/pages\/153","targetHints":{"allow":["GET"]}}],"collection":[{"href":"https:\/\/la-bergere.fr\/zh\/wp-json\/wp\/v2\/pages"}],"about":[{"href":"https:\/\/la-bergere.fr\/zh\/wp-json\/wp\/v2\/types\/page"}],"author":[{"embeddable":true,"href":"https:\/\/la-bergere.fr\/zh\/wp-json\/wp\/v2\/users\/12"}],"replies":[{"embeddable":true,"href":"https:\/\/la-bergere.fr\/zh\/wp-json\/wp\/v2\/comments?post=153"}],"version-history":[{"count":5,"href":"https:\/\/la-bergere.fr\/zh\/wp-json\/wp\/v2\/pages\/153\/revisions"}],"predecessor-version":[{"id":2892,"href":"https:\/\/la-bergere.fr\/zh\/wp-json\/wp\/v2\/pages\/153\/revisions\/2892"}],"up":[{"embeddable":true,"href":"https:\/\/la-bergere.fr\/zh\/wp-json\/wp\/v2\/pages\/21"}],"wp:featuredmedia":[{"embeddable":true,"href":"https:\/\/la-bergere.fr\/zh\/wp-json\/wp\/v2\/media\/2187"}],"wp:attachment":[{"href":"https:\/\/la-bergere.fr\/zh\/wp-json\/wp\/v2\/media?parent=153"}],"curies":[{"name":"wp","href":"https:\/\/api.w.org\/{rel}","templated":true}]}}