{"id":1081,"date":"2014-03-04T11:19:33","date_gmt":"2014-03-04T10:19:33","guid":{"rendered":"http:\/\/localhost-wp\/www.labergerevintners.com\/?page_id=1081"},"modified":"2025-12-04T11:12:13","modified_gmt":"2025-12-04T10:12:13","slug":"mentions-legales","status":"publish","type":"page","link":"https:\/\/la-bergere.fr\/zh\/mentions-legales\/","title":{"rendered":"\u6cd5\u5f8b\u58f0\u660e"},"content":{"rendered":"<div class=\"clearfix  row-fluid krown-column-row clearfix \">\n\t<div class=\"span12 krown-column-container clearfix column_container\">\n\t\t<div class=\"clearfix \">\n\t\t<div class=\"wpb_wrapper\">\n\t\t\t<p>Ce site est \u00e9dit\u00e9 par SAS LA BERGERE, soci\u00e9t\u00e9 par actions simplifi\u00e9e au capital de 249.300 \u20ac, immatricul\u00e9e au RCS de BORDEAUX sous le num\u00e9ro 492 916 879, dont le si\u00e8ge social est situ\u00e9 :<\/p>\n<p>61-63 rue Docteur Albert Barraud<br \/>\n33000 Bordeaux France<br \/>\nT\u00e9l\u00e9phone: +33 (0)5 57 93 41 59<br \/>\nAdresse e-mail: info[@]labergerevintners.com<\/p>\n<p>Directeur de la Publication: Monsieur Antonin PON en sa qualit\u00e9 de Pr\u00e9sident de SAS LA BERGERE.<\/p>\n<p>Ce site est h\u00e9berg\u00e9 par la soci\u00e9t\u00e9 OVH :<br \/>\nSAS au capital de 10 000 000 \u20ac<br \/>\nRCS Roubaix \u2013 Tourcoing 424 761 419 00045.<br \/>\nCode APE 6202A &#8211; N\u00b0 TVA : FR 22 424 761 419<\/p>\n<h2>Politique de protection de la vie priv\u00e9e:<\/h2>\n<h4>Cookies<\/h4>\n<p>Lors de la consultation de notre site, nous pouvons \u00eatre amen\u00e9s, sous r\u00e9serve de vos choix, \u00e0 installer divers cookies dans votre terminal nous permettant de reconna\u00eetre le navigateur de votre terminal pendant la dur\u00e9e de validit\u00e9 du cookie concern\u00e9. Les cookies que nous \u00e9mettons sont utilis\u00e9s aux fins d\u00e9crites ci-dessous:<\/p>\n<p>&#8211; \u00e9tablir des statistiques et des volumes de fr\u00e9quentation et d&rsquo;utilisation des divers \u00e9l\u00e9ments compostant notre site. Les cookies nous permettent ainsi d&rsquo;am\u00e9liorer l&rsquo;int\u00e9r\u00eat et l&rsquo;ergonomie de nos services.<br \/>\n&#8211; adapter la pr\u00e9sentation de notre site aux pr\u00e9f\u00e9rences d&rsquo;affichage de votre terminal (langue utilis\u00e9e, r\u00e9solution d&rsquo;affichage, syst\u00e8me d&rsquo;exploitation utilis\u00e9s, etc.) lors de vos visites sur le site, selon les mat\u00e9riels et les logiciels de \u00a0\u00a0\u00a0visualisation ou de lecture que votre terminal comporte,<br \/>\n&#8211; de m\u00e9moriser des informations relatives \u00e0 un formulaire que vous avez rempli sur notre site,<br \/>\n&#8211; de vous permettre d&rsquo;acc\u00e9der \u00e0 des espaces r\u00e9serv\u00e9s et personnels de notre site,<br \/>\n&#8211; de mettre en \u0153uvre des mesures de s\u00e9curit\u00e9, par exemple lorsqu&rsquo;il vous est demand\u00e9 de vous connecter \u00e0 nouveau \u00e0 un contenu ou un service apr\u00e8s un laps de temps.<\/p>\n<h4>Donn\u00e9es personnelles<\/h4>\n<p><strong>Responsable du traitement<\/strong><\/p>\n<p>Les informations et donn\u00e9es recueillies sur le site sont destin\u00e9es \u00e0 LA BERGERE SAS, SAS, 61-63 Rue Docteur Albert Barraud, 33000 Bordeaux, logistics@la-bergere.fr.<\/p>\n<p><strong>Donn\u00e9es collect\u00e9es<br \/>\n<\/strong><br \/>\nDans le cadre de nos activit\u00e9s, nous collectons uniquement les donn\u00e9es n\u00e9cessaires \u00e0 la<br \/>\ngestion de la relation commerciale :<br \/>\n&#8211; Identification : nom, pr\u00e9nom, raison sociale, fonction.<br \/>\n&#8211; Coordonn\u00e9es : adresse, email, t\u00e9l\u00e9phone.<br \/>\n&#8211; Donn\u00e9es li\u00e9es aux commandes : produits, livraisons, facturation, donn\u00e9es de paiement.<\/p>\n<p>Nous ne collectons aucune donn\u00e9e sensible.<\/p>\n<p><strong>Finalit\u00e9s et base l\u00e9gale<\/strong><\/p>\n<p>Vos donn\u00e9es sont trait\u00e9es pour :<\/p>\n<p>&#8211; La gestion des demandes, devis et commandes (ex\u00e9cution d\u2019un contrat).<br \/>\n&#8211; La facturation, le paiement et la comptabilit\u00e9 (obligations l\u00e9gales).<br \/>\n&#8211; Le suivi commercial et la relation client (int\u00e9r\u00eat l\u00e9gitime).<br \/>\n&#8211; L\u2019envoi d\u2019informations commerciales si vous y avez consenti.<\/p>\n<p><strong>Destinataires des donn\u00e9es<\/strong><\/p>\n<p>Les donn\u00e9es sont partag\u00e9es avec :<\/p>\n<p>&#8211; Les services internes habilit\u00e9s ;<br \/>\n&#8211; Nos prestataires logistiques, comptables et informatiques ;<br \/>\n&#8211; 360Wine SAS, soci\u00e9t\u00e9 holding \u00e0 laquelle La Berg\u00e8re appartient ;<br \/>\n&#8211; Les autorit\u00e9s comp\u00e9tentes en cas d\u2019obligation l\u00e9gale.<\/p>\n<p>Aucune donn\u00e9e n\u2019est vendue.<\/p>\n<p><strong>Transferts hors UE<\/strong><\/p>\n<p>Si des donn\u00e9es sont transf\u00e9r\u00e9es hors de l\u2019UE (ex. prestataires internationaux), nous appliquons les garanties appropri\u00e9es pr\u00e9vues par le RGPD (clauses contractuelles types, pays reconnus ad\u00e9quats, etc.).<\/p>\n<p><strong>Dur\u00e9e de conservation<br \/>\n<\/strong><br \/>\nLes donn\u00e9es sont conserv\u00e9es :<\/p>\n<p>&#8211; Pendant la relation commerciale puis jusqu\u2019\u00e0 <strong>3 ans<\/strong> pour la prospection.<br \/>\n&#8211;\u00a0 Les documents comptables : <strong>10 ans<\/strong> (obligation l\u00e9gale).<br \/>\n&#8211; Les documents contractuels : <strong>5 ans<\/strong> apr\u00e8s la fin du contrat.<\/p>\n<p><strong>Vos droits<br \/>\n<\/strong><br \/>\nConform\u00e9ment au RGPD, vous disposez des droits suivants :<\/p>\n<p>&#8211; Acc\u00e8s, rectification, effacement, limitation, opposition, portabilit\u00e9.<br \/>\n&#8211; Retrait de votre consentement \u00e0 tout moment (pour les usages bas\u00e9s sur le consentement).<br \/>\n&#8211; R\u00e9clamation aupr\u00e8s de votre autorit\u00e9 de contr\u00f4le (ex. CNIL en France).<\/p>\n<p>Vous pouvez exercer vos droits en \u00e9crivant \u00e0 : logistics@la-bergere.fr<\/p>\n<p><strong>S\u00e9curit\u00e9<br \/>\n<\/strong><br \/>\nNous mettons en \u0153uvre des mesures techniques et organisationnelles adapt\u00e9es pour prot\u00e9ger vos donn\u00e9es contre la perte, l\u2019acc\u00e8s non autoris\u00e9 ou l\u2019utilisation abusive.<\/p>\n<p><strong>Mise \u00e0 jour<br \/>\n<\/strong><br \/>\nLa pr\u00e9sente politique peut \u00eatre mise \u00e0 jour. La version en vigueur est celle accessible sur simple demande ou transmise lors de vos \u00e9changes avec nous.<\/p>\n\n\t\t<\/div> \n\t<\/div> \n\t<\/div> \n<\/div>\n","protected":false},"excerpt":{"rendered":"Ce site est \u00e9dit\u00e9 par SAS LA BERGERE, soci\u00e9t\u00e9 par actions simplifi\u00e9e au capital de 249.300 \u20ac, immatricul\u00e9e au RCS de BORDEAUX sous le num\u00e9ro 492 916 879, dont le si\u00e8ge social est situ\u00e9 : 61-63 rue Docteur Albert Barraud 33000 Bordeaux France T\u00e9l\u00e9phone: +33 (0)5 57 93 41 59 Adresse e-mail: info[@]labergerevintners.com Directeur de [...]","protected":false},"author":12,"featured_media":0,"parent":0,"menu_order":19,"comment_status":"closed","ping_status":"closed","template":"","meta":{"footnotes":""},"class_list":["post-1081","page","type-page","status-publish","hentry"],"yoast_head":"<!-- This site is optimized with the Yoast SEO plugin v27.3 - https:\/\/yoast.com\/product\/yoast-seo-wordpress\/ -->\n<title>Mentions l\u00e9gales - La Berg\u00e8re<\/title>\n<meta name=\"robots\" content=\"index, follow, max-snippet:-1, max-image-preview:large, max-video-preview:-1\" \/>\n<link rel=\"canonical\" href=\"https:\/\/la-bergere.fr\/zh\/mentions-legales\/\" \/>\n<meta property=\"og:locale\" content=\"zh_CN\" \/>\n<meta property=\"og:type\" content=\"article\" \/>\n<meta property=\"og:title\" content=\"Mentions l\u00e9gales - La Berg\u00e8re\" \/>\n<meta property=\"og:url\" content=\"https:\/\/la-bergere.fr\/zh\/mentions-legales\/\" \/>\n<meta property=\"og:site_name\" content=\"La Berg\u00e8re\" \/>\n<meta property=\"article:modified_time\" content=\"2025-12-04T10:12:13+00:00\" \/>\n<meta name=\"twitter:label1\" content=\"\u9884\u8ba1\u9605\u8bfb\u65f6\u95f4\" \/>\n\t<meta name=\"twitter:data1\" content=\"4 \u5206\" \/>\n<script type=\"application\/ld+json\" class=\"yoast-schema-graph\">{\"@context\":\"https:\\\/\\\/schema.org\",\"@graph\":[{\"@type\":\"WebPage\",\"@id\":\"https:\\\/\\\/la-bergere.fr\\\/mentions-legales\\\/\",\"url\":\"https:\\\/\\\/la-bergere.fr\\\/mentions-legales\\\/\",\"name\":\"Mentions l\u00e9gales - La Berg\u00e8re\",\"isPartOf\":{\"@id\":\"https:\\\/\\\/la-bergere.fr\\\/#website\"},\"datePublished\":\"2014-03-04T10:19:33+00:00\",\"dateModified\":\"2025-12-04T10:12:13+00:00\",\"breadcrumb\":{\"@id\":\"https:\\\/\\\/la-bergere.fr\\\/mentions-legales\\\/#breadcrumb\"},\"inLanguage\":\"zh-Hans\",\"potentialAction\":[{\"@type\":\"ReadAction\",\"target\":[\"https:\\\/\\\/la-bergere.fr\\\/mentions-legales\\\/\"]}]},{\"@type\":\"BreadcrumbList\",\"@id\":\"https:\\\/\\\/la-bergere.fr\\\/mentions-legales\\\/#breadcrumb\",\"itemListElement\":[{\"@type\":\"ListItem\",\"position\":1,\"name\":\"Accueil\",\"item\":\"https:\\\/\\\/la-bergere.fr\\\/\"},{\"@type\":\"ListItem\",\"position\":2,\"name\":\"Mentions l\u00e9gales\"}]},{\"@type\":\"WebSite\",\"@id\":\"https:\\\/\\\/la-bergere.fr\\\/#website\",\"url\":\"https:\\\/\\\/la-bergere.fr\\\/\",\"name\":\"La Berg\u00e8re\",\"description\":\"N\u00e9goce de grands crus et vins fins\",\"potentialAction\":[{\"@type\":\"SearchAction\",\"target\":{\"@type\":\"EntryPoint\",\"urlTemplate\":\"https:\\\/\\\/la-bergere.fr\\\/?s={search_term_string}\"},\"query-input\":{\"@type\":\"PropertyValueSpecification\",\"valueRequired\":true,\"valueName\":\"search_term_string\"}}],\"inLanguage\":\"zh-Hans\"}]}<\/script>\n<!-- \/ Yoast SEO plugin. -->","yoast_head_json":{"title":"Mentions l\u00e9gales - La Berg\u00e8re","robots":{"index":"index","follow":"follow","max-snippet":"max-snippet:-1","max-image-preview":"max-image-preview:large","max-video-preview":"max-video-preview:-1"},"canonical":"https:\/\/la-bergere.fr\/zh\/mentions-legales\/","og_locale":"zh_CN","og_type":"article","og_title":"Mentions l\u00e9gales - La Berg\u00e8re","og_url":"https:\/\/la-bergere.fr\/zh\/mentions-legales\/","og_site_name":"La Berg\u00e8re","article_modified_time":"2025-12-04T10:12:13+00:00","twitter_misc":{"\u9884\u8ba1\u9605\u8bfb\u65f6\u95f4":"4 \u5206"},"schema":{"@context":"https:\/\/schema.org","@graph":[{"@type":"WebPage","@id":"https:\/\/la-bergere.fr\/mentions-legales\/","url":"https:\/\/la-bergere.fr\/mentions-legales\/","name":"Mentions l\u00e9gales - La Berg\u00e8re","isPartOf":{"@id":"https:\/\/la-bergere.fr\/#website"},"datePublished":"2014-03-04T10:19:33+00:00","dateModified":"2025-12-04T10:12:13+00:00","breadcrumb":{"@id":"https:\/\/la-bergere.fr\/mentions-legales\/#breadcrumb"},"inLanguage":"zh-Hans","potentialAction":[{"@type":"ReadAction","target":["https:\/\/la-bergere.fr\/mentions-legales\/"]}]},{"@type":"BreadcrumbList","@id":"https:\/\/la-bergere.fr\/mentions-legales\/#breadcrumb","itemListElement":[{"@type":"ListItem","position":1,"name":"Accueil","item":"https:\/\/la-bergere.fr\/"},{"@type":"ListItem","position":2,"name":"Mentions l\u00e9gales"}]},{"@type":"WebSite","@id":"https:\/\/la-bergere.fr\/#website","url":"https:\/\/la-bergere.fr\/","name":"\u7267\u7f8a\u5973","description":"\u7279\u7ea7\u8461\u8404\u9152\u548c\u4f18\u8d28\u8461\u8404\u9152\u7684\u8d38\u6613","potentialAction":[{"@type":"SearchAction","target":{"@type":"EntryPoint","urlTemplate":"https:\/\/la-bergere.fr\/?s={search_term_string}"},"query-input":{"@type":"PropertyValueSpecification","valueRequired":true,"valueName":"search_term_string"}}],"inLanguage":"zh-Hans"}]}},"_links":{"self":[{"href":"https:\/\/la-bergere.fr\/zh\/wp-json\/wp\/v2\/pages\/1081","targetHints":{"allow":["GET"]}}],"collection":[{"href":"https:\/\/la-bergere.fr\/zh\/wp-json\/wp\/v2\/pages"}],"about":[{"href":"https:\/\/la-bergere.fr\/zh\/wp-json\/wp\/v2\/types\/page"}],"author":[{"embeddable":true,"href":"https:\/\/la-bergere.fr\/zh\/wp-json\/wp\/v2\/users\/12"}],"replies":[{"embeddable":true,"href":"https:\/\/la-bergere.fr\/zh\/wp-json\/wp\/v2\/comments?post=1081"}],"version-history":[{"count":7,"href":"https:\/\/la-bergere.fr\/zh\/wp-json\/wp\/v2\/pages\/1081\/revisions"}],"predecessor-version":[{"id":5327,"href":"https:\/\/la-bergere.fr\/zh\/wp-json\/wp\/v2\/pages\/1081\/revisions\/5327"}],"wp:attachment":[{"href":"https:\/\/la-bergere.fr\/zh\/wp-json\/wp\/v2\/media?parent=1081"}],"curies":[{"name":"wp","href":"https:\/\/api.w.org\/{rel}","templated":true}]}}