{"id":1019,"date":"2014-02-20T19:32:21","date_gmt":"2014-02-20T18:32:21","guid":{"rendered":"http:\/\/localhost-wp\/www.labergerevintners.com\/?page_id=1019"},"modified":"2014-07-31T15:46:21","modified_gmt":"2014-07-31T14:46:21","slug":"validation-formulaire","status":"publish","type":"page","link":"https:\/\/la-bergere.fr\/zh\/validation-formulaire\/","title":{"rendered":"\u60a8\u7684\u8bf7\u6c42\u5df2\u901a\u8fc7\u9a8c\u8bc1"},"content":{"rendered":"<h2>\u8c22\u8c22 \uff01<\/h2>\n<p>&nbsp;<\/p>\n<p><span class=\"rbLarge\">\u60a8\u7684\u8bf7\u6c42\u5df2\u53d1\u9001\u81f3 La Berg\u00e8re \u5ba2\u6237\u670d\u52a1\u3002<\/span><br \/>\n<span class=\"rbLarge\"> \u60a8\u5c06\u5c3d\u5feb\u6536\u5230\u56de\u590d\u3002<\/span><\/p>\n<p>&nbsp;<\/p>\n<p>&nbsp;<\/p>","protected":false},"excerpt":{"rendered":"<p>Merci ! &nbsp; Votre demande a bien \u00e9t\u00e9 envoy\u00e9e au service client de La Berg\u00e8re. Vous recevrez une r\u00e9ponse aussi rapidement que possible. &nbsp; &nbsp;<\/p>","protected":false},"author":12,"featured_media":0,"parent":0,"menu_order":20,"comment_status":"closed","ping_status":"open","template":"template-iframe.php","meta":{"footnotes":""},"class_list":["post-1019","page","type-page","status-publish","hentry"],"yoast_head":"<!-- This site is optimized with the Yoast SEO plugin v27.3 - https:\/\/yoast.com\/product\/yoast-seo-wordpress\/ -->\n<title>Votre demande est valid\u00e9e - La Berg\u00e8re<\/title>\n<meta name=\"robots\" content=\"index, follow, max-snippet:-1, max-image-preview:large, max-video-preview:-1\" \/>\n<link rel=\"canonical\" href=\"https:\/\/la-bergere.fr\/zh\/validation-formulaire\/\" \/>\n<meta property=\"og:locale\" content=\"zh_CN\" \/>\n<meta property=\"og:type\" content=\"article\" \/>\n<meta property=\"og:title\" content=\"Votre demande est valid\u00e9e - La Berg\u00e8re\" \/>\n<meta property=\"og:description\" content=\"Merci ! &nbsp; Votre demande a bien \u00e9t\u00e9 envoy\u00e9e au service client de La Berg\u00e8re. Vous recevrez une r\u00e9ponse aussi rapidement que possible. &nbsp; &nbsp;\" \/>\n<meta property=\"og:url\" content=\"https:\/\/la-bergere.fr\/zh\/validation-formulaire\/\" \/>\n<meta property=\"og:site_name\" content=\"La Berg\u00e8re\" \/>\n<meta property=\"article:modified_time\" content=\"2014-07-31T14:46:21+00:00\" \/>\n<script type=\"application\/ld+json\" class=\"yoast-schema-graph\">{\"@context\":\"https:\\\/\\\/schema.org\",\"@graph\":[{\"@type\":\"WebPage\",\"@id\":\"https:\\\/\\\/la-bergere.fr\\\/validation-formulaire\\\/\",\"url\":\"https:\\\/\\\/la-bergere.fr\\\/validation-formulaire\\\/\",\"name\":\"Votre demande est valid\u00e9e - La Berg\u00e8re\",\"isPartOf\":{\"@id\":\"https:\\\/\\\/la-bergere.fr\\\/#website\"},\"datePublished\":\"2014-02-20T18:32:21+00:00\",\"dateModified\":\"2014-07-31T14:46:21+00:00\",\"breadcrumb\":{\"@id\":\"https:\\\/\\\/la-bergere.fr\\\/validation-formulaire\\\/#breadcrumb\"},\"inLanguage\":\"zh-Hans\",\"potentialAction\":[{\"@type\":\"ReadAction\",\"target\":[\"https:\\\/\\\/la-bergere.fr\\\/validation-formulaire\\\/\"]}]},{\"@type\":\"BreadcrumbList\",\"@id\":\"https:\\\/\\\/la-bergere.fr\\\/validation-formulaire\\\/#breadcrumb\",\"itemListElement\":[{\"@type\":\"ListItem\",\"position\":1,\"name\":\"Accueil\",\"item\":\"https:\\\/\\\/la-bergere.fr\\\/\"},{\"@type\":\"ListItem\",\"position\":2,\"name\":\"Votre demande est valid\u00e9e\"}]},{\"@type\":\"WebSite\",\"@id\":\"https:\\\/\\\/la-bergere.fr\\\/#website\",\"url\":\"https:\\\/\\\/la-bergere.fr\\\/\",\"name\":\"La Berg\u00e8re\",\"description\":\"N\u00e9goce de grands crus et vins fins\",\"potentialAction\":[{\"@type\":\"SearchAction\",\"target\":{\"@type\":\"EntryPoint\",\"urlTemplate\":\"https:\\\/\\\/la-bergere.fr\\\/?s={search_term_string}\"},\"query-input\":{\"@type\":\"PropertyValueSpecification\",\"valueRequired\":true,\"valueName\":\"search_term_string\"}}],\"inLanguage\":\"zh-Hans\"}]}<\/script>\n<!-- \/ Yoast SEO plugin. -->","yoast_head_json":{"title":"Votre demande est valid\u00e9e - La Berg\u00e8re","robots":{"index":"index","follow":"follow","max-snippet":"max-snippet:-1","max-image-preview":"max-image-preview:large","max-video-preview":"max-video-preview:-1"},"canonical":"https:\/\/la-bergere.fr\/zh\/validation-formulaire\/","og_locale":"zh_CN","og_type":"article","og_title":"Votre demande est valid\u00e9e - La Berg\u00e8re","og_description":"Merci ! &nbsp; Votre demande a bien \u00e9t\u00e9 envoy\u00e9e au service client de La Berg\u00e8re. Vous recevrez une r\u00e9ponse aussi rapidement que possible. &nbsp; &nbsp;","og_url":"https:\/\/la-bergere.fr\/zh\/validation-formulaire\/","og_site_name":"La Berg\u00e8re","article_modified_time":"2014-07-31T14:46:21+00:00","schema":{"@context":"https:\/\/schema.org","@graph":[{"@type":"WebPage","@id":"https:\/\/la-bergere.fr\/validation-formulaire\/","url":"https:\/\/la-bergere.fr\/validation-formulaire\/","name":"Votre demande est valid\u00e9e - La Berg\u00e8re","isPartOf":{"@id":"https:\/\/la-bergere.fr\/#website"},"datePublished":"2014-02-20T18:32:21+00:00","dateModified":"2014-07-31T14:46:21+00:00","breadcrumb":{"@id":"https:\/\/la-bergere.fr\/validation-formulaire\/#breadcrumb"},"inLanguage":"zh-Hans","potentialAction":[{"@type":"ReadAction","target":["https:\/\/la-bergere.fr\/validation-formulaire\/"]}]},{"@type":"BreadcrumbList","@id":"https:\/\/la-bergere.fr\/validation-formulaire\/#breadcrumb","itemListElement":[{"@type":"ListItem","position":1,"name":"Accueil","item":"https:\/\/la-bergere.fr\/"},{"@type":"ListItem","position":2,"name":"Votre demande est valid\u00e9e"}]},{"@type":"WebSite","@id":"https:\/\/la-bergere.fr\/#website","url":"https:\/\/la-bergere.fr\/","name":"\u7267\u7f8a\u5973","description":"\u7279\u7ea7\u8461\u8404\u9152\u548c\u4f18\u8d28\u8461\u8404\u9152\u7684\u8d38\u6613","potentialAction":[{"@type":"SearchAction","target":{"@type":"EntryPoint","urlTemplate":"https:\/\/la-bergere.fr\/?s={search_term_string}"},"query-input":{"@type":"PropertyValueSpecification","valueRequired":true,"valueName":"search_term_string"}}],"inLanguage":"zh-Hans"}]}},"_links":{"self":[{"href":"https:\/\/la-bergere.fr\/zh\/wp-json\/wp\/v2\/pages\/1019","targetHints":{"allow":["GET"]}}],"collection":[{"href":"https:\/\/la-bergere.fr\/zh\/wp-json\/wp\/v2\/pages"}],"about":[{"href":"https:\/\/la-bergere.fr\/zh\/wp-json\/wp\/v2\/types\/page"}],"author":[{"embeddable":true,"href":"https:\/\/la-bergere.fr\/zh\/wp-json\/wp\/v2\/users\/12"}],"replies":[{"embeddable":true,"href":"https:\/\/la-bergere.fr\/zh\/wp-json\/wp\/v2\/comments?post=1019"}],"version-history":[{"count":0,"href":"https:\/\/la-bergere.fr\/zh\/wp-json\/wp\/v2\/pages\/1019\/revisions"}],"wp:attachment":[{"href":"https:\/\/la-bergere.fr\/zh\/wp-json\/wp\/v2\/media?parent=1019"}],"curies":[{"name":"wp","href":"https:\/\/api.w.org\/{rel}","templated":true}]}}