{"id":916,"date":"2014-02-05T10:13:34","date_gmt":"2014-02-05T09:13:34","guid":{"rendered":"http:\/\/localhost-wp\/www.labergerevintners.com\/?page_id=916"},"modified":"2014-09-29T14:59:52","modified_gmt":"2014-09-29T13:59:52","slug":"le-chateau-la-bergere","status":"publish","type":"page","link":"https:\/\/la-bergere.fr\/en\/groupe-labergere\/le-chateau-la-bergere\/","title":{"rendered":"Chateau La Bergere"},"content":{"rendered":"<div class=\"clearfix  row-fluid krown-column-row clearfix\">\n\t<div class=\"span12 krown-column-container clearfix column_container\">\n\t\t<div class=\"clearfix\">\n\t\t<div class=\"wpb_wrapper\">\n\t\t\t<p><img loading=\"lazy\" decoding=\"async\" class=\"alignright size-full wp-image-1512\" src=\"https:\/\/la-bergere.fr\/wp-content\/uploads\/2014\/07\/bkz-142.jpg\" alt=\"bkz-142\" width=\"278\" height=\"112\" \/><span class=\"rbDropcap default\">VS&#039;<\/span>It was in 1998 that Andr\u00e9 Benoist and his son Camille acquired Ch\u00e2teau la Berg\u00e8re, located not far from Saint-Emilion. In a few years, Camille, a passionate winegrower, established the notoriety and reputation of the estate. Far from being limited to the borders of France, where the name of the castle appears on the menus of starred restaurants, the reputation of La Berg\u00e8re reaches to the borders of Asia. The estate has notably obtained several rank medals at Vinexpo Hong Kong.<\/p>\n<p>&nbsp;<\/p>\n<p><img loading=\"lazy\" decoding=\"async\" class=\"alignleft  wp-image-2842\" src=\"https:\/\/la-bergere.fr\/wp-content\/uploads\/2014\/07\/chateau-labergere-2010-91x300.jpg\" alt=\"chateau-labergere-2010\" width=\"69\" height=\"227\" \/>More than fifteen years after the acquisition of the estate, La Berg\u00e8re&#039;s playground has extended to Paris, London and Hong Kong. However, there is no question of abandoning the operation of the wine estate: far from the frenzy of the megalopolises where Berg\u00e8re Vintners operates, the Ch\u00e2teau still remains the beating heart of the company today.<\/p>\n<p>&nbsp;<\/p>\n<p>Our wines express the variety of the terroirs of Montagne-Saint-Emilion. Produced on gravelly soils, our wines have a certain finesse. The grape varieties from which the wines are made are the same as those required by the Saint-Emilion appellation. Elegant and structured, our wines are supported by powerful and ripe tannins. The finish is seductive with its freshness, spicy aromas, fruity side and persistence.<\/p>\n\n\t\t<\/div> \n\t<\/div> \n\t<\/div> \n<\/div><div class=\"clearfix  row-fluid krown-column-row clearfix\">\n\t<div class=\"span4 krown-column-container clearfix column_container\">\n\t\t<a class=\"rbButton light large\" href=\"\/en\/nous-contacter\/\" target=\"_self\">Contact us<\/a>\n\t<\/div> \n<\/div>","protected":false},"excerpt":{"rendered":"C\u2019est en 1998 qu\u2019Andr\u00e9 Benoist et son fils Camille font l\u2019acquisition du Ch\u00e2teau la Berg\u00e8re, situ\u00e9 \u00e0 quelques encablures de Saint-Emilion. En quelques ann\u00e9es, Camille, vigneron passionn\u00e9, assied la notori\u00e9t\u00e9 et la r\u00e9putation du domaine. Loin de se limiter aux fronti\u00e8res de l\u2019hexagone, o\u00f9 le nom du ch\u00e2teau para\u00eet sur les cartes de restaurants \u00e9toil\u00e9s, [...]","protected":false},"author":12,"featured_media":1391,"parent":21,"menu_order":1,"comment_status":"open","ping_status":"closed","template":"template-page-standard.php","meta":{"footnotes":""},"class_list":["post-916","page","type-page","status-publish","has-post-thumbnail","hentry"],"yoast_head":"<!-- This site is optimized with the Yoast SEO plugin v27.4 - https:\/\/yoast.com\/product\/yoast-seo-wordpress\/ -->\n<title>Le Ch\u00e2teau La Bergere - La Berg\u00e8re<\/title>\n<meta name=\"robots\" content=\"index, follow, max-snippet:-1, max-image-preview:large, max-video-preview:-1\" \/>\n<link rel=\"canonical\" href=\"https:\/\/la-bergere.fr\/en\/groupe-labergere\/le-chateau-la-bergere\/\" \/>\n<meta property=\"og:locale\" content=\"en_US\" \/>\n<meta property=\"og:type\" content=\"article\" \/>\n<meta property=\"og:title\" content=\"Le Ch\u00e2teau La Bergere - La Berg\u00e8re\" \/>\n<meta property=\"og:url\" content=\"https:\/\/la-bergere.fr\/en\/groupe-labergere\/le-chateau-la-bergere\/\" \/>\n<meta property=\"og:site_name\" content=\"La Berg\u00e8re\" \/>\n<meta property=\"article:modified_time\" content=\"2014-09-29T13:59:52+00:00\" \/>\n<meta property=\"og:image\" content=\"https:\/\/la-bergere.fr\/wp-content\/uploads\/2014\/07\/bkz-19.jpg\" \/>\n\t<meta property=\"og:image:width\" content=\"851\" \/>\n\t<meta property=\"og:image:height\" content=\"567\" \/>\n\t<meta property=\"og:image:type\" content=\"image\/jpeg\" \/>\n<meta name=\"twitter:label1\" content=\"Est. reading time\" \/>\n\t<meta name=\"twitter:data1\" content=\"1 minute\" \/>\n<script type=\"application\/ld+json\" class=\"yoast-schema-graph\">{\"@context\":\"https:\\\/\\\/schema.org\",\"@graph\":[{\"@type\":\"WebPage\",\"@id\":\"https:\\\/\\\/la-bergere.fr\\\/groupe-labergere\\\/le-chateau-la-bergere\\\/\",\"url\":\"https:\\\/\\\/la-bergere.fr\\\/groupe-labergere\\\/le-chateau-la-bergere\\\/\",\"name\":\"Le Ch\u00e2teau La Bergere - La Berg\u00e8re\",\"isPartOf\":{\"@id\":\"https:\\\/\\\/la-bergere.fr\\\/#website\"},\"primaryImageOfPage\":{\"@id\":\"https:\\\/\\\/la-bergere.fr\\\/groupe-labergere\\\/le-chateau-la-bergere\\\/#primaryimage\"},\"image\":{\"@id\":\"https:\\\/\\\/la-bergere.fr\\\/groupe-labergere\\\/le-chateau-la-bergere\\\/#primaryimage\"},\"thumbnailUrl\":\"https:\\\/\\\/la-bergere.fr\\\/wp-content\\\/uploads\\\/2014\\\/07\\\/bkz-19.jpg\",\"datePublished\":\"2014-02-05T09:13:34+00:00\",\"dateModified\":\"2014-09-29T13:59:52+00:00\",\"breadcrumb\":{\"@id\":\"https:\\\/\\\/la-bergere.fr\\\/groupe-labergere\\\/le-chateau-la-bergere\\\/#breadcrumb\"},\"inLanguage\":\"en-US\",\"potentialAction\":[{\"@type\":\"ReadAction\",\"target\":[\"https:\\\/\\\/la-bergere.fr\\\/groupe-labergere\\\/le-chateau-la-bergere\\\/\"]}]},{\"@type\":\"ImageObject\",\"inLanguage\":\"en-US\",\"@id\":\"https:\\\/\\\/la-bergere.fr\\\/groupe-labergere\\\/le-chateau-la-bergere\\\/#primaryimage\",\"url\":\"https:\\\/\\\/la-bergere.fr\\\/wp-content\\\/uploads\\\/2014\\\/07\\\/bkz-19.jpg\",\"contentUrl\":\"https:\\\/\\\/la-bergere.fr\\\/wp-content\\\/uploads\\\/2014\\\/07\\\/bkz-19.jpg\",\"width\":851,\"height\":567},{\"@type\":\"BreadcrumbList\",\"@id\":\"https:\\\/\\\/la-bergere.fr\\\/groupe-labergere\\\/le-chateau-la-bergere\\\/#breadcrumb\",\"itemListElement\":[{\"@type\":\"ListItem\",\"position\":1,\"name\":\"Accueil\",\"item\":\"https:\\\/\\\/la-bergere.fr\\\/\"},{\"@type\":\"ListItem\",\"position\":2,\"name\":\"Le Groupe La Berg\u00e8re\",\"item\":\"https:\\\/\\\/la-bergere.fr\\\/groupe-labergere\\\/\"},{\"@type\":\"ListItem\",\"position\":3,\"name\":\"Le Ch\u00e2teau La Bergere\"}]},{\"@type\":\"WebSite\",\"@id\":\"https:\\\/\\\/la-bergere.fr\\\/#website\",\"url\":\"https:\\\/\\\/la-bergere.fr\\\/\",\"name\":\"La Berg\u00e8re\",\"description\":\"N\u00e9goce de grands crus et vins fins\",\"potentialAction\":[{\"@type\":\"SearchAction\",\"target\":{\"@type\":\"EntryPoint\",\"urlTemplate\":\"https:\\\/\\\/la-bergere.fr\\\/?s={search_term_string}\"},\"query-input\":{\"@type\":\"PropertyValueSpecification\",\"valueRequired\":true,\"valueName\":\"search_term_string\"}}],\"inLanguage\":\"en-US\"}]}<\/script>\n<!-- \/ Yoast SEO plugin. -->","yoast_head_json":{"title":"Le Ch\u00e2teau La Bergere - La Berg\u00e8re","robots":{"index":"index","follow":"follow","max-snippet":"max-snippet:-1","max-image-preview":"max-image-preview:large","max-video-preview":"max-video-preview:-1"},"canonical":"https:\/\/la-bergere.fr\/en\/groupe-labergere\/le-chateau-la-bergere\/","og_locale":"en_US","og_type":"article","og_title":"Le Ch\u00e2teau La Bergere - La Berg\u00e8re","og_url":"https:\/\/la-bergere.fr\/en\/groupe-labergere\/le-chateau-la-bergere\/","og_site_name":"La Berg\u00e8re","article_modified_time":"2014-09-29T13:59:52+00:00","og_image":[{"width":851,"height":567,"url":"https:\/\/la-bergere.fr\/wp-content\/uploads\/2014\/07\/bkz-19.jpg","type":"image\/jpeg"}],"twitter_misc":{"Est. reading time":"1 minute"},"schema":{"@context":"https:\/\/schema.org","@graph":[{"@type":"WebPage","@id":"https:\/\/la-bergere.fr\/groupe-labergere\/le-chateau-la-bergere\/","url":"https:\/\/la-bergere.fr\/groupe-labergere\/le-chateau-la-bergere\/","name":"Le Ch\u00e2teau La Bergere - La Berg\u00e8re","isPartOf":{"@id":"https:\/\/la-bergere.fr\/#website"},"primaryImageOfPage":{"@id":"https:\/\/la-bergere.fr\/groupe-labergere\/le-chateau-la-bergere\/#primaryimage"},"image":{"@id":"https:\/\/la-bergere.fr\/groupe-labergere\/le-chateau-la-bergere\/#primaryimage"},"thumbnailUrl":"https:\/\/la-bergere.fr\/wp-content\/uploads\/2014\/07\/bkz-19.jpg","datePublished":"2014-02-05T09:13:34+00:00","dateModified":"2014-09-29T13:59:52+00:00","breadcrumb":{"@id":"https:\/\/la-bergere.fr\/groupe-labergere\/le-chateau-la-bergere\/#breadcrumb"},"inLanguage":"en-US","potentialAction":[{"@type":"ReadAction","target":["https:\/\/la-bergere.fr\/groupe-labergere\/le-chateau-la-bergere\/"]}]},{"@type":"ImageObject","inLanguage":"en-US","@id":"https:\/\/la-bergere.fr\/groupe-labergere\/le-chateau-la-bergere\/#primaryimage","url":"https:\/\/la-bergere.fr\/wp-content\/uploads\/2014\/07\/bkz-19.jpg","contentUrl":"https:\/\/la-bergere.fr\/wp-content\/uploads\/2014\/07\/bkz-19.jpg","width":851,"height":567},{"@type":"BreadcrumbList","@id":"https:\/\/la-bergere.fr\/groupe-labergere\/le-chateau-la-bergere\/#breadcrumb","itemListElement":[{"@type":"ListItem","position":1,"name":"Accueil","item":"https:\/\/la-bergere.fr\/"},{"@type":"ListItem","position":2,"name":"Le Groupe La Berg\u00e8re","item":"https:\/\/la-bergere.fr\/groupe-labergere\/"},{"@type":"ListItem","position":3,"name":"Le Ch\u00e2teau La Bergere"}]},{"@type":"WebSite","@id":"https:\/\/la-bergere.fr\/#website","url":"https:\/\/la-bergere.fr\/","name":"Shepherdess","description":"Trading of grands crus and fine wines","potentialAction":[{"@type":"SearchAction","target":{"@type":"EntryPoint","urlTemplate":"https:\/\/la-bergere.fr\/?s={search_term_string}"},"query-input":{"@type":"PropertyValueSpecification","valueRequired":true,"valueName":"search_term_string"}}],"inLanguage":"en-US"}]}},"_links":{"self":[{"href":"https:\/\/la-bergere.fr\/en\/wp-json\/wp\/v2\/pages\/916","targetHints":{"allow":["GET"]}}],"collection":[{"href":"https:\/\/la-bergere.fr\/en\/wp-json\/wp\/v2\/pages"}],"about":[{"href":"https:\/\/la-bergere.fr\/en\/wp-json\/wp\/v2\/types\/page"}],"author":[{"embeddable":true,"href":"https:\/\/la-bergere.fr\/en\/wp-json\/wp\/v2\/users\/12"}],"replies":[{"embeddable":true,"href":"https:\/\/la-bergere.fr\/en\/wp-json\/wp\/v2\/comments?post=916"}],"version-history":[{"count":0,"href":"https:\/\/la-bergere.fr\/en\/wp-json\/wp\/v2\/pages\/916\/revisions"}],"up":[{"embeddable":true,"href":"https:\/\/la-bergere.fr\/en\/wp-json\/wp\/v2\/pages\/21"}],"wp:featuredmedia":[{"embeddable":true,"href":"https:\/\/la-bergere.fr\/en\/wp-json\/wp\/v2\/media\/1391"}],"wp:attachment":[{"href":"https:\/\/la-bergere.fr\/en\/wp-json\/wp\/v2\/media?parent=916"}],"curies":[{"name":"wp","href":"https:\/\/api.w.org\/{rel}","templated":true}]}}