{"id":914,"date":"2014-02-05T10:12:51","date_gmt":"2014-02-05T09:12:51","guid":{"rendered":"http:\/\/localhost-wp\/www.labergerevintners.com\/?page_id=914"},"modified":"2014-10-28T14:36:13","modified_gmt":"2014-10-28T13:36:13","slug":"lc-wine-brokers","status":"publish","type":"page","link":"https:\/\/la-bergere.fr\/en\/groupe-labergere\/lc-wine-brokers\/","title":{"rendered":"LC Wine Brokers"},"content":{"rendered":"<div class=\"clearfix  row-fluid krown-column-row clearfix\">\n\t<div class=\"span12 krown-column-container clearfix column_container\">\n\t\t<div class=\"clearfix\">\n\t\t<div class=\"wpb_wrapper\">\n\t\t\t<p><img loading=\"lazy\" decoding=\"async\" class=\"alignright size-full wp-image-1510\" src=\"https:\/\/la-bergere.fr\/wp-content\/uploads\/2014\/07\/bkz-140.jpg\" alt=\"bkz-140\" width=\"278\" height=\"112\" \/><\/p>\n<p>LC Wine Brokers (LCWB), an English company based in the heart of London in Notting Hill, was founded in 2006 by L\u00e9opold Cordier. Contrary to traditional thinking, LC Wine Brokers considered fine wines to be a tradable good and not just a consumer good. With the computerization of the Grands Crus market, it became essential for La Bergere to enter into an exclusive agreement with LCWB to develop its performance in analyzing and evaluating the wine market.<\/p>\n<p>LCWB develops unique, innovative IT systems dedicated to wine on the model of analysis software used in the financial sector.<\/p>\n<p>Constantly evolving, this unique data processing system has become essential to the La Berg\u00e8re group. It allows to optimize the processes of purchases, sales, the management of the assets of the investors, the evaluation of the wines, the reporting, the calculations of profitability, TRI\u2026.<\/p>\n<p>This technology provides the La Berg\u00e8re Group with an unprecedented ability to monitor and monitor the market and offers it an excellent level of responsiveness and competitiveness.<\/p>\n<p>&nbsp;<\/p>\n<p><strong>Major features:\u00a0<\/strong><\/p>\n<ul>\n<li><span class=\"list3\">Data analysis: daily and automated update of suppliers as well as market analysis on more than 200M \u20ac of wines\/day<\/span><\/li>\n<li><span class=\"list3\">Calculation of average prices, spreads, market movements, identification of wines to buy, wines to offer, creation of prices and calculation of selling prices<\/span><\/li>\n<li><span class=\"list3\">Asset management<\/span><\/li>\n<li><span class=\"list3\">Investor inventory management: reporting, portfolio valuation, calculation of ROI, TRI, inventory management in bonded warehouses<\/span><\/li>\n<\/ul>\n\n\t\t<\/div> \n\t<\/div> \n\t<\/div> \n<\/div><div class=\"clearfix  row-fluid krown-column-row clearfix\">\n\t<div class=\"span4 krown-column-container clearfix column_container\">\n\t\t<a class=\"rbButton light large\" href=\"\/en\/nous-contacter\/\" target=\"_self\">Learn more<\/a>\n\t<\/div> \n<\/div>","protected":false},"excerpt":{"rendered":"La soci\u00e9t\u00e9 LC Wine Brokers (LCWB), soci\u00e9t\u00e9 Anglaise bas\u00e9e au coeur de Londres a Notting Hill, a \u00e9t\u00e9 fond\u00e9e 2006 par L\u00e9opold Cordier. A l\u2019inverse du courant de pens\u00e9e traditionnel, LC Wine Brokers a consid\u00e9r\u00e9 les grands vins comme un bien \u00e9changeable et pas\u00a0seulement comme un bien de consommation. Avec l\u2019informatisation du march\u00e9 des Grands [...]","protected":false},"author":12,"featured_media":2581,"parent":21,"menu_order":3,"comment_status":"open","ping_status":"closed","template":"template-page-standard.php","meta":{"footnotes":""},"class_list":["post-914","page","type-page","status-publish","has-post-thumbnail","hentry"],"yoast_head":"<!-- This site is optimized with the Yoast SEO plugin v27.4 - https:\/\/yoast.com\/product\/yoast-seo-wordpress\/ -->\n<title>LC Wine Brokers - La Berg\u00e8re<\/title>\n<meta name=\"robots\" content=\"index, follow, max-snippet:-1, max-image-preview:large, max-video-preview:-1\" \/>\n<link rel=\"canonical\" href=\"https:\/\/la-bergere.fr\/en\/groupe-labergere\/lc-wine-brokers\/\" \/>\n<meta property=\"og:locale\" content=\"en_US\" \/>\n<meta property=\"og:type\" content=\"article\" \/>\n<meta property=\"og:title\" content=\"LC Wine Brokers - La Berg\u00e8re\" \/>\n<meta property=\"og:url\" content=\"https:\/\/la-bergere.fr\/en\/groupe-labergere\/lc-wine-brokers\/\" \/>\n<meta property=\"og:site_name\" content=\"La Berg\u00e8re\" \/>\n<meta property=\"article:modified_time\" content=\"2014-10-28T13:36:13+00:00\" \/>\n<meta property=\"og:image\" content=\"https:\/\/la-bergere.fr\/wp-content\/uploads\/2014\/02\/lcwinebroker-alt4.jpg\" \/>\n\t<meta property=\"og:image:width\" content=\"1024\" \/>\n\t<meta property=\"og:image:height\" content=\"450\" \/>\n\t<meta property=\"og:image:type\" content=\"image\/jpeg\" \/>\n<meta name=\"twitter:label1\" content=\"Est. reading time\" \/>\n\t<meta name=\"twitter:data1\" content=\"2 minutes\" \/>\n<script type=\"application\/ld+json\" class=\"yoast-schema-graph\">{\"@context\":\"https:\\\/\\\/schema.org\",\"@graph\":[{\"@type\":\"WebPage\",\"@id\":\"https:\\\/\\\/la-bergere.fr\\\/groupe-labergere\\\/lc-wine-brokers\\\/\",\"url\":\"https:\\\/\\\/la-bergere.fr\\\/groupe-labergere\\\/lc-wine-brokers\\\/\",\"name\":\"LC Wine Brokers - La Berg\u00e8re\",\"isPartOf\":{\"@id\":\"https:\\\/\\\/la-bergere.fr\\\/#website\"},\"primaryImageOfPage\":{\"@id\":\"https:\\\/\\\/la-bergere.fr\\\/groupe-labergere\\\/lc-wine-brokers\\\/#primaryimage\"},\"image\":{\"@id\":\"https:\\\/\\\/la-bergere.fr\\\/groupe-labergere\\\/lc-wine-brokers\\\/#primaryimage\"},\"thumbnailUrl\":\"https:\\\/\\\/la-bergere.fr\\\/wp-content\\\/uploads\\\/2014\\\/02\\\/lcwinebroker-alt4.jpg\",\"datePublished\":\"2014-02-05T09:12:51+00:00\",\"dateModified\":\"2014-10-28T13:36:13+00:00\",\"breadcrumb\":{\"@id\":\"https:\\\/\\\/la-bergere.fr\\\/groupe-labergere\\\/lc-wine-brokers\\\/#breadcrumb\"},\"inLanguage\":\"en-US\",\"potentialAction\":[{\"@type\":\"ReadAction\",\"target\":[\"https:\\\/\\\/la-bergere.fr\\\/groupe-labergere\\\/lc-wine-brokers\\\/\"]}]},{\"@type\":\"ImageObject\",\"inLanguage\":\"en-US\",\"@id\":\"https:\\\/\\\/la-bergere.fr\\\/groupe-labergere\\\/lc-wine-brokers\\\/#primaryimage\",\"url\":\"https:\\\/\\\/la-bergere.fr\\\/wp-content\\\/uploads\\\/2014\\\/02\\\/lcwinebroker-alt4.jpg\",\"contentUrl\":\"https:\\\/\\\/la-bergere.fr\\\/wp-content\\\/uploads\\\/2014\\\/02\\\/lcwinebroker-alt4.jpg\",\"width\":1024,\"height\":450},{\"@type\":\"BreadcrumbList\",\"@id\":\"https:\\\/\\\/la-bergere.fr\\\/groupe-labergere\\\/lc-wine-brokers\\\/#breadcrumb\",\"itemListElement\":[{\"@type\":\"ListItem\",\"position\":1,\"name\":\"Accueil\",\"item\":\"https:\\\/\\\/la-bergere.fr\\\/\"},{\"@type\":\"ListItem\",\"position\":2,\"name\":\"Le Groupe La Berg\u00e8re\",\"item\":\"https:\\\/\\\/la-bergere.fr\\\/groupe-labergere\\\/\"},{\"@type\":\"ListItem\",\"position\":3,\"name\":\"LC Wine Brokers\"}]},{\"@type\":\"WebSite\",\"@id\":\"https:\\\/\\\/la-bergere.fr\\\/#website\",\"url\":\"https:\\\/\\\/la-bergere.fr\\\/\",\"name\":\"La Berg\u00e8re\",\"description\":\"N\u00e9goce de grands crus et vins fins\",\"potentialAction\":[{\"@type\":\"SearchAction\",\"target\":{\"@type\":\"EntryPoint\",\"urlTemplate\":\"https:\\\/\\\/la-bergere.fr\\\/?s={search_term_string}\"},\"query-input\":{\"@type\":\"PropertyValueSpecification\",\"valueRequired\":true,\"valueName\":\"search_term_string\"}}],\"inLanguage\":\"en-US\"}]}<\/script>\n<!-- \/ Yoast SEO plugin. -->","yoast_head_json":{"title":"LC Wine Brokers - La Berg\u00e8re","robots":{"index":"index","follow":"follow","max-snippet":"max-snippet:-1","max-image-preview":"max-image-preview:large","max-video-preview":"max-video-preview:-1"},"canonical":"https:\/\/la-bergere.fr\/en\/groupe-labergere\/lc-wine-brokers\/","og_locale":"en_US","og_type":"article","og_title":"LC Wine Brokers - La Berg\u00e8re","og_url":"https:\/\/la-bergere.fr\/en\/groupe-labergere\/lc-wine-brokers\/","og_site_name":"La Berg\u00e8re","article_modified_time":"2014-10-28T13:36:13+00:00","og_image":[{"width":1024,"height":450,"url":"https:\/\/la-bergere.fr\/wp-content\/uploads\/2014\/02\/lcwinebroker-alt4.jpg","type":"image\/jpeg"}],"twitter_misc":{"Est. reading time":"2 minutes"},"schema":{"@context":"https:\/\/schema.org","@graph":[{"@type":"WebPage","@id":"https:\/\/la-bergere.fr\/groupe-labergere\/lc-wine-brokers\/","url":"https:\/\/la-bergere.fr\/groupe-labergere\/lc-wine-brokers\/","name":"LC Wine Brokers - La Berg\u00e8re","isPartOf":{"@id":"https:\/\/la-bergere.fr\/#website"},"primaryImageOfPage":{"@id":"https:\/\/la-bergere.fr\/groupe-labergere\/lc-wine-brokers\/#primaryimage"},"image":{"@id":"https:\/\/la-bergere.fr\/groupe-labergere\/lc-wine-brokers\/#primaryimage"},"thumbnailUrl":"https:\/\/la-bergere.fr\/wp-content\/uploads\/2014\/02\/lcwinebroker-alt4.jpg","datePublished":"2014-02-05T09:12:51+00:00","dateModified":"2014-10-28T13:36:13+00:00","breadcrumb":{"@id":"https:\/\/la-bergere.fr\/groupe-labergere\/lc-wine-brokers\/#breadcrumb"},"inLanguage":"en-US","potentialAction":[{"@type":"ReadAction","target":["https:\/\/la-bergere.fr\/groupe-labergere\/lc-wine-brokers\/"]}]},{"@type":"ImageObject","inLanguage":"en-US","@id":"https:\/\/la-bergere.fr\/groupe-labergere\/lc-wine-brokers\/#primaryimage","url":"https:\/\/la-bergere.fr\/wp-content\/uploads\/2014\/02\/lcwinebroker-alt4.jpg","contentUrl":"https:\/\/la-bergere.fr\/wp-content\/uploads\/2014\/02\/lcwinebroker-alt4.jpg","width":1024,"height":450},{"@type":"BreadcrumbList","@id":"https:\/\/la-bergere.fr\/groupe-labergere\/lc-wine-brokers\/#breadcrumb","itemListElement":[{"@type":"ListItem","position":1,"name":"Accueil","item":"https:\/\/la-bergere.fr\/"},{"@type":"ListItem","position":2,"name":"Le Groupe La Berg\u00e8re","item":"https:\/\/la-bergere.fr\/groupe-labergere\/"},{"@type":"ListItem","position":3,"name":"LC Wine Brokers"}]},{"@type":"WebSite","@id":"https:\/\/la-bergere.fr\/#website","url":"https:\/\/la-bergere.fr\/","name":"Shepherdess","description":"Trading of grands crus and fine wines","potentialAction":[{"@type":"SearchAction","target":{"@type":"EntryPoint","urlTemplate":"https:\/\/la-bergere.fr\/?s={search_term_string}"},"query-input":{"@type":"PropertyValueSpecification","valueRequired":true,"valueName":"search_term_string"}}],"inLanguage":"en-US"}]}},"_links":{"self":[{"href":"https:\/\/la-bergere.fr\/en\/wp-json\/wp\/v2\/pages\/914","targetHints":{"allow":["GET"]}}],"collection":[{"href":"https:\/\/la-bergere.fr\/en\/wp-json\/wp\/v2\/pages"}],"about":[{"href":"https:\/\/la-bergere.fr\/en\/wp-json\/wp\/v2\/types\/page"}],"author":[{"embeddable":true,"href":"https:\/\/la-bergere.fr\/en\/wp-json\/wp\/v2\/users\/12"}],"replies":[{"embeddable":true,"href":"https:\/\/la-bergere.fr\/en\/wp-json\/wp\/v2\/comments?post=914"}],"version-history":[{"count":0,"href":"https:\/\/la-bergere.fr\/en\/wp-json\/wp\/v2\/pages\/914\/revisions"}],"up":[{"embeddable":true,"href":"https:\/\/la-bergere.fr\/en\/wp-json\/wp\/v2\/pages\/21"}],"wp:featuredmedia":[{"embeddable":true,"href":"https:\/\/la-bergere.fr\/en\/wp-json\/wp\/v2\/media\/2581"}],"wp:attachment":[{"href":"https:\/\/la-bergere.fr\/en\/wp-json\/wp\/v2\/media?parent=914"}],"curies":[{"name":"wp","href":"https:\/\/api.w.org\/{rel}","templated":true}]}}