{"id":69,"date":"2013-10-14T18:32:11","date_gmt":"2013-10-14T17:32:11","guid":{"rendered":"http:\/\/localhost\/labergere\/?page_id=69"},"modified":"2018-07-18T11:26:52","modified_gmt":"2018-07-18T10:26:52","slug":"accueil","status":"publish","type":"page","link":"https:\/\/la-bergere.fr\/en\/","title":{"rendered":"Welcome"},"content":{"rendered":"<div class=\"clearfix  row-fluid krown-column-row clearfix\">\n\t<div class=\"span8 krown-column-container clearfix column_container\">\n\t\t<div class=\"clearfix\">\n\t\t<div class=\"wpb_wrapper\">\n\t\t\t<h3>Sell your wine<\/h3>\n\n\t\t<\/div> \n\t<\/div> <div class=\"clearfix\">\n\t\t<div class=\"wpb_wrapper\">\n\t\t\t<p>Whether it&#039;s an exceptional bottle or an entire cellar, reselling your wine can be difficult for you. With La Berg\u00e8re you benefit from our network of export distributors and the specific requests of our collectors in order to enhance your wines to the best possible effect.<\/p>\n\n\t\t<\/div> \n\t<\/div> \n\t<\/div> \n\n\t<div class=\"span4 krown-column-container clearfix column_container\">\n\t\t<span style=\"display:block;margin-top:40px\" ><\/span><a class=\"rbButton light large\" href=\"\/en\/negoce-de-grands-crus-classes\/vendre-des-grands-crus\/evaluer-prix-mon-vin\/\" target=\"_self\">Evaluate the price of my wine<\/a>\n\t<\/div> \n<\/div><div class=\"clearfix  row-fluid krown-column-row clearfix\">\n\t<div class=\"span12 krown-column-container clearfix column_container\">\n\t\t<hr style=\"margin-top:40px; margin-bottom:20px;\" class=\"rbDivider  autop\" \/>\n\t<\/div> \n<\/div><div class=\"clearfix  row-fluid krown-column-row clearfix  hprow2\">\n\t<div class=\"span4 hprow2 krown-column-container clearfix column_container\">\n\t\t<div class=\"clearfix  h3-alt\">\n\t\t<div class=\"wpb_wrapper\">\n\t\t\t<h3>Who are we ?<\/h3>\n\n\t\t<\/div> \n\t<\/div> <div class=\"clearfix\">\n\t\t<div class=\"wpb_wrapper\">\n\t\t\t<p style=\"text-align: center;\"><a title=\"The Bergere Group\" href=\"https:\/\/la-bergere.fr\/en\/groupe-labergere\/\"><img loading=\"lazy\" decoding=\"async\" class=\"aligncenter size-large wp-image-2169\" src=\"https:\/\/la-bergere.fr\/wp-content\/uploads\/2013\/10\/bkz-118.jpg\" alt=\"bkz-118\" width=\"281\" height=\"145\" \/><\/a><\/p>\n<p>The La Berg\u00e8re group brings together passionate winegrowers and experts in the international fine wine trade. From the peaceful countryside of Saint-Emilion, where the estate&#039;s vines are cultivated, \u2026<\/p>\n\n\t\t<\/div> \n\t<\/div> <a class=\"rbButton light large  blue\" href=\"\/en\/groupe-labergere\/\" target=\"_self\">Read more<\/a>\n\t<\/div> \n\n\t<div class=\"span4 hprow2 krown-column-container clearfix column_container\">\n\t\t<div class=\"clearfix  h3-alt\">\n\t\t<div class=\"wpb_wrapper\">\n\t\t\t<h3>Our engagements<\/h3>\n\n\t\t<\/div> \n\t<\/div> <div data-opened=\"0\" class=\"rbAccordion accordion small one clearfix autop\"><section>\n    \t<h4>expertise<\/h4>\n    \t<div><div class=\"clearfix\">\n\t\t<div class=\"wpb_wrapper\">\n\t\t\t<p>The combined know-how of the best experts in their fields: winegrowers and merchants.<\/p>\n\n\t\t<\/div> \n\t<\/div> <\/div>\n    <\/section><section>\n    \t<h4>Competitiveness<\/h4>\n    \t<div><div class=\"clearfix\">\n\t\t<div class=\"wpb_wrapper\">\n\t\t\t<p>Low margins, to guarantee the best prices.<\/p>\n\n\t\t<\/div> \n\t<\/div> <\/div>\n    <\/section><section>\n    \t<h4>Impartiality<\/h4>\n    \t<div><div class=\"clearfix\">\n\t\t<div class=\"wpb_wrapper\">\n\t\t\t<p>Rigorous and objective selection criteria.<\/p>\n\n\t\t<\/div> \n\t<\/div> <\/div>\n    <\/section><section>\n    \t<h4>Reactivity<\/h4>\n    \t<div><div class=\"clearfix\">\n\t\t<div class=\"wpb_wrapper\">\n\t\t\t<p>Proven logistical resources, powerful IT systems, and an international presence, with offices in Paris, London and Hong Kong.<\/p>\n\n\t\t<\/div> \n\t<\/div> <\/div>\n    <\/section><\/div><a class=\"rbButton light large  blue\" href=\"\/en\/negoce-de-grands-crus-classes\/acheter-des-grands-crus\/nos-engagements\/\" target=\"_self\">Learn more<\/a>\n\t<\/div> \n\n\t<div class=\"span4 hprow2 krown-column-container clearfix column_container\">\n\t\t<div class=\"clearfix  h3-alt\">\n\t\t<div class=\"wpb_wrapper\">\n\t\t\t<h3>In practice<\/h3>\n\n\t\t<\/div> \n\t<\/div> <div class=\"clearfix\">\n\t\t<div class=\"wpb_wrapper\">\n\t\t\t<p><img loading=\"lazy\" decoding=\"async\" class=\"aligncenter size-full wp-image-1521\" src=\"https:\/\/la-bergere.fr\/wp-content\/uploads\/2014\/07\/bkz-151.jpg\" alt=\"bkz-151\" width=\"260\" height=\"125\" \/><\/p>\n<ul>\n<li><a href=\"\/en\/negoce-de-grands-crus-classes\/vendre-des-grands-crus\/conditions-achat\/\"><em><span class=\"list3\">What are the conditions of purchase of La Berg\u00e8re?<\/span><\/em><\/a><\/li>\n<li><em><span class=\"list3\"><a title=\"What is a Grand Cru?\" href=\"\/en\/negoce-de-grands-crus-classes\/definition-vin-grand-cru\/\">What is a Grand Cru?<\/a><\/span><\/em><\/li>\n<li><em><span class=\"list3\"><a href=\"\/en\/negoce-de-grands-crus-classes\/vendre-des-grands-crus\/\">I have wine to sell, what should I do?<\/a><\/span><\/em><\/li>\n<\/ul>\n\n\t\t<\/div> \n\t<\/div> <a class=\"rbButton light large  blue\" href=\"\/en\/groupe-labergere\/nous-contacter\/\" target=\"_self\">Other questions ?<\/a>\n\t<\/div> \n<\/div>","protected":false},"excerpt":{"rendered":"Vendez votre vin Qu\u2019il s\u2019agisse d\u2019une bouteille d\u2019exception ou d\u2019une cave enti\u00e8re, la revente de votre vin peut vous apparaitre difficile. Avec La Berg\u00e8re vous b\u00e9n\u00e9ficiez de notre r\u00e9seau de distributeurs \u00e0 l\u2019export et des demandes pr\u00e9cises de nos collectionneurs afin de valoriser vos vins au mieux. Evaluer le prix de mon vin Qui sommes-nous [...]","protected":false},"author":12,"featured_media":0,"parent":0,"menu_order":0,"comment_status":"closed","ping_status":"closed","template":"template-homepage.php","meta":{"footnotes":""},"class_list":["post-69","page","type-page","status-publish","hentry"],"yoast_head":"<!-- This site is optimized with the Yoast SEO plugin v27.4 - https:\/\/yoast.com\/product\/yoast-seo-wordpress\/ -->\n<title>La Berg\u00e8re - Vins rares &amp; grands crus<\/title>\n<meta name=\"description\" content=\"Vente et achat de vin: vins rares et grands crus class\u00e9s pour les professionnels\" \/>\n<meta name=\"robots\" content=\"index, follow, max-snippet:-1, max-image-preview:large, max-video-preview:-1\" \/>\n<link rel=\"canonical\" href=\"https:\/\/la-bergere.fr\/en\/\" \/>\n<meta property=\"og:locale\" content=\"en_US\" \/>\n<meta property=\"og:type\" content=\"article\" \/>\n<meta property=\"og:title\" content=\"La Berg\u00e8re - Vins rares &amp; grands crus\" \/>\n<meta property=\"og:description\" content=\"Vente et achat de vin: vins rares et grands crus class\u00e9s pour les professionnels\" \/>\n<meta property=\"og:url\" content=\"https:\/\/la-bergere.fr\/en\/\" \/>\n<meta property=\"og:site_name\" content=\"La Berg\u00e8re\" \/>\n<meta property=\"article:modified_time\" content=\"2018-07-18T10:26:52+00:00\" \/>\n<meta property=\"og:image\" content=\"https:\/\/la-bergere.fr\/wp-content\/uploads\/2013\/10\/bkz-118.jpg\" \/>\n<meta name=\"twitter:label1\" content=\"Est. reading time\" \/>\n\t<meta name=\"twitter:data1\" content=\"2 minutes\" \/>\n<script type=\"application\/ld+json\" class=\"yoast-schema-graph\">{\"@context\":\"https:\\\/\\\/schema.org\",\"@graph\":[{\"@type\":\"WebPage\",\"@id\":\"https:\\\/\\\/la-bergere.fr\\\/\",\"url\":\"https:\\\/\\\/la-bergere.fr\\\/\",\"name\":\"La Berg\u00e8re - Vins rares & grands crus\",\"isPartOf\":{\"@id\":\"https:\\\/\\\/la-bergere.fr\\\/#website\"},\"primaryImageOfPage\":{\"@id\":\"https:\\\/\\\/la-bergere.fr\\\/#primaryimage\"},\"image\":{\"@id\":\"https:\\\/\\\/la-bergere.fr\\\/#primaryimage\"},\"thumbnailUrl\":\"https:\\\/\\\/la-bergere.fr\\\/wp-content\\\/uploads\\\/2013\\\/10\\\/bkz-118.jpg\",\"datePublished\":\"2013-10-14T17:32:11+00:00\",\"dateModified\":\"2018-07-18T10:26:52+00:00\",\"description\":\"Vente et achat de vin: vins rares et grands crus class\u00e9s pour les professionnels\",\"breadcrumb\":{\"@id\":\"https:\\\/\\\/la-bergere.fr\\\/#breadcrumb\"},\"inLanguage\":\"en-US\",\"potentialAction\":[{\"@type\":\"ReadAction\",\"target\":[\"https:\\\/\\\/la-bergere.fr\\\/\"]}]},{\"@type\":\"ImageObject\",\"inLanguage\":\"en-US\",\"@id\":\"https:\\\/\\\/la-bergere.fr\\\/#primaryimage\",\"url\":\"https:\\\/\\\/la-bergere.fr\\\/wp-content\\\/uploads\\\/2013\\\/10\\\/bkz-118.jpg\",\"contentUrl\":\"https:\\\/\\\/la-bergere.fr\\\/wp-content\\\/uploads\\\/2013\\\/10\\\/bkz-118.jpg\"},{\"@type\":\"BreadcrumbList\",\"@id\":\"https:\\\/\\\/la-bergere.fr\\\/#breadcrumb\",\"itemListElement\":[{\"@type\":\"ListItem\",\"position\":1,\"name\":\"Accueil\",\"item\":\"https:\\\/\\\/la-bergere.fr\\\/\"},{\"@type\":\"ListItem\",\"position\":2,\"name\":\"Accueil\"}]},{\"@type\":\"WebSite\",\"@id\":\"https:\\\/\\\/la-bergere.fr\\\/#website\",\"url\":\"https:\\\/\\\/la-bergere.fr\\\/\",\"name\":\"La Berg\u00e8re\",\"description\":\"N\u00e9goce de grands crus et vins fins\",\"potentialAction\":[{\"@type\":\"SearchAction\",\"target\":{\"@type\":\"EntryPoint\",\"urlTemplate\":\"https:\\\/\\\/la-bergere.fr\\\/?s={search_term_string}\"},\"query-input\":{\"@type\":\"PropertyValueSpecification\",\"valueRequired\":true,\"valueName\":\"search_term_string\"}}],\"inLanguage\":\"en-US\"}]}<\/script>\n<!-- \/ Yoast SEO plugin. -->","yoast_head_json":{"title":"La Berg\u00e8re - Vins rares & grands crus","description":"Vente et achat de vin: vins rares et grands crus class\u00e9s pour les professionnels","robots":{"index":"index","follow":"follow","max-snippet":"max-snippet:-1","max-image-preview":"max-image-preview:large","max-video-preview":"max-video-preview:-1"},"canonical":"https:\/\/la-bergere.fr\/en\/","og_locale":"en_US","og_type":"article","og_title":"La Berg\u00e8re - Vins rares & grands crus","og_description":"Vente et achat de vin: vins rares et grands crus class\u00e9s pour les professionnels","og_url":"https:\/\/la-bergere.fr\/en\/","og_site_name":"La Berg\u00e8re","article_modified_time":"2018-07-18T10:26:52+00:00","og_image":[{"url":"https:\/\/la-bergere.fr\/wp-content\/uploads\/2013\/10\/bkz-118.jpg","type":"","width":"","height":""}],"twitter_misc":{"Est. reading time":"2 minutes"},"schema":{"@context":"https:\/\/schema.org","@graph":[{"@type":"WebPage","@id":"https:\/\/la-bergere.fr\/","url":"https:\/\/la-bergere.fr\/","name":"La Berg\u00e8re - Vins rares & grands crus","isPartOf":{"@id":"https:\/\/la-bergere.fr\/#website"},"primaryImageOfPage":{"@id":"https:\/\/la-bergere.fr\/#primaryimage"},"image":{"@id":"https:\/\/la-bergere.fr\/#primaryimage"},"thumbnailUrl":"https:\/\/la-bergere.fr\/wp-content\/uploads\/2013\/10\/bkz-118.jpg","datePublished":"2013-10-14T17:32:11+00:00","dateModified":"2018-07-18T10:26:52+00:00","description":"Vente et achat de vin: vins rares et grands crus class\u00e9s pour les professionnels","breadcrumb":{"@id":"https:\/\/la-bergere.fr\/#breadcrumb"},"inLanguage":"en-US","potentialAction":[{"@type":"ReadAction","target":["https:\/\/la-bergere.fr\/"]}]},{"@type":"ImageObject","inLanguage":"en-US","@id":"https:\/\/la-bergere.fr\/#primaryimage","url":"https:\/\/la-bergere.fr\/wp-content\/uploads\/2013\/10\/bkz-118.jpg","contentUrl":"https:\/\/la-bergere.fr\/wp-content\/uploads\/2013\/10\/bkz-118.jpg"},{"@type":"BreadcrumbList","@id":"https:\/\/la-bergere.fr\/#breadcrumb","itemListElement":[{"@type":"ListItem","position":1,"name":"Accueil","item":"https:\/\/la-bergere.fr\/"},{"@type":"ListItem","position":2,"name":"Accueil"}]},{"@type":"WebSite","@id":"https:\/\/la-bergere.fr\/#website","url":"https:\/\/la-bergere.fr\/","name":"Shepherdess","description":"Trading of grands crus and fine wines","potentialAction":[{"@type":"SearchAction","target":{"@type":"EntryPoint","urlTemplate":"https:\/\/la-bergere.fr\/?s={search_term_string}"},"query-input":{"@type":"PropertyValueSpecification","valueRequired":true,"valueName":"search_term_string"}}],"inLanguage":"en-US"}]}},"_links":{"self":[{"href":"https:\/\/la-bergere.fr\/en\/wp-json\/wp\/v2\/pages\/69","targetHints":{"allow":["GET"]}}],"collection":[{"href":"https:\/\/la-bergere.fr\/en\/wp-json\/wp\/v2\/pages"}],"about":[{"href":"https:\/\/la-bergere.fr\/en\/wp-json\/wp\/v2\/types\/page"}],"author":[{"embeddable":true,"href":"https:\/\/la-bergere.fr\/en\/wp-json\/wp\/v2\/users\/12"}],"replies":[{"embeddable":true,"href":"https:\/\/la-bergere.fr\/en\/wp-json\/wp\/v2\/comments?post=69"}],"version-history":[{"count":5,"href":"https:\/\/la-bergere.fr\/en\/wp-json\/wp\/v2\/pages\/69\/revisions"}],"predecessor-version":[{"id":4066,"href":"https:\/\/la-bergere.fr\/en\/wp-json\/wp\/v2\/pages\/69\/revisions\/4066"}],"wp:attachment":[{"href":"https:\/\/la-bergere.fr\/en\/wp-json\/wp\/v2\/media?parent=69"}],"curies":[{"name":"wp","href":"https:\/\/api.w.org\/{rel}","templated":true}]}}