{"id":4258,"date":"2023-01-09T19:57:51","date_gmt":"2023-01-09T18:57:51","guid":{"rendered":"https:\/\/la-bergere.fr\/lp\/nlpl-mon-copy\/"},"modified":"2025-02-26T11:21:38","modified_gmt":"2025-02-26T10:21:38","slug":"nlso-4","status":"publish","type":"page","link":"https:\/\/la-bergere.fr\/en\/lp\/nlso-4\/","title":{"rendered":"Offre sp\u00e9ciale &#8211; Special offer"},"content":{"rendered":"<div class=\"clearfix  row-fluid krown-column-row clearfix\">\n\t<div class=\"span12 krown-column-container clearfix column_container\">\n\t\t<br \/>\n<b>Warning<\/b>:  file_exists(): open_basedir restriction in effect. File(\/home\/degu8523\/sites\/la-bergere.fr\/wp-content\/uploads\/2014\/07\/Paul-Avril-10-06-2025.xlsx) is not within the allowed path(s): (\/home\/labergere\/:\/tmp\/:\/var\/lib\/php\/sessions\/:\/usr\/share\/php\/) in <b>\/home\/labergere\/www\/wp-content\/plugins\/wpdatatables\/source\/class.wpdatatable.php<\/b> online <b>1789<\/b><br \/>\n<div class=\"clearfix\">\n\t\t<div class=\"wpb_wrapper\">\n\t\t\t<div class=\"wpdt-c\">\n    <div class=\"alert alert-danger m-10\" role=\"alert\">\n        <span class=\"wdt-alert-title f-600\">Error<br><\/span>\n        <span class=\"wdt-alert-subtitle\">Provided file \/home\/degu8523\/sites\/la-bergere.fr\/wp-content\/uploads\/2014\/07\/Paul-Avril-10-06-2025.xlsx does not exist!<\/span>\n    <\/div>\n<\/div>\n\n\t\t<\/div> \n\t<\/div> \n\t<\/div> \n<\/div><div class=\"clearfix  row-fluid krown-column-row clearfix\">\n\t<div class=\"span12 krown-column-container clearfix column_container\">\n\t\t<section class=\"rbLine clearfix\">\r\n    \t<i class=\"i-medium krown-icon-chart\"><\/i>\r\n    \t<h2>Interested in a reference?<\/h2>\r\n    \t<h5>Contact us for availability<\/h5><a class=\"rbButton large dark\" href=\"\/en\/nous-contacter\/\" target=\"\">Contact us<\/a><\/section>\n\t<\/div> \n<\/div>","protected":false},"excerpt":{"rendered":"Warning: file_exists(): open_basedir restriction in effect. File(\/home\/degu8523\/sites\/la-bergere.fr\/wp-content\/uploads\/2014\/07\/Paul-Avril-10-06-2025.xlsx) is not within the allowed path(s): (\/home\/labergere\/:\/tmp\/:\/var\/lib\/php\/sessions\/:\/usr\/share\/php\/) in \/home\/labergere\/www\/wp-content\/plugins\/wpdatatables\/source\/class.wpdatatable.php on line 1789 Error Provided file \/home\/degu8523\/sites\/la-bergere.fr\/wp-content\/uploads\/2014\/07\/Paul-Avril-10-06-2025.xlsx does not exist! Une r\u00e9f\u00e9rence vous int\u00e9resse ? Contactez-nous pour conna\u00eetre sa disponibilit\u00e9Nous contacter","protected":false},"author":12,"featured_media":2717,"parent":4240,"menu_order":3,"comment_status":"closed","ping_status":"closed","template":"template-page-standard.php","meta":{"footnotes":""},"class_list":["post-4258","page","type-page","status-publish","has-post-thumbnail","hentry"],"yoast_head":"<!-- This site is optimized with the Yoast SEO plugin v27.3 - https:\/\/yoast.com\/product\/yoast-seo-wordpress\/ -->\n<title>Offre sp\u00e9ciale - Special offer - La Berg\u00e8re<\/title>\n<meta name=\"robots\" content=\"noindex, nofollow\" \/>\n<meta property=\"og:locale\" content=\"en_US\" \/>\n<meta property=\"og:type\" content=\"article\" \/>\n<meta property=\"og:title\" content=\"Offre sp\u00e9ciale - Special offer - La Berg\u00e8re\" \/>\n<meta property=\"og:url\" content=\"https:\/\/la-bergere.fr\/en\/lp\/nlso-4\/\" \/>\n<meta property=\"og:site_name\" content=\"La Berg\u00e8re\" \/>\n<meta property=\"article:modified_time\" content=\"2025-02-26T10:21:38+00:00\" \/>\n<meta property=\"og:image\" content=\"https:\/\/la-bergere.fr\/wp-content\/uploads\/2014\/02\/bottles1.jpg\" \/>\n\t<meta property=\"og:image:width\" content=\"1101\" \/>\n\t<meta property=\"og:image:height\" content=\"731\" \/>\n\t<meta property=\"og:image:type\" content=\"image\/jpeg\" \/>\n<meta name=\"twitter:label1\" content=\"Est. reading time\" \/>\n\t<meta name=\"twitter:data1\" content=\"1 minute\" \/>\n<script type=\"application\/ld+json\" class=\"yoast-schema-graph\">{\"@context\":\"https:\\\/\\\/schema.org\",\"@graph\":[{\"@type\":\"WebPage\",\"@id\":\"https:\\\/\\\/la-bergere.fr\\\/lp\\\/nlso-4\\\/\",\"url\":\"https:\\\/\\\/la-bergere.fr\\\/lp\\\/nlso-4\\\/\",\"name\":\"Offre sp\u00e9ciale - Special offer - La Berg\u00e8re\",\"isPartOf\":{\"@id\":\"https:\\\/\\\/la-bergere.fr\\\/#website\"},\"primaryImageOfPage\":{\"@id\":\"https:\\\/\\\/la-bergere.fr\\\/lp\\\/nlso-4\\\/#primaryimage\"},\"image\":{\"@id\":\"https:\\\/\\\/la-bergere.fr\\\/lp\\\/nlso-4\\\/#primaryimage\"},\"thumbnailUrl\":\"https:\\\/\\\/la-bergere.fr\\\/wp-content\\\/uploads\\\/2014\\\/02\\\/bottles1.jpg\",\"datePublished\":\"2023-01-09T18:57:51+00:00\",\"dateModified\":\"2025-02-26T10:21:38+00:00\",\"breadcrumb\":{\"@id\":\"https:\\\/\\\/la-bergere.fr\\\/lp\\\/nlso-4\\\/#breadcrumb\"},\"inLanguage\":\"en-US\",\"potentialAction\":[{\"@type\":\"ReadAction\",\"target\":[\"https:\\\/\\\/la-bergere.fr\\\/lp\\\/nlso-4\\\/\"]}]},{\"@type\":\"ImageObject\",\"inLanguage\":\"en-US\",\"@id\":\"https:\\\/\\\/la-bergere.fr\\\/lp\\\/nlso-4\\\/#primaryimage\",\"url\":\"https:\\\/\\\/la-bergere.fr\\\/wp-content\\\/uploads\\\/2014\\\/02\\\/bottles1.jpg\",\"contentUrl\":\"https:\\\/\\\/la-bergere.fr\\\/wp-content\\\/uploads\\\/2014\\\/02\\\/bottles1.jpg\",\"width\":1101,\"height\":731},{\"@type\":\"BreadcrumbList\",\"@id\":\"https:\\\/\\\/la-bergere.fr\\\/lp\\\/nlso-4\\\/#breadcrumb\",\"itemListElement\":[{\"@type\":\"ListItem\",\"position\":1,\"name\":\"Accueil\",\"item\":\"https:\\\/\\\/la-bergere.fr\\\/\"},{\"@type\":\"ListItem\",\"position\":2,\"name\":\"Landing pages\",\"item\":\"https:\\\/\\\/la-bergere.fr\\\/lp\\\/\"},{\"@type\":\"ListItem\",\"position\":3,\"name\":\"Offre sp\u00e9ciale &#8211; Special offer\"}]},{\"@type\":\"WebSite\",\"@id\":\"https:\\\/\\\/la-bergere.fr\\\/#website\",\"url\":\"https:\\\/\\\/la-bergere.fr\\\/\",\"name\":\"La Berg\u00e8re\",\"description\":\"N\u00e9goce de grands crus et vins fins\",\"potentialAction\":[{\"@type\":\"SearchAction\",\"target\":{\"@type\":\"EntryPoint\",\"urlTemplate\":\"https:\\\/\\\/la-bergere.fr\\\/?s={search_term_string}\"},\"query-input\":{\"@type\":\"PropertyValueSpecification\",\"valueRequired\":true,\"valueName\":\"search_term_string\"}}],\"inLanguage\":\"en-US\"}]}<\/script>\n<!-- \/ Yoast SEO plugin. -->","yoast_head_json":{"title":"Offre sp\u00e9ciale - Special offer - La Berg\u00e8re","robots":{"index":"noindex","follow":"nofollow"},"og_locale":"en_US","og_type":"article","og_title":"Offre sp\u00e9ciale - Special offer - La Berg\u00e8re","og_url":"https:\/\/la-bergere.fr\/en\/lp\/nlso-4\/","og_site_name":"La Berg\u00e8re","article_modified_time":"2025-02-26T10:21:38+00:00","og_image":[{"width":1101,"height":731,"url":"https:\/\/la-bergere.fr\/wp-content\/uploads\/2014\/02\/bottles1.jpg","type":"image\/jpeg"}],"twitter_misc":{"Est. reading time":"1 minute"},"schema":{"@context":"https:\/\/schema.org","@graph":[{"@type":"WebPage","@id":"https:\/\/la-bergere.fr\/lp\/nlso-4\/","url":"https:\/\/la-bergere.fr\/lp\/nlso-4\/","name":"Offre sp\u00e9ciale - Special offer - La Berg\u00e8re","isPartOf":{"@id":"https:\/\/la-bergere.fr\/#website"},"primaryImageOfPage":{"@id":"https:\/\/la-bergere.fr\/lp\/nlso-4\/#primaryimage"},"image":{"@id":"https:\/\/la-bergere.fr\/lp\/nlso-4\/#primaryimage"},"thumbnailUrl":"https:\/\/la-bergere.fr\/wp-content\/uploads\/2014\/02\/bottles1.jpg","datePublished":"2023-01-09T18:57:51+00:00","dateModified":"2025-02-26T10:21:38+00:00","breadcrumb":{"@id":"https:\/\/la-bergere.fr\/lp\/nlso-4\/#breadcrumb"},"inLanguage":"en-US","potentialAction":[{"@type":"ReadAction","target":["https:\/\/la-bergere.fr\/lp\/nlso-4\/"]}]},{"@type":"ImageObject","inLanguage":"en-US","@id":"https:\/\/la-bergere.fr\/lp\/nlso-4\/#primaryimage","url":"https:\/\/la-bergere.fr\/wp-content\/uploads\/2014\/02\/bottles1.jpg","contentUrl":"https:\/\/la-bergere.fr\/wp-content\/uploads\/2014\/02\/bottles1.jpg","width":1101,"height":731},{"@type":"BreadcrumbList","@id":"https:\/\/la-bergere.fr\/lp\/nlso-4\/#breadcrumb","itemListElement":[{"@type":"ListItem","position":1,"name":"Accueil","item":"https:\/\/la-bergere.fr\/"},{"@type":"ListItem","position":2,"name":"Landing pages","item":"https:\/\/la-bergere.fr\/lp\/"},{"@type":"ListItem","position":3,"name":"Offre sp\u00e9ciale &#8211; Special offer"}]},{"@type":"WebSite","@id":"https:\/\/la-bergere.fr\/#website","url":"https:\/\/la-bergere.fr\/","name":"Shepherdess","description":"Trading of grands crus and fine wines","potentialAction":[{"@type":"SearchAction","target":{"@type":"EntryPoint","urlTemplate":"https:\/\/la-bergere.fr\/?s={search_term_string}"},"query-input":{"@type":"PropertyValueSpecification","valueRequired":true,"valueName":"search_term_string"}}],"inLanguage":"en-US"}]}},"_links":{"self":[{"href":"https:\/\/la-bergere.fr\/en\/wp-json\/wp\/v2\/pages\/4258","targetHints":{"allow":["GET"]}}],"collection":[{"href":"https:\/\/la-bergere.fr\/en\/wp-json\/wp\/v2\/pages"}],"about":[{"href":"https:\/\/la-bergere.fr\/en\/wp-json\/wp\/v2\/types\/page"}],"author":[{"embeddable":true,"href":"https:\/\/la-bergere.fr\/en\/wp-json\/wp\/v2\/users\/12"}],"replies":[{"embeddable":true,"href":"https:\/\/la-bergere.fr\/en\/wp-json\/wp\/v2\/comments?post=4258"}],"version-history":[{"count":5,"href":"https:\/\/la-bergere.fr\/en\/wp-json\/wp\/v2\/pages\/4258\/revisions"}],"predecessor-version":[{"id":5156,"href":"https:\/\/la-bergere.fr\/en\/wp-json\/wp\/v2\/pages\/4258\/revisions\/5156"}],"up":[{"embeddable":true,"href":"https:\/\/la-bergere.fr\/en\/wp-json\/wp\/v2\/pages\/4240"}],"wp:featuredmedia":[{"embeddable":true,"href":"https:\/\/la-bergere.fr\/en\/wp-json\/wp\/v2\/media\/2717"}],"wp:attachment":[{"href":"https:\/\/la-bergere.fr\/en\/wp-json\/wp\/v2\/media?parent=4258"}],"curies":[{"name":"wp","href":"https:\/\/api.w.org\/{rel}","templated":true}]}}