{"id":35,"date":"2013-10-14T16:26:06","date_gmt":"2013-10-14T15:26:06","guid":{"rendered":"http:\/\/localhost\/labergere\/?page_id=35"},"modified":"2014-08-07T10:03:15","modified_gmt":"2014-08-07T09:03:15","slug":"vendre-des-grands-crus","status":"publish","type":"page","link":"https:\/\/la-bergere.fr\/en\/negoce-de-grands-crus-classes\/vendre-des-grands-crus\/","title":{"rendered":"Sell great vintages"},"content":{"rendered":"<div class=\"clearfix  row-fluid krown-column-row clearfix\">\n\t<div class=\"span12 krown-column-container clearfix column_container\">\n\t\t<div class=\"clearfix\">\n\t\t<div class=\"wpb_wrapper\">\n\t\t\t<h2>La Berg\u00e8re buy back your great wines<\/h2>\n<p><strong style=\"font-size: 16px;\"><span class=\"rbLarge\">We are constantly on the lookout for great wines. We are at your disposal to advise you and evaluate your wines, with a view to making you an offer to purchase.<\/span><\/strong><\/p>\n<h3>Firm offers<\/h3>\n<p>We pay as soon as the bottles are examined.<\/p>\n<h3>Sale without intermediaries<\/h3>\n<p>Unlike transactions made at auction houses, you do not have to pay the commissions required on the sale price.<\/p>\n<h2>A quality requirement<\/h2>\n<p>Whether we are sellers or buyers, we maintain the same requirements for the quality of the wines. We only submit an offer to purchase if the bottles are in perfect condition (capsule, level, label). We also ensure that the storage conditions of these bottles have been optimal.<\/p>\n<p>So in view of a purchase of your wines by Berg\u00e8re Vintners, a perfect condition of the bottles is required: caps, level, label.<\/p>\n<p><strong>Your wines must imperatively have been stored in optimal conditions<\/strong>, for this reason it is also advisable to specify the mode and place of conservation of your grands crus.<\/p>\n<p>We mainly take back wines in their original packaging (CBO).<\/p>\n\n\t\t<\/div> \n\t<\/div> \n\t<\/div> \n<\/div><div class=\"clearfix  row-fluid krown-column-row clearfix\">\n\t<div class=\"span4 krown-column-container clearfix column_container\">\n\t\t<div class=\"clearfix\">\n\t\t<div class=\"wpb_wrapper\">\n\t\t\t<h3>Why sell us your great wines?<\/h3>\n<p>Our offers are firm, and\u00a0<strong>we pay upon receipt or removal<\/strong>\u00a0prizes.<\/p>\n\n\t\t<\/div> \n\t<\/div> \n\t<\/div> \n\n\t<div class=\"span4 krown-column-container clearfix column_container\">\n\t\t<div class=\"clearfix\">\n\t\t<div class=\"wpb_wrapper\">\n\t\t\t<h3>Our expertise at your service<\/h3>\n<p>Thanks to our know-how, we can help you in the <strong>valorization of your grands crus and in the organization of transport during resale.<\/strong><\/p>\n\n\t\t<\/div> \n\t<\/div> \n\t<\/div> \n\n\t<div class=\"span4 krown-column-container clearfix column_container\">\n\t\t<div class=\"clearfix\">\n\t\t<div class=\"wpb_wrapper\">\n\t\t\t<h3>A sale without intermediaries<\/h3>\n<p>Unlike transactions carried out in auction houses,\u00a0<strong>you do not have to pay the 20% of commissions\u00a0<\/strong>required on the sale price.<\/p>\n\n\t\t<\/div> \n\t<\/div> \n\t<\/div> \n<\/div><div class=\"clearfix  row-fluid krown-column-row clearfix\">\n\t<div class=\"span12 krown-column-container clearfix column_container\">\n\t\t<section class=\"rbLine clearfix\">\r\n    \t<i class=\"i-medium krown-icon-chart-area\"><\/i>\r\n    \t<h2>How much is my wine worth?<\/h2>\r\n    \t<h5>Ask for a free estimate<\/h5><a class=\"rbButton large dark\" href=\"\/en\/negoce-de-grands-crus-classes\/vendre-des-grands-crus\/evaluer-prix-mon-vin\/\" target=\"_parent\">Learn more<\/a><\/section>\n\t<\/div> \n<\/div>","protected":false},"excerpt":{"rendered":"La Berg\u00e8re rach\u00e8tent vos grands crus Nous sommes constamment \u00e0 la recherche de grands vins. Nous nous tenons \u00e0 votre disposition pour vous conseiller et \u00e9valuer vos vins, en vue de vous proposer une offre d\u2019achat. Offres fermes Nous payons d\u00e8s l\u2019examen des bouteilles. Vente sans interm\u00e9diaires Contrairement aux transactions r\u00e9alis\u00e9es dans les maisons de [...]","protected":false},"author":12,"featured_media":2180,"parent":16,"menu_order":2,"comment_status":"closed","ping_status":"closed","template":"template-page-standard.php","meta":{"footnotes":""},"class_list":["post-35","page","type-page","status-publish","has-post-thumbnail","hentry"],"yoast_head":"<!-- This site is optimized with the Yoast SEO plugin v27.4 - https:\/\/yoast.com\/product\/yoast-seo-wordpress\/ -->\n<title>Vendre des grands crus - La Berg\u00e8re<\/title>\n<meta name=\"robots\" content=\"index, follow, max-snippet:-1, max-image-preview:large, max-video-preview:-1\" \/>\n<link rel=\"canonical\" href=\"https:\/\/la-bergere.fr\/en\/negoce-de-grands-crus-classes\/vendre-des-grands-crus\/\" \/>\n<meta property=\"og:locale\" content=\"en_US\" \/>\n<meta property=\"og:type\" content=\"article\" \/>\n<meta property=\"og:title\" content=\"Vendre des grands crus - La Berg\u00e8re\" \/>\n<meta property=\"og:url\" content=\"https:\/\/la-bergere.fr\/en\/negoce-de-grands-crus-classes\/vendre-des-grands-crus\/\" \/>\n<meta property=\"og:site_name\" content=\"La Berg\u00e8re\" \/>\n<meta property=\"article:modified_time\" content=\"2014-08-07T09:03:15+00:00\" \/>\n<meta property=\"og:image\" content=\"https:\/\/la-bergere.fr\/wp-content\/uploads\/2014\/07\/bkz-header2.jpg\" \/>\n\t<meta property=\"og:image:width\" content=\"1024\" \/>\n\t<meta property=\"og:image:height\" content=\"450\" \/>\n\t<meta property=\"og:image:type\" content=\"image\/jpeg\" \/>\n<meta name=\"twitter:label1\" content=\"Est. reading time\" \/>\n\t<meta name=\"twitter:data1\" content=\"2 minutes\" \/>\n<script type=\"application\/ld+json\" class=\"yoast-schema-graph\">{\"@context\":\"https:\\\/\\\/schema.org\",\"@graph\":[{\"@type\":\"WebPage\",\"@id\":\"https:\\\/\\\/la-bergere.fr\\\/negoce-de-grands-crus-classes\\\/vendre-des-grands-crus\\\/\",\"url\":\"https:\\\/\\\/la-bergere.fr\\\/negoce-de-grands-crus-classes\\\/vendre-des-grands-crus\\\/\",\"name\":\"Vendre des grands crus - La Berg\u00e8re\",\"isPartOf\":{\"@id\":\"https:\\\/\\\/la-bergere.fr\\\/#website\"},\"primaryImageOfPage\":{\"@id\":\"https:\\\/\\\/la-bergere.fr\\\/negoce-de-grands-crus-classes\\\/vendre-des-grands-crus\\\/#primaryimage\"},\"image\":{\"@id\":\"https:\\\/\\\/la-bergere.fr\\\/negoce-de-grands-crus-classes\\\/vendre-des-grands-crus\\\/#primaryimage\"},\"thumbnailUrl\":\"https:\\\/\\\/la-bergere.fr\\\/wp-content\\\/uploads\\\/2014\\\/07\\\/bkz-header2.jpg\",\"datePublished\":\"2013-10-14T15:26:06+00:00\",\"dateModified\":\"2014-08-07T09:03:15+00:00\",\"breadcrumb\":{\"@id\":\"https:\\\/\\\/la-bergere.fr\\\/negoce-de-grands-crus-classes\\\/vendre-des-grands-crus\\\/#breadcrumb\"},\"inLanguage\":\"en-US\",\"potentialAction\":[{\"@type\":\"ReadAction\",\"target\":[\"https:\\\/\\\/la-bergere.fr\\\/negoce-de-grands-crus-classes\\\/vendre-des-grands-crus\\\/\"]}]},{\"@type\":\"ImageObject\",\"inLanguage\":\"en-US\",\"@id\":\"https:\\\/\\\/la-bergere.fr\\\/negoce-de-grands-crus-classes\\\/vendre-des-grands-crus\\\/#primaryimage\",\"url\":\"https:\\\/\\\/la-bergere.fr\\\/wp-content\\\/uploads\\\/2014\\\/07\\\/bkz-header2.jpg\",\"contentUrl\":\"https:\\\/\\\/la-bergere.fr\\\/wp-content\\\/uploads\\\/2014\\\/07\\\/bkz-header2.jpg\",\"width\":1024,\"height\":450},{\"@type\":\"BreadcrumbList\",\"@id\":\"https:\\\/\\\/la-bergere.fr\\\/negoce-de-grands-crus-classes\\\/vendre-des-grands-crus\\\/#breadcrumb\",\"itemListElement\":[{\"@type\":\"ListItem\",\"position\":1,\"name\":\"Accueil\",\"item\":\"https:\\\/\\\/la-bergere.fr\\\/\"},{\"@type\":\"ListItem\",\"position\":2,\"name\":\"N\u00e9goce de grands crus class\u00e9s\",\"item\":\"https:\\\/\\\/la-bergere.fr\\\/negoce-de-grands-crus-classes\\\/\"},{\"@type\":\"ListItem\",\"position\":3,\"name\":\"Vendre des grands crus\"}]},{\"@type\":\"WebSite\",\"@id\":\"https:\\\/\\\/la-bergere.fr\\\/#website\",\"url\":\"https:\\\/\\\/la-bergere.fr\\\/\",\"name\":\"La Berg\u00e8re\",\"description\":\"N\u00e9goce de grands crus et vins fins\",\"potentialAction\":[{\"@type\":\"SearchAction\",\"target\":{\"@type\":\"EntryPoint\",\"urlTemplate\":\"https:\\\/\\\/la-bergere.fr\\\/?s={search_term_string}\"},\"query-input\":{\"@type\":\"PropertyValueSpecification\",\"valueRequired\":true,\"valueName\":\"search_term_string\"}}],\"inLanguage\":\"en-US\"}]}<\/script>\n<!-- \/ Yoast SEO plugin. -->","yoast_head_json":{"title":"Vendre des grands crus - La Berg\u00e8re","robots":{"index":"index","follow":"follow","max-snippet":"max-snippet:-1","max-image-preview":"max-image-preview:large","max-video-preview":"max-video-preview:-1"},"canonical":"https:\/\/la-bergere.fr\/en\/negoce-de-grands-crus-classes\/vendre-des-grands-crus\/","og_locale":"en_US","og_type":"article","og_title":"Vendre des grands crus - La Berg\u00e8re","og_url":"https:\/\/la-bergere.fr\/en\/negoce-de-grands-crus-classes\/vendre-des-grands-crus\/","og_site_name":"La Berg\u00e8re","article_modified_time":"2014-08-07T09:03:15+00:00","og_image":[{"width":1024,"height":450,"url":"https:\/\/la-bergere.fr\/wp-content\/uploads\/2014\/07\/bkz-header2.jpg","type":"image\/jpeg"}],"twitter_misc":{"Est. reading time":"2 minutes"},"schema":{"@context":"https:\/\/schema.org","@graph":[{"@type":"WebPage","@id":"https:\/\/la-bergere.fr\/negoce-de-grands-crus-classes\/vendre-des-grands-crus\/","url":"https:\/\/la-bergere.fr\/negoce-de-grands-crus-classes\/vendre-des-grands-crus\/","name":"Vendre des grands crus - La Berg\u00e8re","isPartOf":{"@id":"https:\/\/la-bergere.fr\/#website"},"primaryImageOfPage":{"@id":"https:\/\/la-bergere.fr\/negoce-de-grands-crus-classes\/vendre-des-grands-crus\/#primaryimage"},"image":{"@id":"https:\/\/la-bergere.fr\/negoce-de-grands-crus-classes\/vendre-des-grands-crus\/#primaryimage"},"thumbnailUrl":"https:\/\/la-bergere.fr\/wp-content\/uploads\/2014\/07\/bkz-header2.jpg","datePublished":"2013-10-14T15:26:06+00:00","dateModified":"2014-08-07T09:03:15+00:00","breadcrumb":{"@id":"https:\/\/la-bergere.fr\/negoce-de-grands-crus-classes\/vendre-des-grands-crus\/#breadcrumb"},"inLanguage":"en-US","potentialAction":[{"@type":"ReadAction","target":["https:\/\/la-bergere.fr\/negoce-de-grands-crus-classes\/vendre-des-grands-crus\/"]}]},{"@type":"ImageObject","inLanguage":"en-US","@id":"https:\/\/la-bergere.fr\/negoce-de-grands-crus-classes\/vendre-des-grands-crus\/#primaryimage","url":"https:\/\/la-bergere.fr\/wp-content\/uploads\/2014\/07\/bkz-header2.jpg","contentUrl":"https:\/\/la-bergere.fr\/wp-content\/uploads\/2014\/07\/bkz-header2.jpg","width":1024,"height":450},{"@type":"BreadcrumbList","@id":"https:\/\/la-bergere.fr\/negoce-de-grands-crus-classes\/vendre-des-grands-crus\/#breadcrumb","itemListElement":[{"@type":"ListItem","position":1,"name":"Accueil","item":"https:\/\/la-bergere.fr\/"},{"@type":"ListItem","position":2,"name":"N\u00e9goce de grands crus class\u00e9s","item":"https:\/\/la-bergere.fr\/negoce-de-grands-crus-classes\/"},{"@type":"ListItem","position":3,"name":"Vendre des grands crus"}]},{"@type":"WebSite","@id":"https:\/\/la-bergere.fr\/#website","url":"https:\/\/la-bergere.fr\/","name":"Shepherdess","description":"Trading of grands crus and fine wines","potentialAction":[{"@type":"SearchAction","target":{"@type":"EntryPoint","urlTemplate":"https:\/\/la-bergere.fr\/?s={search_term_string}"},"query-input":{"@type":"PropertyValueSpecification","valueRequired":true,"valueName":"search_term_string"}}],"inLanguage":"en-US"}]}},"_links":{"self":[{"href":"https:\/\/la-bergere.fr\/en\/wp-json\/wp\/v2\/pages\/35","targetHints":{"allow":["GET"]}}],"collection":[{"href":"https:\/\/la-bergere.fr\/en\/wp-json\/wp\/v2\/pages"}],"about":[{"href":"https:\/\/la-bergere.fr\/en\/wp-json\/wp\/v2\/types\/page"}],"author":[{"embeddable":true,"href":"https:\/\/la-bergere.fr\/en\/wp-json\/wp\/v2\/users\/12"}],"replies":[{"embeddable":true,"href":"https:\/\/la-bergere.fr\/en\/wp-json\/wp\/v2\/comments?post=35"}],"version-history":[{"count":0,"href":"https:\/\/la-bergere.fr\/en\/wp-json\/wp\/v2\/pages\/35\/revisions"}],"up":[{"embeddable":true,"href":"https:\/\/la-bergere.fr\/en\/wp-json\/wp\/v2\/pages\/16"}],"wp:featuredmedia":[{"embeddable":true,"href":"https:\/\/la-bergere.fr\/en\/wp-json\/wp\/v2\/media\/2180"}],"wp:attachment":[{"href":"https:\/\/la-bergere.fr\/en\/wp-json\/wp\/v2\/media?parent=35"}],"curies":[{"name":"wp","href":"https:\/\/api.w.org\/{rel}","templated":true}]}}