{"id":30,"date":"2013-10-14T16:24:11","date_gmt":"2013-10-14T15:24:11","guid":{"rendered":"http:\/\/localhost\/labergere\/?page_id=30"},"modified":"2014-07-30T09:14:43","modified_gmt":"2014-07-30T08:14:43","slug":"nos-engagements","status":"publish","type":"page","link":"https:\/\/la-bergere.fr\/en\/negoce-de-grands-crus-classes\/acheter-des-grands-crus\/nos-engagements\/","title":{"rendered":"Our engagements"},"content":{"rendered":"<div class=\"clearfix  row-fluid krown-column-row clearfix\">\n\t<div class=\"span12 krown-column-container clearfix column_container\">\n\t\t<div class=\"clearfix\">\n\t\t<div class=\"wpb_wrapper\">\n\t\t\t<h2>The commitments of La Berg\u00e8re<\/h2>\n<h3>expertise<\/h3>\n<p>The combined know-how of the best experts in their fields: winegrowers and merchants.<\/p>\n<h3>Competitiveness<\/h3>\n<p>Low margins, to guarantee the best prices.<\/p>\n<h3>Impartiality<\/h3>\n<p>Rigorous and objective selection criteria.<\/p>\n<h3>Reactivity<\/h3>\n<p><b><\/b>Proven logistical resources, powerful IT systems, and an international presence, with offices in Paris, London and Hong Kong.<\/p>\n<h3>meticulousness<\/h3>\n<p><b><\/b>Constant attention to detail, to guarantee the quality of the bottles. From ordering (photography of bottles) to delivery, including storage (temperature, hygrometry).<\/p>\n\n\t\t<\/div> \n\t<\/div> \n\t<\/div> \n<\/div><div class=\"clearfix  row-fluid krown-column-row clearfix\">\n\t<div class=\"span6 krown-column-container clearfix column_container\">\n\t\t<a class=\"rbButton light large\" href=\"\/en\/negoce-de-grands-crus-classes\/acheter-des-grands-crus\/liste-prix-labergere\/\" target=\"_parent\">Download our prices<\/a>\n\t<\/div> \n<\/div>","protected":false},"excerpt":{"rendered":"Les engagements de La Berg\u00e8re Expertise Le savoir-faire conjugu\u00e9 des meilleurs experts dans leurs domaines\u00a0: vignerons et n\u00e9gociants. Comp\u00e9titivit\u00e9 Des marges faibles, pour garantir les meilleurs prix. Impartialit\u00e9 Des crit\u00e8res de s\u00e9lection rigoureux et objectifs. R\u00e9activit\u00e9 Des moyens logistiques \u00e9prouv\u00e9s, des syst\u00e8mes informatiques puissants, et une pr\u00e9sence \u00e0 l\u2019international, avec des bureaux \u00e0 Paris, Londres [...]","protected":false},"author":12,"featured_media":2197,"parent":22,"menu_order":3,"comment_status":"open","ping_status":"closed","template":"template-page-standard.php","meta":{"footnotes":""},"class_list":["post-30","page","type-page","status-publish","has-post-thumbnail","hentry"],"yoast_head":"<!-- This site is optimized with the Yoast SEO plugin v27.4 - https:\/\/yoast.com\/product\/yoast-seo-wordpress\/ -->\n<title>Nos engagements - La Berg\u00e8re<\/title>\n<meta name=\"robots\" content=\"index, follow, max-snippet:-1, max-image-preview:large, max-video-preview:-1\" \/>\n<link rel=\"canonical\" href=\"https:\/\/la-bergere.fr\/en\/negoce-de-grands-crus-classes\/acheter-des-grands-crus\/nos-engagements\/\" \/>\n<meta property=\"og:locale\" content=\"en_US\" \/>\n<meta property=\"og:type\" content=\"article\" \/>\n<meta property=\"og:title\" content=\"Nos engagements - La Berg\u00e8re\" \/>\n<meta property=\"og:url\" content=\"https:\/\/la-bergere.fr\/en\/negoce-de-grands-crus-classes\/acheter-des-grands-crus\/nos-engagements\/\" \/>\n<meta property=\"og:site_name\" content=\"La Berg\u00e8re\" \/>\n<meta property=\"article:modified_time\" content=\"2014-07-30T08:14:43+00:00\" \/>\n<meta property=\"og:image\" content=\"https:\/\/la-bergere.fr\/wp-content\/uploads\/2014\/07\/bkz-header12.jpg\" \/>\n\t<meta property=\"og:image:width\" content=\"1024\" \/>\n\t<meta property=\"og:image:height\" content=\"299\" \/>\n\t<meta property=\"og:image:type\" content=\"image\/jpeg\" \/>\n<meta name=\"twitter:label1\" content=\"Est. reading time\" \/>\n\t<meta name=\"twitter:data1\" content=\"1 minute\" \/>\n<script type=\"application\/ld+json\" class=\"yoast-schema-graph\">{\"@context\":\"https:\\\/\\\/schema.org\",\"@graph\":[{\"@type\":\"WebPage\",\"@id\":\"https:\\\/\\\/la-bergere.fr\\\/negoce-de-grands-crus-classes\\\/acheter-des-grands-crus\\\/nos-engagements\\\/\",\"url\":\"https:\\\/\\\/la-bergere.fr\\\/negoce-de-grands-crus-classes\\\/acheter-des-grands-crus\\\/nos-engagements\\\/\",\"name\":\"Nos engagements - La Berg\u00e8re\",\"isPartOf\":{\"@id\":\"https:\\\/\\\/la-bergere.fr\\\/#website\"},\"primaryImageOfPage\":{\"@id\":\"https:\\\/\\\/la-bergere.fr\\\/negoce-de-grands-crus-classes\\\/acheter-des-grands-crus\\\/nos-engagements\\\/#primaryimage\"},\"image\":{\"@id\":\"https:\\\/\\\/la-bergere.fr\\\/negoce-de-grands-crus-classes\\\/acheter-des-grands-crus\\\/nos-engagements\\\/#primaryimage\"},\"thumbnailUrl\":\"https:\\\/\\\/la-bergere.fr\\\/wp-content\\\/uploads\\\/2014\\\/07\\\/bkz-header12.jpg\",\"datePublished\":\"2013-10-14T15:24:11+00:00\",\"dateModified\":\"2014-07-30T08:14:43+00:00\",\"breadcrumb\":{\"@id\":\"https:\\\/\\\/la-bergere.fr\\\/negoce-de-grands-crus-classes\\\/acheter-des-grands-crus\\\/nos-engagements\\\/#breadcrumb\"},\"inLanguage\":\"en-US\",\"potentialAction\":[{\"@type\":\"ReadAction\",\"target\":[\"https:\\\/\\\/la-bergere.fr\\\/negoce-de-grands-crus-classes\\\/acheter-des-grands-crus\\\/nos-engagements\\\/\"]}]},{\"@type\":\"ImageObject\",\"inLanguage\":\"en-US\",\"@id\":\"https:\\\/\\\/la-bergere.fr\\\/negoce-de-grands-crus-classes\\\/acheter-des-grands-crus\\\/nos-engagements\\\/#primaryimage\",\"url\":\"https:\\\/\\\/la-bergere.fr\\\/wp-content\\\/uploads\\\/2014\\\/07\\\/bkz-header12.jpg\",\"contentUrl\":\"https:\\\/\\\/la-bergere.fr\\\/wp-content\\\/uploads\\\/2014\\\/07\\\/bkz-header12.jpg\",\"width\":1024,\"height\":299},{\"@type\":\"BreadcrumbList\",\"@id\":\"https:\\\/\\\/la-bergere.fr\\\/negoce-de-grands-crus-classes\\\/acheter-des-grands-crus\\\/nos-engagements\\\/#breadcrumb\",\"itemListElement\":[{\"@type\":\"ListItem\",\"position\":1,\"name\":\"Accueil\",\"item\":\"https:\\\/\\\/la-bergere.fr\\\/\"},{\"@type\":\"ListItem\",\"position\":2,\"name\":\"N\u00e9goce de grands crus class\u00e9s\",\"item\":\"https:\\\/\\\/la-bergere.fr\\\/negoce-de-grands-crus-classes\\\/\"},{\"@type\":\"ListItem\",\"position\":3,\"name\":\"Acheter des grands crus\",\"item\":\"https:\\\/\\\/la-bergere.fr\\\/negoce-de-grands-crus-classes\\\/acheter-des-grands-crus\\\/\"},{\"@type\":\"ListItem\",\"position\":4,\"name\":\"Nos engagements\"}]},{\"@type\":\"WebSite\",\"@id\":\"https:\\\/\\\/la-bergere.fr\\\/#website\",\"url\":\"https:\\\/\\\/la-bergere.fr\\\/\",\"name\":\"La Berg\u00e8re\",\"description\":\"N\u00e9goce de grands crus et vins fins\",\"potentialAction\":[{\"@type\":\"SearchAction\",\"target\":{\"@type\":\"EntryPoint\",\"urlTemplate\":\"https:\\\/\\\/la-bergere.fr\\\/?s={search_term_string}\"},\"query-input\":{\"@type\":\"PropertyValueSpecification\",\"valueRequired\":true,\"valueName\":\"search_term_string\"}}],\"inLanguage\":\"en-US\"}]}<\/script>\n<!-- \/ Yoast SEO plugin. -->","yoast_head_json":{"title":"Nos engagements - La Berg\u00e8re","robots":{"index":"index","follow":"follow","max-snippet":"max-snippet:-1","max-image-preview":"max-image-preview:large","max-video-preview":"max-video-preview:-1"},"canonical":"https:\/\/la-bergere.fr\/en\/negoce-de-grands-crus-classes\/acheter-des-grands-crus\/nos-engagements\/","og_locale":"en_US","og_type":"article","og_title":"Nos engagements - La Berg\u00e8re","og_url":"https:\/\/la-bergere.fr\/en\/negoce-de-grands-crus-classes\/acheter-des-grands-crus\/nos-engagements\/","og_site_name":"La Berg\u00e8re","article_modified_time":"2014-07-30T08:14:43+00:00","og_image":[{"width":1024,"height":299,"url":"https:\/\/la-bergere.fr\/wp-content\/uploads\/2014\/07\/bkz-header12.jpg","type":"image\/jpeg"}],"twitter_misc":{"Est. reading time":"1 minute"},"schema":{"@context":"https:\/\/schema.org","@graph":[{"@type":"WebPage","@id":"https:\/\/la-bergere.fr\/negoce-de-grands-crus-classes\/acheter-des-grands-crus\/nos-engagements\/","url":"https:\/\/la-bergere.fr\/negoce-de-grands-crus-classes\/acheter-des-grands-crus\/nos-engagements\/","name":"Nos engagements - La Berg\u00e8re","isPartOf":{"@id":"https:\/\/la-bergere.fr\/#website"},"primaryImageOfPage":{"@id":"https:\/\/la-bergere.fr\/negoce-de-grands-crus-classes\/acheter-des-grands-crus\/nos-engagements\/#primaryimage"},"image":{"@id":"https:\/\/la-bergere.fr\/negoce-de-grands-crus-classes\/acheter-des-grands-crus\/nos-engagements\/#primaryimage"},"thumbnailUrl":"https:\/\/la-bergere.fr\/wp-content\/uploads\/2014\/07\/bkz-header12.jpg","datePublished":"2013-10-14T15:24:11+00:00","dateModified":"2014-07-30T08:14:43+00:00","breadcrumb":{"@id":"https:\/\/la-bergere.fr\/negoce-de-grands-crus-classes\/acheter-des-grands-crus\/nos-engagements\/#breadcrumb"},"inLanguage":"en-US","potentialAction":[{"@type":"ReadAction","target":["https:\/\/la-bergere.fr\/negoce-de-grands-crus-classes\/acheter-des-grands-crus\/nos-engagements\/"]}]},{"@type":"ImageObject","inLanguage":"en-US","@id":"https:\/\/la-bergere.fr\/negoce-de-grands-crus-classes\/acheter-des-grands-crus\/nos-engagements\/#primaryimage","url":"https:\/\/la-bergere.fr\/wp-content\/uploads\/2014\/07\/bkz-header12.jpg","contentUrl":"https:\/\/la-bergere.fr\/wp-content\/uploads\/2014\/07\/bkz-header12.jpg","width":1024,"height":299},{"@type":"BreadcrumbList","@id":"https:\/\/la-bergere.fr\/negoce-de-grands-crus-classes\/acheter-des-grands-crus\/nos-engagements\/#breadcrumb","itemListElement":[{"@type":"ListItem","position":1,"name":"Accueil","item":"https:\/\/la-bergere.fr\/"},{"@type":"ListItem","position":2,"name":"N\u00e9goce de grands crus class\u00e9s","item":"https:\/\/la-bergere.fr\/negoce-de-grands-crus-classes\/"},{"@type":"ListItem","position":3,"name":"Acheter des grands crus","item":"https:\/\/la-bergere.fr\/negoce-de-grands-crus-classes\/acheter-des-grands-crus\/"},{"@type":"ListItem","position":4,"name":"Nos engagements"}]},{"@type":"WebSite","@id":"https:\/\/la-bergere.fr\/#website","url":"https:\/\/la-bergere.fr\/","name":"Shepherdess","description":"Trading of grands crus and fine wines","potentialAction":[{"@type":"SearchAction","target":{"@type":"EntryPoint","urlTemplate":"https:\/\/la-bergere.fr\/?s={search_term_string}"},"query-input":{"@type":"PropertyValueSpecification","valueRequired":true,"valueName":"search_term_string"}}],"inLanguage":"en-US"}]}},"_links":{"self":[{"href":"https:\/\/la-bergere.fr\/en\/wp-json\/wp\/v2\/pages\/30","targetHints":{"allow":["GET"]}}],"collection":[{"href":"https:\/\/la-bergere.fr\/en\/wp-json\/wp\/v2\/pages"}],"about":[{"href":"https:\/\/la-bergere.fr\/en\/wp-json\/wp\/v2\/types\/page"}],"author":[{"embeddable":true,"href":"https:\/\/la-bergere.fr\/en\/wp-json\/wp\/v2\/users\/12"}],"replies":[{"embeddable":true,"href":"https:\/\/la-bergere.fr\/en\/wp-json\/wp\/v2\/comments?post=30"}],"version-history":[{"count":0,"href":"https:\/\/la-bergere.fr\/en\/wp-json\/wp\/v2\/pages\/30\/revisions"}],"up":[{"embeddable":true,"href":"https:\/\/la-bergere.fr\/en\/wp-json\/wp\/v2\/pages\/22"}],"wp:featuredmedia":[{"embeddable":true,"href":"https:\/\/la-bergere.fr\/en\/wp-json\/wp\/v2\/media\/2197"}],"wp:attachment":[{"href":"https:\/\/la-bergere.fr\/en\/wp-json\/wp\/v2\/media?parent=30"}],"curies":[{"name":"wp","href":"https:\/\/api.w.org\/{rel}","templated":true}]}}