{"id":24,"date":"2013-10-14T16:22:57","date_gmt":"2013-10-14T15:22:57","guid":{"rendered":"http:\/\/localhost\/labergere\/?page_id=24"},"modified":"2014-11-10T16:06:16","modified_gmt":"2014-11-10T15:06:16","slug":"notre-gamme-grands-crus","status":"publish","type":"page","link":"https:\/\/la-bergere.fr\/en\/negoce-de-grands-crus-classes\/acheter-des-grands-crus\/notre-gamme-grands-crus\/","title":{"rendered":"Our range of Grands Crus"},"content":{"rendered":"<div class=\"clearfix  row-fluid krown-column-row clearfix\">\n\t<div class=\"span12 krown-column-container clearfix column_container\">\n\t\t<div class=\"clearfix\">\n\t\t<div class=\"wpb_wrapper\">\n\t\t\t<h2>Access to a prestigious selection<\/h2>\n<p>Our expertise and know-how has enabled us to forge partnerships with the most prestigious importers in many countries, as well as with the great tables and collectors of France. We mainly sell the following wines:<\/p>\n\n\t\t<\/div> \n\t<\/div> \n\t<\/div> \n<\/div><div class=\"clearfix  row-fluid krown-column-row clearfix\">\n\t<div class=\"span4 krown-column-container clearfix column_container\">\n\t\t<div class=\"clearfix\">\n\t\t<div class=\"wpb_wrapper\">\n\t\t\t<h5>The Grands Crus Class\u00e9s of Bordeaux<\/h5>\n<p><a href=\"https:\/\/la-bergere.fr\/en\/vin-Achat-Latour.html\/\">Chateau Latour<\/a>,\u00a0<a href=\"https:\/\/la-bergere.fr\/en\/vin-Achat-Lafite-Rothschild.html\/\">Lafite Rothschild<\/a>,\u00a0<a href=\"https:\/\/la-bergere.fr\/en\/vin-Achat-Haut_Brion.html\/\">Haut Brion<\/a>,\u00a0<a href=\"https:\/\/la-bergere.fr\/en\/vin-Achat-Mouton_Rothschild.html\/\">Mouton Rothschild<\/a>,\u00a0<a href=\"https:\/\/la-bergere.fr\/en\/vin-Achat-Margaux.html\/\">Margaux<\/a>,\u00a0<a href=\"https:\/\/la-bergere.fr\/en\/vin-Achat-Pin_Le.html\/\">The Pine<\/a>,\u00a0<a href=\"https:\/\/la-bergere.fr\/en\/vin-Achat-Petrus.html\/\">Petrus<\/a>,\u00a0<a href=\"https:\/\/la-bergere.fr\/en\/vin-Achat-Ausone.html\/\">Ausonius<\/a>,\u00a0<a href=\"https:\/\/la-bergere.fr\/en\/vin-Achat-Cheval-Blanc.html\/\">White horse<\/a>\u00a0\u2026<\/p>\n\n\t\t<\/div> \n\t<\/div> \n\t<\/div> \n\n\t<div class=\"span4 krown-column-container clearfix column_container\">\n\t\t<div class=\"clearfix\">\n\t\t<div class=\"wpb_wrapper\">\n\t\t\t<h5>The great Burgundies<\/h5>\n<p>Domaine de la Romanee-Conti (<a href=\"https:\/\/la-bergere.fr\/en\/vin-Achat-Roman%C3%A9e_Conti.html\/\">Roman\u00e9e Conti<\/a>,\u00a0<a href=\"https:\/\/la-bergere.fr\/en\/vin-Achat-la_tache.html\/\">Task<\/a>),\u00a0<a href=\"https:\/\/la-bergere.fr\/en\/achat-vin-Rousseau_Armand.html\/\">Rousseau<\/a>,\u00a0<a href=\"https:\/\/la-bergere.fr\/en\/achat-vin-Comte_Georges_de_Vog%C3%BC%C3%A9.html\/\">Count Georges de Vog\u00fc\u00e9<\/a>,\u00a0<a href=\"https:\/\/la-bergere.fr\/en\/achat-vin-Roumier_Georges.html\/\">Georges Roumier<\/a>, Leroy,\u00a0<a href=\"https:\/\/la-bergere.fr\/en\/achat-vin-Leflaive_Vincent.html\/\">Domaine Leflaive<\/a>\u00a0\u2026.<\/p>\n\n\t\t<\/div> \n\t<\/div> \n\t<\/div> \n\n\t<div class=\"span4 krown-column-container clearfix column_container\">\n\t\t<div class=\"clearfix\">\n\t\t<div class=\"wpb_wrapper\">\n\t\t\t<h5>Renowned Champagnes<\/h5>\n<p>Cristal Roederer, Salon, Dom P\u00e9rignon, Krug\u2026<\/p>\n\n\t\t<\/div> \n\t<\/div> \n\t<\/div> \n<\/div><div class=\"clearfix  row-fluid krown-column-row clearfix\">\n\t<div class=\"span4 krown-column-container clearfix column_container\">\n\t\t<div class=\"clearfix\">\n\t\t<div class=\"wpb_wrapper\">\n\t\t\t<h5>A selection of great wines from around the world<\/h5>\n<p>Sassicaia, Masseto, Tignanello, Almaviva, Pingus, Opus One\u2026.<\/p>\n\n\t\t<\/div> \n\t<\/div> \n\t<\/div> \n\n\t<div class=\"span4 krown-column-container clearfix column_container\">\n\t\t<div class=\"clearfix\">\n\t\t<div class=\"wpb_wrapper\">\n\t\t\t<h5>A range representative of the French vineyard<\/h5>\n<p>with excellent quality\/price ratios and real discoveries.<\/p>\n\n\t\t<\/div> \n\t<\/div> \n\t<\/div> \n\n\t<div class=\"span4 krown-column-container clearfix column_container\">\n\t\t<a class=\"rbButton light large\" href=\"\/en\/negoce-de-grands-crus-classes\/acheter-des-grands-crus\/offres-speciales\/\" target=\"_blank\">See our special offers<\/a>\n\t<\/div> \n<\/div>","protected":false},"excerpt":{"rendered":"L\u2019acc\u00e8s \u00e0 une s\u00e9lection prestigieuse Notre expertise et notre savoir-faire nous a permis de nouer des partenariats avec les plus prestigieux importateurs de nombreux pays, ainsi qu\u2019avec les grandes tables et collectionneurs de Frances. Nous vendons principalement les vins suivants : Les grands crus class\u00e9s de Bordeaux Ch\u00e2teau Latour,\u00a0Lafite Rothschild,\u00a0Haut-Brion,\u00a0Mouton Rothschild,\u00a0Margaux,\u00a0Le Pin,\u00a0P\u00e9trus,\u00a0Ausone,\u00a0Cheval Blanc\u00a0\u2026 Les grands [...]","protected":false},"author":12,"featured_media":2198,"parent":22,"menu_order":0,"comment_status":"open","ping_status":"open","template":"template-page-standard.php","meta":{"footnotes":""},"class_list":["post-24","page","type-page","status-publish","has-post-thumbnail","hentry"],"yoast_head":"<!-- This site is optimized with the Yoast SEO plugin v27.3 - https:\/\/yoast.com\/product\/yoast-seo-wordpress\/ -->\n<title>Notre gamme de grands crus - La Berg\u00e8re<\/title>\n<meta name=\"robots\" content=\"index, follow, max-snippet:-1, max-image-preview:large, max-video-preview:-1\" \/>\n<link rel=\"canonical\" href=\"https:\/\/la-bergere.fr\/en\/negoce-de-grands-crus-classes\/acheter-des-grands-crus\/notre-gamme-grands-crus\/\" \/>\n<meta property=\"og:locale\" content=\"en_US\" \/>\n<meta property=\"og:type\" content=\"article\" \/>\n<meta property=\"og:title\" content=\"Notre gamme de grands crus - La Berg\u00e8re\" \/>\n<meta property=\"og:url\" content=\"https:\/\/la-bergere.fr\/en\/negoce-de-grands-crus-classes\/acheter-des-grands-crus\/notre-gamme-grands-crus\/\" \/>\n<meta property=\"og:site_name\" content=\"La Berg\u00e8re\" \/>\n<meta property=\"article:modified_time\" content=\"2014-11-10T15:06:16+00:00\" \/>\n<meta property=\"og:image\" content=\"https:\/\/la-bergere.fr\/wp-content\/uploads\/2014\/07\/bkz-header13.jpg\" \/>\n\t<meta property=\"og:image:width\" content=\"1024\" \/>\n\t<meta property=\"og:image:height\" content=\"299\" \/>\n\t<meta property=\"og:image:type\" content=\"image\/jpeg\" \/>\n<meta name=\"twitter:label1\" content=\"Est. reading time\" \/>\n\t<meta name=\"twitter:data1\" content=\"1 minute\" \/>\n<script type=\"application\/ld+json\" class=\"yoast-schema-graph\">{\"@context\":\"https:\\\/\\\/schema.org\",\"@graph\":[{\"@type\":\"WebPage\",\"@id\":\"https:\\\/\\\/la-bergere.fr\\\/negoce-de-grands-crus-classes\\\/acheter-des-grands-crus\\\/notre-gamme-grands-crus\\\/\",\"url\":\"https:\\\/\\\/la-bergere.fr\\\/negoce-de-grands-crus-classes\\\/acheter-des-grands-crus\\\/notre-gamme-grands-crus\\\/\",\"name\":\"Notre gamme de grands crus - La Berg\u00e8re\",\"isPartOf\":{\"@id\":\"https:\\\/\\\/la-bergere.fr\\\/#website\"},\"primaryImageOfPage\":{\"@id\":\"https:\\\/\\\/la-bergere.fr\\\/negoce-de-grands-crus-classes\\\/acheter-des-grands-crus\\\/notre-gamme-grands-crus\\\/#primaryimage\"},\"image\":{\"@id\":\"https:\\\/\\\/la-bergere.fr\\\/negoce-de-grands-crus-classes\\\/acheter-des-grands-crus\\\/notre-gamme-grands-crus\\\/#primaryimage\"},\"thumbnailUrl\":\"https:\\\/\\\/la-bergere.fr\\\/wp-content\\\/uploads\\\/2014\\\/07\\\/bkz-header13.jpg\",\"datePublished\":\"2013-10-14T15:22:57+00:00\",\"dateModified\":\"2014-11-10T15:06:16+00:00\",\"breadcrumb\":{\"@id\":\"https:\\\/\\\/la-bergere.fr\\\/negoce-de-grands-crus-classes\\\/acheter-des-grands-crus\\\/notre-gamme-grands-crus\\\/#breadcrumb\"},\"inLanguage\":\"en-US\",\"potentialAction\":[{\"@type\":\"ReadAction\",\"target\":[\"https:\\\/\\\/la-bergere.fr\\\/negoce-de-grands-crus-classes\\\/acheter-des-grands-crus\\\/notre-gamme-grands-crus\\\/\"]}]},{\"@type\":\"ImageObject\",\"inLanguage\":\"en-US\",\"@id\":\"https:\\\/\\\/la-bergere.fr\\\/negoce-de-grands-crus-classes\\\/acheter-des-grands-crus\\\/notre-gamme-grands-crus\\\/#primaryimage\",\"url\":\"https:\\\/\\\/la-bergere.fr\\\/wp-content\\\/uploads\\\/2014\\\/07\\\/bkz-header13.jpg\",\"contentUrl\":\"https:\\\/\\\/la-bergere.fr\\\/wp-content\\\/uploads\\\/2014\\\/07\\\/bkz-header13.jpg\",\"width\":1024,\"height\":299},{\"@type\":\"BreadcrumbList\",\"@id\":\"https:\\\/\\\/la-bergere.fr\\\/negoce-de-grands-crus-classes\\\/acheter-des-grands-crus\\\/notre-gamme-grands-crus\\\/#breadcrumb\",\"itemListElement\":[{\"@type\":\"ListItem\",\"position\":1,\"name\":\"Accueil\",\"item\":\"https:\\\/\\\/la-bergere.fr\\\/\"},{\"@type\":\"ListItem\",\"position\":2,\"name\":\"N\u00e9goce de grands crus class\u00e9s\",\"item\":\"https:\\\/\\\/la-bergere.fr\\\/negoce-de-grands-crus-classes\\\/\"},{\"@type\":\"ListItem\",\"position\":3,\"name\":\"Acheter des grands crus\",\"item\":\"https:\\\/\\\/la-bergere.fr\\\/negoce-de-grands-crus-classes\\\/acheter-des-grands-crus\\\/\"},{\"@type\":\"ListItem\",\"position\":4,\"name\":\"Notre gamme de grands crus\"}]},{\"@type\":\"WebSite\",\"@id\":\"https:\\\/\\\/la-bergere.fr\\\/#website\",\"url\":\"https:\\\/\\\/la-bergere.fr\\\/\",\"name\":\"La Berg\u00e8re\",\"description\":\"N\u00e9goce de grands crus et vins fins\",\"potentialAction\":[{\"@type\":\"SearchAction\",\"target\":{\"@type\":\"EntryPoint\",\"urlTemplate\":\"https:\\\/\\\/la-bergere.fr\\\/?s={search_term_string}\"},\"query-input\":{\"@type\":\"PropertyValueSpecification\",\"valueRequired\":true,\"valueName\":\"search_term_string\"}}],\"inLanguage\":\"en-US\"}]}<\/script>\n<!-- \/ Yoast SEO plugin. -->","yoast_head_json":{"title":"Notre gamme de grands crus - La Berg\u00e8re","robots":{"index":"index","follow":"follow","max-snippet":"max-snippet:-1","max-image-preview":"max-image-preview:large","max-video-preview":"max-video-preview:-1"},"canonical":"https:\/\/la-bergere.fr\/en\/negoce-de-grands-crus-classes\/acheter-des-grands-crus\/notre-gamme-grands-crus\/","og_locale":"en_US","og_type":"article","og_title":"Notre gamme de grands crus - La Berg\u00e8re","og_url":"https:\/\/la-bergere.fr\/en\/negoce-de-grands-crus-classes\/acheter-des-grands-crus\/notre-gamme-grands-crus\/","og_site_name":"La Berg\u00e8re","article_modified_time":"2014-11-10T15:06:16+00:00","og_image":[{"width":1024,"height":299,"url":"https:\/\/la-bergere.fr\/wp-content\/uploads\/2014\/07\/bkz-header13.jpg","type":"image\/jpeg"}],"twitter_misc":{"Est. reading time":"1 minute"},"schema":{"@context":"https:\/\/schema.org","@graph":[{"@type":"WebPage","@id":"https:\/\/la-bergere.fr\/negoce-de-grands-crus-classes\/acheter-des-grands-crus\/notre-gamme-grands-crus\/","url":"https:\/\/la-bergere.fr\/negoce-de-grands-crus-classes\/acheter-des-grands-crus\/notre-gamme-grands-crus\/","name":"Notre gamme de grands crus - La Berg\u00e8re","isPartOf":{"@id":"https:\/\/la-bergere.fr\/#website"},"primaryImageOfPage":{"@id":"https:\/\/la-bergere.fr\/negoce-de-grands-crus-classes\/acheter-des-grands-crus\/notre-gamme-grands-crus\/#primaryimage"},"image":{"@id":"https:\/\/la-bergere.fr\/negoce-de-grands-crus-classes\/acheter-des-grands-crus\/notre-gamme-grands-crus\/#primaryimage"},"thumbnailUrl":"https:\/\/la-bergere.fr\/wp-content\/uploads\/2014\/07\/bkz-header13.jpg","datePublished":"2013-10-14T15:22:57+00:00","dateModified":"2014-11-10T15:06:16+00:00","breadcrumb":{"@id":"https:\/\/la-bergere.fr\/negoce-de-grands-crus-classes\/acheter-des-grands-crus\/notre-gamme-grands-crus\/#breadcrumb"},"inLanguage":"en-US","potentialAction":[{"@type":"ReadAction","target":["https:\/\/la-bergere.fr\/negoce-de-grands-crus-classes\/acheter-des-grands-crus\/notre-gamme-grands-crus\/"]}]},{"@type":"ImageObject","inLanguage":"en-US","@id":"https:\/\/la-bergere.fr\/negoce-de-grands-crus-classes\/acheter-des-grands-crus\/notre-gamme-grands-crus\/#primaryimage","url":"https:\/\/la-bergere.fr\/wp-content\/uploads\/2014\/07\/bkz-header13.jpg","contentUrl":"https:\/\/la-bergere.fr\/wp-content\/uploads\/2014\/07\/bkz-header13.jpg","width":1024,"height":299},{"@type":"BreadcrumbList","@id":"https:\/\/la-bergere.fr\/negoce-de-grands-crus-classes\/acheter-des-grands-crus\/notre-gamme-grands-crus\/#breadcrumb","itemListElement":[{"@type":"ListItem","position":1,"name":"Accueil","item":"https:\/\/la-bergere.fr\/"},{"@type":"ListItem","position":2,"name":"N\u00e9goce de grands crus class\u00e9s","item":"https:\/\/la-bergere.fr\/negoce-de-grands-crus-classes\/"},{"@type":"ListItem","position":3,"name":"Acheter des grands crus","item":"https:\/\/la-bergere.fr\/negoce-de-grands-crus-classes\/acheter-des-grands-crus\/"},{"@type":"ListItem","position":4,"name":"Notre gamme de grands crus"}]},{"@type":"WebSite","@id":"https:\/\/la-bergere.fr\/#website","url":"https:\/\/la-bergere.fr\/","name":"Shepherdess","description":"Trading of grands crus and fine wines","potentialAction":[{"@type":"SearchAction","target":{"@type":"EntryPoint","urlTemplate":"https:\/\/la-bergere.fr\/?s={search_term_string}"},"query-input":{"@type":"PropertyValueSpecification","valueRequired":true,"valueName":"search_term_string"}}],"inLanguage":"en-US"}]}},"_links":{"self":[{"href":"https:\/\/la-bergere.fr\/en\/wp-json\/wp\/v2\/pages\/24","targetHints":{"allow":["GET"]}}],"collection":[{"href":"https:\/\/la-bergere.fr\/en\/wp-json\/wp\/v2\/pages"}],"about":[{"href":"https:\/\/la-bergere.fr\/en\/wp-json\/wp\/v2\/types\/page"}],"author":[{"embeddable":true,"href":"https:\/\/la-bergere.fr\/en\/wp-json\/wp\/v2\/users\/12"}],"replies":[{"embeddable":true,"href":"https:\/\/la-bergere.fr\/en\/wp-json\/wp\/v2\/comments?post=24"}],"version-history":[{"count":2,"href":"https:\/\/la-bergere.fr\/en\/wp-json\/wp\/v2\/pages\/24\/revisions"}],"predecessor-version":[{"id":2883,"href":"https:\/\/la-bergere.fr\/en\/wp-json\/wp\/v2\/pages\/24\/revisions\/2883"}],"up":[{"embeddable":true,"href":"https:\/\/la-bergere.fr\/en\/wp-json\/wp\/v2\/pages\/22"}],"wp:featuredmedia":[{"embeddable":true,"href":"https:\/\/la-bergere.fr\/en\/wp-json\/wp\/v2\/media\/2198"}],"wp:attachment":[{"href":"https:\/\/la-bergere.fr\/en\/wp-json\/wp\/v2\/media?parent=24"}],"curies":[{"name":"wp","href":"https:\/\/api.w.org\/{rel}","templated":true}]}}