{"id":21,"date":"2013-10-14T16:21:36","date_gmt":"2013-10-14T15:21:36","guid":{"rendered":"http:\/\/localhost\/labergere\/?page_id=20"},"modified":"2025-12-04T11:26:43","modified_gmt":"2025-12-04T10:26:43","slug":"groupe-labergere","status":"publish","type":"page","link":"https:\/\/la-bergere.fr\/en\/groupe-labergere\/","title":{"rendered":"The Bergere Group"},"content":{"rendered":"<div class=\"clearfix  row-fluid krown-column-row clearfix\">\n\t<div class=\"span12 krown-column-container clearfix column_container\">\n\t\t<div class=\"clearfix\">\n\t\t<div class=\"wpb_wrapper\">\n\t\t\t<p><span class=\"rbLarge\">The La Berg\u00e8re group brings together passionate winegrowers and experts in the international fine wine trade. From the peaceful countryside of Saint-Emilion, where the estate&#039;s vines are cultivated, to the teeming international market places \u2013 in Paris, London and Hong Kong, the teams at La Berg\u00e8re share the same conviction: great wines have a great value.<\/span><\/p>\n\n\t\t<\/div> \n\t<\/div> <div class=\"clearfix\">\n\t\t<div class=\"wpb_wrapper\">\n\t\t\t<p>With a decade of ownership in Bordeaux and our Maison de N\u00e9goce, we have acquired unique know-how in the selection of wines from the best known to the most confidential.<br \/>\nThroughout the year, our buyers select, taste and check a range of more than 1,500 products.<br \/>\nOur privileged relations allow us to offer a varied and marketable range, and to highlight independent winegrowers, faithful to their terroirs and with a strong uniqueness.<br \/>\nThanks to our know-how, we exclusively supply several restaurants in Paris (Le Christine, Les Fous de l&#039;Ile, etc.) and in the west of Paris, from our warehouses in Orgerus (78). Card creation, team training and delivery are our services.<br \/>\nListening to our restaurant customers, passionate individuals and businesses, we are constantly adapting our offer and are always on the lookout for the star products of tomorrow.<br \/>\nOur watchwords are: quality, responsiveness, and service.<\/p>\n\n\t\t<\/div> \n\t<\/div> \n\t<\/div> \n<\/div><div class=\"clearfix  row-fluid krown-column-row clearfix\">\n\t<div class=\"span12 krown-column-container clearfix column_container\">\n\t\t<span style=\"display:block;margin-top:30px\" ><\/span>\n\t<\/div> \n<\/div><div class=\"clearfix  row-fluid krown-column-row clearfix\">\n\t<div class=\"span6 krown-column-container clearfix column_container\">\n\t\t<div class=\"clearfix\">\n\t\t<div class=\"wpb_wrapper\">\n\t\t\t<p><a title=\"Trade in Grands Crus Class\u00e9s\" href=\"\/en\/negoce-de-grands-crus-classes\/\"><img loading=\"lazy\" decoding=\"async\" class=\"aligncenter size-full wp-image-1508\" src=\"https:\/\/la-bergere.fr\/wp-content\/uploads\/2014\/07\/bkz-138.jpg\" alt=\"bkz-138\" width=\"278\" height=\"112\" \/><\/a><\/p>\n\n\t\t<\/div> \n\t<\/div> <div class=\"clearfix\">\n\t\t<div class=\"wpb_wrapper\">\n\t\t\t<h3>Shepherdess<\/h3>\n<p>International wine merchant. Montagne Saint-Emilion \u2013 Paris \u2013 London \u2013 Hong Kong<br \/>\n<a title=\"Welcome\" href=\"\/en\/negoce-de-grands-crus-classes\/\">Learn more<\/a><\/p>\n\n\t\t<\/div> \n\t<\/div> \n\t<\/div> \n\n\t<div class=\"span6 krown-column-container clearfix column_container\">\n\t\t<div class=\"clearfix\">\n\t\t<div class=\"wpb_wrapper\">\n\t\t\t<p><a title=\"Chateau La Bergere\" href=\"https:\/\/la-bergere.fr\/en\/groupe-labergere\/le-chateau-la-bergere\/\"><img loading=\"lazy\" decoding=\"async\" class=\"aligncenter size-full wp-image-1512\" src=\"https:\/\/la-bergere.fr\/wp-content\/uploads\/2014\/07\/bkz-142.jpg\" alt=\"bkz-142\" width=\"278\" height=\"112\" \/><\/a><\/p>\n\n\t\t<\/div> \n\t<\/div> <div class=\"clearfix\">\n\t\t<div class=\"wpb_wrapper\">\n\t\t\t<h3>Chateau La Bergere<\/h3>\n<p>Winery. Mountain Saint-Emilion.<br \/>\n<a title=\"Chateau La Bergere\" href=\"\/en\/groupe-labergere\/le-chateau-la-bergere\/\">Learn more<\/a><\/p>\n\n\t\t<\/div> \n\t<\/div> \n\t<\/div> \n<\/div><div class=\"clearfix  row-fluid krown-column-row clearfix\">\n\t<div class=\"span12 krown-column-container clearfix column_container\">\n\t\t<span style=\"display:block;margin-top:30px\" ><\/span><div class=\"clearfix\">\n\t\t<div class=\"wpb_wrapper\">\n\t\t\t<p><strong>Each of these structures has its own identity and specificities. <\/strong>which allow the La Berg\u00e8re Group to better know and understand the wine market every day. Our offices at <strong>Bordeaux, Paris, London and Hong Kong,<\/strong> place us at the center of exchanges of great wines and <strong>ensure a constant renewal of our approach to the market.<\/strong><\/p>\n\n\t\t<\/div> \n\t<\/div> \n\t<\/div> \n<\/div><div class=\"clearfix  row-fluid krown-column-row clearfix\">\n\t<div class=\"span12 krown-column-container clearfix column_container\">\n\t\t<span style=\"display:block;margin-top:30px\" ><\/span><div class=\"clearfix\">\n\t\t<div class=\"wpb_wrapper\">\n\t\t\t<h2><mark class=\"rbHighlight black\">Our values<\/mark><\/h2>\n\n\t\t<\/div> \n\t<\/div> <div class=\"clearfix\">\n\t\t<div class=\"wpb_wrapper\">\n\t\t\t<h3>A family business<\/h3>\n<p>Our success is built on the values of friendliness, responsibility and honesty.<\/p>\n<p>These are the values that have enabled us to join the closed circle of Bordeaux merchants, to earn the esteem of the best winegrowers and the respect of the world&#039;s largest distributors.<\/p>\n<p>These are the values that drive us every day to provide our customers with service and products of impeccable quality.<\/p>\n\n\t\t<\/div> \n\t<\/div> \n\t<\/div> \n<\/div><div class=\"clearfix  row-fluid krown-column-row clearfix\">\n\t<div class=\"span12 krown-column-container clearfix column_container\">\n\t\t<span style=\"display:block;margin-top:30px\" ><\/span><div class=\"clearfix\">\n\t\t<div class=\"wpb_wrapper\">\n\t\t\t<h2><mark class=\"rbHighlight black\">The team<\/mark><\/h2>\n\n\t\t<\/div> \n\t<\/div> <div class=\"clearfix\">\n\t\t<div class=\"wpb_wrapper\">\n\t\t\t<p><strong>Antonin Pon<\/strong> : Director<br \/>\n<strong>Maxime Darfeuille<\/strong> : Buyer<br \/>\n<strong>Guilhem Loubere :<\/strong> Directeur Commercial<br \/>\n<strong>Axel Fontaine<\/strong> : Commercial<br \/>\n<strong>Dominique Lim<\/strong> : Commerciale Asie<br \/>\n<strong>Johanna Del Campo :<\/strong> Comptabilit\u00e9 et Finance<\/p>\n\n\t\t<\/div> \n\t<\/div> \n\t<\/div> \n<\/div><div class=\"clearfix  row-fluid krown-column-row clearfix\">\n\t<div class=\"span4 krown-column-container clearfix column_container\">\n\t\t<a class=\"rbButton light large\" href=\"\/en\/nous-contacter\/\" target=\"_self\">Contact us<\/a>\n\t<\/div> \n<\/div>","protected":false},"excerpt":{"rendered":"Le groupe la Berg\u00e8re rassemble des vignerons passionn\u00e9s et des experts du n\u00e9goce international des grands vins. Depuis la paisible campagne de Saint-Emilion, o\u00f9 l\u2019on cultive les vignes du domaine, aux fourmillantes places de march\u00e9 internationales - \u00e0 Paris, Londres et Hong-Kong, les \u00e9quipes de la Berg\u00e8re partagent la m\u00eame conviction\u00a0: les grands vins ont [...]","protected":false},"author":12,"featured_media":2180,"parent":0,"menu_order":4,"comment_status":"closed","ping_status":"closed","template":"template-page-standard.php","meta":{"footnotes":""},"class_list":["post-21","page","type-page","status-publish","has-post-thumbnail","hentry"],"yoast_head":"<!-- This site is optimized with the Yoast SEO plugin v27.4 - https:\/\/yoast.com\/product\/yoast-seo-wordpress\/ -->\n<title>Le Groupe La Berg\u00e8re - La Berg\u00e8re<\/title>\n<meta name=\"robots\" content=\"index, follow, max-snippet:-1, max-image-preview:large, max-video-preview:-1\" \/>\n<link rel=\"canonical\" href=\"https:\/\/la-bergere.fr\/en\/groupe-labergere\/\" \/>\n<meta property=\"og:locale\" content=\"en_US\" \/>\n<meta property=\"og:type\" content=\"article\" \/>\n<meta property=\"og:title\" content=\"Le Groupe La Berg\u00e8re - La Berg\u00e8re\" \/>\n<meta property=\"og:url\" content=\"https:\/\/la-bergere.fr\/en\/groupe-labergere\/\" \/>\n<meta property=\"og:site_name\" content=\"La Berg\u00e8re\" \/>\n<meta property=\"article:modified_time\" content=\"2025-12-04T10:26:43+00:00\" \/>\n<meta property=\"og:image\" content=\"https:\/\/la-bergere.fr\/wp-content\/uploads\/2014\/07\/bkz-header2.jpg\" \/>\n\t<meta property=\"og:image:width\" content=\"1024\" \/>\n\t<meta property=\"og:image:height\" content=\"450\" \/>\n\t<meta property=\"og:image:type\" content=\"image\/jpeg\" \/>\n<meta name=\"twitter:label1\" content=\"Est. reading time\" \/>\n\t<meta name=\"twitter:data1\" content=\"3 minutes\" \/>\n<script type=\"application\/ld+json\" class=\"yoast-schema-graph\">{\"@context\":\"https:\\\/\\\/schema.org\",\"@graph\":[{\"@type\":\"WebPage\",\"@id\":\"https:\\\/\\\/la-bergere.fr\\\/groupe-labergere\\\/\",\"url\":\"https:\\\/\\\/la-bergere.fr\\\/groupe-labergere\\\/\",\"name\":\"Le Groupe La Berg\u00e8re - La Berg\u00e8re\",\"isPartOf\":{\"@id\":\"https:\\\/\\\/la-bergere.fr\\\/#website\"},\"primaryImageOfPage\":{\"@id\":\"https:\\\/\\\/la-bergere.fr\\\/groupe-labergere\\\/#primaryimage\"},\"image\":{\"@id\":\"https:\\\/\\\/la-bergere.fr\\\/groupe-labergere\\\/#primaryimage\"},\"thumbnailUrl\":\"https:\\\/\\\/la-bergere.fr\\\/wp-content\\\/uploads\\\/2014\\\/07\\\/bkz-header2.jpg\",\"datePublished\":\"2013-10-14T15:21:36+00:00\",\"dateModified\":\"2025-12-04T10:26:43+00:00\",\"breadcrumb\":{\"@id\":\"https:\\\/\\\/la-bergere.fr\\\/groupe-labergere\\\/#breadcrumb\"},\"inLanguage\":\"en-US\",\"potentialAction\":[{\"@type\":\"ReadAction\",\"target\":[\"https:\\\/\\\/la-bergere.fr\\\/groupe-labergere\\\/\"]}]},{\"@type\":\"ImageObject\",\"inLanguage\":\"en-US\",\"@id\":\"https:\\\/\\\/la-bergere.fr\\\/groupe-labergere\\\/#primaryimage\",\"url\":\"https:\\\/\\\/la-bergere.fr\\\/wp-content\\\/uploads\\\/2014\\\/07\\\/bkz-header2.jpg\",\"contentUrl\":\"https:\\\/\\\/la-bergere.fr\\\/wp-content\\\/uploads\\\/2014\\\/07\\\/bkz-header2.jpg\",\"width\":1024,\"height\":450},{\"@type\":\"BreadcrumbList\",\"@id\":\"https:\\\/\\\/la-bergere.fr\\\/groupe-labergere\\\/#breadcrumb\",\"itemListElement\":[{\"@type\":\"ListItem\",\"position\":1,\"name\":\"Accueil\",\"item\":\"https:\\\/\\\/la-bergere.fr\\\/\"},{\"@type\":\"ListItem\",\"position\":2,\"name\":\"Le Groupe La Berg\u00e8re\"}]},{\"@type\":\"WebSite\",\"@id\":\"https:\\\/\\\/la-bergere.fr\\\/#website\",\"url\":\"https:\\\/\\\/la-bergere.fr\\\/\",\"name\":\"La Berg\u00e8re\",\"description\":\"N\u00e9goce de grands crus et vins fins\",\"potentialAction\":[{\"@type\":\"SearchAction\",\"target\":{\"@type\":\"EntryPoint\",\"urlTemplate\":\"https:\\\/\\\/la-bergere.fr\\\/?s={search_term_string}\"},\"query-input\":{\"@type\":\"PropertyValueSpecification\",\"valueRequired\":true,\"valueName\":\"search_term_string\"}}],\"inLanguage\":\"en-US\"}]}<\/script>\n<!-- \/ Yoast SEO plugin. -->","yoast_head_json":{"title":"Le Groupe La Berg\u00e8re - La Berg\u00e8re","robots":{"index":"index","follow":"follow","max-snippet":"max-snippet:-1","max-image-preview":"max-image-preview:large","max-video-preview":"max-video-preview:-1"},"canonical":"https:\/\/la-bergere.fr\/en\/groupe-labergere\/","og_locale":"en_US","og_type":"article","og_title":"Le Groupe La Berg\u00e8re - La Berg\u00e8re","og_url":"https:\/\/la-bergere.fr\/en\/groupe-labergere\/","og_site_name":"La Berg\u00e8re","article_modified_time":"2025-12-04T10:26:43+00:00","og_image":[{"width":1024,"height":450,"url":"https:\/\/la-bergere.fr\/wp-content\/uploads\/2014\/07\/bkz-header2.jpg","type":"image\/jpeg"}],"twitter_misc":{"Est. reading time":"3 minutes"},"schema":{"@context":"https:\/\/schema.org","@graph":[{"@type":"WebPage","@id":"https:\/\/la-bergere.fr\/groupe-labergere\/","url":"https:\/\/la-bergere.fr\/groupe-labergere\/","name":"Le Groupe La Berg\u00e8re - La Berg\u00e8re","isPartOf":{"@id":"https:\/\/la-bergere.fr\/#website"},"primaryImageOfPage":{"@id":"https:\/\/la-bergere.fr\/groupe-labergere\/#primaryimage"},"image":{"@id":"https:\/\/la-bergere.fr\/groupe-labergere\/#primaryimage"},"thumbnailUrl":"https:\/\/la-bergere.fr\/wp-content\/uploads\/2014\/07\/bkz-header2.jpg","datePublished":"2013-10-14T15:21:36+00:00","dateModified":"2025-12-04T10:26:43+00:00","breadcrumb":{"@id":"https:\/\/la-bergere.fr\/groupe-labergere\/#breadcrumb"},"inLanguage":"en-US","potentialAction":[{"@type":"ReadAction","target":["https:\/\/la-bergere.fr\/groupe-labergere\/"]}]},{"@type":"ImageObject","inLanguage":"en-US","@id":"https:\/\/la-bergere.fr\/groupe-labergere\/#primaryimage","url":"https:\/\/la-bergere.fr\/wp-content\/uploads\/2014\/07\/bkz-header2.jpg","contentUrl":"https:\/\/la-bergere.fr\/wp-content\/uploads\/2014\/07\/bkz-header2.jpg","width":1024,"height":450},{"@type":"BreadcrumbList","@id":"https:\/\/la-bergere.fr\/groupe-labergere\/#breadcrumb","itemListElement":[{"@type":"ListItem","position":1,"name":"Accueil","item":"https:\/\/la-bergere.fr\/"},{"@type":"ListItem","position":2,"name":"Le Groupe La Berg\u00e8re"}]},{"@type":"WebSite","@id":"https:\/\/la-bergere.fr\/#website","url":"https:\/\/la-bergere.fr\/","name":"Shepherdess","description":"Trading of grands crus and fine wines","potentialAction":[{"@type":"SearchAction","target":{"@type":"EntryPoint","urlTemplate":"https:\/\/la-bergere.fr\/?s={search_term_string}"},"query-input":{"@type":"PropertyValueSpecification","valueRequired":true,"valueName":"search_term_string"}}],"inLanguage":"en-US"}]}},"_links":{"self":[{"href":"https:\/\/la-bergere.fr\/en\/wp-json\/wp\/v2\/pages\/21","targetHints":{"allow":["GET"]}}],"collection":[{"href":"https:\/\/la-bergere.fr\/en\/wp-json\/wp\/v2\/pages"}],"about":[{"href":"https:\/\/la-bergere.fr\/en\/wp-json\/wp\/v2\/types\/page"}],"author":[{"embeddable":true,"href":"https:\/\/la-bergere.fr\/en\/wp-json\/wp\/v2\/users\/12"}],"replies":[{"embeddable":true,"href":"https:\/\/la-bergere.fr\/en\/wp-json\/wp\/v2\/comments?post=21"}],"version-history":[{"count":8,"href":"https:\/\/la-bergere.fr\/en\/wp-json\/wp\/v2\/pages\/21\/revisions"}],"predecessor-version":[{"id":5330,"href":"https:\/\/la-bergere.fr\/en\/wp-json\/wp\/v2\/pages\/21\/revisions\/5330"}],"wp:featuredmedia":[{"embeddable":true,"href":"https:\/\/la-bergere.fr\/en\/wp-json\/wp\/v2\/media\/2180"}],"wp:attachment":[{"href":"https:\/\/la-bergere.fr\/en\/wp-json\/wp\/v2\/media?parent=21"}],"curies":[{"name":"wp","href":"https:\/\/api.w.org\/{rel}","templated":true}]}}