{"id":16,"date":"2013-10-12T23:00:26","date_gmt":"2013-10-12T23:00:26","guid":{"rendered":"http:\/\/localhost:8888\/labergere\/?page_id=2"},"modified":"2014-07-29T17:21:42","modified_gmt":"2014-07-29T16:21:42","slug":"negoce-de-grands-crus-classes","status":"publish","type":"page","link":"https:\/\/la-bergere.fr\/en\/negoce-de-grands-crus-classes\/","title":{"rendered":"Trade in Grands Crus Class\u00e9s"},"content":{"rendered":"<div class=\"clearfix  row-fluid krown-column-row clearfix\">\n\t<div class=\"span12 krown-column-container clearfix column_container\">\n\t\t<div class=\"clearfix\">\n\t\t<div class=\"wpb_wrapper\">\n\t\t\t<h2>Our goal: to provide you with exceptional products and quality service<\/h2>\n<p>La Berg\u00e8re is a company specialized in the international trade of fine wines. With nearly ten years of experience, the company now operates in Bordeaux, Paris, London and Hong Kong. The company combines two areas of expertise: that of winegrowers and great tasters, who maintain privileged relationships with the most renowned winegrowers; that of experts in the international fine wine market, who know the players and mysteries perfectly. It is the combination of these two areas of expertise that allows us today to sell the best wines at the best prices.<\/p>\n\n\t\t<\/div> \n\t<\/div> \n\t<\/div> \n<\/div><div class=\"clearfix  row-fluid krown-column-row clearfix\">\n\t<div class=\"span4 krown-column-container clearfix column_container\">\n\t\t<a class=\"rbButton light medium\" href=\"\/en\/negoce-de-grands-crus-classes\/acheter-des-grands-crus\/\" target=\"_self\">Buy Grands Crus<\/a>\n\t<\/div> \n\n\t<div class=\"span4 krown-column-container clearfix column_container\">\n\t\t<a class=\"rbButton light medium\" href=\"\/en\/negoce-de-grands-crus-classes\/vendre-des-grands-crus\/\" target=\"_self\">Sell great vintages<\/a>\n\t<\/div> \n\n\t<div class=\"span4 krown-column-container clearfix column_container\">\n\t\t\n\t<\/div> \n<\/div>","protected":false},"excerpt":{"rendered":"Notre objectif : vous apportez des produits d'exceptions et un service de qualit\u00e9 La Berg\u00e8re est une soci\u00e9t\u00e9 sp\u00e9cialis\u00e9e dans le n\u00e9goce international de grands vins. Forte de presque de pr\u00e8s de dix ans d\u2019exp\u00e9rience, la soci\u00e9t\u00e9 op\u00e8re aujourd\u2019hui dans le bordelais, \u00e0 Paris, Londres et Hong-Kong. L\u2019entreprise conjugue deux expertises\u00a0: celle de vignerons et [...]","protected":false},"author":12,"featured_media":1522,"parent":0,"menu_order":0,"comment_status":"open","ping_status":"open","template":"template-page-standard.php","meta":{"footnotes":""},"class_list":["post-16","page","type-page","status-publish","has-post-thumbnail","hentry"],"yoast_head":"<!-- This site is optimized with the Yoast SEO plugin v27.3 - https:\/\/yoast.com\/product\/yoast-seo-wordpress\/ -->\n<title>N\u00e9goce de grands crus class\u00e9s - La Berg\u00e8re<\/title>\n<meta name=\"robots\" content=\"index, follow, max-snippet:-1, max-image-preview:large, max-video-preview:-1\" \/>\n<link rel=\"canonical\" href=\"https:\/\/la-bergere.fr\/en\/negoce-de-grands-crus-classes\/\" \/>\n<meta property=\"og:locale\" content=\"en_US\" \/>\n<meta property=\"og:type\" content=\"article\" \/>\n<meta property=\"og:title\" content=\"N\u00e9goce de grands crus class\u00e9s - La Berg\u00e8re\" \/>\n<meta property=\"og:url\" content=\"https:\/\/la-bergere.fr\/en\/negoce-de-grands-crus-classes\/\" \/>\n<meta property=\"og:site_name\" content=\"La Berg\u00e8re\" \/>\n<meta property=\"article:modified_time\" content=\"2014-07-29T16:21:42+00:00\" \/>\n<meta property=\"og:image\" content=\"https:\/\/la-bergere.fr\/wp-content\/uploads\/2014\/07\/bkz-152-e1406650417785.jpg\" \/>\n\t<meta property=\"og:image:width\" content=\"1024\" \/>\n\t<meta property=\"og:image:height\" content=\"450\" \/>\n\t<meta property=\"og:image:type\" content=\"image\/jpeg\" \/>\n<meta name=\"twitter:label1\" content=\"Est. reading time\" \/>\n\t<meta name=\"twitter:data1\" content=\"1 minute\" \/>\n<script type=\"application\/ld+json\" class=\"yoast-schema-graph\">{\"@context\":\"https:\\\/\\\/schema.org\",\"@graph\":[{\"@type\":\"WebPage\",\"@id\":\"https:\\\/\\\/la-bergere.fr\\\/negoce-de-grands-crus-classes\\\/\",\"url\":\"https:\\\/\\\/la-bergere.fr\\\/negoce-de-grands-crus-classes\\\/\",\"name\":\"N\u00e9goce de grands crus class\u00e9s - La Berg\u00e8re\",\"isPartOf\":{\"@id\":\"https:\\\/\\\/la-bergere.fr\\\/#website\"},\"primaryImageOfPage\":{\"@id\":\"https:\\\/\\\/la-bergere.fr\\\/negoce-de-grands-crus-classes\\\/#primaryimage\"},\"image\":{\"@id\":\"https:\\\/\\\/la-bergere.fr\\\/negoce-de-grands-crus-classes\\\/#primaryimage\"},\"thumbnailUrl\":\"https:\\\/\\\/la-bergere.fr\\\/wp-content\\\/uploads\\\/2014\\\/07\\\/bkz-152-e1406650417785.jpg\",\"datePublished\":\"2013-10-12T23:00:26+00:00\",\"dateModified\":\"2014-07-29T16:21:42+00:00\",\"breadcrumb\":{\"@id\":\"https:\\\/\\\/la-bergere.fr\\\/negoce-de-grands-crus-classes\\\/#breadcrumb\"},\"inLanguage\":\"en-US\",\"potentialAction\":[{\"@type\":\"ReadAction\",\"target\":[\"https:\\\/\\\/la-bergere.fr\\\/negoce-de-grands-crus-classes\\\/\"]}]},{\"@type\":\"ImageObject\",\"inLanguage\":\"en-US\",\"@id\":\"https:\\\/\\\/la-bergere.fr\\\/negoce-de-grands-crus-classes\\\/#primaryimage\",\"url\":\"https:\\\/\\\/la-bergere.fr\\\/wp-content\\\/uploads\\\/2014\\\/07\\\/bkz-152-e1406650417785.jpg\",\"contentUrl\":\"https:\\\/\\\/la-bergere.fr\\\/wp-content\\\/uploads\\\/2014\\\/07\\\/bkz-152-e1406650417785.jpg\",\"width\":1024,\"height\":450},{\"@type\":\"BreadcrumbList\",\"@id\":\"https:\\\/\\\/la-bergere.fr\\\/negoce-de-grands-crus-classes\\\/#breadcrumb\",\"itemListElement\":[{\"@type\":\"ListItem\",\"position\":1,\"name\":\"Accueil\",\"item\":\"https:\\\/\\\/la-bergere.fr\\\/\"},{\"@type\":\"ListItem\",\"position\":2,\"name\":\"N\u00e9goce de grands crus class\u00e9s\"}]},{\"@type\":\"WebSite\",\"@id\":\"https:\\\/\\\/la-bergere.fr\\\/#website\",\"url\":\"https:\\\/\\\/la-bergere.fr\\\/\",\"name\":\"La Berg\u00e8re\",\"description\":\"N\u00e9goce de grands crus et vins fins\",\"potentialAction\":[{\"@type\":\"SearchAction\",\"target\":{\"@type\":\"EntryPoint\",\"urlTemplate\":\"https:\\\/\\\/la-bergere.fr\\\/?s={search_term_string}\"},\"query-input\":{\"@type\":\"PropertyValueSpecification\",\"valueRequired\":true,\"valueName\":\"search_term_string\"}}],\"inLanguage\":\"en-US\"}]}<\/script>\n<!-- \/ Yoast SEO plugin. -->","yoast_head_json":{"title":"N\u00e9goce de grands crus class\u00e9s - La Berg\u00e8re","robots":{"index":"index","follow":"follow","max-snippet":"max-snippet:-1","max-image-preview":"max-image-preview:large","max-video-preview":"max-video-preview:-1"},"canonical":"https:\/\/la-bergere.fr\/en\/negoce-de-grands-crus-classes\/","og_locale":"en_US","og_type":"article","og_title":"N\u00e9goce de grands crus class\u00e9s - La Berg\u00e8re","og_url":"https:\/\/la-bergere.fr\/en\/negoce-de-grands-crus-classes\/","og_site_name":"La Berg\u00e8re","article_modified_time":"2014-07-29T16:21:42+00:00","og_image":[{"width":1024,"height":450,"url":"https:\/\/la-bergere.fr\/wp-content\/uploads\/2014\/07\/bkz-152-e1406650417785.jpg","type":"image\/jpeg"}],"twitter_misc":{"Est. reading time":"1 minute"},"schema":{"@context":"https:\/\/schema.org","@graph":[{"@type":"WebPage","@id":"https:\/\/la-bergere.fr\/negoce-de-grands-crus-classes\/","url":"https:\/\/la-bergere.fr\/negoce-de-grands-crus-classes\/","name":"N\u00e9goce de grands crus class\u00e9s - La Berg\u00e8re","isPartOf":{"@id":"https:\/\/la-bergere.fr\/#website"},"primaryImageOfPage":{"@id":"https:\/\/la-bergere.fr\/negoce-de-grands-crus-classes\/#primaryimage"},"image":{"@id":"https:\/\/la-bergere.fr\/negoce-de-grands-crus-classes\/#primaryimage"},"thumbnailUrl":"https:\/\/la-bergere.fr\/wp-content\/uploads\/2014\/07\/bkz-152-e1406650417785.jpg","datePublished":"2013-10-12T23:00:26+00:00","dateModified":"2014-07-29T16:21:42+00:00","breadcrumb":{"@id":"https:\/\/la-bergere.fr\/negoce-de-grands-crus-classes\/#breadcrumb"},"inLanguage":"en-US","potentialAction":[{"@type":"ReadAction","target":["https:\/\/la-bergere.fr\/negoce-de-grands-crus-classes\/"]}]},{"@type":"ImageObject","inLanguage":"en-US","@id":"https:\/\/la-bergere.fr\/negoce-de-grands-crus-classes\/#primaryimage","url":"https:\/\/la-bergere.fr\/wp-content\/uploads\/2014\/07\/bkz-152-e1406650417785.jpg","contentUrl":"https:\/\/la-bergere.fr\/wp-content\/uploads\/2014\/07\/bkz-152-e1406650417785.jpg","width":1024,"height":450},{"@type":"BreadcrumbList","@id":"https:\/\/la-bergere.fr\/negoce-de-grands-crus-classes\/#breadcrumb","itemListElement":[{"@type":"ListItem","position":1,"name":"Accueil","item":"https:\/\/la-bergere.fr\/"},{"@type":"ListItem","position":2,"name":"N\u00e9goce de grands crus class\u00e9s"}]},{"@type":"WebSite","@id":"https:\/\/la-bergere.fr\/#website","url":"https:\/\/la-bergere.fr\/","name":"Shepherdess","description":"Trading of grands crus and fine wines","potentialAction":[{"@type":"SearchAction","target":{"@type":"EntryPoint","urlTemplate":"https:\/\/la-bergere.fr\/?s={search_term_string}"},"query-input":{"@type":"PropertyValueSpecification","valueRequired":true,"valueName":"search_term_string"}}],"inLanguage":"en-US"}]}},"_links":{"self":[{"href":"https:\/\/la-bergere.fr\/en\/wp-json\/wp\/v2\/pages\/16","targetHints":{"allow":["GET"]}}],"collection":[{"href":"https:\/\/la-bergere.fr\/en\/wp-json\/wp\/v2\/pages"}],"about":[{"href":"https:\/\/la-bergere.fr\/en\/wp-json\/wp\/v2\/types\/page"}],"author":[{"embeddable":true,"href":"https:\/\/la-bergere.fr\/en\/wp-json\/wp\/v2\/users\/12"}],"replies":[{"embeddable":true,"href":"https:\/\/la-bergere.fr\/en\/wp-json\/wp\/v2\/comments?post=16"}],"version-history":[{"count":0,"href":"https:\/\/la-bergere.fr\/en\/wp-json\/wp\/v2\/pages\/16\/revisions"}],"wp:featuredmedia":[{"embeddable":true,"href":"https:\/\/la-bergere.fr\/en\/wp-json\/wp\/v2\/media\/1522"}],"wp:attachment":[{"href":"https:\/\/la-bergere.fr\/en\/wp-json\/wp\/v2\/media?parent=16"}],"curies":[{"name":"wp","href":"https:\/\/api.w.org\/{rel}","templated":true}]}}