{"id":155,"date":"2013-10-23T09:15:15","date_gmt":"2013-10-23T08:15:15","guid":{"rendered":"http:\/\/localhost\/labergere\/?page_id=155"},"modified":"2014-07-30T09:45:05","modified_gmt":"2014-07-30T08:45:05","slug":"definition-vin-grand-cru","status":"publish","type":"page","link":"https:\/\/la-bergere.fr\/en\/negoce-de-grands-crus-classes\/definition-vin-grand-cru\/","title":{"rendered":"What is a Grand Cru?"},"content":{"rendered":"<div class=\"clearfix  row-fluid krown-column-row clearfix\">\n\t<div class=\"span12 krown-column-container clearfix column_container\">\n\t\t<div class=\"clearfix\">\n\t\t<div class=\"wpb_wrapper\">\n\t\t\t<h2>The Grands Crus of Bordeaux<\/h2>\n<p>The notion of Grands Crus appears from the 17th century. It reflects the value of the terroir and the know-how of the winegrower of a domain. Over time, the value of certain wines and certain soils have been recognized by professionals and by players in the wine world (Viticulturists, Brokers and Merchants).<\/p>\n<blockquote><p>\nWine is the earth&#039;s answer to the sun. (Margaret Fuller)\n<\/p><\/blockquote>\n<p>In 1855, it was Napoleon III who asked each wine region to classify the wines they presented at the Universal Exhibition in Paris.<\/p>\n<p>In 1973, the classification was revised in order to promote Ch\u00e2teau Mouton Rothschild to the rank of 1er Grand Cru Class\u00e9.<\/p>\n<a class=\"rbButton pink medium\" href=\"\/en\/negoce-de-grands-crus-classes\/acheter-des-grands-crus\/offres-speciales\/\" target=\"_parent\">Our Bordeaux wines<\/a>\n\n\t\t<\/div> \n\t<\/div> \n\t<\/div> \n<\/div><div class=\"clearfix  row-fluid krown-column-row clearfix\">\n\t<div class=\"span12 krown-column-container clearfix column_container\">\n\t\t<span style=\"display:block;margin-top:40px\" ><\/span>\n\t<\/div> \n<\/div><div class=\"clearfix  row-fluid krown-column-row clearfix\">\n\t<div class=\"span12 krown-column-container clearfix column_container\">\n\t\t<div class=\"clearfix\">\n\t\t<div class=\"wpb_wrapper\">\n\t\t\t<h2>The Grands Crus of Burgundy<\/h2>\n<p>Burgundy also has these grands crus. The great Burgundy wines are produced on the best plots. There are 33 Grands Crus which take the name of the terroir like Corton, or Montrachet.<\/p>\n<a class=\"rbButton pink medium\" href=\"\/en\/negoce-de-grands-crus-classes\/acheter-des-grands-crus\/offres-speciales\/\" target=\"_blank\">Our Burgundy wines<\/a>\n\n\t\t<\/div> \n\t<\/div> \n\t<\/div> \n<\/div><div class=\"clearfix  row-fluid krown-column-row clearfix\">\n\t<div class=\"span12 krown-column-container clearfix column_container\">\n\t\t<span style=\"display:block;margin-top:40px\" ><\/span>\n\t<\/div> \n<\/div><div class=\"clearfix  row-fluid krown-column-row clearfix\">\n\t<div class=\"span12 krown-column-container clearfix column_container\">\n\t\t<div class=\"clearfix\">\n\t\t<div class=\"wpb_wrapper\">\n\t\t\t<h2>Grands Crus from other regions<\/h2>\n<p>La Bergere Vintners also offers great wines from the Loire, Rhone and Champagne (Chave, Guigual, etc.). We also give you access to the greatest Italian and Spanish wines (Sassiccaia, Barbaresco, Vega sicilia).<\/p>\n<a class=\"rbButton pink medium\" href=\"\/en\/negoce-de-grands-crus-classes\/acheter-des-grands-crus\/offres-speciales\/\" target=\"_blank\">Other great wines<\/a>\n\n\t\t<\/div> \n\t<\/div> \n\t<\/div> \n<\/div><div class=\"clearfix  row-fluid krown-column-row clearfix\">\n\t<div class=\"span12 krown-column-container clearfix column_container\">\n\t\t<span style=\"display:block;margin-top:40px\" ><\/span>\n\t<\/div> \n<\/div>","protected":false},"excerpt":{"rendered":"Les Grands Crus de Bordeaux La Notion de Grands Crus apparait d\u00e8s le 17eme si\u00e8cle. Elle refl\u00e8te la valeur du terroir et le savoir-faire du viticulteur d\u2019un domaine. Au fil du temps, la valeur de certains vins et de certains sols ont \u00e9t\u00e9 reconnus par les professionnels et par les acteurs du monde du vin [...]","protected":false},"author":12,"featured_media":1522,"parent":16,"menu_order":3,"comment_status":"open","ping_status":"closed","template":"template-page-standard.php","meta":{"footnotes":""},"class_list":["post-155","page","type-page","status-publish","has-post-thumbnail","hentry"],"yoast_head":"<!-- This site is optimized with the Yoast SEO plugin v27.4 - https:\/\/yoast.com\/product\/yoast-seo-wordpress\/ -->\n<title>Qu&#039;est-ce qu&#039;un grand cru ? - La Berg\u00e8re<\/title>\n<meta name=\"robots\" content=\"index, follow, max-snippet:-1, max-image-preview:large, max-video-preview:-1\" \/>\n<link rel=\"canonical\" href=\"https:\/\/la-bergere.fr\/en\/negoce-de-grands-crus-classes\/definition-vin-grand-cru\/\" \/>\n<meta property=\"og:locale\" content=\"en_US\" \/>\n<meta property=\"og:type\" content=\"article\" \/>\n<meta property=\"og:title\" content=\"Qu&#039;est-ce qu&#039;un grand cru ? - La Berg\u00e8re\" \/>\n<meta property=\"og:url\" content=\"https:\/\/la-bergere.fr\/en\/negoce-de-grands-crus-classes\/definition-vin-grand-cru\/\" \/>\n<meta property=\"og:site_name\" content=\"La Berg\u00e8re\" \/>\n<meta property=\"article:modified_time\" content=\"2014-07-30T08:45:05+00:00\" \/>\n<meta property=\"og:image\" content=\"https:\/\/la-bergere.fr\/wp-content\/uploads\/2014\/07\/bkz-152-e1406650417785.jpg\" \/>\n\t<meta property=\"og:image:width\" content=\"1024\" \/>\n\t<meta property=\"og:image:height\" content=\"450\" \/>\n\t<meta property=\"og:image:type\" content=\"image\/jpeg\" \/>\n<meta name=\"twitter:label1\" content=\"Est. reading time\" \/>\n\t<meta name=\"twitter:data1\" content=\"2 minutes\" \/>\n<script type=\"application\/ld+json\" class=\"yoast-schema-graph\">{\"@context\":\"https:\\\/\\\/schema.org\",\"@graph\":[{\"@type\":\"WebPage\",\"@id\":\"https:\\\/\\\/la-bergere.fr\\\/negoce-de-grands-crus-classes\\\/definition-vin-grand-cru\\\/\",\"url\":\"https:\\\/\\\/la-bergere.fr\\\/negoce-de-grands-crus-classes\\\/definition-vin-grand-cru\\\/\",\"name\":\"Qu'est-ce qu'un grand cru ? - La Berg\u00e8re\",\"isPartOf\":{\"@id\":\"https:\\\/\\\/la-bergere.fr\\\/#website\"},\"primaryImageOfPage\":{\"@id\":\"https:\\\/\\\/la-bergere.fr\\\/negoce-de-grands-crus-classes\\\/definition-vin-grand-cru\\\/#primaryimage\"},\"image\":{\"@id\":\"https:\\\/\\\/la-bergere.fr\\\/negoce-de-grands-crus-classes\\\/definition-vin-grand-cru\\\/#primaryimage\"},\"thumbnailUrl\":\"https:\\\/\\\/la-bergere.fr\\\/wp-content\\\/uploads\\\/2014\\\/07\\\/bkz-152-e1406650417785.jpg\",\"datePublished\":\"2013-10-23T08:15:15+00:00\",\"dateModified\":\"2014-07-30T08:45:05+00:00\",\"breadcrumb\":{\"@id\":\"https:\\\/\\\/la-bergere.fr\\\/negoce-de-grands-crus-classes\\\/definition-vin-grand-cru\\\/#breadcrumb\"},\"inLanguage\":\"en-US\",\"potentialAction\":[{\"@type\":\"ReadAction\",\"target\":[\"https:\\\/\\\/la-bergere.fr\\\/negoce-de-grands-crus-classes\\\/definition-vin-grand-cru\\\/\"]}]},{\"@type\":\"ImageObject\",\"inLanguage\":\"en-US\",\"@id\":\"https:\\\/\\\/la-bergere.fr\\\/negoce-de-grands-crus-classes\\\/definition-vin-grand-cru\\\/#primaryimage\",\"url\":\"https:\\\/\\\/la-bergere.fr\\\/wp-content\\\/uploads\\\/2014\\\/07\\\/bkz-152-e1406650417785.jpg\",\"contentUrl\":\"https:\\\/\\\/la-bergere.fr\\\/wp-content\\\/uploads\\\/2014\\\/07\\\/bkz-152-e1406650417785.jpg\",\"width\":1024,\"height\":450},{\"@type\":\"BreadcrumbList\",\"@id\":\"https:\\\/\\\/la-bergere.fr\\\/negoce-de-grands-crus-classes\\\/definition-vin-grand-cru\\\/#breadcrumb\",\"itemListElement\":[{\"@type\":\"ListItem\",\"position\":1,\"name\":\"Accueil\",\"item\":\"https:\\\/\\\/la-bergere.fr\\\/\"},{\"@type\":\"ListItem\",\"position\":2,\"name\":\"N\u00e9goce de grands crus class\u00e9s\",\"item\":\"https:\\\/\\\/la-bergere.fr\\\/negoce-de-grands-crus-classes\\\/\"},{\"@type\":\"ListItem\",\"position\":3,\"name\":\"Qu&rsquo;est-ce qu&rsquo;un grand cru ?\"}]},{\"@type\":\"WebSite\",\"@id\":\"https:\\\/\\\/la-bergere.fr\\\/#website\",\"url\":\"https:\\\/\\\/la-bergere.fr\\\/\",\"name\":\"La Berg\u00e8re\",\"description\":\"N\u00e9goce de grands crus et vins fins\",\"potentialAction\":[{\"@type\":\"SearchAction\",\"target\":{\"@type\":\"EntryPoint\",\"urlTemplate\":\"https:\\\/\\\/la-bergere.fr\\\/?s={search_term_string}\"},\"query-input\":{\"@type\":\"PropertyValueSpecification\",\"valueRequired\":true,\"valueName\":\"search_term_string\"}}],\"inLanguage\":\"en-US\"}]}<\/script>\n<!-- \/ Yoast SEO plugin. -->","yoast_head_json":{"title":"Qu'est-ce qu'un grand cru ? - La Berg\u00e8re","robots":{"index":"index","follow":"follow","max-snippet":"max-snippet:-1","max-image-preview":"max-image-preview:large","max-video-preview":"max-video-preview:-1"},"canonical":"https:\/\/la-bergere.fr\/en\/negoce-de-grands-crus-classes\/definition-vin-grand-cru\/","og_locale":"en_US","og_type":"article","og_title":"Qu'est-ce qu'un grand cru ? - La Berg\u00e8re","og_url":"https:\/\/la-bergere.fr\/en\/negoce-de-grands-crus-classes\/definition-vin-grand-cru\/","og_site_name":"La Berg\u00e8re","article_modified_time":"2014-07-30T08:45:05+00:00","og_image":[{"width":1024,"height":450,"url":"https:\/\/la-bergere.fr\/wp-content\/uploads\/2014\/07\/bkz-152-e1406650417785.jpg","type":"image\/jpeg"}],"twitter_misc":{"Est. reading time":"2 minutes"},"schema":{"@context":"https:\/\/schema.org","@graph":[{"@type":"WebPage","@id":"https:\/\/la-bergere.fr\/negoce-de-grands-crus-classes\/definition-vin-grand-cru\/","url":"https:\/\/la-bergere.fr\/negoce-de-grands-crus-classes\/definition-vin-grand-cru\/","name":"Qu'est-ce qu'un grand cru ? - La Berg\u00e8re","isPartOf":{"@id":"https:\/\/la-bergere.fr\/#website"},"primaryImageOfPage":{"@id":"https:\/\/la-bergere.fr\/negoce-de-grands-crus-classes\/definition-vin-grand-cru\/#primaryimage"},"image":{"@id":"https:\/\/la-bergere.fr\/negoce-de-grands-crus-classes\/definition-vin-grand-cru\/#primaryimage"},"thumbnailUrl":"https:\/\/la-bergere.fr\/wp-content\/uploads\/2014\/07\/bkz-152-e1406650417785.jpg","datePublished":"2013-10-23T08:15:15+00:00","dateModified":"2014-07-30T08:45:05+00:00","breadcrumb":{"@id":"https:\/\/la-bergere.fr\/negoce-de-grands-crus-classes\/definition-vin-grand-cru\/#breadcrumb"},"inLanguage":"en-US","potentialAction":[{"@type":"ReadAction","target":["https:\/\/la-bergere.fr\/negoce-de-grands-crus-classes\/definition-vin-grand-cru\/"]}]},{"@type":"ImageObject","inLanguage":"en-US","@id":"https:\/\/la-bergere.fr\/negoce-de-grands-crus-classes\/definition-vin-grand-cru\/#primaryimage","url":"https:\/\/la-bergere.fr\/wp-content\/uploads\/2014\/07\/bkz-152-e1406650417785.jpg","contentUrl":"https:\/\/la-bergere.fr\/wp-content\/uploads\/2014\/07\/bkz-152-e1406650417785.jpg","width":1024,"height":450},{"@type":"BreadcrumbList","@id":"https:\/\/la-bergere.fr\/negoce-de-grands-crus-classes\/definition-vin-grand-cru\/#breadcrumb","itemListElement":[{"@type":"ListItem","position":1,"name":"Accueil","item":"https:\/\/la-bergere.fr\/"},{"@type":"ListItem","position":2,"name":"N\u00e9goce de grands crus class\u00e9s","item":"https:\/\/la-bergere.fr\/negoce-de-grands-crus-classes\/"},{"@type":"ListItem","position":3,"name":"Qu&rsquo;est-ce qu&rsquo;un grand cru ?"}]},{"@type":"WebSite","@id":"https:\/\/la-bergere.fr\/#website","url":"https:\/\/la-bergere.fr\/","name":"Shepherdess","description":"Trading of grands crus and fine wines","potentialAction":[{"@type":"SearchAction","target":{"@type":"EntryPoint","urlTemplate":"https:\/\/la-bergere.fr\/?s={search_term_string}"},"query-input":{"@type":"PropertyValueSpecification","valueRequired":true,"valueName":"search_term_string"}}],"inLanguage":"en-US"}]}},"_links":{"self":[{"href":"https:\/\/la-bergere.fr\/en\/wp-json\/wp\/v2\/pages\/155","targetHints":{"allow":["GET"]}}],"collection":[{"href":"https:\/\/la-bergere.fr\/en\/wp-json\/wp\/v2\/pages"}],"about":[{"href":"https:\/\/la-bergere.fr\/en\/wp-json\/wp\/v2\/types\/page"}],"author":[{"embeddable":true,"href":"https:\/\/la-bergere.fr\/en\/wp-json\/wp\/v2\/users\/12"}],"replies":[{"embeddable":true,"href":"https:\/\/la-bergere.fr\/en\/wp-json\/wp\/v2\/comments?post=155"}],"version-history":[{"count":0,"href":"https:\/\/la-bergere.fr\/en\/wp-json\/wp\/v2\/pages\/155\/revisions"}],"up":[{"embeddable":true,"href":"https:\/\/la-bergere.fr\/en\/wp-json\/wp\/v2\/pages\/16"}],"wp:featuredmedia":[{"embeddable":true,"href":"https:\/\/la-bergere.fr\/en\/wp-json\/wp\/v2\/media\/1522"}],"wp:attachment":[{"href":"https:\/\/la-bergere.fr\/en\/wp-json\/wp\/v2\/media?parent=155"}],"curies":[{"name":"wp","href":"https:\/\/api.w.org\/{rel}","templated":true}]}}