{"id":153,"date":"2013-10-23T08:58:31","date_gmt":"2013-10-23T07:58:31","guid":{"rendered":"http:\/\/localhost\/labergere\/?page_id=153"},"modified":"2014-11-10T17:57:45","modified_gmt":"2014-11-10T16:57:45","slug":"offre-la-bergere-investment","status":"publish","type":"page","link":"https:\/\/la-bergere.fr\/en\/groupe-labergere\/offre-la-bergere-investment\/","title":{"rendered":"Invest in wine"},"content":{"rendered":"<div class=\"clearfix  row-fluid krown-column-row clearfix\">\n\t<div class=\"span12 krown-column-container clearfix column_container\">\n\t\t<div class=\"clearfix\">\n\t\t<div class=\"wpb_wrapper\">\n\t\t\t<p><strong>Great wines: The best alternative investment<\/strong>.<\/p>\n<p><img loading=\"lazy\" decoding=\"async\" class=\"alignright size-full wp-image-1511\" src=\"https:\/\/la-bergere.fr\/wp-content\/uploads\/2014\/07\/bkz-141.jpg\" alt=\"bkz-141\" width=\"278\" height=\"112\" \/><\/p>\n<h3><strong>Wine is a tangible asset<\/strong>,<\/h3>\n<p>which gets better and worse over time. Produced in limited quantities, it represents an excellent refuge against inflation.<\/p>\n<p>There is no direct link between the performance of wine and that of the financial markets or with variations in monetary currencies. It is therefore less exposed to the risk of a financial crisis such as that caused by sovereign debt defaults or the collapse of equity markets.<\/p>\n<h3><strong>Wine: good performance and very solid fundamentals:<\/strong><\/h3>\n<p>The Liv-ex 100 (benchmark index of grands crus) shows an average annual return of 12% over the last 20 years. By way of comparison, the CAC 40 posted an annual return of 6% (dividends included) over the same period, gold 6% and oil 10%. Due to its structurally very limited supply, this luxury good is driven by demand from the growing proportion of high-income classes in the world.<\/p>\n<h3><strong>Invest via La Bergere Investment:\u00a0<\/strong><\/h3>\n<p>Thanks to its teams of experts and its technical and fundamental analysis systems, La Berg\u00e8re offers its clients the opportunity to invest in grands crus via an innovative model approved by the AMF (Financial Markets Authorities) which is the Heritage Cellar.<\/p>\n<p>&nbsp;<\/p>\n<p><em>Risk factors :<\/em><\/p>\n<p><em>Investors who choose to invest in grands crus are mainly exposed to the following risks:<\/em><\/p>\n<ul>\n<li><em><span class=\"list3\">Risk of capital loss: investment in grands crus presents no guarantee of return for investors. There is a risk of capital loss<\/span><\/em><\/li>\n<li><em><span class=\"list3\">Absence of liquidity: the resale of grands crus is subject to the risk of illiquidity, there will not necessarily be buyers likely to buy back the grands crus during the mandate, during the liquidation of the portfolio or when the investor wishes to resell its grand crus<\/span><\/em><\/li>\n<li><em><span class=\"list3\">Market risk: the market for grands crus can be more or less impacted by the international economic situation\u00a0<\/span><\/em><\/li>\n<li><em><span class=\"list3\">Tax risk: there is a risk of reduction or loss of the tax advantage obtained, in particular following a change in the applicable regulations<\/span><\/em><\/li>\n<li><em><span class=\"list3\">Transport and storage risk: LA BERGERE makes every effort to ensure optimal and secure storage of the grands crus during transport to the warehouse. Similarly, LA BERGERE has chosen a tax warehouse specializing in the storage of grands crus, committing to strict rules to allow optimal conservation of grands crus. However, both for transport and for conservation, there is a risk of deterioration of the great wines; both LA BERGERE and the EHD tax warehouse have taken out an insurance policy covering the risks in question.<\/span><\/em><\/li>\n<\/ul>\n\n\t\t<\/div> \n\t<\/div> \n\t<\/div> \n<\/div><div class=\"clearfix  row-fluid krown-column-row clearfix\">\n\t<div class=\"span6 krown-column-container clearfix column_container\">\n\t\t<a class=\"rbButton light large\" href=\"\/en\/nous-contacter\/\" target=\"_self\">Contact an investment adviser<\/a>\n\t<\/div> \n\n\t<div class=\"span6 krown-column-container clearfix column_container\">\n\t\t\n\t<\/div> \n<\/div>","protected":false},"excerpt":{"rendered":"Les grands vins : Le meilleur investissement alternatif. Le vin est un actif tangible, qui se bonifie et se rar\u00e9fie avec le temps. Produit en quantit\u00e9 limit\u00e9e, il repr\u00e9sente un excellent refuge contre l\u2019inflation. Il n\u2019y\u00a0a pas de lien direct entre\u00a0la\u00a0performance\u00a0du vin\u00a0et celle des march\u00e9s financiers ni\u00a0avec les variations\u00a0des devises mon\u00e9taires. Il est donc\u00a0moins\u00a0expos\u00e9 au [...]","protected":false},"author":12,"featured_media":2187,"parent":21,"menu_order":3,"comment_status":"open","ping_status":"open","template":"template-page-standard.php","meta":{"footnotes":""},"class_list":["post-153","page","type-page","status-publish","has-post-thumbnail","hentry"],"yoast_head":"<!-- This site is optimized with the Yoast SEO plugin v27.5 - https:\/\/yoast.com\/product\/yoast-seo-wordpress\/ -->\n<title>Investir dans le vin - La Berg\u00e8re<\/title>\n<meta name=\"robots\" content=\"index, follow, max-snippet:-1, max-image-preview:large, max-video-preview:-1\" \/>\n<link rel=\"canonical\" href=\"https:\/\/la-bergere.fr\/en\/groupe-labergere\/offre-la-bergere-investment\/\" \/>\n<meta property=\"og:locale\" content=\"en_US\" \/>\n<meta property=\"og:type\" content=\"article\" \/>\n<meta property=\"og:title\" content=\"Investir dans le vin - La Berg\u00e8re\" \/>\n<meta property=\"og:url\" content=\"https:\/\/la-bergere.fr\/en\/groupe-labergere\/offre-la-bergere-investment\/\" \/>\n<meta property=\"og:site_name\" content=\"La Berg\u00e8re\" \/>\n<meta property=\"article:modified_time\" content=\"2014-11-10T16:57:45+00:00\" \/>\n<meta property=\"og:image\" content=\"https:\/\/la-bergere.fr\/wp-content\/uploads\/2014\/07\/bkz-header8.jpg\" \/>\n\t<meta property=\"og:image:width\" content=\"1024\" \/>\n\t<meta property=\"og:image:height\" content=\"450\" \/>\n\t<meta property=\"og:image:type\" content=\"image\/jpeg\" \/>\n<meta name=\"twitter:label1\" content=\"Est. reading time\" \/>\n\t<meta name=\"twitter:data1\" content=\"3 minutes\" \/>\n<script type=\"application\/ld+json\" class=\"yoast-schema-graph\">{\"@context\":\"https:\\\/\\\/schema.org\",\"@graph\":[{\"@type\":\"WebPage\",\"@id\":\"https:\\\/\\\/la-bergere.fr\\\/groupe-labergere\\\/offre-la-bergere-investment\\\/\",\"url\":\"https:\\\/\\\/la-bergere.fr\\\/groupe-labergere\\\/offre-la-bergere-investment\\\/\",\"name\":\"Investir dans le vin - La Berg\u00e8re\",\"isPartOf\":{\"@id\":\"https:\\\/\\\/la-bergere.fr\\\/#website\"},\"primaryImageOfPage\":{\"@id\":\"https:\\\/\\\/la-bergere.fr\\\/groupe-labergere\\\/offre-la-bergere-investment\\\/#primaryimage\"},\"image\":{\"@id\":\"https:\\\/\\\/la-bergere.fr\\\/groupe-labergere\\\/offre-la-bergere-investment\\\/#primaryimage\"},\"thumbnailUrl\":\"https:\\\/\\\/la-bergere.fr\\\/wp-content\\\/uploads\\\/2014\\\/07\\\/bkz-header8.jpg\",\"datePublished\":\"2013-10-23T07:58:31+00:00\",\"dateModified\":\"2014-11-10T16:57:45+00:00\",\"breadcrumb\":{\"@id\":\"https:\\\/\\\/la-bergere.fr\\\/groupe-labergere\\\/offre-la-bergere-investment\\\/#breadcrumb\"},\"inLanguage\":\"en-US\",\"potentialAction\":[{\"@type\":\"ReadAction\",\"target\":[\"https:\\\/\\\/la-bergere.fr\\\/groupe-labergere\\\/offre-la-bergere-investment\\\/\"]}]},{\"@type\":\"ImageObject\",\"inLanguage\":\"en-US\",\"@id\":\"https:\\\/\\\/la-bergere.fr\\\/groupe-labergere\\\/offre-la-bergere-investment\\\/#primaryimage\",\"url\":\"https:\\\/\\\/la-bergere.fr\\\/wp-content\\\/uploads\\\/2014\\\/07\\\/bkz-header8.jpg\",\"contentUrl\":\"https:\\\/\\\/la-bergere.fr\\\/wp-content\\\/uploads\\\/2014\\\/07\\\/bkz-header8.jpg\",\"width\":1024,\"height\":450},{\"@type\":\"BreadcrumbList\",\"@id\":\"https:\\\/\\\/la-bergere.fr\\\/groupe-labergere\\\/offre-la-bergere-investment\\\/#breadcrumb\",\"itemListElement\":[{\"@type\":\"ListItem\",\"position\":1,\"name\":\"Accueil\",\"item\":\"https:\\\/\\\/la-bergere.fr\\\/\"},{\"@type\":\"ListItem\",\"position\":2,\"name\":\"Le Groupe La Berg\u00e8re\",\"item\":\"https:\\\/\\\/la-bergere.fr\\\/groupe-labergere\\\/\"},{\"@type\":\"ListItem\",\"position\":3,\"name\":\"Investir dans le vin\"}]},{\"@type\":\"WebSite\",\"@id\":\"https:\\\/\\\/la-bergere.fr\\\/#website\",\"url\":\"https:\\\/\\\/la-bergere.fr\\\/\",\"name\":\"La Berg\u00e8re\",\"description\":\"N\u00e9goce de grands crus et vins fins\",\"potentialAction\":[{\"@type\":\"SearchAction\",\"target\":{\"@type\":\"EntryPoint\",\"urlTemplate\":\"https:\\\/\\\/la-bergere.fr\\\/?s={search_term_string}\"},\"query-input\":{\"@type\":\"PropertyValueSpecification\",\"valueRequired\":true,\"valueName\":\"search_term_string\"}}],\"inLanguage\":\"en-US\"}]}<\/script>\n<!-- \/ Yoast SEO plugin. -->","yoast_head_json":{"title":"Investir dans le vin - La Berg\u00e8re","robots":{"index":"index","follow":"follow","max-snippet":"max-snippet:-1","max-image-preview":"max-image-preview:large","max-video-preview":"max-video-preview:-1"},"canonical":"https:\/\/la-bergere.fr\/en\/groupe-labergere\/offre-la-bergere-investment\/","og_locale":"en_US","og_type":"article","og_title":"Investir dans le vin - La Berg\u00e8re","og_url":"https:\/\/la-bergere.fr\/en\/groupe-labergere\/offre-la-bergere-investment\/","og_site_name":"La Berg\u00e8re","article_modified_time":"2014-11-10T16:57:45+00:00","og_image":[{"width":1024,"height":450,"url":"https:\/\/la-bergere.fr\/wp-content\/uploads\/2014\/07\/bkz-header8.jpg","type":"image\/jpeg"}],"twitter_misc":{"Est. reading time":"3 minutes"},"schema":{"@context":"https:\/\/schema.org","@graph":[{"@type":"WebPage","@id":"https:\/\/la-bergere.fr\/groupe-labergere\/offre-la-bergere-investment\/","url":"https:\/\/la-bergere.fr\/groupe-labergere\/offre-la-bergere-investment\/","name":"Investir dans le vin - La Berg\u00e8re","isPartOf":{"@id":"https:\/\/la-bergere.fr\/#website"},"primaryImageOfPage":{"@id":"https:\/\/la-bergere.fr\/groupe-labergere\/offre-la-bergere-investment\/#primaryimage"},"image":{"@id":"https:\/\/la-bergere.fr\/groupe-labergere\/offre-la-bergere-investment\/#primaryimage"},"thumbnailUrl":"https:\/\/la-bergere.fr\/wp-content\/uploads\/2014\/07\/bkz-header8.jpg","datePublished":"2013-10-23T07:58:31+00:00","dateModified":"2014-11-10T16:57:45+00:00","breadcrumb":{"@id":"https:\/\/la-bergere.fr\/groupe-labergere\/offre-la-bergere-investment\/#breadcrumb"},"inLanguage":"en-US","potentialAction":[{"@type":"ReadAction","target":["https:\/\/la-bergere.fr\/groupe-labergere\/offre-la-bergere-investment\/"]}]},{"@type":"ImageObject","inLanguage":"en-US","@id":"https:\/\/la-bergere.fr\/groupe-labergere\/offre-la-bergere-investment\/#primaryimage","url":"https:\/\/la-bergere.fr\/wp-content\/uploads\/2014\/07\/bkz-header8.jpg","contentUrl":"https:\/\/la-bergere.fr\/wp-content\/uploads\/2014\/07\/bkz-header8.jpg","width":1024,"height":450},{"@type":"BreadcrumbList","@id":"https:\/\/la-bergere.fr\/groupe-labergere\/offre-la-bergere-investment\/#breadcrumb","itemListElement":[{"@type":"ListItem","position":1,"name":"Accueil","item":"https:\/\/la-bergere.fr\/"},{"@type":"ListItem","position":2,"name":"Le Groupe La Berg\u00e8re","item":"https:\/\/la-bergere.fr\/groupe-labergere\/"},{"@type":"ListItem","position":3,"name":"Investir dans le vin"}]},{"@type":"WebSite","@id":"https:\/\/la-bergere.fr\/#website","url":"https:\/\/la-bergere.fr\/","name":"Shepherdess","description":"Trading of grands crus and fine wines","potentialAction":[{"@type":"SearchAction","target":{"@type":"EntryPoint","urlTemplate":"https:\/\/la-bergere.fr\/?s={search_term_string}"},"query-input":{"@type":"PropertyValueSpecification","valueRequired":true,"valueName":"search_term_string"}}],"inLanguage":"en-US"}]}},"_links":{"self":[{"href":"https:\/\/la-bergere.fr\/en\/wp-json\/wp\/v2\/pages\/153","targetHints":{"allow":["GET"]}}],"collection":[{"href":"https:\/\/la-bergere.fr\/en\/wp-json\/wp\/v2\/pages"}],"about":[{"href":"https:\/\/la-bergere.fr\/en\/wp-json\/wp\/v2\/types\/page"}],"author":[{"embeddable":true,"href":"https:\/\/la-bergere.fr\/en\/wp-json\/wp\/v2\/users\/12"}],"replies":[{"embeddable":true,"href":"https:\/\/la-bergere.fr\/en\/wp-json\/wp\/v2\/comments?post=153"}],"version-history":[{"count":5,"href":"https:\/\/la-bergere.fr\/en\/wp-json\/wp\/v2\/pages\/153\/revisions"}],"predecessor-version":[{"id":2892,"href":"https:\/\/la-bergere.fr\/en\/wp-json\/wp\/v2\/pages\/153\/revisions\/2892"}],"up":[{"embeddable":true,"href":"https:\/\/la-bergere.fr\/en\/wp-json\/wp\/v2\/pages\/21"}],"wp:featuredmedia":[{"embeddable":true,"href":"https:\/\/la-bergere.fr\/en\/wp-json\/wp\/v2\/media\/2187"}],"wp:attachment":[{"href":"https:\/\/la-bergere.fr\/en\/wp-json\/wp\/v2\/media?parent=153"}],"curies":[{"name":"wp","href":"https:\/\/api.w.org\/{rel}","templated":true}]}}